{"id":119772,"date":"2024-11-18T10:16:09","date_gmt":"2024-11-18T09:16:09","guid":{"rendered":"https:\/\/secureus.se\/nyckelband-10mm-rod-metallklamma-100-pack\/"},"modified":"2025-12-31T21:43:20","modified_gmt":"2025-12-31T20:43:20","slug":"nyckelband-10mm-rod-metallklamma-100-pack","status":"publish","type":"product","link":"https:\/\/secureus.se\/pl\/nyckelband-10mm-rod-metallklamma-100-pack\/","title":{"rendered":"Brelok 10 mm Czerwony - Metalowy karabi\u0144czyk i klamra zabezpieczaj\u0105ca - 100 szt"},"content":{"rendered":"<p>Te czerwone smycze o szeroko\u015bci 10 mm stanowi\u0105 idealne po\u0142\u0105czenie trwa\u0142o\u015bci i praktyczno\u015bci. Wykonane z trwa\u0142ego materia\u0142u PET pochodz\u0105cego z recyklingu, s\u0105 przyjazne dla \u015brodowiska i funkcjonalne. Dzi\u0119ki standardowej d\u0142ugo\u015bci 90 cm (d\u0142ugo\u015b\u0107 opadania 45 cm) i klamrze zabezpieczaj\u0105cej umo\u017cliwiaj\u0105cej \u0142atwe i bezpieczne zdejmowanie, idealnie nadaj\u0105 si\u0119 do pracy, wydarze\u0144 i szk\u00f3\u0142.<\/p>\n<ul>\n<li><strong>Trwa\u0142e materia\u0142y:<\/strong> Materia\u0142 PET z recyklingu do u\u017cytku przyjaznego dla \u015brodowiska.<\/li>\n<li><strong>Metalowy zacisk homarowy:<\/strong> Zapewnia bezpieczne mocowanie dowod\u00f3w osobistych, brelok\u00f3w lub pami\u0119ci USB.<\/li>\n<li><strong>Klamra bezpiecze\u0144stwa:<\/strong> W razie potrzeby mo\u017cna je \u0142atwo od\u0142\u0105czy\u0107.<\/li>\n<li><strong>Wszechstronno\u015b\u0107:<\/strong> Idealny do dowod\u00f3w osobistych, wizyt\u00f3wek, breloczk\u00f3w, kart pami\u0119ci i telefon\u00f3w kom\u00f3rkowych.<\/li>\n<li><strong>Opcje kolor\u00f3w:<\/strong> Dost\u0119pne w kilku kolorach, w tym czarnym, niebieskim, zielonym, pomara\u0144czowym, r\u00f3\u017cowym, czerwonym, bia\u0142ym i \u017c\u00f3\u0142tym.<\/li>\n<\/ul>\n<p><strong>Dane techniczne:<\/strong><\/p>\n<ul>\n<li><strong>Szeroko\u015b\u0107:<\/strong> 10 mm<\/li>\n<li><strong>D\u0142ugo\u015b\u0107:<\/strong> 90 cm (d\u0142ugo\u015b\u0107 opadania 45 cm)<\/li>\n<li><strong>Tworzywo:<\/strong> Materia\u0142 PET z recyklingu<\/li>\n<li><strong>Opakowanie:<\/strong> 100 sztuk w opakowaniu<\/li>\n<\/ul>\n<p>Te czerwone smycze s\u0105 zar\u00f3wno stylowe, jak i praktyczne, co czyni je doskona\u0142ym wyborem na ka\u017cd\u0105 okazj\u0119, gdy potrzebna jest identyfikacja lub przywieszki do przedmiot\u00f3w. Idealne dla firm i organizator\u00f3w chc\u0105cych po\u0142\u0105czy\u0107 jako\u015b\u0107 ze \u015bwiadomo\u015bci\u0105 ekologiczn\u0105.<\/p>","protected":false},"excerpt":{"rendered":"<p>Wytrzyma\u0142e czerwone smycze wykonane z materia\u0142u PET pochodz\u0105cego z recyklingu o grubo\u015bci 10 mm, z metalowym karabi\u0144czykiem i klamr\u0105 zabezpieczaj\u0105c\u0105. Idealny do dowod\u00f3w osobistych, brelok\u00f3w i kart pami\u0119ci. Sprzedawane w opakowaniach po 100 sztuk.<\/p>","protected":false},"featured_media":134751,"template":"","meta":{"_acf_changed":false},"product_brand":[],"product_cat":[1875],"product_tag":[4348,4358],"class_list":{"0":"post-119772","1":"product","2":"type-product","3":"status-publish","4":"has-post-thumbnail","6":"product_cat-nyckelband","7":"product_tag-10mm","8":"product_tag-roda-nyckelband","9":"product_shipping_class-tunga-paket","10":"pa_brands-stonehouse-security","11":"pa_farg-svart","12":"pa_farg-nyckelband-svart","13":"pa_rfid-tillbehor-nyckelband-halsband","14":"tm-no-options","16":"first","17":"instock","18":"sale","19":"featured","20":"taxable","21":"shipping-taxable","22":"purchasable","23":"product-type-simple"},"acf":[],"_links":{"self":[{"href":"https:\/\/secureus.se\/pl\/wp-json\/wp\/v2\/product\/119772","targetHints":{"allow":["GET"]}}],"collection":[{"href":"https:\/\/secureus.se\/pl\/wp-json\/wp\/v2\/product"}],"about":[{"href":"https:\/\/secureus.se\/pl\/wp-json\/wp\/v2\/types\/product"}],"wp:featuredmedia":[{"embeddable":true,"href":"https:\/\/secureus.se\/pl\/wp-json\/wp\/v2\/media\/134751"}],"wp:attachment":[{"href":"https:\/\/secureus.se\/pl\/wp-json\/wp\/v2\/media?parent=119772"}],"wp:term":[{"taxonomy":"product_brand","embeddable":true,"href":"https:\/\/secureus.se\/pl\/wp-json\/wp\/v2\/product_brand?post=119772"},{"taxonomy":"product_cat","embeddable":true,"href":"https:\/\/secureus.se\/pl\/wp-json\/wp\/v2\/product_cat?post=119772"},{"taxonomy":"product_tag","embeddable":true,"href":"https:\/\/secureus.se\/pl\/wp-json\/wp\/v2\/product_tag?post=119772"}],"curies":[{"name":"wp","href":"https:\/\/api.w.org\/{rel}","templated":true}]}}