{"id":120195,"date":"2024-10-24T12:59:16","date_gmt":"2024-10-24T10:59:16","guid":{"rendered":"https:\/\/secureus.se\/passerkort-rfid-kort-kombi-4200-mifare1k-chip\/"},"modified":"2025-12-31T21:26:22","modified_gmt":"2025-12-31T20:26:22","slug":"passerkort-rfid-kort-kombi-em-mifare1k-chip","status":"publish","type":"product","link":"https:\/\/secureus.se\/pl\/passerkort-rfid-kort-kombi-em-mifare1k-chip\/","title":{"rendered":"Karta dost\u0119pu\/karta RFID Combi EM\/MIFARE1k. Chip kompatybilny"},"content":{"rendered":"<h1>Karta dost\u0119pu\/karta RFID Combi EM\/MIFARE1k. Chip kompatybilny<\/h1>\n<p>Nasza karta Combi oferuje podw\u00f3jne chipy w jednej karcie, co zapewnia maksymaln\u0105 elastyczno\u015b\u0107 w przypadku r\u00f3\u017cnych system\u00f3w dost\u0119pu i aplikacji. P\u0142ytka wyposa\u017cona jest w Fudan S50, kt\u00f3ry odpowiada MIFARE1k, a tak\u017ce HT4168, kt\u00f3ry jest kompatybilny z technologi\u0105 EM4200.<\/p>\n<p>Karta ta jest idealnym rozwi\u0105zaniem w \u015brodowiskach, w kt\u00f3rych u\u017cywanych jest kilka system\u00f3w jednocze\u015bnie, np. w zak\u0142adach pracy czy w apartamentowcach. Wysokiej jako\u015bci tworzywo sztuczne gwarantuje trwa\u0142o\u015b\u0107 i d\u0142ug\u0105 \u017cywotno\u015b\u0107. Dodatkowo oferujemy 2-letni\u0105 gwarancj\u0119, aby zapewni\u0107 Ci spok\u00f3j ducha.<\/p>\n<p>**Cechy:**<br \/>\n\u2013 **Kompatybilno\u015b\u0107:**<br \/>\n\u2013 **Fudan S50:** MIFARE1k<br \/>\n\u2013 **HT4168:** EM4200<br \/>\n\u2013 **Cecha:** Technologia dw\u00f3ch chip\u00f3w do u\u017cytku w wielu systemach<br \/>\n\u2013 **Materia\u0142y:** Wysokiej jako\u015bci plastik<br \/>\n\u2013 **Gwarancja:** 2 lata<\/p>\n<p>Dzi\u0119ki tej karcie kombinowanej otrzymujesz wszechstronne i niezawodne rozwi\u0105zanie do kontroli dost\u0119pu i identyfikacji. Wybierz jako\u015b\u0107 i funkcjonalno\u015b\u0107 w jednej i tej samej karcie!<\/p>","protected":false},"excerpt":{"rendered":"<p>Ten produkt zosta\u0142 zaprojektowany tak, aby spe\u0142nia\u0107 te same wymagania i funkcje, kt\u00f3rych wymaga chip NXP, ale z kompatybilnym chipem i po ni\u017cszej cenie.<\/p>\n<p>Zapewniamy 2-letni\u0105 gwarancj\u0119 na dzia\u0142anie i zawarto\u015b\u0107 karty.<\/p>","protected":false},"featured_media":136040,"template":"","meta":{"_acf_changed":false},"product_brand":[],"product_cat":[4224],"product_tag":[4415,3074,2958],"class_list":{"0":"post-120195","1":"product","2":"type-product","3":"status-publish","4":"has-post-thumbnail","6":"product_cat-rfid-kort-mifare1k-em4200-kombinerade","7":"product_tag-kompatibelt-chip","8":"product_tag-rfid-kombination-em-mifare1k","9":"product_tag-stonehouse-produkt","10":"product_shipping_class-postnord-varubrev","11":"pa_brands-stonehouse-security","12":"pa_farg-vit","13":"pa_plastkort-teknik-kombi-em-mifare1k","14":"tm-has-options","16":"first","17":"instock","18":"sale","19":"featured","20":"taxable","21":"shipping-taxable","22":"purchasable","23":"product-type-simple"},"acf":[],"_links":{"self":[{"href":"https:\/\/secureus.se\/pl\/wp-json\/wp\/v2\/product\/120195","targetHints":{"allow":["GET"]}}],"collection":[{"href":"https:\/\/secureus.se\/pl\/wp-json\/wp\/v2\/product"}],"about":[{"href":"https:\/\/secureus.se\/pl\/wp-json\/wp\/v2\/types\/product"}],"wp:featuredmedia":[{"embeddable":true,"href":"https:\/\/secureus.se\/pl\/wp-json\/wp\/v2\/media\/136040"}],"wp:attachment":[{"href":"https:\/\/secureus.se\/pl\/wp-json\/wp\/v2\/media?parent=120195"}],"wp:term":[{"taxonomy":"product_brand","embeddable":true,"href":"https:\/\/secureus.se\/pl\/wp-json\/wp\/v2\/product_brand?post=120195"},{"taxonomy":"product_cat","embeddable":true,"href":"https:\/\/secureus.se\/pl\/wp-json\/wp\/v2\/product_cat?post=120195"},{"taxonomy":"product_tag","embeddable":true,"href":"https:\/\/secureus.se\/pl\/wp-json\/wp\/v2\/product_tag?post=120195"}],"curies":[{"name":"wp","href":"https:\/\/api.w.org\/{rel}","templated":true}]}}