{"id":132356,"date":"2024-11-26T10:28:52","date_gmt":"2024-11-26T09:28:52","guid":{"rendered":"https:\/\/secureus.se\/?post_type=product&#038;p=132356"},"modified":"2026-02-18T13:50:16","modified_gmt":"2026-02-18T12:50:16","slug":"risco-rw432kpp802a-panda-wireless-2-way-keypad-for-lightsys","status":"publish","type":"product","link":"https:\/\/secureus.se\/pl\/risco-rw432kpp802a-panda-wireless-2-way-keypad-for-lightsys\/","title":{"rendered":"Klawiatura dwukierunkowa bezprzewodowa RISCO z czytnikiem zbli\u017ceniowym \u2013 do system\u00f3w LightSYS Air i LightSYS+ (bia\u0142a)"},"content":{"rendered":"<p data-start=\"673\" data-end=\"733\"><strong data-start=\"673\" data-end=\"731\">RISCO RW432KPP802A \u2013 Bezprzewodowa klawiatura dwukierunkowa z czytnikiem zbli\u017ceniowym<\/strong><\/p>\n<p data-start=\"735\" data-end=\"1005\">RISCO RW432KPP802A to <strong data-start=\"760\" data-end=\"789\">bezprzewodowa klawiatura dwukierunkowa<\/strong> z wy\u015bwietlaczem LCD, przeznaczony do stosowania z <strong data-start=\"836\" data-end=\"866\">LightSYS Air i LightSYS+<\/strong>\u0141\u0105czy <strong data-start=\"883\" data-end=\"935\">nowoczesny design, \u0142atwo\u015b\u0107 u\u017cytkowania i wysokie bezpiecze\u0144stwo<\/strong> elastyczne rozwi\u0105zanie zar\u00f3wno dla nieruchomo\u015bci mieszkalnych, jak i komercyjnych.<\/p>\n<p data-start=\"1007\" data-end=\"1448\"><strong data-start=\"1009\" data-end=\"1033\">Instalacja bezprzewodowa<\/strong> \u2013 szybki monta\u017c dzi\u0119ki wbudowanemu uchwytowi<br data-start=\"1069\" data-end=\"1072\" \/><strong data-start=\"1074\" data-end=\"1089\">Wy\u015bwietlacz LCD<\/strong> \u2013 przejrzysty status systemu i \u0142atwa nawigacja<br data-start=\"1132\" data-end=\"1135\" \/><strong data-start=\"1137\" data-end=\"1171\">Czytnik RFID MIFARE (13,56 MHz)<\/strong> \u2013 szybki i bezpieczny dost\u0119p za pomoc\u0105 kart zbli\u017ceniowych<br data-start=\"1210\" data-end=\"1213\" \/><strong data-start=\"1215\" data-end=\"1239\">Wska\u017aniki wizualne<\/strong> \u2013 pokazuje stan systemu, po\u0142\u0105czenie z chmur\u0105 Risco, b\u0142\u0119dy i alarmy<br data-start=\"1303\" data-end=\"1306\" \/><strong data-start=\"1308\" data-end=\"1328\">Przyciski taktyczne<\/strong> \u2013 responsywny i trwa\u0142y, zapewniaj\u0105cy niezawodne u\u017cytkowanie<br data-start=\"1378\" data-end=\"1381\" \/><strong data-start=\"1383\" data-end=\"1408\">Komunikacja 868 MHz<\/strong> \u2013 bezpieczne i stabilne po\u0142\u0105czenie bezprzewodowe<\/p>\n<p data-start=\"1450\" data-end=\"1561\">Klawiatura jest zasilana przez <strong data-start=\"1473\" data-end=\"1497\">4 baterie CR123A<\/strong> i jest wyposa\u017cony w <strong data-start=\"1518\" data-end=\"1539\">ochrona antysabota\u017cowa<\/strong> dla dodatkowego bezpiecze\u0144stwa.<\/p>\n<hr data-start=\"1563\" data-end=\"1566\" \/>\n<h3 data-start=\"1568\" data-end=\"1593\"><strong data-start=\"1572\" data-end=\"1591\">Dane techniczne<\/strong><\/h3>\n<ul data-start=\"1594\" data-end=\"1950\">\n<li data-start=\"1594\" data-end=\"1622\">\n<p data-start=\"1596\" data-end=\"1622\"><strong data-start=\"1596\" data-end=\"1607\">Model:<\/strong> RW432KPP802A<\/p>\n<\/li>\n<li data-start=\"1623\" data-end=\"1640\">\n<p data-start=\"1625\" data-end=\"1640\"><strong data-start=\"1625\" data-end=\"1634\">Farba:<\/strong> Bia\u0142y<\/p>\n<\/li>\n<li data-start=\"1641\" data-end=\"1689\">\n<p data-start=\"1643\" data-end=\"1689\"><strong data-start=\"1643\" data-end=\"1662\">Zgodno\u015b\u0107:<\/strong> LightSYS Air i LightSYS+<\/p>\n<\/li>\n<li data-start=\"1690\" data-end=\"1710\">\n<p data-start=\"1692\" data-end=\"1710\"><strong data-start=\"1692\" data-end=\"1704\">Wy\u015bwietlacz:<\/strong> LCD<\/p>\n<\/li>\n<li data-start=\"1711\" data-end=\"1741\">\n<p data-start=\"1713\" data-end=\"1741\"><strong data-start=\"1713\" data-end=\"1722\">RFID:<\/strong> MIFARE 13,56 MHz<\/p>\n<\/li>\n<li data-start=\"1742\" data-end=\"1773\">\n<p data-start=\"1744\" data-end=\"1773\"><strong data-start=\"1744\" data-end=\"1763\">Cz\u0119stotliwo\u015b\u0107 pracy:<\/strong> 868 MHz<\/p>\n<\/li>\n<li data-start=\"1774\" data-end=\"1820\">\n<p data-start=\"1776\" data-end=\"1820\"><strong data-start=\"1776\" data-end=\"1797\">Zasilanie:<\/strong> 4 baterie CR123A<\/p>\n<\/li>\n<li data-start=\"1821\" data-end=\"1852\">\n<p data-start=\"1823\" data-end=\"1852\"><strong data-start=\"1823\" data-end=\"1832\">Mierzy\u0107:<\/strong> 180 \u00d7 115 \u00d7 35 mm<\/p>\n<\/li>\n<li data-start=\"1853\" data-end=\"1872\">\n<p data-start=\"1855\" data-end=\"1872\"><strong data-start=\"1855\" data-end=\"1864\">Waga:<\/strong> 287g<\/p>\n<\/li>\n<li data-start=\"1873\" data-end=\"1922\">\n<p data-start=\"1875\" data-end=\"1922\"><strong data-start=\"1875\" data-end=\"1892\">Instalacja:<\/strong> Bezprzewodowy z uchwytem monta\u017cowym<\/p>\n<\/li>\n<li data-start=\"1923\" data-end=\"1950\">\n<p data-start=\"1925\" data-end=\"1950\"><strong data-start=\"1925\" data-end=\"1935\">Ochrona:<\/strong> Anty-sabota\u017c<\/p>\n<\/li>\n<\/ul>","protected":false},"excerpt":{"rendered":"<p>RISCO RW432KPP802A to bezprzewodowa klawiatura dwukierunkowa do system\u00f3w LightSYS Air i LightSYS+. Dzi\u0119ki wy\u015bwietlaczowi LCD, czytnikowi RFID MIFARE i nowoczesnemu wzornictwu oferuje proste, bezpieczne i elastyczne sterowanie.<\/p>","protected":false},"featured_media":133566,"template":"","meta":{"_acf_changed":false},"product_brand":[],"product_cat":[4880],"product_tag":[],"class_list":{"0":"post-132356","1":"product","2":"type-product","3":"status-publish","4":"has-post-thumbnail","6":"product_cat-lightsys-air-v6","7":"product_shipping_class-tunga-paket","8":"pa_brands-4risco","9":"tm-no-options","11":"first","12":"instock","13":"taxable","14":"shipping-taxable","15":"purchasable","16":"product-type-simple"},"acf":[],"_links":{"self":[{"href":"https:\/\/secureus.se\/pl\/wp-json\/wp\/v2\/product\/132356","targetHints":{"allow":["GET"]}}],"collection":[{"href":"https:\/\/secureus.se\/pl\/wp-json\/wp\/v2\/product"}],"about":[{"href":"https:\/\/secureus.se\/pl\/wp-json\/wp\/v2\/types\/product"}],"wp:featuredmedia":[{"embeddable":true,"href":"https:\/\/secureus.se\/pl\/wp-json\/wp\/v2\/media\/133566"}],"wp:attachment":[{"href":"https:\/\/secureus.se\/pl\/wp-json\/wp\/v2\/media?parent=132356"}],"wp:term":[{"taxonomy":"product_brand","embeddable":true,"href":"https:\/\/secureus.se\/pl\/wp-json\/wp\/v2\/product_brand?post=132356"},{"taxonomy":"product_cat","embeddable":true,"href":"https:\/\/secureus.se\/pl\/wp-json\/wp\/v2\/product_cat?post=132356"},{"taxonomy":"product_tag","embeddable":true,"href":"https:\/\/secureus.se\/pl\/wp-json\/wp\/v2\/product_tag?post=132356"}],"curies":[{"name":"wp","href":"https:\/\/api.w.org\/{rel}","templated":true}]}}