{"id":132552,"date":"2024-11-26T14:53:48","date_gmt":"2024-11-26T13:53:48","guid":{"rendered":"https:\/\/secureus.se\/dorrstangarsats-dc700-3-6-paket-silver\/"},"modified":"2026-04-08T15:28:59","modified_gmt":"2026-04-08T13:28:59","slug":"dorrstangarsats-dc700-3-6-paket-silver","status":"publish","type":"product","link":"https:\/\/secureus.se\/pl\/dorrstangarsats-dc700-3-6-paket-silver\/","title":{"rendered":"Samozamykacz drzwiowy ASSA ABLOY DC700 \u2013 zestaw kompletny (pakiet) \u2013 EN 3-6 \u2013 suwak G195 \u2013 srebrny"},"content":{"rendered":"<p><strong>ASSA ABLOY DC700<\/strong> to nowoczesny i niezawodny samozamykacz dla tych, kt\u00f3rzy chc\u0105 bezpiecznie, kontrolowanie i p\u0142ynnie zamyka\u0107 drzwi wewn\u0119trzne, zewn\u0119trzne i przeciwpo\u017carowe. Model ten jest dostarczany jako <strong>kompletny zestaw<\/strong> w srebrze z <strong>szyna \u015blizgowa G195<\/strong>, co czyni go dobrym wyborem zar\u00f3wno do nowych instalacji, jak i wymiany.<\/p>\n<p>Pasuje do DC700 <strong>drzwi pojedyncze do 1400 mm<\/strong> i ma <strong>regulowana si\u0142a zamykania EN 3-6<\/strong>. Dzi\u0119ki <strong>Technologia Cam Motion<\/strong> W por\u00f3wnaniu z tradycyjnym samozamykaczem op\u00f3r przy otwieraniu jest mniejszy, a si\u0142a zamykania pozostaje taka sama. Dzi\u0119ki temu model ten jest szczeg\u00f3lnie odpowiedni w miejscach, gdzie funkcjonalno\u015b\u0107, komfort i dost\u0119pno\u015b\u0107 s\u0105 kluczowe.<\/p>\n<h3>To jest zawarte w zestawie<\/h3>\n<ul>\n<li>Obudowa samozamykacza DC700<\/li>\n<li>P\u0142yta monta\u017cowa A120<\/li>\n<li>Szyna \u015blizgowa G195<\/li>\n<\/ul>\n<h3>Charakterystyka<\/h3>\n<ul>\n<li>Kompletny zestaw z obudow\u0105 samozamykacza, p\u0142yt\u0105 monta\u017cow\u0105 i szyn\u0105 \u015blizgow\u0105<\/li>\n<li>System ramion: <strong>Szyna przesuwna<\/strong><\/li>\n<li>Si\u0142a zamykania: <strong>JEDEN 3-6<\/strong><\/li>\n<li>Moment zamykaj\u0105cy <strong>18 Nm do 54 Nm<\/strong><\/li>\n<li>Pasuje do pojedynczych drzwi<\/li>\n<li>Maksymalna szeroko\u015b\u0107 skrzyd\u0142a drzwi: <strong>1400 mm<\/strong><\/li>\n<li>Technologia Cam Motion zapewniaj\u0105ca mniejszy op\u00f3r przy otwieraniu<\/li>\n<li>Regulowana pr\u0119dko\u015b\u0107 zamykania<\/li>\n<li>Regulowana si\u0142a uderzenia<\/li>\n<li>Regulowany hamulec otwieraj\u0105cy<\/li>\n<li>K\u0105t otwarcia strony zawiasowej do ok. <strong>170\u00b0<\/strong><\/li>\n<li>K\u0105t otwarcia od strony ogranicznika do ok. <strong>120\u00b0<\/strong><\/li>\n<li>Pasuje do drzwi lewych i prawych<\/li>\n<li>Ukryta p\u0142yta monta\u017cowa<\/li>\n<li>Regulowana wysoko\u015b\u0107 wa\u0142u do <strong>14 mm<\/strong> dla \u0142atwiejszej instalacji<\/li>\n<li>Klasa zaliczeniowa <strong>C5<\/strong><\/li>\n<li>Zatwierdzono zgodnie z <strong>EN1154<\/strong><\/li>\n<li>Zatwierdzony typ dla drzwi przeciwpo\u017carowych <strong>EI60<\/strong><\/li>\n<li>Oceniony produkt budowlany: Tak<\/li>\n<li>Obr\u00f3bka powierzchni: <strong>Srebrny<\/strong><\/li>\n<\/ul>\n<h3>Montowanie<\/h3>\n<p>DC700 mo\u017cna stosowa\u0107 w kilku r\u00f3\u017cnych konfiguracjach monta\u017cu i stanowi elastyczne rozwi\u0105zanie dla wielu typ\u00f3w drzwi. Zgodnie z danymi produktu, model nadaje si\u0119 do monta\u017cu na <strong>strona zawias\u00f3w drzwi, strona zawias\u00f3w o\u015bcie\u017cnicy, strona zaczepu drzwi i strona zaczepu o\u015bcie\u017cnicy<\/strong>.<\/p>\n<h3>Funkcjonowa\u0107<\/h3>\n<p>DC700 to jest <strong>samozamykacz drzwi z tarcz\u0105 krzywkow\u0105<\/strong> gdzie szyna \u015blizgowa jest u\u017cywana, utrzymuj\u0105c jednocze\u015bnie si\u0142\u0119 zamykania. Technologia tarczy krzywkowej sprawia, \u017ce op\u00f3r otwierania w stosunku do si\u0142y zamykania jest ni\u017cszy ni\u017c w przypadku zwyk\u0142ego samozamykacza, co zapewnia p\u0142ynniejsze przej\u015bcie.<\/p>\n<h3>Wa\u017cne informacje<\/h3>\n<p>Podczas monta\u017cu na <strong>strona og\u0142oszenia<\/strong> razem z <strong>szyna \u015blizgowa G195<\/strong> zalecony <strong>przepustnica otwieraj\u0105ca A153<\/strong> dla lepszego i bardziej kontrolowanego funkcjonowania.<\/p>\n<h3>Mierzy\u0107<\/h3>\n<ul>\n<li>Wysoko\u015b\u0107: <strong>64 mm<\/strong><\/li>\n<li>G\u0142\u0119boko\u015b\u0107: <strong>57 mm<\/strong><\/li>\n<li>D\u0142ugo\u015b\u0107: <strong>270 mm<\/strong><\/li>\n<\/ul>\n<h3>Nadaje si\u0119 do<\/h3>\n<ul>\n<li>drzwi wewn\u0119trzne<\/li>\n<li>drzwi wej\u015bciowe<\/li>\n<li>drzwi przeciwpo\u017carowe<\/li>\n<li>drzwi wej\u015bciowe<\/li>\n<li>nieruchomo\u015bci, biura i przestrzenie publiczne<\/li>\n<\/ul>\n<p>ASSA ABLOY DC700 to dobry wyb\u00f3r dla os\u00f3b poszukuj\u0105cych <strong>samozamykacz z szyn\u0105 \u015blizgow\u0105<\/strong> W kompletnym zestawie, w kt\u00f3rym liczy si\u0119 zar\u00f3wno funkcjonalno\u015b\u0107, komfort, jak i trwa\u0142o\u015b\u0107. Otrzymujesz niezawodny samozamykacz o szerokim zakresie regulacji, \u0142atwo\u015bci otwierania i stabilnej pracy w wielu r\u00f3\u017cnych typach drzwi.<\/p>\n<div style=\"background: #f6f8fa;padding: 14px;border-radius: 6px;margin: 18px 0\"><strong>Potrzebujesz pomocy w wyborze odpowiedniego samozamykacza?<\/strong><br \/>\nPor\u00f3wnaj typ drzwi, typ ramienia i szeroko\u015b\u0107 drzwi lub zobacz wi\u0119cej modeli w naszej ofercie.<br \/>\n<a style=\"font-weight: bold\" href=\"https:\/\/secureus.se\/pl\/dorrstangare-kompletta\/\"><br \/>\nZobacz wszystkie kompletne samozamykacze tutaj \u2192<br \/>\n<\/a><\/div>","protected":false},"excerpt":{"rendered":"<p><strong>Kompletny zestaw samozamykacza drzwi ASSA ABLOY DC700 w kolorze srebrnym<\/strong> Z szyn\u0105 \u015blizgow\u0105 G195 do bezpiecznego i kontrolowanego zamykania drzwi wewn\u0119trznych, zewn\u0119trznych i przeciwpo\u017carowych. Odpowiednie <strong>drzwi pojedyncze do 1400 mm<\/strong> i ma <strong>Technologia Cam Motion<\/strong> dla mniejszego oporu przy otwieraniu.<\/p>\n<p>Kompletny zestaw zawiera: <strong>obudowa samozamykacza DC700, p\u0142yta monta\u017cowa A120 i szyna \u015blizgowa G195<\/strong>. Model ma <strong>regulowana si\u0142a zamykania EN 3-6<\/strong>, hamulec otwierania i pasuje zar\u00f3wno do drzwi lewych, jak i prawych.<\/p>","protected":false},"featured_media":133280,"template":"","meta":{"_acf_changed":false},"product_brand":[],"product_cat":[3258,4864],"product_tag":[4863],"class_list":{"0":"post-132552","1":"product","2":"type-product","3":"status-publish","4":"has-post-thumbnail","6":"product_cat-dorrstangare","7":"product_cat-dorrstangare-kompletta","8":"product_tag-pf","9":"product_shipping_class-tunga-paket","10":"pa_brands-abloy","11":"tm-no-options","13":"first","14":"instock","15":"sale","16":"taxable","17":"shipping-taxable","18":"purchasable","19":"product-type-simple"},"acf":[],"_links":{"self":[{"href":"https:\/\/secureus.se\/pl\/wp-json\/wp\/v2\/product\/132552","targetHints":{"allow":["GET"]}}],"collection":[{"href":"https:\/\/secureus.se\/pl\/wp-json\/wp\/v2\/product"}],"about":[{"href":"https:\/\/secureus.se\/pl\/wp-json\/wp\/v2\/types\/product"}],"wp:featuredmedia":[{"embeddable":true,"href":"https:\/\/secureus.se\/pl\/wp-json\/wp\/v2\/media\/133280"}],"wp:attachment":[{"href":"https:\/\/secureus.se\/pl\/wp-json\/wp\/v2\/media?parent=132552"}],"wp:term":[{"taxonomy":"product_brand","embeddable":true,"href":"https:\/\/secureus.se\/pl\/wp-json\/wp\/v2\/product_brand?post=132552"},{"taxonomy":"product_cat","embeddable":true,"href":"https:\/\/secureus.se\/pl\/wp-json\/wp\/v2\/product_cat?post=132552"},{"taxonomy":"product_tag","embeddable":true,"href":"https:\/\/secureus.se\/pl\/wp-json\/wp\/v2\/product_tag?post=132552"}],"curies":[{"name":"wp","href":"https:\/\/api.w.org\/{rel}","templated":true}]}}