{"id":132640,"date":"2024-11-27T13:49:51","date_gmt":"2024-11-27T12:49:51","guid":{"rendered":"https:\/\/secureus.se\/ajax-manualcallpoint-rod-tradlos-brandlarmsknapp\/"},"modified":"2026-03-09T17:38:51","modified_gmt":"2026-03-09T16:38:51","slug":"ajax-manualcallpoint-rod-tradlos-brandlarmsknapp","status":"publish","type":"product","link":"https:\/\/secureus.se\/pl\/ajax-manualcallpoint-rod-tradlos-brandlarmsknapp\/","title":{"rendered":"Ajax ManualCallPoint Red - Bezprzewodowy przycisk alarmu po\u017carowego"},"content":{"rendered":"<h1><strong>Podr\u0119cznik AjaxCallPoint czerwony<\/strong> to innowacyjny, bezprzewodowy przycisk sygnalizacji po\u017caru, kt\u00f3ry zapewnia szybkie i niezawodne uruchomienie alarmu po\u017carowego w sytuacjach awaryjnych.<\/h1>\n<p>Dzi\u0119ki stylowemu wygl\u0105dowi i zaawansowanym funkcjom ten przycisk spustowy jest idealnym wyborem dla dom\u00f3w, firm i przestrzeni publicznych.<\/p>\n<h4>Funkcje i korzy\u015bci<\/h4>\n<ul>\n<li><strong>Szybka aktywacja:<\/strong> Po naci\u015bni\u0119ciu przycisku syreny w\u0142\u0105czaj\u0105 si\u0119 we wszystkich czujkach po\u017carowych i scenariuszach automatyki, aby wesprze\u0107 ewakuacj\u0119.<\/li>\n<li><strong>Programowalne scenariusze:<\/strong> Steruj o\u015bwietleniem awaryjnym, systemami wentylacji, zamkami i zarz\u0105dzaniem energi\u0105, aby chroni\u0107 mienie.<\/li>\n<li><strong>Zgodno\u015b\u0107<\/strong>: Hub Plus, Hub 2, Hub2Plus, Hub Hybrid 2G i 4G oraz wzmacniacze ReX i ReX 2<\/li>\n<li><strong>Weryfikacja wizualna:<\/strong> U\u017cyj detektor\u00f3w kamer (PhOD) lub Ajax NVR, aby szybko zidentyfikowa\u0107 przyczyny po\u017caru.<\/li>\n<li><strong>\u0141atwy reset:<\/strong> Po aktywacji przycisk jest resetowany r\u0119cznie za pomoc\u0105 dostarczonego klucza.<\/li>\n<\/ul>\n<h4>Dane techniczne<\/h4>\n<ul>\n<li><strong>Farba:<\/strong> Czerwony<\/li>\n<li><strong>Protok\u00f3\u0142 komunikacyjny:<\/strong> Jubiler, zasi\u0119g do 1700 metr\u00f3w w otwartym terenie<\/li>\n<li><strong>Orzecznictwo:<\/strong> EN 54-11:2001<\/li>\n<li><strong>Typ baterii:<\/strong> 2x CR2032, 3V (w zestawie)<\/li>\n<li><strong>\u017bywotno\u015b\u0107 baterii:<\/strong> Do 7 lat<\/li>\n<li><strong>Ocena IP:<\/strong> IP55 (py\u0142oszczelny i bryzgoszczelny)<\/li>\n<li><strong>Zakres temperatur:<\/strong> 0\u00b0\u0421 do +50\u00b0\u0421<\/li>\n<li><strong>Mierzy\u0107:<\/strong> 102 x 104 x 39 mm<\/li>\n<li><strong>Waga:<\/strong> 214 gr<\/li>\n<\/ul>\n<h4>Obszary zastosowa\u0144<\/h4>\n<ul>\n<li>Domy i mieszkania<\/li>\n<li>Lokale u\u017cytkowe i biura<\/li>\n<li>Przestrzenie publiczne, takie jak szko\u0142y i szpitale<\/li>\n<li>Nieruchomo\u015bci przemys\u0142owe i centra biznesowe<\/li>\n<\/ul>\n<h4>Zakres dostawy<\/h4>\n<ul>\n<li>Podr\u0119cznik AjaxCallPoint czerwony<\/li>\n<li>2x baterie litowe (preinstalowane CR2032)<\/li>\n<li>Przezroczysta os\u0142ona ochronna<\/li>\n<li>Instrukcje u\u017cytkowania<\/li>\n<\/ul>\n<h4>\u0141atwa instalacja i konserwacja<\/h4>\n<p>Przycisk jest dostarczany w stanie gotowym do u\u017cycia i \u0142\u0105czy si\u0119 z systemem Ajax za pomoc\u0105 kilku klikni\u0119\u0107 w aplikacji.<\/p>\n<p>Nie wymaga regularnych r\u0119cznych test\u00f3w dzi\u0119ki automatycznej autodiagnostyce i monitorowaniu w czasie rzeczywistym za po\u015brednictwem koncentratora.<\/p>","protected":false},"excerpt":{"rendered":"<p>Bezprzewodowy przycisk sygnalizacji po\u017caru firmy Ajax w kolorze czerwonym do r\u0119cznego uruchamiania alarmu po\u017carowego. Aktywuje syreny, scenariusze automatyki i wysy\u0142a alarmy zar\u00f3wno do u\u017cytkownik\u00f3w, jak i do centrum alarmowego, je\u015bli zostanie to zatwierdzone. Solidne, niezawodne i certyfikowane zgodnie z norm\u0105 EN 54-11:2001. Prosta instalacja i d\u0142uga \u017cywotno\u015b\u0107 baterii do 7 lat.<\/p>","protected":false},"featured_media":151922,"template":"","meta":{"_acf_changed":false},"product_brand":[],"product_cat":[3159,3165],"product_tag":[4863],"class_list":{"0":"post-132640","1":"product","2":"type-product","3":"status-publish","4":"has-post-thumbnail","6":"product_cat-brandvarnare","7":"product_cat-overfallslarm-knappar","8":"product_tag-pf","9":"pa_brands-ajax-systems","10":"pa_farg-rod","11":"tm-no-options","13":"first","14":"instock","15":"sale","16":"taxable","17":"shipping-taxable","18":"purchasable","19":"product-type-simple"},"acf":[],"_links":{"self":[{"href":"https:\/\/secureus.se\/pl\/wp-json\/wp\/v2\/product\/132640","targetHints":{"allow":["GET"]}}],"collection":[{"href":"https:\/\/secureus.se\/pl\/wp-json\/wp\/v2\/product"}],"about":[{"href":"https:\/\/secureus.se\/pl\/wp-json\/wp\/v2\/types\/product"}],"wp:featuredmedia":[{"embeddable":true,"href":"https:\/\/secureus.se\/pl\/wp-json\/wp\/v2\/media\/151922"}],"wp:attachment":[{"href":"https:\/\/secureus.se\/pl\/wp-json\/wp\/v2\/media?parent=132640"}],"wp:term":[{"taxonomy":"product_brand","embeddable":true,"href":"https:\/\/secureus.se\/pl\/wp-json\/wp\/v2\/product_brand?post=132640"},{"taxonomy":"product_cat","embeddable":true,"href":"https:\/\/secureus.se\/pl\/wp-json\/wp\/v2\/product_cat?post=132640"},{"taxonomy":"product_tag","embeddable":true,"href":"https:\/\/secureus.se\/pl\/wp-json\/wp\/v2\/product_tag?post=132640"}],"curies":[{"name":"wp","href":"https:\/\/api.w.org\/{rel}","templated":true}]}}