{"id":133227,"date":"2024-12-05T11:34:01","date_gmt":"2024-12-05T10:34:01","guid":{"rendered":"https:\/\/secureus.se\/radiosandare-for-tradlos-koppling\/"},"modified":"2025-12-31T21:36:15","modified_gmt":"2025-12-31T20:36:15","slug":"radiosandare-for-tradlos-koppling","status":"publish","type":"product","link":"https:\/\/secureus.se\/pl\/radiosandare-for-tradlos-koppling\/","title":{"rendered":"Nadajnik radiowy do po\u0142\u0105czenia bezprzewodowego"},"content":{"rendered":"<h1>Nadajnik radiowy do po\u0142\u0105czenia bezprzewodowego<\/h1>\n<p>Dzi\u0119ki po\u0142\u0105czeniu bezprzewodowemu z\u0142\u0105cze kolankowe mo\u017cna zamontowa\u0107 w miejscach, gdzie z r\u00f3\u017cnych powod\u00f3w wyci\u0105gni\u0119cie kabli jest utrudnione lub niew\u0142a\u015bciwe.<\/p>\n<p>By\u0142y. obiekty znajduj\u0105ce si\u0119 na li\u015bcie dziedzictwa kulturowego, ko\u015bcio\u0142y itp.<\/p>\n<h4>Specyfikacja techniczna<\/h4>\n<ul>\n<li>Kabel akumulatora: 200 mm<\/li>\n<li>Modulacje: AM\/ASK<\/li>\n<li>Szyfrowanie: kod zmienny Keeloq<\/li>\n<li>Cz\u0119stotliwo\u015b\u0107: 433,92 MHz<\/li>\n<li>1 kana\u0142<\/li>\n<li>Pr\u0105d: 9 V (bateria 6LR61)<\/li>\n<li>Pob\u00f3r pr\u0105du: 17 mA<\/li>\n<\/ul>","protected":false},"excerpt":{"rendered":"<p>Nadajnik radiowy umo\u017cliwiaj\u0105cy bezprzewodowe po\u0142\u0105czenie kontaktu \u0142okciowego.<\/p>","protected":false},"featured_media":133224,"template":"","meta":{"_acf_changed":false},"product_brand":[],"product_cat":[1422,4707],"product_tag":[],"class_list":{"0":"post-133227","1":"product","2":"type-product","3":"status-publish","4":"has-post-thumbnail","6":"product_cat-armbagskontakter-dorrautomatik","7":"product_cat-tillval-och-tillbehor","8":"product_shipping_class-tunga-paket","9":"tm-no-options","11":"first","12":"instock","13":"sale","14":"taxable","15":"shipping-taxable","16":"purchasable","17":"product-type-simple"},"acf":[],"_links":{"self":[{"href":"https:\/\/secureus.se\/pl\/wp-json\/wp\/v2\/product\/133227","targetHints":{"allow":["GET"]}}],"collection":[{"href":"https:\/\/secureus.se\/pl\/wp-json\/wp\/v2\/product"}],"about":[{"href":"https:\/\/secureus.se\/pl\/wp-json\/wp\/v2\/types\/product"}],"wp:featuredmedia":[{"embeddable":true,"href":"https:\/\/secureus.se\/pl\/wp-json\/wp\/v2\/media\/133224"}],"wp:attachment":[{"href":"https:\/\/secureus.se\/pl\/wp-json\/wp\/v2\/media?parent=133227"}],"wp:term":[{"taxonomy":"product_brand","embeddable":true,"href":"https:\/\/secureus.se\/pl\/wp-json\/wp\/v2\/product_brand?post=133227"},{"taxonomy":"product_cat","embeddable":true,"href":"https:\/\/secureus.se\/pl\/wp-json\/wp\/v2\/product_cat?post=133227"},{"taxonomy":"product_tag","embeddable":true,"href":"https:\/\/secureus.se\/pl\/wp-json\/wp\/v2\/product_tag?post=133227"}],"curies":[{"name":"wp","href":"https:\/\/api.w.org\/{rel}","templated":true}]}}