{"id":133527,"date":"2024-11-26T15:05:36","date_gmt":"2024-11-26T14:05:36","guid":{"rendered":"https:\/\/secureus.se\/?post_type=product&#038;p=133527"},"modified":"2026-03-24T11:03:34","modified_gmt":"2026-03-24T10:03:34","slug":"dorrstangarsats-dc500-paket-silver","status":"publish","type":"product","link":"https:\/\/secureus.se\/pl\/dorrstangarsats-dc500-paket-silver\/","title":{"rendered":"Samozamykacz drzwi ASSA ABLOY DC500 \u2013 zestaw kompletny \u2013 EN 1-4 \u2013 suwak G195 \u2013 srebrny"},"content":{"rendered":"<p><strong>ASSA ABLOY DC500<\/strong> to nowoczesny i niezawodny samozamykacz dla tych, kt\u00f3rzy chc\u0105 bezpiecznie, kontrolowanie i p\u0142ynnie zamyka\u0107 drzwi zewn\u0119trzne, wewn\u0119trzne i przeciwpo\u017carowe. Model ten jest dostarczany jako <strong>kompletny zestaw<\/strong> w srebrze z <strong>szyna \u015blizgowa G195<\/strong>, co czyni go wygodnym wyborem zar\u00f3wno w przypadku nowych instalacji, jak i wymiany.<\/p>\n<p>DC500 pasuje do drzwi o szeroko\u015bci do <strong>1100 mm<\/strong> i ma <strong>regulowana si\u0142a zamykania EN 1-4<\/strong>. Dzi\u0119ki <strong>Technologia Cam Motion<\/strong> W por\u00f3wnaniu z tradycyjnym samozamykaczem op\u00f3r przy otwieraniu jest mniejszy, a si\u0142a zamykania pozostaje taka sama. To sprawia, \u017ce model ten jest dobrym wyborem w \u015brodowiskach, w kt\u00f3rych funkcjonalno\u015b\u0107, komfort i dost\u0119pno\u015b\u0107 s\u0105 istotne.<\/p>\n<h3>To jest zawarte w zestawie<\/h3>\n<ul>\n<li>Obudowa samozamykacza DC500<\/li>\n<li>Szyna \u015blizgowa G195<\/li>\n<li>P\u0142yta monta\u017cowa A120<\/li>\n<\/ul>\n<h3>Charakterystyka<\/h3>\n<ul>\n<li>Kompletny zestaw z obudow\u0105 samozamykacza, szyn\u0105 \u015blizgow\u0105 i p\u0142yt\u0105 monta\u017cow\u0105<\/li>\n<li>Regulowana si\u0142a spr\u0119\u017cyny <strong>PL 1-4<\/strong><\/li>\n<li>Moment zamykaj\u0105cy <strong>9 Nm do 26 Nm<\/strong><\/li>\n<li>Maksymalna szeroko\u015b\u0107 drzwi <strong>1100 mm<\/strong><\/li>\n<li>Klasa zaliczeniowa <strong>C5<\/strong><\/li>\n<li>Technologia Cam Motion zapewniaj\u0105ca mniejszy op\u00f3r przy otwieraniu<\/li>\n<li>Regulowana wysoko\u015b\u0107 wa\u0142u do <strong>14 mm<\/strong> dla \u0142atwiejszej instalacji<\/li>\n<li>Regulowana pr\u0119dko\u015b\u0107 zamykania<\/li>\n<li>Regulowana si\u0142a uderzenia<\/li>\n<li>Regulowany hamulec otwieraj\u0105cy<\/li>\n<li>K\u0105t otwarcia strony zawiasowej do ok. <strong>170\u00b0<\/strong><\/li>\n<li>K\u0105t otwarcia od strony ogranicznika do ok. <strong>120\u00b0<\/strong><\/li>\n<li>Zatwierdzono zgodnie z <strong>EN1154<\/strong><\/li>\n<li>Zatwierdzony typ dla drzwi przeciwpo\u017carowych <strong>EI60<\/strong><\/li>\n<li>Pasuje do drzwi lewych i prawych<\/li>\n<li>Ukryta p\u0142yta monta\u017cowa<\/li>\n<li>Obr\u00f3bka powierzchni: <strong>Srebrny<\/strong><\/li>\n<\/ul>\n<h3>Funkcjonowa\u0107<\/h3>\n<p>ASSA ABLOY DC500 to <strong>samozamykacz drzwi z tarcz\u0105 krzywkow\u0105<\/strong> gdzie szyna \u015blizgowa jest u\u017cywana przy jednoczesnym zachowaniu si\u0142y zamykania. Technologia tarczy krzywkowej oferuje r\u00f3wnie\u017c t\u0119 zalet\u0119, \u017ce op\u00f3r otwierania jest mniejszy w stosunku do si\u0142y zamykania ni\u017c w przypadku zwyk\u0142ego samozamykacza.<\/p>\n<h3>Wa\u017cne informacje podczas instalacji<\/h3>\n<p>Podczas monta\u017cu na <strong>strona og\u0142oszenia<\/strong> razem z <strong>szyna \u015blizgowa G195<\/strong> zalecony <strong>przepustnica otwieraj\u0105ca A153<\/strong> dla lepszego i bardziej kontrolowanego funkcjonowania.<\/p>\n<h3>Mierzy\u0107<\/h3>\n<ul>\n<li>Wysoko\u015b\u0107: <strong>64 mm<\/strong><\/li>\n<li>G\u0142\u0119boko\u015b\u0107: <strong>57 mm<\/strong><\/li>\n<li>D\u0142ugo\u015b\u0107: <strong>270 mm<\/strong><\/li>\n<\/ul>\n<h3>Nadaje si\u0119 do<\/h3>\n<ul>\n<li>drzwi wej\u015bciowe<\/li>\n<li>drzwi wewn\u0119trzne<\/li>\n<li>drzwi przeciwpo\u017carowe<\/li>\n<li>drzwi wej\u015bciowe<\/li>\n<li>nieruchomo\u015bci, biura i przestrzenie publiczne<\/li>\n<\/ul>\n<p>ASSA ABLOY DC500 to dobry wyb\u00f3r dla os\u00f3b poszukuj\u0105cych <strong>samozamykacz z szyn\u0105 \u015blizgow\u0105<\/strong> W kompletnym zestawie do drzwi o mniejszym nat\u0119\u017ceniu ruchu. Otrzymujesz niezawodny samozamykacz o p\u0142ynnym dzia\u0142aniu, szerokim zakresie regulacji i dyskretnym wygl\u0105dzie, kt\u00f3ry pasuje do wielu r\u00f3\u017cnych typ\u00f3w nieruchomo\u015bci.<\/p>\n<div style=\"background: #f6f8fa;padding: 14px;border-radius: 6px;margin: 18px 0\"><strong>Potrzebujesz pomocy w wyborze odpowiedniego samozamykacza?<\/strong><br \/>\nPor\u00f3wnaj typ drzwi, szeroko\u015b\u0107 drzwi i konstrukcj\u0119 ramion lub zobacz wi\u0119cej modeli w naszej ofercie.<br \/>\n<a style=\"font-weight: bold\" href=\"https:\/\/secureus.se\/pl\/dorrstangare-kompletta\/\"><br \/>\nZobacz wszystkie kompletne samozamykacze tutaj \u2192<br \/>\n<\/a><\/div>","protected":false},"excerpt":{"rendered":"<p><strong>Kompletny zestaw samozamykacza drzwi ASSA ABLOY DC500 w kolorze srebrnym<\/strong> Z szyn\u0105 \u015blizgow\u0105 G195 do bezpiecznego i kontrolowanego zamykania drzwi zewn\u0119trznych, wewn\u0119trznych i przeciwpo\u017carowych. Pasuje do drzwi o szeroko\u015bci do <strong>1100 mm<\/strong> i ma <strong>Technologia Cam Motion<\/strong> dla mniejszego oporu przy otwieraniu.<\/p>\n<p>Kompletny zestaw zawiera: <strong>obudowa samozamykacza DC500, szyna \u015blizgowa G195 i p\u0142yta monta\u017cowa A120<\/strong>. Model ma <strong>regulowana si\u0142a zamykania EN 1-4<\/strong>, hamulec otwierania i pasuje zar\u00f3wno do drzwi lewych, jak i prawych.<\/p>","protected":false},"featured_media":133525,"template":"","meta":{"_acf_changed":false},"product_brand":[],"product_cat":[3258,4864],"product_tag":[4863],"class_list":{"0":"post-133527","1":"product","2":"type-product","3":"status-publish","4":"has-post-thumbnail","6":"product_cat-dorrstangare","7":"product_cat-dorrstangare-kompletta","8":"product_tag-pf","9":"product_shipping_class-tunga-paket","10":"pa_brands-abloy","11":"tm-no-options","13":"first","14":"instock","15":"sale","16":"taxable","17":"shipping-taxable","18":"purchasable","19":"product-type-simple"},"acf":[],"_links":{"self":[{"href":"https:\/\/secureus.se\/pl\/wp-json\/wp\/v2\/product\/133527","targetHints":{"allow":["GET"]}}],"collection":[{"href":"https:\/\/secureus.se\/pl\/wp-json\/wp\/v2\/product"}],"about":[{"href":"https:\/\/secureus.se\/pl\/wp-json\/wp\/v2\/types\/product"}],"wp:featuredmedia":[{"embeddable":true,"href":"https:\/\/secureus.se\/pl\/wp-json\/wp\/v2\/media\/133525"}],"wp:attachment":[{"href":"https:\/\/secureus.se\/pl\/wp-json\/wp\/v2\/media?parent=133527"}],"wp:term":[{"taxonomy":"product_brand","embeddable":true,"href":"https:\/\/secureus.se\/pl\/wp-json\/wp\/v2\/product_brand?post=133527"},{"taxonomy":"product_cat","embeddable":true,"href":"https:\/\/secureus.se\/pl\/wp-json\/wp\/v2\/product_cat?post=133527"},{"taxonomy":"product_tag","embeddable":true,"href":"https:\/\/secureus.se\/pl\/wp-json\/wp\/v2\/product_tag?post=133527"}],"curies":[{"name":"wp","href":"https:\/\/api.w.org\/{rel}","templated":true}]}}