{"id":134600,"date":"2020-07-07T19:24:00","date_gmt":"2020-07-07T17:24:00","guid":{"rendered":"https:\/\/secureus.se\/stilren-liten-2\/"},"modified":"2025-12-31T19:35:56","modified_gmt":"2025-12-31T18:35:56","slug":"stilren-liten","status":"publish","type":"product","link":"https:\/\/secureus.se\/pl\/stilren-liten\/","title":{"rendered":"Stylowy znak na drzwi Ma\u0142y"},"content":{"rendered":"<p>Wymiary: 120x55mm<br \/>\nMateria\u0142: mosi\u0105dz<br \/>\nWaga: 150 gram\u00f3w<br \/>\nObr\u00f3bka powierzchniowa: Lakier bezbarwny<\/p>\n<p>Witamy w naszym sklepie ze znakami! Tutaj mo\u017cesz zobaczy\u0107 nasz\u0105 ofert\u0119 mosi\u0119\u017cnych tabliczek na drzwi.<\/p>\n<h6><em><strong><a href=\"https:\/\/dinskylt.se\/shop-dorrskyltar-massing\/\" target=\"_blank\" rel=\"noopener\">Kliknij na znak, kt\u00f3ry Ci si\u0119 podoba i wprowad\u017a swoje imi\u0119 i nazwisko w kreatorze produkt\u00f3w na stronie https:\/\/dinskylt.se<\/a>\/<\/strong><\/em><\/h6>\n<p>W sklepie z znakami mo\u017cesz z \u0142atwo\u015bci\u0105 zobaczy\u0107 z wyprzedzeniem, jak b\u0119dzie wygl\u0105da\u0107 mosi\u0119\u017cna tabliczka na drzwi. Po z\u0142o\u017ceniu zam\u00f3wienia mosi\u0119\u017cna tabliczka na drzwi zostanie wygrawerowana i wys\u0142ana do Ciebie w ci\u0105gu 24 godzin. Wszystkie nasze znaki s\u0105 produkowane w Alings\u00e5s i dostarczane do ca\u0142ego regionu skandynawskiego w ci\u0105gu 5 dni. Je\u015bli masz jakiekolwiek pytania dotycz\u0105ce naszych szyld\u00f3w na drzwi, zawsze mo\u017cesz si\u0119 z nami skontaktowa\u0107!<\/p>","protected":false},"excerpt":{"rendered":"<p>Pami\u0119taj, \u017ce znak kupujesz w naszym sklepie projektowym - cena jest taka sama, a dostawa jest bezp\u0142atna<\/p>\n<h5><em><strong><a href=\"https:\/\/dinskylt.se\/shop-dorrskyltar-massing\/\" target=\"_blank\" rel=\"noopener\">Tutaj kupujesz i dostosowujesz w\u0142asne nazwy w kreatorze produkt\u00f3w na https:\/\/dinskylt.se<\/a>\/<\/strong><\/em><\/h5>\n<p><img decoding=\"async\" class=\"wp-image-123502210 size-medium\" src=\"https:\/\/securityonline.se\/wp-content\/uploads\/2020\/07\/Skylt_499kr_dinskylt.se_-300x240.jpg\" alt=\"szyldy na drzwi-mosi\u0105dz-najwy\u017cszej jako\u015bci-brf\" width=\"300\" height=\"240\" \/><\/p>\n<p>Id\u017a i b\u0105d\u017a szcz\u0119\u015bliwy, stylowy i gotowy, cho\u0107 w ma\u0142ym formacie!<\/p>\n<p>Jak male\u0144kie mini ciasteczko czekoladowe.<br \/>\n\u0141adna, ale jednocze\u015bnie z charakterem emanuj\u0105cym stylem. Podobnie jak jego starszy brat, jest cienki i \u015bci\u0119ty na kraw\u0119dziach, co stanowi wyb\u00f3r dla tych, kt\u00f3rzy chc\u0105 ponadczasowej i stylowej tabliczki na drzwi, ale jak powiedziano, w ma\u0142ym formacie.<\/p>\n<p>Uwaga, jesz czekoladowe mini ciasteczko na w\u0142asne ryzyko!<\/p>\n<p>Ps Ten pocz\u0119stunek idealnie pasuje do naszego znaku zakazu reklamowania, <a href=\"https:\/\/dinskylt.se\/product\/ingen-reklam-tack\/\">sprawd\u017a to tutaj<\/a>.<\/p>","protected":false},"featured_media":134598,"template":"","meta":{"_acf_changed":false},"product_brand":[],"product_cat":[2920],"product_tag":[],"class_list":{"0":"post-134600","1":"product","2":"type-product","3":"status-publish","4":"has-post-thumbnail","6":"product_cat-dorrskyltar-i-massing","7":"pa_available-n","8":"pa_available-y","9":"pa_brands-secureus","10":"pa_color-gold","11":"pa_color-silver","12":"pa_holes-y","13":"pa_holes-n","14":"tm-no-options","16":"first","17":"instock","18":"taxable","19":"shipping-taxable","20":"purchasable","21":"product-type-simple"},"acf":[],"_links":{"self":[{"href":"https:\/\/secureus.se\/pl\/wp-json\/wp\/v2\/product\/134600","targetHints":{"allow":["GET"]}}],"collection":[{"href":"https:\/\/secureus.se\/pl\/wp-json\/wp\/v2\/product"}],"about":[{"href":"https:\/\/secureus.se\/pl\/wp-json\/wp\/v2\/types\/product"}],"wp:featuredmedia":[{"embeddable":true,"href":"https:\/\/secureus.se\/pl\/wp-json\/wp\/v2\/media\/134598"}],"wp:attachment":[{"href":"https:\/\/secureus.se\/pl\/wp-json\/wp\/v2\/media?parent=134600"}],"wp:term":[{"taxonomy":"product_brand","embeddable":true,"href":"https:\/\/secureus.se\/pl\/wp-json\/wp\/v2\/product_brand?post=134600"},{"taxonomy":"product_cat","embeddable":true,"href":"https:\/\/secureus.se\/pl\/wp-json\/wp\/v2\/product_cat?post=134600"},{"taxonomy":"product_tag","embeddable":true,"href":"https:\/\/secureus.se\/pl\/wp-json\/wp\/v2\/product_tag?post=134600"}],"curies":[{"name":"wp","href":"https:\/\/api.w.org\/{rel}","templated":true}]}}