{"id":134615,"date":"2020-05-26T00:15:53","date_gmt":"2020-05-25T22:15:53","guid":{"rendered":"https:\/\/secureus.se\/klassiskdorrskylt-2\/"},"modified":"2025-12-31T19:34:13","modified_gmt":"2025-12-31T18:34:13","slug":"klassiskdorrskylt","status":"publish","type":"product","link":"https:\/\/secureus.se\/pl\/klassiskdorrskylt\/","title":{"rendered":"Klasyczny znak na drzwi"},"content":{"rendered":"<p>Pami\u0119taj, \u017ce znak kupujesz w naszym sklepie projektowym - cena jest taka sama, a dostawa jest bezp\u0142atna.<\/p>\n<p><em><strong><a href=\"https:\/\/dinskylt.se\/shop-dorrskyltar-massing\/\" target=\"_blank\" rel=\"noopener\">Kliknij na znak, kt\u00f3ry Ci si\u0119 podoba i wprowad\u017a swoje imi\u0119 i nazwisko w kreatorze produkt\u00f3w na stronie https:\/\/dinskylt.se<\/a>\/<\/strong><\/em><\/p>\n<p><img decoding=\"async\" class=\"alignnone wp-image-123502210 size-medium\" src=\"https:\/\/securityonline.se\/wp-content\/uploads\/2020\/07\/Skylt_499kr_dinskylt.se_-300x240.jpg\" alt=\"\" width=\"300\" height=\"240\" \/><\/p>\n<p>Wymiary: 155x60mm<br \/>\nMateria\u0142: mosi\u0105dz<br \/>\nWaga: 250 gram\u00f3w<\/p>\n<p>Obr\u00f3bka powierzchniowa: Lakier bezbarwny<\/p>","protected":false},"excerpt":{"rendered":"<p>Pami\u0119taj, \u017ce znak kupujesz w naszym sklepie projektowym - cena jest taka sama, a dostawa jest bezp\u0142atna.<\/p>\n<h5><em><strong><a href=\"https:\/\/dinskylt.se\/shop-dorrskyltar-massing\/\" target=\"_blank\" rel=\"noopener\">Tutaj kupujesz i dostosowujesz w\u0142asne nazwy w kreatorze produkt\u00f3w na https:\/\/dinskylt.se<\/a>\/<\/strong><\/em><\/h5>\n<p><img decoding=\"async\" class=\"alignnone wp-image-123502210 size-medium\" src=\"https:\/\/securityonline.se\/wp-content\/uploads\/2020\/07\/Skylt_499kr_dinskylt.se_-300x240.jpg\" alt=\"szyldy na drzwi-mosi\u0105dz-najwy\u017cszej jako\u015bci-brf\" width=\"300\" height=\"240\" \/><\/p>\n<p>Gdyby George Clooney zam\u00f3wi\u0142 tabliczk\u0119 na drzwi, kt\u00f3ra mia\u0142aby ozdobi\u0107 jego drzwi, by\u0142by to ten.<\/p>\n<p>Klasyczny szyld na drzwi z mosi\u0105dzu, zgodny ze wszystkimi zasadami sztuki. Proste linie ze \u015bci\u0119tymi, eleganckimi kraw\u0119dziami. Ten znak jest oczywistym wyborem dla tych, kt\u00f3rzy chc\u0105 dodatkowego z\u0142otego akcentu w \u017cyciu codziennym, na drzwiach i znaku na drzwiach.<\/p>\n<p>Ps Ta ciekawostka idealnie pasuje do naszego znaku zakazu reklam, sprawd\u017a to <a href=\"http:\/\/dinskylt.se\/product\/ingen-reklam-tack\/\">Tutaj<\/a>.<\/p>","protected":false},"featured_media":134613,"template":"","meta":{"_acf_changed":false},"product_brand":[],"product_cat":[2920],"product_tag":[],"class_list":{"0":"post-134615","1":"product","2":"type-product","3":"status-publish","4":"has-post-thumbnail","6":"product_cat-dorrskyltar-i-massing","7":"pa_available-n","8":"pa_available-y","9":"pa_brands-secureus","10":"pa_color-gold","11":"pa_color-silver","12":"pa_holes-y","13":"pa_holes-n","14":"tm-no-options","16":"first","17":"instock","18":"taxable","19":"shipping-taxable","20":"purchasable","21":"product-type-simple"},"acf":[],"_links":{"self":[{"href":"https:\/\/secureus.se\/pl\/wp-json\/wp\/v2\/product\/134615","targetHints":{"allow":["GET"]}}],"collection":[{"href":"https:\/\/secureus.se\/pl\/wp-json\/wp\/v2\/product"}],"about":[{"href":"https:\/\/secureus.se\/pl\/wp-json\/wp\/v2\/types\/product"}],"wp:featuredmedia":[{"embeddable":true,"href":"https:\/\/secureus.se\/pl\/wp-json\/wp\/v2\/media\/134613"}],"wp:attachment":[{"href":"https:\/\/secureus.se\/pl\/wp-json\/wp\/v2\/media?parent=134615"}],"wp:term":[{"taxonomy":"product_brand","embeddable":true,"href":"https:\/\/secureus.se\/pl\/wp-json\/wp\/v2\/product_brand?post=134615"},{"taxonomy":"product_cat","embeddable":true,"href":"https:\/\/secureus.se\/pl\/wp-json\/wp\/v2\/product_cat?post=134615"},{"taxonomy":"product_tag","embeddable":true,"href":"https:\/\/secureus.se\/pl\/wp-json\/wp\/v2\/product_tag?post=134615"}],"curies":[{"name":"wp","href":"https:\/\/api.w.org\/{rel}","templated":true}]}}