{"id":137044,"date":"2024-06-12T13:12:56","date_gmt":"2024-06-12T11:12:56","guid":{"rendered":"https:\/\/secureus.se\/?post_type=product&#038;p=137044"},"modified":"2026-04-08T16:02:35","modified_gmt":"2026-04-08T14:02:35","slug":"provkit-solo-20-93-m-rok-barvaskor","status":"publish","type":"product","link":"https:\/\/secureus.se\/pl\/provkit-solo-20-93-m-rok-barvaskor\/","title":{"rendered":"Zestaw Solo 20 Sample \u2013 9,3 m (dymny) \u2013 futera\u0142y transportowe"},"content":{"rendered":"<h1>Zestaw Solo 20 Sample \u2013 9,3 m (dymny) \u2013 futera\u0142y transportowe<\/h1>\n<h3 data-start=\"299\" data-end=\"345\">Profesjonalny zestaw testowy do czujnik\u00f3w dymu<\/h3>\n<p data-start=\"346\" data-end=\"559\">Solo 20 to kompletny zestaw testowy przeznaczony do \u0142atwego i bezpiecznego testowania dzia\u0142ania czujnik\u00f3w dymu na wysoko\u015bciach instalacji, do oko\u0142o 9,3 m.<\/p>\n<p data-start=\"346\" data-end=\"559\">Zestaw jest zoptymalizowany pod k\u0105tem wydajno\u015bci i \u0142atwo\u015bci transportu.<\/p>\n<h3 data-start=\"561\" data-end=\"585\">Zawarto\u015b\u0107 Solo 20<\/h3>\n<ul data-start=\"586\" data-end=\"1129\">\n<li data-start=\"586\" data-end=\"674\">\n<p data-start=\"588\" data-end=\"674\"><strong data-start=\"588\" data-end=\"616\">Tester detektor\u00f3w Solo 330<\/strong> \u2013 testowanie czujnik\u00f3w dymu za pomoc\u0105 butli z gazem testowym Solo A5.<\/p>\n<\/li>\n<li data-start=\"675\" data-end=\"833\">\n<p data-start=\"677\" data-end=\"833\"><strong data-start=\"677\" data-end=\"703\">Kij teleskopowy Solo 100<\/strong> \u2013 d\u0142ugi, 4,5 m z 4 segmentami z w\u0142\u00f3kna szklanego, mo\u017cna \u0142\u0105czy\u0107 z trzema dr\u0105\u017ckami przed\u0142u\u017caj\u0105cymi Solo 101, co pozwala na uzyskanie ca\u0142kowitego zasi\u0119gu do 9,3 m.<\/p>\n<\/li>\n<li data-start=\"834\" data-end=\"912\">\n<p data-start=\"836\" data-end=\"912\"><strong data-start=\"836\" data-end=\"872\">3 x dr\u0105\u017cki przed\u0142u\u017caj\u0105ce Solo 101<\/strong> \u2013 zwi\u0119ksza wysoko\u015b\u0107 i elastyczno\u015b\u0107 pr\u00f3bki.<\/p>\n<\/li>\n<li data-start=\"913\" data-end=\"1026\">\n<p data-start=\"915\" data-end=\"1026\"><strong data-start=\"915\" data-end=\"944\">Futera\u0142 + ko\u0142czan Solo 610<\/strong> \u2013 praktyczny system przechowywania z miejscem na pr\u0119ty, testery i butle z gazem testowym.<\/p>\n<\/li>\n<li data-start=\"1027\" data-end=\"1129\">\n<p data-start=\"1029\" data-end=\"1129\"><strong data-start=\"1029\" data-end=\"1059\">3 \u00d7 butle z gazem testowym Solo A5<\/strong> \u2013 zoptymalizowane pod k\u0105tem czujnik\u00f3w dymu, wystarcza na oko\u0142o 400 pr\u00f3bek na butelk\u0119.<\/p>\n<\/li>\n<\/ul>\n<h3 data-start=\"1131\" data-end=\"1163\">\u0141atwe i bezpieczne u\u017cytkowanie<\/h3>\n<ol data-start=\"1164\" data-end=\"1431\">\n<li data-start=\"1164\" data-end=\"1223\">\n<p data-start=\"1167\" data-end=\"1223\">Wstrz\u0105\u015bnij butlami z gazem testowym Solo A5 i zamontuj je w Solo 330.<\/p>\n<\/li>\n<li data-start=\"1224\" data-end=\"1268\">\n<p data-start=\"1227\" data-end=\"1268\">Zakr\u0119\u0107 pojemnik i obr\u00f3\u0107 go o \u00bc obrotu.<\/p>\n<\/li>\n<li data-start=\"1269\" data-end=\"1351\">\n<p data-start=\"1272\" data-end=\"1351\">Umie\u015b\u0107 kubek wok\u00f3\u0142 detektora, lekko doci\u015bnij do sufitu i pozw\u00f3l, aby gaz wyp\u0142yn\u0105\u0142.<\/p>\n<\/li>\n<li data-start=\"1352\" data-end=\"1431\">\n<p data-start=\"1355\" data-end=\"1431\">Odczekaj oko\u0142o 10 sekund, a\u017c detektor uruchomi alarm. W razie potrzeby powt\u00f3rz kr\u00f3tki test.<\/p>\n<\/li>\n<\/ol>\n<h3 data-start=\"1433\" data-end=\"1459\">Zalety Solo 20<\/h3>\n<ul data-start=\"1460\" data-end=\"1722\">\n<li data-start=\"1460\" data-end=\"1494\">\n<p data-start=\"1462\" data-end=\"1494\">Kompletny zestaw do czujnik\u00f3w dymu<\/p>\n<\/li>\n<li data-start=\"1495\" data-end=\"1558\">\n<p data-start=\"1497\" data-end=\"1558\">Zasi\u0119g do 9,3 m z teleskopowym dr\u0105\u017ckiem i przed\u0142u\u017ckami<\/p>\n<\/li>\n<li data-start=\"1559\" data-end=\"1615\">\n<p data-start=\"1561\" data-end=\"1615\">Profesjonalny pokrowiec i ko\u0142czan do \u0142atwego transportu<\/p>\n<\/li>\n<li data-start=\"1616\" data-end=\"1675\">\n<p data-start=\"1618\" data-end=\"1675\">\u0141atwa obs\u0142uga dzi\u0119ki szybkiemu resetowaniu detektor\u00f3w<\/p>\n<\/li>\n<li data-start=\"1676\" data-end=\"1722\">\n<p data-start=\"1678\" data-end=\"1722\">Pasuje do wi\u0119kszo\u015bci marek czujnik\u00f3w dymu<\/p>\n<\/li>\n<\/ul>\n<h3 data-start=\"1724\" data-end=\"1754\">Specyfikacje techniczne<\/h3>\n<ul data-start=\"1755\" data-end=\"2021\">\n<li data-start=\"1755\" data-end=\"1788\">\n<p data-start=\"1757\" data-end=\"1788\">Wysoko\u015b\u0107 testu: do 9,3 m<\/p>\n<\/li>\n<li data-start=\"1789\" data-end=\"1858\">\n<p data-start=\"1791\" data-end=\"1858\">Zawarto\u015b\u0107: Solo 330, Solo 100, 3 \u00d7 Solo 101, Solo 610, 3 \u00d7 Solo A5<\/p>\n<\/li>\n<li data-start=\"1859\" data-end=\"1921\">\n<p data-start=\"1861\" data-end=\"1921\">Materia\u0142 teleskopowego kija: w\u0142\u00f3kno szklane, nieprzewodz\u0105ce pr\u0105du elektrycznego<\/p>\n<\/li>\n<li data-start=\"1922\" data-end=\"1973\">\n<p data-start=\"1924\" data-end=\"1973\">Pojemno\u015b\u0107 butli z gazem testowym: ok. 400 pr\u00f3bek na butl\u0119<\/p>\n<\/li>\n<li data-start=\"1974\" data-end=\"2021\">\n<p data-start=\"1976\" data-end=\"2021\">\n<\/li>\n<\/ul>","protected":false},"excerpt":{"rendered":"<p>Zestaw testowy Solo 20 to kompletny zestaw do testowania funkcjonalno\u015bci czujnik\u00f3w dymu o d\u0142ugo\u015bci do oko\u0142o 9,3 m.<\/p>\n<p>Zawiera teleskopowy dr\u0105\u017cek Solo 100 z 3 dr\u0105\u017ckami przed\u0142u\u017caj\u0105cymi Solo 101, tester detektora Solo 330, 3 butle z gazem testowym Solo A5 oraz torb\u0119 transportow\u0105 i ko\u0142czan Solo 610.<\/p>","protected":false},"featured_media":137043,"template":"","meta":{"_acf_changed":false},"product_brand":[],"product_cat":[2945,3849],"product_tag":[],"class_list":{"0":"post-137044","1":"product","2":"type-product","3":"status-publish","4":"has-post-thumbnail","6":"product_cat-solo","7":"product_cat-solo-kit","8":"product_shipping_class-tunga-paket","9":"pa_brands-solo","10":"tm-no-options","12":"first","13":"instock","14":"taxable","15":"shipping-taxable","16":"purchasable","17":"product-type-simple"},"acf":[],"_links":{"self":[{"href":"https:\/\/secureus.se\/pl\/wp-json\/wp\/v2\/product\/137044","targetHints":{"allow":["GET"]}}],"collection":[{"href":"https:\/\/secureus.se\/pl\/wp-json\/wp\/v2\/product"}],"about":[{"href":"https:\/\/secureus.se\/pl\/wp-json\/wp\/v2\/types\/product"}],"wp:featuredmedia":[{"embeddable":true,"href":"https:\/\/secureus.se\/pl\/wp-json\/wp\/v2\/media\/137043"}],"wp:attachment":[{"href":"https:\/\/secureus.se\/pl\/wp-json\/wp\/v2\/media?parent=137044"}],"wp:term":[{"taxonomy":"product_brand","embeddable":true,"href":"https:\/\/secureus.se\/pl\/wp-json\/wp\/v2\/product_brand?post=137044"},{"taxonomy":"product_cat","embeddable":true,"href":"https:\/\/secureus.se\/pl\/wp-json\/wp\/v2\/product_cat?post=137044"},{"taxonomy":"product_tag","embeddable":true,"href":"https:\/\/secureus.se\/pl\/wp-json\/wp\/v2\/product_tag?post=137044"}],"curies":[{"name":"wp","href":"https:\/\/api.w.org\/{rel}","templated":true}]}}