{"id":137232,"date":"2024-06-12T13:12:53","date_gmt":"2024-06-12T11:12:53","guid":{"rendered":"https:\/\/secureus.se\/?post_type=product&#038;p=137232"},"modified":"2026-04-08T16:01:05","modified_gmt":"2026-04-08T14:01:05","slug":"provkit-solo-12-73-m-varme-rok-vaska-nedtagare","status":"publish","type":"product","link":"https:\/\/secureus.se\/pl\/provkit-solo-12-73-m-varme-rok-vaska-nedtagare\/","title":{"rendered":"Zestaw pr\u00f3bny Solo 12 \u2013 7,3 m (ciep\u0142o\/dym) \u2013 worek i deflektor"},"content":{"rendered":"<h1>Zestaw pr\u00f3bny Solo 12 \u2013 7,3 m (ciep\u0142o\/dym) \u2013 worek i deflektor<\/h1>\n<h3 data-start=\"394\" data-end=\"445\">Kompletny zestaw testowy do czujnik\u00f3w dymu i ciep\u0142a<\/h3>\n<p data-start=\"446\" data-end=\"711\">Urz\u0105dzenie Solo 12 przeznaczone jest do efektywnego i bezpiecznego testowania czujnik\u00f3w dymu i ciep\u0142a w odleg\u0142o\u015bci do oko\u0142o 7,3 m.<\/p>\n<p data-start=\"446\" data-end=\"711\">Zestaw zawiera teleskopowe dr\u0105\u017cki, przed\u0142u\u017cki i sprz\u0119t testowy oraz walizk\u0119 transportow\u0105 i ko\u0142czan, co u\u0142atwia transport i u\u017cywanie na miejscu budowy.<\/p>\n<h3 data-start=\"713\" data-end=\"737\">Zawarto\u015b\u0107 Solo 12<\/h3>\n<ul data-start=\"738\" data-end=\"1373\">\n<li data-start=\"738\" data-end=\"854\">\n<p data-start=\"740\" data-end=\"854\"><strong data-start=\"740\" data-end=\"768\">Tester detektor\u00f3w Solo 330<\/strong> \u2013 testuje czujniki dymu i tlenku w\u0119gla, kompatybilne z butlami z gazem testowym Solo A5 i Solo C3.<\/p>\n<\/li>\n<li data-start=\"855\" data-end=\"941\">\n<p data-start=\"857\" data-end=\"941\"><strong data-start=\"857\" data-end=\"890\">Tester czujnik\u00f3w ciep\u0142a Solo 461<\/strong> \u2013 zasilane bateryjnie do testowania czujnik\u00f3w ciep\u0142a.<\/p>\n<\/li>\n<li data-start=\"942\" data-end=\"1032\">\n<p data-start=\"944\" data-end=\"1032\"><strong data-start=\"944\" data-end=\"970\">Kij teleskopowy Solo 108<\/strong> \u2013 2,5 m, w\u0142\u00f3kno szklane, nieprzewodz\u0105ce pr\u0105du, lekkie i sztywne.<\/p>\n<\/li>\n<li data-start=\"1033\" data-end=\"1124\">\n<p data-start=\"1035\" data-end=\"1124\"><strong data-start=\"1035\" data-end=\"1071\">3 x Przed\u0142u\u017cki Solo 101<\/strong> \u2013 1,13 m ka\u017cdy, mo\u017cna je \u0142\u0105czy\u0107 ze sob\u0105 w celu uzyskania wi\u0119kszej wysoko\u015bci.<\/p>\n<\/li>\n<li data-start=\"1125\" data-end=\"1196\">\n<p data-start=\"1127\" data-end=\"1196\"><strong data-start=\"1127\" data-end=\"1160\">Uniwersalne urz\u0105dzenie do demonta\u017cu Solo 200<\/strong> \u2013 bezpieczne usuwanie czujnik\u00f3w.<\/p>\n<\/li>\n<li data-start=\"1197\" data-end=\"1286\">\n<p data-start=\"1199\" data-end=\"1286\"><strong data-start=\"1199\" data-end=\"1228\">Futera\u0142 + ko\u0142czan Solo 610<\/strong> \u2013 praktyczne do transportu i przechowywania sprz\u0119tu.<\/p>\n<\/li>\n<li data-start=\"1287\" data-end=\"1373\">\n<p data-start=\"1289\" data-end=\"1373\"><strong data-start=\"1289\" data-end=\"1319\">3 \u00d7 butle z gazem testowym Solo A5<\/strong> \u2013 test dymowy, wystarcza na ok. 400 test\u00f3w na butelk\u0119.<\/p>\n<\/li>\n<\/ul>\n<h3 data-start=\"1375\" data-end=\"1407\">\u0141atwe i bezpieczne u\u017cytkowanie<\/h3>\n<ol data-start=\"1408\" data-end=\"1707\">\n<li data-start=\"1408\" data-end=\"1505\">\n<p data-start=\"1411\" data-end=\"1505\">Zamontuj Solo 330 lub Solo 461 na Solo 108 i dowolnym dr\u0105\u017cku Solo 101, aby uzyska\u0107 po\u017c\u0105dan\u0105 wysoko\u015b\u0107.<\/p>\n<\/li>\n<li data-start=\"1506\" data-end=\"1567\">\n<p data-start=\"1509\" data-end=\"1567\">Wstrz\u0105\u015bnij butl\u0105 z gazem testowym Solo A5 i zamontuj j\u0105 w testerze.<\/p>\n<\/li>\n<li data-start=\"1568\" data-end=\"1638\">\n<p data-start=\"1571\" data-end=\"1638\">Umie\u015b\u0107 kubek wok\u00f3\u0142 detektora, lekko naci\u015bnij i pozw\u00f3l, aby gaz wyp\u0142yn\u0105\u0142.<\/p>\n<\/li>\n<li data-start=\"1639\" data-end=\"1707\">\n<p data-start=\"1642\" data-end=\"1707\">Odczekaj oko\u0142o 10 sekund, a\u017c detektor uruchomi alarm; w razie potrzeby powt\u00f3rz czynno\u015b\u0107.<\/p>\n<\/li>\n<\/ol>\n<h3 data-start=\"1709\" data-end=\"1735\">Zalety Solo 12<\/h3>\n<ul data-start=\"1736\" data-end=\"1922\">\n<li data-start=\"1736\" data-end=\"1763\">\n<p data-start=\"1738\" data-end=\"1763\">Zasi\u0119g do 7,3 m<\/p>\n<\/li>\n<li data-start=\"1764\" data-end=\"1805\">\n<p data-start=\"1766\" data-end=\"1805\">Kompaktowy i przeno\u015bny z obudow\u0105 Solo 610<\/p>\n<\/li>\n<li data-start=\"1806\" data-end=\"1865\">\n<p data-start=\"1808\" data-end=\"1865\">Testuje zar\u00f3wno czujniki dymu i ciep\u0142a, jak i czujniki tlenku w\u0119gla<\/p>\n<\/li>\n<li data-start=\"1866\" data-end=\"1922\">\n<p data-start=\"1868\" data-end=\"1922\">\u0141atwy monta\u017c i obs\u0142uga pr\u0119t\u00f3w i tester\u00f3w<\/p>\n<\/li>\n<\/ul>\n<h3 data-start=\"1924\" data-end=\"1954\">Specyfikacje techniczne<\/h3>\n<ul data-start=\"1955\" data-end=\"2229\">\n<li data-start=\"1955\" data-end=\"1988\">\n<p data-start=\"1957\" data-end=\"1988\">Wysoko\u015b\u0107 testu: do 7,3 m<\/p>\n<\/li>\n<li data-start=\"1989\" data-end=\"2078\">\n<p data-start=\"1991\" data-end=\"2078\">Zawarto\u015b\u0107: Solo 330, Solo 461, Solo 108, 3 \u00d7 Solo 101, Solo 200, Solo 610, 3 \u00d7 Solo A5<\/p>\n<\/li>\n<li data-start=\"2079\" data-end=\"2133\">\n<p data-start=\"2081\" data-end=\"2133\">Materia\u0142 pr\u0119ta: W\u0142\u00f3kno szklane, nieprzewodz\u0105ce<\/p>\n<\/li>\n<li data-start=\"2134\" data-end=\"2181\">\n<p data-start=\"2136\" data-end=\"2181\">Pojemno\u015b\u0107 butli z gazem testowym: ok. 400 pr\u00f3bek\/butelk\u0119<\/p>\n<\/li>\n<li data-start=\"2182\" data-end=\"2229\">\n<p data-start=\"2184\" data-end=\"2229\">Kompatybilny z: testerami Solo i Testifire<\/p>\n<\/li>\n<\/ul>","protected":false},"excerpt":{"rendered":"<p>Zestaw testowy Solo 12 to kompletny zestaw do testowania czujnik\u00f3w dymu i ciep\u0142a o d\u0142ugo\u015bci do oko\u0142o 7,3 m.<\/p>\n<p>Zawiera teleskopowy dr\u0105\u017cek Solo 108, 3 dr\u0105\u017cki przed\u0142u\u017caj\u0105ce Solo 101, tester detektora Solo 330, tester detektora ciep\u0142a Solo 461, urz\u0105dzenie do demonta\u017cu Solo 200, torb\u0119 transportow\u0105 Solo 610 i 3 butle z gazem testowym Solo A5.<\/p>\n<p>Doskonale nadaje si\u0119 do profesjonalnych test\u00f3w na du\u017cych wysoko\u015bciach.<\/p>","protected":false},"featured_media":137230,"template":"","meta":{"_acf_changed":false},"product_brand":[],"product_cat":[2945,3849],"product_tag":[],"class_list":{"0":"post-137232","1":"product","2":"type-product","3":"status-publish","4":"has-post-thumbnail","6":"product_cat-solo","7":"product_cat-solo-kit","8":"product_shipping_class-tunga-paket","9":"pa_brands-solo","10":"tm-no-options","12":"first","13":"instock","14":"taxable","15":"shipping-taxable","16":"purchasable","17":"product-type-simple"},"acf":[],"_links":{"self":[{"href":"https:\/\/secureus.se\/pl\/wp-json\/wp\/v2\/product\/137232","targetHints":{"allow":["GET"]}}],"collection":[{"href":"https:\/\/secureus.se\/pl\/wp-json\/wp\/v2\/product"}],"about":[{"href":"https:\/\/secureus.se\/pl\/wp-json\/wp\/v2\/types\/product"}],"wp:featuredmedia":[{"embeddable":true,"href":"https:\/\/secureus.se\/pl\/wp-json\/wp\/v2\/media\/137230"}],"wp:attachment":[{"href":"https:\/\/secureus.se\/pl\/wp-json\/wp\/v2\/media?parent=137232"}],"wp:term":[{"taxonomy":"product_brand","embeddable":true,"href":"https:\/\/secureus.se\/pl\/wp-json\/wp\/v2\/product_brand?post=137232"},{"taxonomy":"product_cat","embeddable":true,"href":"https:\/\/secureus.se\/pl\/wp-json\/wp\/v2\/product_cat?post=137232"},{"taxonomy":"product_tag","embeddable":true,"href":"https:\/\/secureus.se\/pl\/wp-json\/wp\/v2\/product_tag?post=137232"}],"curies":[{"name":"wp","href":"https:\/\/api.w.org\/{rel}","templated":true}]}}