{"id":137427,"date":"2024-06-12T13:12:56","date_gmt":"2024-06-12T11:12:56","guid":{"rendered":"https:\/\/secureus.se\/?post_type=product&#038;p=137427"},"modified":"2026-03-26T12:27:44","modified_gmt":"2026-03-26T11:27:44","slug":"provkit-solo-21-93-m-varme-rok-vaskor","status":"publish","type":"product","link":"https:\/\/secureus.se\/pl\/provkit-solo-21-93-m-varme-rok-vaskor\/","title":{"rendered":"Zestaw testowy Solo 21 \u2013 9,3 m (ciep\u0142o\/dym) \u2013 torby"},"content":{"rendered":"<h1>Zestaw testowy Solo 21 \u2013 9,3 m (ciep\u0142o\/dym) \u2013 torby<\/h1>\n<h3 data-start=\"341\" data-end=\"398\">Profesjonalny zestaw testowy do czujnik\u00f3w ciep\u0142a i dymu<\/h3>\n<p data-start=\"399\" data-end=\"623\">Solo 21 to kompletny zestaw testowy przeznaczony do \u0142atwego i bezpiecznego testowania dzia\u0142ania czujnik\u00f3w ciep\u0142a i dymu na wysoko\u015bciach instalacji, do oko\u0142o 9,3 m.<\/p>\n<p data-start=\"399\" data-end=\"623\">Zestaw jest zoptymalizowany pod k\u0105tem wydajno\u015bci i \u0142atwo\u015bci transportu.<\/p>\n<h3 data-start=\"625\" data-end=\"649\">Zawarto\u015b\u0107 Solo 21<\/h3>\n<ul data-start=\"650\" data-end=\"1293\">\n<li data-start=\"650\" data-end=\"738\">\n<p data-start=\"652\" data-end=\"738\"><strong data-start=\"652\" data-end=\"680\">Tester detektor\u00f3w Solo 330<\/strong> \u2013 testowanie czujnik\u00f3w dymu za pomoc\u0105 butli z gazem testowym Solo A5.<\/p>\n<\/li>\n<li data-start=\"739\" data-end=\"838\">\n<p data-start=\"741\" data-end=\"838\"><strong data-start=\"741\" data-end=\"790\">Tester czujnik\u00f3w ciep\u0142a Solo 461 (zasilany bateryjnie)<\/strong> \u2013 badanie czujek ciep\u0142a do 9,3 m.<\/p>\n<\/li>\n<li data-start=\"839\" data-end=\"997\">\n<p data-start=\"841\" data-end=\"997\"><strong data-start=\"841\" data-end=\"867\">Kij teleskopowy Solo 100<\/strong> \u2013 d\u0142ugi, 4,5 m z 4 segmentami z w\u0142\u00f3kna szklanego, mo\u017cna \u0142\u0105czy\u0107 z trzema dr\u0105\u017ckami przed\u0142u\u017caj\u0105cymi Solo 101, co pozwala na uzyskanie ca\u0142kowitego zasi\u0119gu do 9,3 m.<\/p>\n<\/li>\n<li data-start=\"998\" data-end=\"1076\">\n<p data-start=\"1000\" data-end=\"1076\"><strong data-start=\"1000\" data-end=\"1036\">3 x dr\u0105\u017cki przed\u0142u\u017caj\u0105ce Solo 101<\/strong> \u2013 zwi\u0119ksza wysoko\u015b\u0107 i elastyczno\u015b\u0107 pr\u00f3bki.<\/p>\n<\/li>\n<li data-start=\"1077\" data-end=\"1190\">\n<p data-start=\"1079\" data-end=\"1190\"><strong data-start=\"1079\" data-end=\"1108\">Futera\u0142 + ko\u0142czan Solo 610<\/strong> \u2013 praktyczny system przechowywania z miejscem na pr\u0119ty, testery i butle z gazem testowym.<\/p>\n<\/li>\n<li data-start=\"1191\" data-end=\"1293\">\n<p data-start=\"1193\" data-end=\"1293\"><strong data-start=\"1193\" data-end=\"1223\">3 \u00d7 butle z gazem testowym Solo A5<\/strong> \u2013 zoptymalizowane pod k\u0105tem czujnik\u00f3w dymu, wystarcza na oko\u0142o 400 pr\u00f3bek na butelk\u0119.<\/p>\n<\/li>\n<\/ul>\n<h3 data-start=\"1295\" data-end=\"1327\">\u0141atwe i bezpieczne u\u017cytkowanie<\/h3>\n<ol data-start=\"1328\" data-end=\"1702\">\n<li data-start=\"1328\" data-end=\"1387\">\n<p data-start=\"1331\" data-end=\"1387\">Wstrz\u0105\u015bnij butlami z gazem testowym Solo A5 i zamontuj je w Solo 330.<\/p>\n<\/li>\n<li data-start=\"1388\" data-end=\"1432\">\n<p data-start=\"1391\" data-end=\"1432\">Zakr\u0119\u0107 pojemnik i obr\u00f3\u0107 go o \u00bc obrotu.<\/p>\n<\/li>\n<li data-start=\"1433\" data-end=\"1515\">\n<p data-start=\"1436\" data-end=\"1515\">Umie\u015b\u0107 kubek wok\u00f3\u0142 detektora, lekko doci\u015bnij do sufitu i pozw\u00f3l, aby gaz wyp\u0142yn\u0105\u0142.<\/p>\n<\/li>\n<li data-start=\"1516\" data-end=\"1595\">\n<p data-start=\"1519\" data-end=\"1595\">Odczekaj oko\u0142o 10 sekund, a\u017c detektor uruchomi alarm. W razie potrzeby powt\u00f3rz kr\u00f3tki test.<\/p>\n<\/li>\n<li data-start=\"1596\" data-end=\"1702\">\n<p data-start=\"1599\" data-end=\"1702\">Tester czujnik\u00f3w ciep\u0142a Solo 461 stosuje si\u0119 bezpo\u015brednio na czujnikach ciep\u0142a w celu sprawdzenia ich prawid\u0142owego dzia\u0142ania.<\/p>\n<\/li>\n<\/ol>\n<h3 data-start=\"1704\" data-end=\"1730\">Zalety Solo 21<\/h3>\n<ul data-start=\"1731\" data-end=\"2006\">\n<li data-start=\"1731\" data-end=\"1781\">\n<p data-start=\"1733\" data-end=\"1781\">Kompletny zestaw do czujnik\u00f3w dymu i ciep\u0142a<\/p>\n<\/li>\n<li data-start=\"1782\" data-end=\"1845\">\n<p data-start=\"1784\" data-end=\"1845\">Zasi\u0119g do 9,3 m z teleskopowym dr\u0105\u017ckiem i przed\u0142u\u017ckami<\/p>\n<\/li>\n<li data-start=\"1846\" data-end=\"1902\">\n<p data-start=\"1848\" data-end=\"1902\">Profesjonalny pokrowiec i ko\u0142czan do \u0142atwego transportu<\/p>\n<\/li>\n<li data-start=\"1903\" data-end=\"1962\">\n<p data-start=\"1905\" data-end=\"1962\">\u0141atwa obs\u0142uga dzi\u0119ki szybkiemu resetowaniu detektor\u00f3w<\/p>\n<\/li>\n<li data-start=\"1963\" data-end=\"2006\">\n<p data-start=\"1965\" data-end=\"2006\">Pasuje do wi\u0119kszo\u015bci marek detektor\u00f3w<\/p>\n<\/li>\n<\/ul>\n<h3 data-start=\"2008\" data-end=\"2038\">Specyfikacje techniczne<\/h3>\n<ul data-start=\"2039\" data-end=\"2326\">\n<li data-start=\"2039\" data-end=\"2072\">\n<p data-start=\"2041\" data-end=\"2072\">Wysoko\u015b\u0107 testu: do 9,3 m<\/p>\n<\/li>\n<li data-start=\"2073\" data-end=\"2152\">\n<p data-start=\"2075\" data-end=\"2152\">Zawarto\u015b\u0107: Solo 330, Solo 461, Solo 100, 3 \u00d7 Solo 101, Solo 610, 3 \u00d7 Solo A5<\/p>\n<\/li>\n<li data-start=\"2153\" data-end=\"2215\">\n<p data-start=\"2155\" data-end=\"2215\">Materia\u0142 teleskopowego kija: w\u0142\u00f3kno szklane, nieprzewodz\u0105ce pr\u0105du elektrycznego<\/p>\n<\/li>\n<li data-start=\"2216\" data-end=\"2267\">\n<p data-start=\"2218\" data-end=\"2267\">Pojemno\u015b\u0107 butli z gazem testowym: ok. 400 pr\u00f3bek na butl\u0119<\/p>\n<\/li>\n<li data-start=\"2268\" data-end=\"2326\">\n<p data-start=\"2270\" data-end=\"2326\">Kompatybilny z: testerami Solo i Testifire, testerami Takedown<\/p>\n<\/li>\n<\/ul>","protected":false},"excerpt":{"rendered":"<p>Zestaw testowy Solo 21 to kompletny zestaw do testowania funkcjonalno\u015bci czujnik\u00f3w ciep\u0142a i dymu o d\u0142ugo\u015bci do oko\u0142o 9,3 m.<\/p>\n<p>Zawiera teleskopowy dr\u0105\u017cek Solo 100 z 3 dr\u0105\u017ckami przed\u0142u\u017caj\u0105cymi Solo 101, tester detektora Solo 330, tester detektora ciep\u0142a Solo 461, 3 butle z gazem testowym Solo A5 oraz torb\u0119 transportow\u0105 i ko\u0142czan Solo 610.<\/p>","protected":false},"featured_media":137425,"template":"","meta":{"_acf_changed":false},"product_brand":[],"product_cat":[2945,3849],"product_tag":[],"class_list":{"0":"post-137427","1":"product","2":"type-product","3":"status-publish","4":"has-post-thumbnail","6":"product_cat-solo","7":"product_cat-solo-kit","8":"product_shipping_class-tunga-paket","9":"pa_brands-solo","10":"tm-no-options","12":"first","13":"onbackorder","14":"taxable","15":"shipping-taxable","16":"purchasable","17":"product-type-simple"},"acf":[],"_links":{"self":[{"href":"https:\/\/secureus.se\/pl\/wp-json\/wp\/v2\/product\/137427","targetHints":{"allow":["GET"]}}],"collection":[{"href":"https:\/\/secureus.se\/pl\/wp-json\/wp\/v2\/product"}],"about":[{"href":"https:\/\/secureus.se\/pl\/wp-json\/wp\/v2\/types\/product"}],"wp:featuredmedia":[{"embeddable":true,"href":"https:\/\/secureus.se\/pl\/wp-json\/wp\/v2\/media\/137425"}],"wp:attachment":[{"href":"https:\/\/secureus.se\/pl\/wp-json\/wp\/v2\/media?parent=137427"}],"wp:term":[{"taxonomy":"product_brand","embeddable":true,"href":"https:\/\/secureus.se\/pl\/wp-json\/wp\/v2\/product_brand?post=137427"},{"taxonomy":"product_cat","embeddable":true,"href":"https:\/\/secureus.se\/pl\/wp-json\/wp\/v2\/product_cat?post=137427"},{"taxonomy":"product_tag","embeddable":true,"href":"https:\/\/secureus.se\/pl\/wp-json\/wp\/v2\/product_tag?post=137427"}],"curies":[{"name":"wp","href":"https:\/\/api.w.org\/{rel}","templated":true}]}}