{"id":137436,"date":"2024-06-12T13:12:53","date_gmt":"2024-06-12T11:12:53","guid":{"rendered":"https:\/\/secureus.se\/?post_type=product&#038;p=137436"},"modified":"2026-03-26T12:28:16","modified_gmt":"2026-03-26T11:28:16","slug":"provkit-solo-11-73-m-varme-rok-barvaskor","status":"publish","type":"product","link":"https:\/\/secureus.se\/pl\/provkit-solo-11-73-m-varme-rok-barvaskor\/","title":{"rendered":"Zestaw testowy Solo 11 \u2013 7,3 m (ciep\u0142o\/dym) \u2013 futera\u0142y transportowe"},"content":{"rendered":"<h1>Zestaw testowy Solo 11 \u2013 7,3 m (ciep\u0142o\/dym) \u2013 futera\u0142y transportowe<\/h1>\n<h3 data-start=\"370\" data-end=\"421\">Kompletny zestaw testowy do czujnik\u00f3w dymu i ciep\u0142a<\/h3>\n<p data-start=\"422\" data-end=\"677\">Solo 11 jest urz\u0105dzeniem przeznaczonym do bezpiecznego i efektywnego testowania czujnik\u00f3w dymu i ciep\u0142a w odleg\u0142o\u015bci do oko\u0142o 7,3 m.<\/p>\n<p data-start=\"422\" data-end=\"677\">Zestaw zawiera teleskopowe dr\u0105\u017cki i przed\u0142u\u017cki ze sprz\u0119tem testowym i praktycznymi walizkami transportowymi, co u\u0142atwia transport i u\u017cytkowanie na placu budowy.<\/p>\n<h3 data-start=\"679\" data-end=\"703\">Zawarto\u015b\u0107 Solo 11<\/h3>\n<ul data-start=\"704\" data-end=\"1267\">\n<li data-start=\"704\" data-end=\"820\">\n<p data-start=\"706\" data-end=\"820\"><strong data-start=\"706\" data-end=\"734\">Tester detektor\u00f3w Solo 330<\/strong> \u2013 testuje czujniki dymu i tlenku w\u0119gla, kompatybilne z butlami z gazem testowym Solo A5 i Solo C3.<\/p>\n<\/li>\n<li data-start=\"821\" data-end=\"907\">\n<p data-start=\"823\" data-end=\"907\"><strong data-start=\"823\" data-end=\"856\">Tester czujnik\u00f3w ciep\u0142a Solo 461<\/strong> \u2013 zasilane bateryjnie do testowania czujnik\u00f3w ciep\u0142a.<\/p>\n<\/li>\n<li data-start=\"908\" data-end=\"998\">\n<p data-start=\"910\" data-end=\"998\"><strong data-start=\"910\" data-end=\"936\">Kij teleskopowy Solo 108<\/strong> \u2013 2,5 m, w\u0142\u00f3kno szklane, nieprzewodz\u0105ce pr\u0105du, lekkie i sztywne.<\/p>\n<\/li>\n<li data-start=\"999\" data-end=\"1090\">\n<p data-start=\"1001\" data-end=\"1090\"><strong data-start=\"1001\" data-end=\"1037\">3 x Przed\u0142u\u017cki Solo 101<\/strong> \u2013 1,13 m ka\u017cdy, mo\u017cna je \u0142\u0105czy\u0107 ze sob\u0105 w celu uzyskania wi\u0119kszej wysoko\u015bci.<\/p>\n<\/li>\n<li data-start=\"1091\" data-end=\"1180\">\n<p data-start=\"1093\" data-end=\"1180\"><strong data-start=\"1093\" data-end=\"1122\">Futera\u0142 + ko\u0142czan Solo 610<\/strong> \u2013 praktyczne do transportu i przechowywania sprz\u0119tu.<\/p>\n<\/li>\n<li data-start=\"1181\" data-end=\"1267\">\n<p data-start=\"1183\" data-end=\"1267\"><strong data-start=\"1183\" data-end=\"1213\">3 \u00d7 butle z gazem testowym Solo A5<\/strong> \u2013 test dymowy, wystarcza na ok. 400 test\u00f3w na butelk\u0119.<\/p>\n<\/li>\n<\/ul>\n<h3 data-start=\"1269\" data-end=\"1301\">\u0141atwe i bezpieczne u\u017cytkowanie<\/h3>\n<ol data-start=\"1302\" data-end=\"1601\">\n<li data-start=\"1302\" data-end=\"1399\">\n<p data-start=\"1305\" data-end=\"1399\">Zamontuj Solo 330 lub Solo 461 na Solo 108 i dowolnym dr\u0105\u017cku Solo 101, aby uzyska\u0107 po\u017c\u0105dan\u0105 wysoko\u015b\u0107.<\/p>\n<\/li>\n<li data-start=\"1400\" data-end=\"1461\">\n<p data-start=\"1403\" data-end=\"1461\">Wstrz\u0105\u015bnij butl\u0105 z gazem testowym Solo A5 i zamontuj j\u0105 w testerze.<\/p>\n<\/li>\n<li data-start=\"1462\" data-end=\"1532\">\n<p data-start=\"1465\" data-end=\"1532\">Umie\u015b\u0107 kubek wok\u00f3\u0142 detektora, lekko naci\u015bnij i pozw\u00f3l, aby gaz wyp\u0142yn\u0105\u0142.<\/p>\n<\/li>\n<li data-start=\"1533\" data-end=\"1601\">\n<p data-start=\"1536\" data-end=\"1601\">Odczekaj oko\u0142o 10 sekund, a\u017c detektor uruchomi alarm; w razie potrzeby powt\u00f3rz czynno\u015b\u0107.<\/p>\n<\/li>\n<\/ol>\n<h3 data-start=\"1603\" data-end=\"1629\">Zalety Solo 11<\/h3>\n<ul data-start=\"1630\" data-end=\"1816\">\n<li data-start=\"1630\" data-end=\"1657\">\n<p data-start=\"1632\" data-end=\"1657\">Zasi\u0119g do 7,3 m<\/p>\n<\/li>\n<li data-start=\"1658\" data-end=\"1699\">\n<p data-start=\"1660\" data-end=\"1699\">Kompaktowy i przeno\u015bny z obudow\u0105 Solo 610<\/p>\n<\/li>\n<li data-start=\"1700\" data-end=\"1759\">\n<p data-start=\"1702\" data-end=\"1759\">Testuje zar\u00f3wno czujniki dymu i ciep\u0142a, jak i czujniki tlenku w\u0119gla<\/p>\n<\/li>\n<li data-start=\"1760\" data-end=\"1816\">\n<p data-start=\"1762\" data-end=\"1816\">\u0141atwy monta\u017c i obs\u0142uga pr\u0119t\u00f3w i tester\u00f3w<\/p>\n<\/li>\n<\/ul>\n<h3 data-start=\"1818\" data-end=\"1848\">Specyfikacje techniczne<\/h3>\n<ul data-start=\"1849\" data-end=\"2113\">\n<li data-start=\"1849\" data-end=\"1882\">\n<p data-start=\"1851\" data-end=\"1882\">Wysoko\u015b\u0107 testu: do 7,3 m<\/p>\n<\/li>\n<li data-start=\"1883\" data-end=\"1962\">\n<p data-start=\"1885\" data-end=\"1962\">Zawarto\u015b\u0107: Solo 330, Solo 461, Solo 108, 3 \u00d7 Solo 101, Solo 610, 3 \u00d7 Solo A5<\/p>\n<\/li>\n<li data-start=\"1963\" data-end=\"2017\">\n<p data-start=\"1965\" data-end=\"2017\">Materia\u0142 pr\u0119ta: W\u0142\u00f3kno szklane, nieprzewodz\u0105ce<\/p>\n<\/li>\n<li data-start=\"2018\" data-end=\"2065\">\n<p data-start=\"2020\" data-end=\"2065\">Pojemno\u015b\u0107 butli z gazem testowym: ok. 400 pr\u00f3bek\/butelk\u0119<\/p>\n<\/li>\n<li data-start=\"2066\" data-end=\"2113\">\n<p data-start=\"2068\" data-end=\"2113\">Kompatybilny z: testerami Solo i Testifire<\/p>\n<\/li>\n<\/ul>","protected":false},"excerpt":{"rendered":"<p>Zestaw testowy Solo 11 to kompletny zestaw do testowania czujnik\u00f3w dymu i ciep\u0142a o d\u0142ugo\u015bci do oko\u0142o 7,3 m.<\/p>\n<p>Zawiera teleskopowy dr\u0105\u017cek Solo 108, 3 dr\u0105\u017cki przed\u0142u\u017caj\u0105ce Solo 101, tester detektora Solo 330, tester detektora ciep\u0142a Solo 461, torb\u0119 transportow\u0105 Solo 610 i 3 butle z gazem testowym Solo A5.<\/p>\n<p>Wygodny i przeno\u015bny do profesjonalnych test\u00f3w.<\/p>","protected":false},"featured_media":137435,"template":"","meta":{"_acf_changed":false},"product_brand":[],"product_cat":[2945,3849],"product_tag":[],"class_list":{"0":"post-137436","1":"product","2":"type-product","3":"status-publish","4":"has-post-thumbnail","6":"product_cat-solo","7":"product_cat-solo-kit","8":"product_shipping_class-tunga-paket","9":"pa_brands-solo","10":"tm-no-options","12":"first","13":"onbackorder","14":"taxable","15":"shipping-taxable","16":"purchasable","17":"product-type-simple"},"acf":[],"_links":{"self":[{"href":"https:\/\/secureus.se\/pl\/wp-json\/wp\/v2\/product\/137436","targetHints":{"allow":["GET"]}}],"collection":[{"href":"https:\/\/secureus.se\/pl\/wp-json\/wp\/v2\/product"}],"about":[{"href":"https:\/\/secureus.se\/pl\/wp-json\/wp\/v2\/types\/product"}],"wp:featuredmedia":[{"embeddable":true,"href":"https:\/\/secureus.se\/pl\/wp-json\/wp\/v2\/media\/137435"}],"wp:attachment":[{"href":"https:\/\/secureus.se\/pl\/wp-json\/wp\/v2\/media?parent=137436"}],"wp:term":[{"taxonomy":"product_brand","embeddable":true,"href":"https:\/\/secureus.se\/pl\/wp-json\/wp\/v2\/product_brand?post=137436"},{"taxonomy":"product_cat","embeddable":true,"href":"https:\/\/secureus.se\/pl\/wp-json\/wp\/v2\/product_cat?post=137436"},{"taxonomy":"product_tag","embeddable":true,"href":"https:\/\/secureus.se\/pl\/wp-json\/wp\/v2\/product_tag?post=137436"}],"curies":[{"name":"wp","href":"https:\/\/api.w.org\/{rel}","templated":true}]}}