{"id":137843,"date":"2024-06-05T12:50:22","date_gmt":"2024-06-05T10:50:22","guid":{"rendered":"https:\/\/secureus.se\/tradlos-powerg-co-detektor-pg8913-dsc\/"},"modified":"2026-04-01T11:04:51","modified_gmt":"2026-04-01T09:04:51","slug":"tradlos-powerg-co-detektor-pg8913-dsc","status":"publish","type":"product","link":"https:\/\/secureus.se\/pl\/tradlos-powerg-co-detektor-pg8913-dsc\/","title":{"rendered":"Bezprzewodowy detektor CO PowerG PG8913 DSC"},"content":{"rendered":"<h1>Bezprzewodowy detektor CO PowerG PG8913 DSC \u2013 Bezpiecze\u0144stwo w najwy\u017cszej klasie<\/h1>\n<p>The <strong>Bezprzewodowy detektor CO PG8913 firmy DSC<\/strong> to niezawodne rozwi\u0105zanie chroni\u0105ce Tw\u00f3j dom lub firm\u0119 przed niebezpiecznym poziomem tlenku w\u0119gla (CO).<\/p>\n<p>Dzi\u0119ki technologii bezprzewodowej PowerG, wizualnym i d\u017awi\u0119kowym wskaz\u00f3wkom alarmowym oraz d\u0142ugiej \u017cywotno\u015bci baterii, detektor ten zapewnia doskona\u0142\u0105 wydajno\u015b\u0107 i bezpiecze\u0144stwo.<\/p>\n<h5>G\u0142\u00f3wne funkcje<\/h5>\n<ul>\n<li><strong>Wczesne ostrzeganie w przypadku wykrycia CO<\/strong>: Szybko wykrywa tlenek w\u0119gla i ostrzega, zanim stanie si\u0119 niebezpieczny.<\/li>\n<li><strong>Silny alarm i sygnalizacja wizualna<\/strong>:\n<ul>\n<li>Wbudowana syrena o g\u0142o\u015bno\u015bci 95 dB zapewnia powiadomienie wszystkich os\u00f3b w pobli\u017cu.<\/li>\n<li>Migaj\u0105ce diody LED w celu wizualnego potwierdzenia.<\/li>\n<\/ul>\n<\/li>\n<li><strong>D\u0142ugi czas pracy baterii<\/strong>: Do 4 lat pracy przy normalnym u\u017cytkowaniu, co minimalizuje konserwacj\u0119.<\/li>\n<li><strong>Certyfikowane bezpiecze\u0144stwo<\/strong>: Spe\u0142nia najsurowsze normy bezpiecze\u0144stwa, w tym EN 50291 (Europa) i UL 2075 (USA).<\/li>\n<li><strong>Funkcja testowa<\/strong>: Automatyczne autotesty i przycisk testu r\u0119cznego w celu zapewnienia optymalnego dzia\u0142ania.<\/li>\n<li><strong>Wskazanie niskiego poziomu baterii<\/strong>: Wizualna i bezprzewodowa sygnalizacja konieczno\u015bci wymiany baterii.<\/li>\n<\/ul>\n<h5>Korzy\u015bci<\/h5>\n<ul>\n<li><strong>Instalacja bezprzewodowa<\/strong>: Szybka i \u0142atwa instalacja bez okablowania.<\/li>\n<li><strong>Doskona\u0142y zasi\u0119g<\/strong>: Technologia PowerG zapewnia bezpieczn\u0105 i niezawodn\u0105 komunikacj\u0119 nawet na du\u017cych posesjach.<\/li>\n<li><strong>Idealny do domu i firmy<\/strong>: Chroni zar\u00f3wno domy prywatne, jak i \u015brodowiska komercyjne.<\/li>\n<\/ul>\n<h5>Dane techniczne<\/h5>\n<ul>\n<li><strong>Sygna\u0142 alarmowy<\/strong>: Poziom d\u017awi\u0119ku 95 dB.<\/li>\n<li><strong>\u017bywotno\u015b\u0107 baterii<\/strong>: 4 lata przy normalnym u\u017cytkowaniu.<\/li>\n<li><strong>Orzecznictwo<\/strong>: EN 50291, LPCB (Wielka Brytania) i UL 2075 (USA).<\/li>\n<li><strong>Funkcje<\/strong>: Automatyczny autotest, przycisk testu r\u0119cznego i sygnalizacja niskiego poziomu na\u0142adowania baterii.<\/li>\n<\/ul>\n<p>Z <strong>Detektor CO PG8913<\/strong> mo\u017cesz zapewni\u0107 bezpieczniejszy dom i bezpieczniejsze \u015brodowisko pracy dzi\u0119ki szybkiemu i niezawodnemu ostrzeganiu w przypadku wycieku tlenku w\u0119gla.<\/p>","protected":false},"excerpt":{"rendered":"<p>Bezprzewodowy detektor CO PowerG PG8913 firmy DSC zapewnia wczesne ostrzeganie o niebezpiecznych poziomach CO.<\/p>\n<p>Dzi\u0119ki syrenie o g\u0142o\u015bno\u015bci 95 dB, alarmowi LED i d\u0142ugiej \u017cywotno\u015bci baterii idealnie nadaje si\u0119 do instalacji bezpiecze\u0144stwa w domu i firmie.<\/p>","protected":false},"featured_media":137840,"template":"","meta":{"_acf_changed":false},"product_brand":[],"product_cat":[3319],"product_tag":[],"class_list":{"0":"post-137843","1":"product","2":"type-product","3":"status-publish","4":"has-post-thumbnail","6":"product_cat-brandvarnare-dsc-larm-neo-power-hybridlarm","7":"pa_brands-4dsc","8":"tm-no-options","10":"first","11":"instock","12":"sale","13":"taxable","14":"shipping-taxable","15":"purchasable","16":"product-type-simple"},"acf":[],"_links":{"self":[{"href":"https:\/\/secureus.se\/pl\/wp-json\/wp\/v2\/product\/137843","targetHints":{"allow":["GET"]}}],"collection":[{"href":"https:\/\/secureus.se\/pl\/wp-json\/wp\/v2\/product"}],"about":[{"href":"https:\/\/secureus.se\/pl\/wp-json\/wp\/v2\/types\/product"}],"wp:featuredmedia":[{"embeddable":true,"href":"https:\/\/secureus.se\/pl\/wp-json\/wp\/v2\/media\/137840"}],"wp:attachment":[{"href":"https:\/\/secureus.se\/pl\/wp-json\/wp\/v2\/media?parent=137843"}],"wp:term":[{"taxonomy":"product_brand","embeddable":true,"href":"https:\/\/secureus.se\/pl\/wp-json\/wp\/v2\/product_brand?post=137843"},{"taxonomy":"product_cat","embeddable":true,"href":"https:\/\/secureus.se\/pl\/wp-json\/wp\/v2\/product_cat?post=137843"},{"taxonomy":"product_tag","embeddable":true,"href":"https:\/\/secureus.se\/pl\/wp-json\/wp\/v2\/product_tag?post=137843"}],"curies":[{"name":"wp","href":"https:\/\/api.w.org\/{rel}","templated":true}]}}