{"id":138084,"date":"2024-06-12T13:12:53","date_gmt":"2024-06-12T11:12:53","guid":{"rendered":"https:\/\/secureus.se\/?post_type=product&#038;p=138084"},"modified":"2026-04-08T16:02:47","modified_gmt":"2026-04-08T14:02:47","slug":"provkit-solo-13-73-m-rok-vaska-nedtagare","status":"publish","type":"product","link":"https:\/\/secureus.se\/pl\/provkit-solo-13-73-m-rok-vaska-nedtagare\/","title":{"rendered":"Zestaw Solo 13 Sample \u2013 7,3 m (dymny) \u2013 torba i urz\u0105dzenie do zdejmowania"},"content":{"rendered":"<h1>Zestaw Solo 13 Sample \u2013 7,3 m (dymny) \u2013 torba i urz\u0105dzenie do zdejmowania<\/h1>\n<h3 data-start=\"363\" data-end=\"409\">Profesjonalny zestaw testowy do czujnik\u00f3w dymu<\/h3>\n<p data-start=\"410\" data-end=\"679\">Urz\u0105dzenie Solo 13 przeznaczone jest do bezpiecznego i efektywnego testowania czujnik\u00f3w dymu na du\u017cych wysoko\u015bciach, do oko\u0142o 7,3 m.<\/p>\n<p data-start=\"410\" data-end=\"679\">Zestaw \u0142\u0105czy w sobie teleskopowe dr\u0105\u017cki i przed\u0142u\u017cki z uniwersalnym sprz\u0119tem testowym i walizkami transportowymi, co u\u0142atwia transport i stosowanie na miejscu budowy.<\/p>\n<h3 data-start=\"681\" data-end=\"705\">Zawarto\u015b\u0107 Solo 13<\/h3>\n<ul data-start=\"706\" data-end=\"1274\">\n<li data-start=\"706\" data-end=\"822\">\n<p data-start=\"708\" data-end=\"822\"><strong data-start=\"708\" data-end=\"736\">Tester detektor\u00f3w Solo 330<\/strong> \u2013 testuje czujniki dymu i tlenku w\u0119gla, kompatybilne z butlami z gazem testowym Solo A5 i Solo C3.<\/p>\n<\/li>\n<li data-start=\"823\" data-end=\"913\">\n<p data-start=\"825\" data-end=\"913\"><strong data-start=\"825\" data-end=\"851\">Kij teleskopowy Solo 108<\/strong> \u2013 2,5 m, w\u0142\u00f3kno szklane, nieprzewodz\u0105ce pr\u0105du, lekkie i sztywne.<\/p>\n<\/li>\n<li data-start=\"914\" data-end=\"1014\">\n<p data-start=\"916\" data-end=\"1014\"><strong data-start=\"916\" data-end=\"952\">3 x Przed\u0142u\u017cki Solo 101<\/strong> \u2013 1,13 m ka\u017cdy, mo\u017cna je \u0142\u0105czy\u0107 ze sob\u0105 w celu osi\u0105gni\u0119cia wi\u0119kszych wysoko\u015bci.<\/p>\n<\/li>\n<li data-start=\"1015\" data-end=\"1098\">\n<p data-start=\"1017\" data-end=\"1098\"><strong data-start=\"1017\" data-end=\"1050\">Uniwersalne urz\u0105dzenie do demonta\u017cu Solo 200<\/strong> \u2013 u\u0142atwia bezpieczne wyjmowanie czujnik\u00f3w.<\/p>\n<\/li>\n<li data-start=\"1099\" data-end=\"1183\">\n<p data-start=\"1101\" data-end=\"1183\"><strong data-start=\"1101\" data-end=\"1130\">Futera\u0142 + ko\u0142czan Solo 610<\/strong> \u2013 dla \u0142atwego transportu i przechowywania sprz\u0119tu.<\/p>\n<\/li>\n<li data-start=\"1184\" data-end=\"1274\">\n<p data-start=\"1186\" data-end=\"1274\"><strong data-start=\"1186\" data-end=\"1216\">3 \u00d7 butle z gazem testowym Solo A5<\/strong> \u2013 do test\u00f3w dymowych, na butelk\u0119 przypada ok. 400 test\u00f3w.<\/p>\n<\/li>\n<\/ul>\n<h3 data-start=\"1276\" data-end=\"1308\">\u0141atwe i bezpieczne u\u017cytkowanie<\/h3>\n<ol data-start=\"1309\" data-end=\"1595\">\n<li data-start=\"1309\" data-end=\"1391\">\n<p data-start=\"1312\" data-end=\"1391\">Zamontuj Solo 330 na Solo 108 i dowolnym dr\u0105\u017cku Solo 101, aby uzyska\u0107 po\u017c\u0105dan\u0105 wysoko\u015b\u0107.<\/p>\n<\/li>\n<li data-start=\"1392\" data-end=\"1453\">\n<p data-start=\"1395\" data-end=\"1453\">Wstrz\u0105\u015bnij butl\u0105 z gazem testowym Solo A5 i zamontuj j\u0105 w testerze.<\/p>\n<\/li>\n<li data-start=\"1454\" data-end=\"1526\">\n<p data-start=\"1457\" data-end=\"1526\">Umie\u015b\u0107 kubek wok\u00f3\u0142 detektora, lekko naci\u015bnij i pozw\u00f3l, aby gaz wyp\u0142yn\u0105\u0142.<\/p>\n<\/li>\n<li data-start=\"1527\" data-end=\"1595\">\n<p data-start=\"1530\" data-end=\"1595\">Odczekaj oko\u0142o 10 sekund, a\u017c detektor uruchomi alarm; w razie potrzeby powt\u00f3rz czynno\u015b\u0107.<\/p>\n<\/li>\n<\/ol>\n<h3 data-start=\"1597\" data-end=\"1623\">Zalety Solo 13<\/h3>\n<ul data-start=\"1624\" data-end=\"1827\">\n<li data-start=\"1624\" data-end=\"1651\">\n<p data-start=\"1626\" data-end=\"1651\">Zasi\u0119g do 7,3 m<\/p>\n<\/li>\n<li data-start=\"1652\" data-end=\"1694\">\n<p data-start=\"1654\" data-end=\"1694\">Kompaktowy i przeno\u015bny z torbami Solo 610<\/p>\n<\/li>\n<li data-start=\"1695\" data-end=\"1770\">\n<p data-start=\"1697\" data-end=\"1770\">Bezpieczne i profesjonalne testowanie wi\u0119kszo\u015bci marek czujnik\u00f3w dymu<\/p>\n<\/li>\n<li data-start=\"1771\" data-end=\"1827\">\n<p data-start=\"1773\" data-end=\"1827\">\u0141atwy monta\u017c i obs\u0142uga pr\u0119t\u00f3w i tester\u00f3w<\/p>\n<\/li>\n<\/ul>\n<h3 data-start=\"1829\" data-end=\"1859\">Specyfikacje techniczne<\/h3>\n<ul data-start=\"1860\" data-end=\"2124\">\n<li data-start=\"1860\" data-end=\"1893\">\n<p data-start=\"1862\" data-end=\"1893\">Wysoko\u015b\u0107 testu: do 7,3 m<\/p>\n<\/li>\n<li data-start=\"1894\" data-end=\"1973\">\n<p data-start=\"1896\" data-end=\"1973\">Zawarto\u015b\u0107: Solo 330, Solo 108, 3 \u00d7 Solo 101, Solo 200, Solo 610, 3 \u00d7 Solo A5<\/p>\n<\/li>\n<li data-start=\"1974\" data-end=\"2028\">\n<p data-start=\"1976\" data-end=\"2028\">Materia\u0142 pr\u0119ta: W\u0142\u00f3kno szklane, nieprzewodz\u0105ce<\/p>\n<\/li>\n<li data-start=\"2029\" data-end=\"2076\">\n<p data-start=\"2031\" data-end=\"2076\">Pojemno\u015b\u0107 butli z gazem testowym: ok. 400 pr\u00f3bek\/butelk\u0119<\/p>\n<\/li>\n<li data-start=\"2077\" data-end=\"2124\">\n<p data-start=\"2079\" data-end=\"2124\">Kompatybilny z: testerami Solo i Testifire<\/p>\n<\/li>\n<\/ul>","protected":false},"excerpt":{"rendered":"<p>Zestaw testowy Solo 13 to kompletny zestaw do testowania czujnik\u00f3w dymu o d\u0142ugo\u015bci do oko\u0142o 7,3 m.<\/p>\n<p>Zawiera teleskopowy dr\u0105\u017cek Solo 108, 3 dr\u0105\u017cki przed\u0142u\u017caj\u0105ce Solo 101, tester detektora Solo 330, urz\u0105dzenie do demonta\u017cu Solo 200, torb\u0119 transportow\u0105 Solo 610 i 3 butle z gazem testowym Solo A5.<\/p>\n<p>Doskonale nadaje si\u0119 do profesjonalnych instalacji i du\u017cych wysoko\u015bci sufit\u00f3w.<\/p>","protected":false},"featured_media":138083,"template":"","meta":{"_acf_changed":false},"product_brand":[],"product_cat":[2945,3849],"product_tag":[],"class_list":{"0":"post-138084","1":"product","2":"type-product","3":"status-publish","4":"has-post-thumbnail","6":"product_cat-solo","7":"product_cat-solo-kit","8":"product_shipping_class-tunga-paket","9":"pa_brands-solo","10":"tm-no-options","12":"first","13":"instock","14":"taxable","15":"shipping-taxable","16":"purchasable","17":"product-type-simple"},"acf":[],"_links":{"self":[{"href":"https:\/\/secureus.se\/pl\/wp-json\/wp\/v2\/product\/138084","targetHints":{"allow":["GET"]}}],"collection":[{"href":"https:\/\/secureus.se\/pl\/wp-json\/wp\/v2\/product"}],"about":[{"href":"https:\/\/secureus.se\/pl\/wp-json\/wp\/v2\/types\/product"}],"wp:featuredmedia":[{"embeddable":true,"href":"https:\/\/secureus.se\/pl\/wp-json\/wp\/v2\/media\/138083"}],"wp:attachment":[{"href":"https:\/\/secureus.se\/pl\/wp-json\/wp\/v2\/media?parent=138084"}],"wp:term":[{"taxonomy":"product_brand","embeddable":true,"href":"https:\/\/secureus.se\/pl\/wp-json\/wp\/v2\/product_brand?post=138084"},{"taxonomy":"product_cat","embeddable":true,"href":"https:\/\/secureus.se\/pl\/wp-json\/wp\/v2\/product_cat?post=138084"},{"taxonomy":"product_tag","embeddable":true,"href":"https:\/\/secureus.se\/pl\/wp-json\/wp\/v2\/product_tag?post=138084"}],"curies":[{"name":"wp","href":"https:\/\/api.w.org\/{rel}","templated":true}]}}