{"id":138420,"date":"2024-02-01T15:16:43","date_gmt":"2024-02-01T14:16:43","guid":{"rendered":"https:\/\/secureus.se\/adapter-sma-mmcx\/"},"modified":"2026-03-26T11:35:41","modified_gmt":"2026-03-26T10:35:41","slug":"adapter-sma-mmcx","status":"publish","type":"product","link":"https:\/\/secureus.se\/pl\/adapter-sma-mmcx\/","title":{"rendered":"ADAPTER SMA \u2013 MMCX"},"content":{"rendered":"","protected":false},"excerpt":{"rendered":"<p>Przej\u015bcie ze z\u0142\u0105cza antenowego MMCX w nadajniku na z\u0142\u0105cze SMA na antenie z podstaw\u0105 magnetyczn\u0105 Nagoya alternatywnie kabel przed\u0142u\u017caj\u0105cy<\/p>","protected":false},"featured_media":138419,"template":"","meta":{"_acf_changed":false},"product_brand":[],"product_cat":[1551],"product_tag":[],"class_list":{"0":"post-138420","1":"product","2":"type-product","3":"status-publish","4":"has-post-thumbnail","6":"product_cat-larmoverforing","7":"product_shipping_class-tunga-paket","8":"tm-no-options","10":"first","11":"instock","12":"taxable","13":"shipping-taxable","14":"purchasable","15":"product-type-simple"},"acf":[],"_links":{"self":[{"href":"https:\/\/secureus.se\/pl\/wp-json\/wp\/v2\/product\/138420","targetHints":{"allow":["GET"]}}],"collection":[{"href":"https:\/\/secureus.se\/pl\/wp-json\/wp\/v2\/product"}],"about":[{"href":"https:\/\/secureus.se\/pl\/wp-json\/wp\/v2\/types\/product"}],"wp:featuredmedia":[{"embeddable":true,"href":"https:\/\/secureus.se\/pl\/wp-json\/wp\/v2\/media\/138419"}],"wp:attachment":[{"href":"https:\/\/secureus.se\/pl\/wp-json\/wp\/v2\/media?parent=138420"}],"wp:term":[{"taxonomy":"product_brand","embeddable":true,"href":"https:\/\/secureus.se\/pl\/wp-json\/wp\/v2\/product_brand?post=138420"},{"taxonomy":"product_cat","embeddable":true,"href":"https:\/\/secureus.se\/pl\/wp-json\/wp\/v2\/product_cat?post=138420"},{"taxonomy":"product_tag","embeddable":true,"href":"https:\/\/secureus.se\/pl\/wp-json\/wp\/v2\/product_tag?post=138420"}],"curies":[{"name":"wp","href":"https:\/\/api.w.org\/{rel}","templated":true}]}}