{"id":138484,"date":"2024-03-07T14:56:35","date_gmt":"2024-03-07T13:56:35","guid":{"rendered":"https:\/\/secureus.se\/optex-flx-p-dt-x5-flipx-professional-pir-detektor-med-dubbla-tekniker-for-inomhusbruk-med-mikrovagsugn-vit\/"},"modified":"2025-12-31T21:09:00","modified_gmt":"2025-12-31T20:09:00","slug":"optex-flx-p-dt-x5","status":"publish","type":"product","link":"https:\/\/secureus.se\/pl\/optex-flx-p-dt-x5\/","title":{"rendered":"Optex FLX-P-DT-X5 FlipX Professional Detektory kombinowane PIR+mikrofalowe o k\u0105cie 15 metr\u00f3w lub dalekim zasi\u0119gu 24 metry"},"content":{"rendered":"<h1><strong>Optex FLX-P-DT-X5 FlipX \u2014 zaawansowana technologia PIR i mikrofalowa do u\u017cytku w pomieszczeniach zamkni\u0119tych<\/strong><\/h1>\n<p>Optex FLX-P-DT-X5 FlipX to profesjonalna wewn\u0119trzna czujka ruchu, kt\u00f3ra wykorzystuje kombinacj\u0119 technologii PIR (pasywnej podczerwieni) i mikrofalowej, aby zapewni\u0107 niezawodne i dok\u0142adne wykrywanie ruchu.<\/p>\n<p>Czujka zosta\u0142a zaprojektowana tak, aby zapewni\u0107 niezawodne bezpiecze\u0144stwo i wydajno\u015b\u0107 w r\u00f3\u017cnych \u015brodowiskach, od obiekt\u00f3w mieszkalnych po obiekty komercyjne.<\/p>\n<p><strong>Podw\u00f3jne techniki zapewniaj\u0105ce wi\u0119ksz\u0105 precyzj\u0119:<\/strong> FLX-P-DT-X5 FlipX wykorzystuje technologi\u0119 PIR i mikrofalow\u0105 w celu optymalizacji wykrywania.<\/p>\n<p>Technologia PIR rejestruje ruch poprzez zmiany promieniowania podczerwonego, natomiast technologia mikrofalowa wykorzystuje fale radiowe do wykrywania ruchu nawet za obiektami i \u015bcianami.<\/p>\n<p>Ta podw\u00f3jna technologia umo\u017cliwia czujce dok\u0142adn\u0105 identyfikacj\u0119 ruchu i minimalizacj\u0119 ryzyka fa\u0142szywych alarm\u00f3w.<\/p>\n<p><strong>Odwracalny obiektyw zapewniaj\u0105cy szersze pokrycie:<\/strong> Jedn\u0105 z najbardziej godnych uwagi cech modelu FlipX jest odwracalny obiektyw.<\/p>\n<p>Po prostu obracaj\u0105c obiektyw, u\u017cytkownik mo\u017ce dostosowa\u0107 obszar zasi\u0119gu czujki i dostosowa\u0107 go do konkretnych potrzeb.<\/p>\n<p>Zapewnia to dodatkow\u0105 elastyczno\u015b\u0107 instalacji i u\u0142atwia optymalizacj\u0119 pokrycia wi\u0119kszego obszaru.<\/p>\n<p><strong>Ulepszona technologia wykrywania:<\/strong> Detektor wyposa\u017cony jest w dopracowan\u0105 soczewk\u0119 sferyczn\u0105, kt\u00f3ra poprawia detekcj\u0119 ruchu w ca\u0142ym polu widzenia czujki.<\/p>\n<p>Obiektyw zapewnia szersz\u0105 i dok\u0142adniejsz\u0105 stref\u0119 detekcji, dzi\u0119ki czemu \u0142atwiej uchwyci\u0107 ruch w dowolnej cz\u0119\u015bci pomieszczenia. Dzi\u0119ki k\u0105towi detekcji wynosz\u0105cemu 180 stopni FLX-P-DT-X5 FlipX mo\u017ce skutecznie monitorowa\u0107 du\u017cy obszar, dzi\u0119ki czemu idealnie nadaje si\u0119 do wi\u0119kszych pomieszcze\u0144 lub otwartych przestrzeni.<\/p>\n<p><strong>Wska\u017anik LED i \u0142atwo\u015b\u0107 obs\u0142ugi:<\/strong> Aby zapewni\u0107 szybk\u0105 informacj\u0119 zwrotn\u0105 o stanie urz\u0105dzenia, FLX-P-DT-X5 FlipX jest wyposa\u017cony we wska\u017anik LED, kt\u00f3ry wyra\u017anie pokazuje, czy czujnik jest aktywny, czy nie.<\/p>\n<p>Kolor diody LED u\u0142atwia identyfikacj\u0119 stanu urz\u0105dzenia, co u\u0142atwia instalacj\u0119 i zarz\u0105dzanie. Mo\u017cliwe jest r\u00f3wnie\u017c dostosowanie czu\u0142o\u015bci i skonfigurowanie detektora za pomoc\u0105 przyjaznego dla u\u017cytkownika interfejsu, co zapewnia jeszcze wi\u0119ksz\u0105 precyzj\u0119.<\/p>\n<p><strong>Logika SMDA zapewniaj\u0105ca inteligencj\u0119 i elastyczno\u015b\u0107:<\/strong> Kolejn\u0105 zaawansowan\u0105 funkcj\u0105 FlipX jest opatentowana logika SMDA (Super Multi-Dimensional Analysis).<\/p>\n<p>Ta inteligentna technologia umo\u017cliwia czujnikowi dok\u0142adniejsz\u0105 i dok\u0142adniejsz\u0105 analiz\u0119 ruch\u00f3w. Logika SMDA filtruje niepotrzebne ruchy, takie jak ma\u0142e zwierz\u0119ta lub wibracje, i umo\u017cliwia czujce skupienie si\u0119 na realnych zagro\u017ceniach i w\u0142amaniach.<\/p>\n<p><strong>Element przechwytywania cz\u0142owieka:<\/strong> Detektor posiada specjalny element wychwytuj\u0105cy, zaprojektowany do wykrywania ruchu cz\u0142owieka z du\u017c\u0105 dok\u0142adno\u015bci\u0105.<\/p>\n<p>Umo\u017cliwia to FLX-P-DT-X5 rozr\u00f3\u017cnianie ludzi od innych obiekt\u00f3w poruszaj\u0105cych si\u0119 w okolicy, minimalizuj\u0105c ryzyko fa\u0142szywych alarm\u00f3w spowodowanych przez ma\u0142e zwierz\u0119ta lub inne niepo\u017c\u0105dane ruchy.<\/p>\n<p><strong>Elastyczna instalacja i konfigurowalny zasi\u0119g:<\/strong> Model FlipX jest \u0142atwy w instalacji i mo\u017cna go montowa\u0107 w r\u00f3\u017cnych \u015brodowiskach.<\/p>\n<p>Regulowana i odwracalna soczewka umo\u017cliwia dostosowanie obszaru detekcji do potrzeb i zapewnia pokrycie wszystkich wa\u017cnych obszar\u00f3w. Czujka jest r\u00f3wnie\u017c kompatybilna z innymi systemami bezpiecze\u0144stwa i mo\u017cna j\u0105 \u0142atwo zintegrowa\u0107 z wi\u0119kszym rozwi\u0105zaniem bezpiecze\u0144stwa.<\/p>\n<p><strong>D\u0142uga \u017cywotno\u015b\u0107 i niezawodno\u015b\u0107:<\/strong> Optex FLX-P-DT-X5 FlipX zosta\u0142 zaprojektowany do d\u0142ugotrwa\u0142ego u\u017cytkowania i ma solidn\u0105 konstrukcj\u0119, kt\u00f3ra wytrzyma lata.<\/p>\n<p>Zosta\u0142 zaprojektowany, aby zapewni\u0107 stabiln\u0105 wydajno\u015b\u0107 i d\u0142ug\u0105 \u017cywotno\u015b\u0107, co czyni go niezawodnym rozwi\u0105zaniem bezpiecze\u0144stwa zar\u00f3wno dla nieruchomo\u015bci mieszkalnych, jak i komercyjnych.<\/p>\n<p><strong>Dane techniczne:<\/strong><\/p>\n<ul>\n<li><strong>Technika:<\/strong> PIR + kuchenka mikrofalowa<\/li>\n<li><strong>K\u0105t detekcji:<\/strong> 180 stopni<\/li>\n<li><strong>Wyrafinowana soczewka sferyczna zapewniaj\u0105ca szerokie pokrycie<\/strong><\/li>\n<li><strong>Wska\u017anik LED o dobrze widocznym kolorze<\/strong><\/li>\n<li><strong>Element przechwytywania ruchu cz\u0142owieka<\/strong><\/li>\n<li><strong>Odwracalna soczewka z mo\u017cliwo\u015bci\u0105 regulacji zasi\u0119gu<\/strong><\/li>\n<li><strong>Logika SMDA do inteligentnych analiz<\/strong><\/li>\n<li><strong>Temperatura pracy:<\/strong> -10\u00b0C do +50\u00b0C<\/li>\n<li><strong>\u017bywotno\u015b\u0107 baterii:<\/strong> D\u0142uga \u017cywotno\u015b\u0107<\/li>\n<li><strong>Instalacja:<\/strong> Prosty i elastyczny, mo\u017cna go montowa\u0107 na r\u00f3\u017cne sposoby<\/li>\n<\/ul>\n<p>&nbsp;<\/p>","protected":false},"excerpt":{"rendered":"<p>Optex FLX-P-DT-X5 FlipX to zaawansowana czujka PIR do zastosowa\u0144 wewn\u0119trznych, wykorzystuj\u0105ca dwie technologie \u2013 PIR i technologi\u0119 mikrofalow\u0105.<\/p>\n<p>Zaprojektowany, aby zapewni\u0107 wysok\u0105 niezawodno\u015b\u0107 i dok\u0142adne wykrywanie dzi\u0119ki odwracalnej soczewce i ulepszonej soczewce sferycznej zapewniaj\u0105cej szeroki zasi\u0119g.<\/p>","protected":false},"featured_media":138481,"template":"","meta":{"_acf_changed":false},"product_brand":[],"product_cat":[1325],"product_tag":[2989,2145,2465],"class_list":{"0":"post-138484","1":"product","2":"type-product","3":"status-publish","4":"has-post-thumbnail","6":"product_cat-larmgivare-skalskydd","7":"product_tag-egen-logo-ej-taggar-kort","8":"product_tag-rorelsedetektor-ir-detektorer","9":"product_tag-sbsc-larmklass2","10":"product_shipping_class-postnord-varubrev","11":"pa_brands-optex","12":"tm-no-options","14":"first","15":"onbackorder","16":"featured","17":"taxable","18":"shipping-taxable","19":"purchasable","20":"product-type-simple"},"acf":[],"_links":{"self":[{"href":"https:\/\/secureus.se\/pl\/wp-json\/wp\/v2\/product\/138484","targetHints":{"allow":["GET"]}}],"collection":[{"href":"https:\/\/secureus.se\/pl\/wp-json\/wp\/v2\/product"}],"about":[{"href":"https:\/\/secureus.se\/pl\/wp-json\/wp\/v2\/types\/product"}],"wp:featuredmedia":[{"embeddable":true,"href":"https:\/\/secureus.se\/pl\/wp-json\/wp\/v2\/media\/138481"}],"wp:attachment":[{"href":"https:\/\/secureus.se\/pl\/wp-json\/wp\/v2\/media?parent=138484"}],"wp:term":[{"taxonomy":"product_brand","embeddable":true,"href":"https:\/\/secureus.se\/pl\/wp-json\/wp\/v2\/product_brand?post=138484"},{"taxonomy":"product_cat","embeddable":true,"href":"https:\/\/secureus.se\/pl\/wp-json\/wp\/v2\/product_cat?post=138484"},{"taxonomy":"product_tag","embeddable":true,"href":"https:\/\/secureus.se\/pl\/wp-json\/wp\/v2\/product_tag?post=138484"}],"curies":[{"name":"wp","href":"https:\/\/api.w.org\/{rel}","templated":true}]}}