{"id":138629,"date":"2024-01-15T11:14:30","date_gmt":"2024-01-15T10:14:30","guid":{"rendered":"https:\/\/secureus.se\/airborne-dc-dual-e-medium\/"},"modified":"2025-09-15T13:07:38","modified_gmt":"2025-09-15T11:07:38","slug":"airborne-dc-dual-e-medium","status":"publish","type":"product","link":"https:\/\/secureus.se\/pl\/airborne-dc-dual-e-medium\/","title":{"rendered":"PODW\u00d3JNE E-MEDIA W POWIETRZU DC"},"content":{"rendered":"<p>Nadajnik alarmowy dopuszczony do transmisji alarm\u00f3w w\u0142amaniowych klasy alarmowej 3-4 zgodnie z SBF 110:8 i alarm\u00f3w po\u017carowych zgodnie z SSF 114:2. Airborne DC Dual wykorzystuje podw\u00f3jn\u0105 \u015bcie\u017ck\u0119 alarmow\u0105 z sieci\u0105 kom\u00f3rkow\u0105 (2G\/4G) jako g\u0142\u00f3wnym kana\u0142em komunikacji i sta\u0142ym po\u0142\u0105czeniem IP jako zapasowym. Mo\u017ce by\u0107 stosowany w tradycyjnych dialerach telefonicznych, w kt\u00f3rych protoko\u0142y analogowe, takie jak SIA, Robofon lub CID, s\u0105 digitalizowane i przesy\u0142ane cyfrowo. Przetwornik alarmowy posiada 16 wej\u015b\u0107 i 4 wyj\u015bcia oraz mo\u017cliwo\u015b\u0107 komunikacji szeregowej z urz\u0105dzeniem centralnym. Dostarczane w obudowie z wbudowan\u0105 anten\u0105, w\u0142\u0105cznikiem sabota\u017cowym i stykiem rozbi\u00f3rkowym, z wy\u0142\u0105czeniem akumulatora i zasilacza sieciowego.<\/p>","protected":false},"excerpt":{"rendered":"<p>Nadajnik alarmowy dopuszczony do transmisji alarm\u00f3w w\u0142amaniowych klasy 3-4 wed\u0142ug SBF 110:8 i alarm\u00f3w po\u017carowych zgodnie z SSF 114:2. Airborne DC Dual wykorzystuje podw\u00f3jne \u015bcie\u017cki alarmowe z sieci\u0105 kom\u00f3rkow\u0105 (2G\/4G) jako g\u0142\u00f3wnym kana\u0142em komunikacji i lini\u0105 stacjonarn\u0105<\/p>","protected":false},"featured_media":138628,"template":"","meta":{"_acf_changed":false},"product_brand":[],"product_cat":[1551],"product_tag":[],"class_list":{"0":"post-138629","1":"product","2":"type-product","3":"status-publish","4":"has-post-thumbnail","6":"product_cat-larmoverforing","7":"product_shipping_class-tunga-paket","8":"pa_brands-addsecure","9":"tm-no-options","11":"first","12":"instock","13":"taxable","14":"shipping-taxable","15":"purchasable","16":"product-type-simple"},"acf":[],"_links":{"self":[{"href":"https:\/\/secureus.se\/pl\/wp-json\/wp\/v2\/product\/138629","targetHints":{"allow":["GET"]}}],"collection":[{"href":"https:\/\/secureus.se\/pl\/wp-json\/wp\/v2\/product"}],"about":[{"href":"https:\/\/secureus.se\/pl\/wp-json\/wp\/v2\/types\/product"}],"wp:featuredmedia":[{"embeddable":true,"href":"https:\/\/secureus.se\/pl\/wp-json\/wp\/v2\/media\/138628"}],"wp:attachment":[{"href":"https:\/\/secureus.se\/pl\/wp-json\/wp\/v2\/media?parent=138629"}],"wp:term":[{"taxonomy":"product_brand","embeddable":true,"href":"https:\/\/secureus.se\/pl\/wp-json\/wp\/v2\/product_brand?post=138629"},{"taxonomy":"product_cat","embeddable":true,"href":"https:\/\/secureus.se\/pl\/wp-json\/wp\/v2\/product_cat?post=138629"},{"taxonomy":"product_tag","embeddable":true,"href":"https:\/\/secureus.se\/pl\/wp-json\/wp\/v2\/product_tag?post=138629"}],"curies":[{"name":"wp","href":"https:\/\/api.w.org\/{rel}","templated":true}]}}