{"id":138770,"date":"2024-01-11T12:47:53","date_gmt":"2024-01-11T11:47:53","guid":{"rendered":"https:\/\/secureus.se\/exxact-stromstallare-utvandig-valfri-gravyr-branddorrstangning\/"},"modified":"2025-11-26T15:40:10","modified_gmt":"2025-11-26T14:40:10","slug":"exxact-stromstallare-utvandig-valfri-gravyr-branddorrstangning","status":"publish","type":"product","link":"https:\/\/secureus.se\/pl\/exxact-stromstallare-utvandig-valfri-gravyr-branddorrstangning\/","title":{"rendered":"Exxact Switch Zewn\u0119trzny - Opcjonalny grawer \u201eZamykanie drzwi przeciwpo\u017carowych\u201d"},"content":{"rendered":"<p>Funkcja otwierania\/zamykania z przyciskiem i spr\u0119\u017cynowym powrotem z wybranym wzorem \u2013 Nowe produkty zawsze otrzymuj\u0105 odbitki pr\u00f3bne. Grawerunek jest jednokolorowy.<\/p>\n<p>Czas dostawy wynosi 2-5 dni, a ceny zawieraj\u0105 grawer i projekt.<\/p>\n<p>Je\u015bli chcesz, aby otwarte przyciski by\u0142y publikowane na warstwie unikalnej dla klienta, daj nam zna\u0107.<\/p>\n<p>&nbsp;<\/p>","protected":false},"excerpt":{"rendered":"<p>Funkcja otwierania i zamykania na przycisk oraz spr\u0119\u017cyna powrotna z wybranym wzorem \u2013 Nowe produkty zawsze otrzymuj\u0105 odbitki pr\u00f3bne. Grawerunek jest jednokolorowy. Czas dostawy wynosi 2-5 dni, a ceny zawieraj\u0105 grawerunek.<\/p>","protected":false},"featured_media":158250,"template":"","meta":{"_acf_changed":false},"product_brand":[],"product_cat":[1830,4826],"product_tag":[2938,2989,2936,2422],"class_list":{"0":"post-138770","1":"product","2":"type-product","3":"status-publish","4":"has-post-thumbnail","6":"product_cat-brandknappar","7":"product_cat-exxact","8":"product_tag-brandknappar","9":"product_tag-egen-logo-ej-taggar-kort","10":"product_tag-oppna-brand-design-produkt","11":"product_tag-rel-brand","12":"product_shipping_class-postnord-varubrev","13":"pa_brands-schneider-electric","14":"tm-has-options","16":"first","17":"instock","18":"featured","19":"taxable","20":"shipping-taxable","21":"purchasable","22":"product-type-simple"},"acf":[],"_links":{"self":[{"href":"https:\/\/secureus.se\/pl\/wp-json\/wp\/v2\/product\/138770","targetHints":{"allow":["GET"]}}],"collection":[{"href":"https:\/\/secureus.se\/pl\/wp-json\/wp\/v2\/product"}],"about":[{"href":"https:\/\/secureus.se\/pl\/wp-json\/wp\/v2\/types\/product"}],"wp:featuredmedia":[{"embeddable":true,"href":"https:\/\/secureus.se\/pl\/wp-json\/wp\/v2\/media\/158250"}],"wp:attachment":[{"href":"https:\/\/secureus.se\/pl\/wp-json\/wp\/v2\/media?parent=138770"}],"wp:term":[{"taxonomy":"product_brand","embeddable":true,"href":"https:\/\/secureus.se\/pl\/wp-json\/wp\/v2\/product_brand?post=138770"},{"taxonomy":"product_cat","embeddable":true,"href":"https:\/\/secureus.se\/pl\/wp-json\/wp\/v2\/product_cat?post=138770"},{"taxonomy":"product_tag","embeddable":true,"href":"https:\/\/secureus.se\/pl\/wp-json\/wp\/v2\/product_tag?post=138770"}],"curies":[{"name":"wp","href":"https:\/\/api.w.org\/{rel}","templated":true}]}}