{"id":139620,"date":"2023-09-26T13:08:01","date_gmt":"2023-09-26T11:08:01","guid":{"rendered":"https:\/\/secureus.se\/elslutbleck-step-28e-hoger-omvand-24v-9mm-regel\/"},"modified":"2026-04-08T16:19:27","modified_gmt":"2026-04-08T14:19:27","slug":"elslutbleck-step-28e-hoger-omvand-24v-9mm-regel","status":"publish","type":"product","link":"https:\/\/secureus.se\/pl\/elslutbleck-step-28e-hoger-omvand-24v-9mm-regel\/","title":{"rendered":"Elektryczna p\u0142yta ko\u0144cowa STEP 28E Prawy bieg wsteczny 24 V Linia 9 mm"},"content":{"rendered":"<h1>Elektryczna p\u0142yta ko\u0144cowa STEP 28E Prawy bieg wsteczny 24 V Linia 9 mm<\/h1>\n<p>Elektrozaczep STEP 28E Secure z funkcj\u0105 rewersyjn\u0105 przeznaczony jest do pomieszcze\u0144 o wysokim poziomie bezpiecze\u0144stwa i spe\u0142nia wymagania przeciwpo\u017carowe, ewakuacyjne oraz wytrzymuje nacisk do 500 kg.<\/p>\n<p class=\"\" data-start=\"232\" data-end=\"643\">STEP 28E Secure to zaawansowany zamek elektryczny z funkcj\u0105 rewersyjn\u0105, zaprojektowany specjalnie do \u015brodowisk, w kt\u00f3rych obowi\u0105zuj\u0105 wysokie wymagania dotycz\u0105ce bezpiecze\u0144stwa, odporno\u015bci ogniowej i ewakuacji.<\/p>\n<p class=\"\" data-start=\"232\" data-end=\"643\">Funkcja rewersyjna oznacza, \u017ce skrzyd\u0142o jest odblokowane w pozycji bez zasilania, co czyni j\u0105 idealn\u0105 do drzwi, kt\u00f3re wymagaj\u0105 swobodnego przej\u015bcia w przypadku zaniku zasilania \u2013 na przyk\u0142ad w budynkach u\u017cyteczno\u015bci publicznej, plac\u00f3wkach s\u0142u\u017cby zdrowia lub szko\u0142ach.<\/p>\n<p class=\"\" data-start=\"645\" data-end=\"950\">Zaczep elektryczny jest dostosowany do zamk\u00f3w ryglowych z t\u0142okiem 9 mm serii Connect i posiada atest ognioodporno\u015bci do klasy E\/EI 60.<\/p>\n<p class=\"\" data-start=\"645\" data-end=\"950\">Produkt wyposa\u017cony jest w styk t\u0142okowy i styk zatrzaskowy, kt\u00f3re umo\u017cliwiaj\u0105 wskazanie stanu drzwi \u2013 zamkni\u0119te\/otwarte i zablokowane\/odblokowane \u2013 w celu integracji z systemami kontroli dost\u0119pu lub systemami alarmowymi.<\/p>\n<p class=\"\" data-start=\"952\" data-end=\"1264\">Dzi\u0119ki wytrzyma\u0142o\u015bci na zerwanie przekraczaj\u0105cej 15 kN i mo\u017cliwo\u015bci otwierania si\u0119 pomimo nacisku ta\u015bmy do 5 kN, STEP 28E Secure zapewnia niezawodne dzia\u0142anie nawet w trudnych warunkach.<\/p>\n<p class=\"\" data-start=\"952\" data-end=\"1264\">Solidna i wytrzyma\u0142a konstrukcja wyposa\u017cona jest w 5-metrowy kabel bezhalogenowy, umo\u017cliwiaj\u0105cy szybki i bezpieczny monta\u017c w drzwiach prawoskrzyd\u0142owych.<\/p>\n<p class=\"\" data-start=\"1266\" data-end=\"1294\"><strong data-start=\"1266\" data-end=\"1292\">Cechy i korzy\u015bci:<\/strong><\/p>\n<ul data-start=\"1295\" data-end=\"1581\">\n<li class=\"\" data-start=\"1295\" data-end=\"1339\">\n<p class=\"\" data-start=\"1297\" data-end=\"1339\">Funkcja rewersu (odblokowana w trybie beznapi\u0119ciowym)<\/p>\n<\/li>\n<li class=\"\" data-start=\"1340\" data-end=\"1395\">\n<p class=\"\" data-start=\"1342\" data-end=\"1395\">Wysoka odporno\u015b\u0107 na w\u0142amanie \u2013 wytrzyma\u0142o\u015b\u0107 na zerwanie ponad 1500 kg<\/p>\n<\/li>\n<li class=\"\" data-start=\"1396\" data-end=\"1429\">\n<p class=\"\" data-start=\"1398\" data-end=\"1429\">Zatwierdzone ognioodpornie do E\/EI 60<\/p>\n<\/li>\n<li class=\"\" data-start=\"1430\" data-end=\"1471\">\n<p class=\"\" data-start=\"1432\" data-end=\"1471\">T\u0142ok i styk zatrzasku do wskazania<\/p>\n<\/li>\n<li class=\"\" data-start=\"1472\" data-end=\"1505\">\n<p class=\"\" data-start=\"1474\" data-end=\"1505\">Wytrzymuje nacisk ta\u015bmy do 500 kg<\/p>\n<\/li>\n<li class=\"\" data-start=\"1506\" data-end=\"1551\">\n<p class=\"\" data-start=\"1508\" data-end=\"1551\">W zestawie 5-metrowy kabel przy\u0142\u0105czeniowy bezhalogenowy<\/p>\n<\/li>\n<li class=\"\" data-start=\"1552\" data-end=\"1581\">\n<p class=\"\" data-start=\"1554\" data-end=\"1581\">Pasuje do drzwi prawoskr\u0119tnych<\/p>\n<\/li>\n<\/ul>\n<p class=\"\" data-start=\"1583\" data-end=\"1949\"><strong data-start=\"1583\" data-end=\"1612\">Dane techniczne:<\/strong><br data-start=\"1612\" data-end=\"1615\" \/>Napi\u0119cie robocze: 24 V DC (21,6-27,6 V)<br data-start=\"1651\" data-end=\"1654\" \/>Pob\u00f3r pr\u0105du: 500 mA odblokowany<br data-start=\"1684\" data-end=\"1687\" \/>Styk t\u0142okowy: Tak, mikrowy\u0142\u0105cznik maks. 30 V DC, 1 A<br data-start=\"1733\" data-end=\"1736\" \/>Wytrzyma\u0142o\u015b\u0107 na zerwanie: &gt;15 kN (ok. 1500 kg)<br data-start=\"1772\" data-end=\"1775\" \/>Nacisk listwy: 500 kg<br data-start=\"1792\" data-end=\"1795\" \/>Typ zamka: Zamek zatrzaskowy, Zamek zatrzaskowy<br data-start=\"1824\" data-end=\"1827\" \/>Wymiary (szer. x g\u0142. x wys.): 35 x 40 x 230 mm<br data-start=\"1857\" data-end=\"1860\" \/>Obr\u00f3bka powierzchni: Stal nierdzewna<br data-start=\"1881\" data-end=\"1884\" \/>Kabel: 5 m bezhalogenowy<br data-start=\"1905\" data-end=\"1908\" \/>Oceniony produkt budowlany: Tak<br data-start=\"1926\" data-end=\"1929\" \/>SundaHouse oceni\u0142(a): Tak<\/p>","protected":false},"excerpt":{"rendered":"<p>Tutaj mo\u017cesz zobaczy\u0107, kt\u00f3re s\u0142upki i modele pasuj\u0105 do siebie z asortymentu elektrycznych ogranicznik\u00f3w drzwi STEP.<\/p>\n<h5><strong><a href=\"https:\/\/steplock.com\/sv\/stolpguide\/#!?lang=sv&amp;blog_id=1&amp;paged=1&amp;number=50\" target=\"_blank\" rel=\"noopener\">Przewodnik po STEP Post\u00a0<\/a><\/strong><\/h5>\n<h5><strong><a href=\"https:\/\/steplock.com\/sv\/projekteringsguide\/#!?lang=sv&amp;blog_id=1&amp;paged=1&amp;number=999\" target=\"_blank\" rel=\"noopener\">Przewodnik projektowy STEP<\/a><\/strong><\/h5>","protected":false},"featured_media":139615,"template":"","meta":{"_acf_changed":false},"product_brand":[],"product_cat":[3355],"product_tag":[4197,4201],"class_list":{"0":"post-139620","1":"product","2":"type-product","3":"status-publish","4":"has-post-thumbnail","6":"product_cat-elslutbleck","7":"product_tag-24v","8":"product_tag-omvand","9":"product_shipping_class-tunga-paket","10":"pa_brands-step","11":"tm-no-options","13":"first","14":"outofstock","15":"sale","16":"taxable","17":"shipping-taxable","18":"purchasable","19":"product-type-simple"},"acf":[],"_links":{"self":[{"href":"https:\/\/secureus.se\/pl\/wp-json\/wp\/v2\/product\/139620","targetHints":{"allow":["GET"]}}],"collection":[{"href":"https:\/\/secureus.se\/pl\/wp-json\/wp\/v2\/product"}],"about":[{"href":"https:\/\/secureus.se\/pl\/wp-json\/wp\/v2\/types\/product"}],"wp:featuredmedia":[{"embeddable":true,"href":"https:\/\/secureus.se\/pl\/wp-json\/wp\/v2\/media\/139615"}],"wp:attachment":[{"href":"https:\/\/secureus.se\/pl\/wp-json\/wp\/v2\/media?parent=139620"}],"wp:term":[{"taxonomy":"product_brand","embeddable":true,"href":"https:\/\/secureus.se\/pl\/wp-json\/wp\/v2\/product_brand?post=139620"},{"taxonomy":"product_cat","embeddable":true,"href":"https:\/\/secureus.se\/pl\/wp-json\/wp\/v2\/product_cat?post=139620"},{"taxonomy":"product_tag","embeddable":true,"href":"https:\/\/secureus.se\/pl\/wp-json\/wp\/v2\/product_tag?post=139620"}],"curies":[{"name":"wp","href":"https:\/\/api.w.org\/{rel}","templated":true}]}}