{"id":139646,"date":"2023-09-26T13:07:35","date_gmt":"2023-09-26T11:07:35","guid":{"rendered":"https:\/\/secureus.se\/elslutbleck-step-18-hoger-omvand-12v-7mm-regel-connect\/"},"modified":"2026-04-08T16:26:14","modified_gmt":"2026-04-08T14:26:14","slug":"elslutbleck-step-18-hoger-omvand-12v-7mm-regel-connect","status":"publish","type":"product","link":"https:\/\/secureus.se\/pl\/elslutbleck-step-18-hoger-omvand-12v-7mm-regel-connect\/","title":{"rendered":"Elektryczna p\u0142yta ko\u0144cowa STEP 18 Prawa rewers 12V 7mm Regel Connect"},"content":{"rendered":"<h1>Elektryczna p\u0142yta ko\u0144cowa STEP 18 Prawa rewers 12V 7mm Regel Connect<\/h1>\n<p>KROK 18 Zamontuj elektrozaczep z funkcj\u0105 rewersyjn\u0105 do drzwi prawych za pomoc\u0105 trzpienia Connect 7 mm. Zatwierdzone ognioodpornie E\/EI60, styk t\u0142okowy i wysokie bezpiecze\u0144stwo.<\/p>\n<p class=\"\" data-start=\"231\" data-end=\"665\">Elektrozaczep STEP 18 Secure to solidne i bezpieczne rozwi\u0105zanie alternatywne dla drzwi, w kt\u00f3rych obowi\u0105zuj\u0105 wysokie wymagania dotycz\u0105ce niezawodno\u015bci dzia\u0142ania i ochrony przed w\u0142amaniem.<\/p>\n<p class=\"\" data-start=\"231\" data-end=\"665\">Ta wersja jest specjalnie dostosowana do drzwi prawoskr\u0119tnych i zamk\u00f3w zamkowych z t\u0142okiem 7 mm z serii Connect.<\/p>\n<p class=\"\" data-start=\"231\" data-end=\"665\">Dzi\u0119ki funkcji rewersyjnej, w przypadku zaniku zasilania, blacha zostaje odblokowana, co czyni j\u0105 idealnym rozwi\u0105zaniem na drogach ewakuacyjnych, gdzie bezpiecze\u0144stwo musi i\u015b\u0107 w parze z dost\u0119pno\u015bci\u0105.<\/p>\n<p class=\"\" data-start=\"667\" data-end=\"1061\">STEP 18 jest cz\u0119\u015bci\u0105 serii Secure firmy STEP, przeznaczonej do monta\u017cu w miejscach o du\u017cym nat\u0119\u017ceniu ruchu, takich jak banki, wi\u0119zienia i inne chronione obiekty.<\/p>\n<p class=\"\" data-start=\"667\" data-end=\"1061\">Dzi\u0119ki odporno\u015bci ogniowej do E\/EI60 i imponuj\u0105cej wytrzyma\u0142o\u015bci na rozerwanie wynosz\u0105cej 15 kN, STEP 18 poradzi sobie z najbardziej wymagaj\u0105cymi rozwi\u0105zaniami drzwiowymi.<\/p>\n<p class=\"\" data-start=\"667\" data-end=\"1061\">Produkt wyposa\u017cony jest w t\u0142ok i styk zatrzaskowy, co umo\u017cliwia \u0142atw\u0105 integracj\u0119 z nowoczesnymi systemami kontroli dost\u0119pu i systemami alarmowymi.<\/p>\n<p class=\"\" data-start=\"1063\" data-end=\"1281\">Dzi\u0119ki opatentowanej technologii STEP funkcja jest gwarantowana nawet przy naciskach formowania do 500 kg.<\/p>\n<p class=\"\" data-start=\"1063\" data-end=\"1281\">Zaczep elektryczny dostarczany jest z 5-metrowym kablem bezhalogenowym, diod\u0105 zabezpieczaj\u0105c\u0105 i zabezpieczeniem przeciwstukowym, co zapewnia dodatkowe bezpiecze\u0144stwo i \u0142atwo\u015b\u0107 monta\u017cu.<\/p>\n<p class=\"\" data-start=\"1283\" data-end=\"1311\"><strong data-start=\"1283\" data-end=\"1309\">Cechy i korzy\u015bci:<\/strong><\/p>\n<ul data-start=\"1312\" data-end=\"1582\">\n<li class=\"\" data-start=\"1312\" data-end=\"1338\">\n<p class=\"\" data-start=\"1314\" data-end=\"1338\">Do ko\u0142ka \u0142\u0105cz\u0105cego 7 mm<\/p>\n<\/li>\n<li class=\"\" data-start=\"1339\" data-end=\"1384\">\n<p class=\"\" data-start=\"1341\" data-end=\"1384\">Funkcja cofania \u2013 odblokowywana w przypadku zaniku zasilania<\/p>\n<\/li>\n<li class=\"\" data-start=\"1385\" data-end=\"1411\">\n<p class=\"\" data-start=\"1387\" data-end=\"1411\">Do drzwi prawych<\/p>\n<\/li>\n<li class=\"\" data-start=\"1412\" data-end=\"1433\">\n<p class=\"\" data-start=\"1414\" data-end=\"1433\">Klasa ogniowa E\/EI60<\/p>\n<\/li>\n<li class=\"\" data-start=\"1434\" data-end=\"1460\">\n<p class=\"\" data-start=\"1436\" data-end=\"1460\">Kontakt t\u0142oka i zatrzasku<\/p>\n<\/li>\n<li class=\"\" data-start=\"1461\" data-end=\"1494\">\n<p class=\"\" data-start=\"1463\" data-end=\"1494\">Wytrzymuje nacisk ta\u015bmy do 500 kg<\/p>\n<\/li>\n<li class=\"\" data-start=\"1495\" data-end=\"1521\">\n<p class=\"\" data-start=\"1497\" data-end=\"1521\">Wytrzyma\u0142o\u015b\u0107 na zerwanie: 15 kN<\/p>\n<\/li>\n<li class=\"\" data-start=\"1522\" data-end=\"1552\">\n<p class=\"\" data-start=\"1524\" data-end=\"1552\">W zestawie 5-metrowy kabel bezhalogenowy<\/p>\n<\/li>\n<li class=\"\" data-start=\"1553\" data-end=\"1582\">\n<p class=\"\" data-start=\"1555\" data-end=\"1582\">Dioda ochronna i zabezpieczenie przeciwprzepi\u0119ciowe<\/p>\n<\/li>\n<\/ul>","protected":false},"excerpt":{"rendered":"<p>Tutaj mo\u017cesz zobaczy\u0107, kt\u00f3re s\u0142upki i modele pasuj\u0105 do siebie z asortymentu elektrycznych ogranicznik\u00f3w drzwi STEP.<\/p>\n<h5><strong><a href=\"https:\/\/steplock.com\/sv\/stolpguide\/#!?lang=sv&amp;blog_id=1&amp;paged=1&amp;number=50\" target=\"_blank\" rel=\"noopener\">Przewodnik po STEP Post\u00a0<\/a><\/strong><\/h5>\n<h5><strong><a href=\"https:\/\/steplock.com\/sv\/projekteringsguide\/#!?lang=sv&amp;blog_id=1&amp;paged=1&amp;number=999\" target=\"_blank\" rel=\"noopener\">Przewodnik projektowy STEP<\/a><\/strong><\/h5>","protected":false},"featured_media":139642,"template":"","meta":{"_acf_changed":false},"product_brand":[],"product_cat":[3355],"product_tag":[4198,4201],"class_list":{"0":"post-139646","1":"product","2":"type-product","3":"status-publish","4":"has-post-thumbnail","6":"product_cat-elslutbleck","7":"product_tag-12v","8":"product_tag-omvand","9":"product_shipping_class-tunga-paket","10":"pa_brands-step","11":"tm-no-options","13":"first","14":"onbackorder","15":"sale","16":"taxable","17":"shipping-taxable","18":"purchasable","19":"product-type-simple"},"acf":[],"_links":{"self":[{"href":"https:\/\/secureus.se\/pl\/wp-json\/wp\/v2\/product\/139646","targetHints":{"allow":["GET"]}}],"collection":[{"href":"https:\/\/secureus.se\/pl\/wp-json\/wp\/v2\/product"}],"about":[{"href":"https:\/\/secureus.se\/pl\/wp-json\/wp\/v2\/types\/product"}],"wp:featuredmedia":[{"embeddable":true,"href":"https:\/\/secureus.se\/pl\/wp-json\/wp\/v2\/media\/139642"}],"wp:attachment":[{"href":"https:\/\/secureus.se\/pl\/wp-json\/wp\/v2\/media?parent=139646"}],"wp:term":[{"taxonomy":"product_brand","embeddable":true,"href":"https:\/\/secureus.se\/pl\/wp-json\/wp\/v2\/product_brand?post=139646"},{"taxonomy":"product_cat","embeddable":true,"href":"https:\/\/secureus.se\/pl\/wp-json\/wp\/v2\/product_cat?post=139646"},{"taxonomy":"product_tag","embeddable":true,"href":"https:\/\/secureus.se\/pl\/wp-json\/wp\/v2\/product_tag?post=139646"}],"curies":[{"name":"wp","href":"https:\/\/api.w.org\/{rel}","templated":true}]}}