{"id":139670,"date":"2023-09-26T13:07:14","date_gmt":"2023-09-26T11:07:14","guid":{"rendered":"https:\/\/secureus.se\/elslutbleck-step-28e-hoger-omvand-24v-12mm-regel\/"},"modified":"2026-04-08T16:31:08","modified_gmt":"2026-04-08T14:31:08","slug":"elslutbleck-step-28e-hoger-omvand-24v-12mm-regel","status":"publish","type":"product","link":"https:\/\/secureus.se\/pl\/elslutbleck-step-28e-hoger-omvand-24v-12mm-regel\/","title":{"rendered":"Elektryczna p\u0142yta ko\u0144cowa STEP 28E Prawa rewers 24V 12mm Linia"},"content":{"rendered":"<h1>Elektryczna p\u0142yta ko\u0144cowa STEP 28E Prawa rewers 24V 12mm Linia<\/h1>\n<p>KROK 28E Bezpieczny elektrozaczep z funkcj\u0105 rewersu do drzwi prawoskrzyd\u0142owych.<\/p>\n<p>Przystosowany do t\u0142oka 12 mm z serii Modul, 24 V DC.<\/p>\n<p>Klasa ognioodporno\u015bci E\/EI 60, zabezpieczenie antysabota\u017cowe i mo\u017cliwo\u015b\u0107 monta\u017cu system\u00f3w kontroli dost\u0119pu. Dostarczany z 5-metrowym kablem bezhalogenowym.<\/p>\n<p class=\"\" data-start=\"421\" data-end=\"878\">Elektrozaczep STEP 28E Secure to elektrozaczep o wysokim poziomie bezpiecze\u0144stwa, kt\u00f3ry \u0142\u0105czy w sobie wymagania dotycz\u0105ce ochrony przed w\u0142amaniem, odporno\u015bci ogniowej i mo\u017cliwo\u015bci ucieczki w jednym, solidnym rozwi\u0105zaniu.<\/p>\n<p class=\"\" data-start=\"421\" data-end=\"878\">Wersja ta przeznaczona jest do drzwi prawych i stosuje si\u0119 j\u0105 w po\u0142\u0105czeniu z zamkami zasuwkowymi z t\u0142okiem 12 mm z serii Modul.<\/p>\n<p class=\"\" data-start=\"421\" data-end=\"878\">P\u0142ytka jest wyposa\u017cona w funkcj\u0119 rewersyjn\u0105 \u2013 oznacza to, \u017ce zostaje zablokowana w pozycji od\u0142\u0105czonej od zasilania, co jest wa\u017cn\u0105 cech\u0105 w instalacjach o wymaganych parametrach bezpiecze\u0144stwa.<\/p>\n<p class=\"\" data-start=\"880\" data-end=\"1168\">STEP 28E Secure posiada certyfikat potwierdzaj\u0105cy klas\u0119 odporno\u015bci ogniowej E\/EI 60 i jest cz\u0119sto stosowany w \u015brodowiskach, w kt\u00f3rych obowi\u0105zuj\u0105 wymagania okre\u015blone w normie SS-EN 179.<\/p>\n<p class=\"\" data-start=\"880\" data-end=\"1168\">Dzi\u0119ki wbudowanej sygnalizacji stanu drzwi (otwarte\/zamkni\u0119te) i stanu zamka (zablokowane\/odblokowane) panel mo\u017cna \u0142atwo zintegrowa\u0107 z systemami kontroli dost\u0119pu, alarmami i innymi rozwi\u0105zaniami monitoruj\u0105cymi.<\/p>\n<p class=\"\" data-start=\"1170\" data-end=\"1503\">Dzi\u0119ki wytrzyma\u0142o\u015bci na zerwanie wynosz\u0105cej ponad 15 kN i odporno\u015bci na nacisk do 500 kg jest to rozwi\u0105zanie wyj\u0105tkowo trwa\u0142e i odporne na uderzenia.<\/p>\n<p class=\"\" data-start=\"1170\" data-end=\"1503\">Konstrukcja ze stali nierdzewnej przyczynia si\u0119 do d\u0142ugiej \u017cywotno\u015bci nawet w nara\u017conych na dzia\u0142anie czynnik\u00f3w atmosferycznych \u015brodowiskach.<\/p>\n<p class=\"\" data-start=\"1170\" data-end=\"1503\">Produkt posiada ocen\u0119 i aprobat\u0119 SundaHus w zakresie budownictwa i jest dostarczany w komplecie z 5-metrowym kablem przy\u0142\u0105czeniowym bezhalogenowym.<\/p>\n<p class=\"\" data-start=\"1505\" data-end=\"1629\">Napi\u0119cie robocze wynosi 24 V DC, dzi\u0119ki czemu panel doskonale nadaje si\u0119 do nowoczesnych system\u00f3w bezpiecze\u0144stwa w budynkach komercyjnych i publicznych.<\/p>","protected":false},"excerpt":{"rendered":"<p>Tutaj mo\u017cesz zobaczy\u0107, kt\u00f3re s\u0142upki i modele pasuj\u0105 do siebie z asortymentu elektrycznych ogranicznik\u00f3w drzwi STEP.<\/p>\n<h5><strong><a href=\"https:\/\/steplock.com\/sv\/stolpguide\/#!?lang=sv&amp;blog_id=1&amp;paged=1&amp;number=50\" target=\"_blank\" rel=\"noopener\">Przewodnik po STEP Post\u00a0<\/a><\/strong><\/h5>\n<h5><strong><a href=\"https:\/\/steplock.com\/sv\/projekteringsguide\/#!?lang=sv&amp;blog_id=1&amp;paged=1&amp;number=999\" target=\"_blank\" rel=\"noopener\">Przewodnik projektowy STEP<\/a><\/strong><\/h5>","protected":false},"featured_media":139668,"template":"","meta":{"_acf_changed":false},"product_brand":[],"product_cat":[3355],"product_tag":[4197,4201],"class_list":{"0":"post-139670","1":"product","2":"type-product","3":"status-publish","4":"has-post-thumbnail","6":"product_cat-elslutbleck","7":"product_tag-24v","8":"product_tag-omvand","9":"product_shipping_class-tunga-paket","10":"pa_brands-step","11":"tm-no-options","13":"first","14":"onbackorder","15":"sale","16":"taxable","17":"shipping-taxable","18":"purchasable","19":"product-type-simple"},"acf":[],"_links":{"self":[{"href":"https:\/\/secureus.se\/pl\/wp-json\/wp\/v2\/product\/139670","targetHints":{"allow":["GET"]}}],"collection":[{"href":"https:\/\/secureus.se\/pl\/wp-json\/wp\/v2\/product"}],"about":[{"href":"https:\/\/secureus.se\/pl\/wp-json\/wp\/v2\/types\/product"}],"wp:featuredmedia":[{"embeddable":true,"href":"https:\/\/secureus.se\/pl\/wp-json\/wp\/v2\/media\/139668"}],"wp:attachment":[{"href":"https:\/\/secureus.se\/pl\/wp-json\/wp\/v2\/media?parent=139670"}],"wp:term":[{"taxonomy":"product_brand","embeddable":true,"href":"https:\/\/secureus.se\/pl\/wp-json\/wp\/v2\/product_brand?post=139670"},{"taxonomy":"product_cat","embeddable":true,"href":"https:\/\/secureus.se\/pl\/wp-json\/wp\/v2\/product_cat?post=139670"},{"taxonomy":"product_tag","embeddable":true,"href":"https:\/\/secureus.se\/pl\/wp-json\/wp\/v2\/product_tag?post=139670"}],"curies":[{"name":"wp","href":"https:\/\/api.w.org\/{rel}","templated":true}]}}