{"id":139713,"date":"2023-09-26T13:06:42","date_gmt":"2023-09-26T11:06:42","guid":{"rendered":"https:\/\/secureus.se\/elslutbleck-step-30-omvand-12v\/"},"modified":"2026-04-08T16:25:04","modified_gmt":"2026-04-08T14:25:04","slug":"elslutbleck-step-30-omvand-12v","status":"publish","type":"product","link":"https:\/\/secureus.se\/pl\/elslutbleck-step-30-omvand-12v\/","title":{"rendered":"Elektryczna listwa przy\u0142\u0105czeniowa STEP 30 Rewers 12V"},"content":{"rendered":"<h1>Elektryczna listwa przy\u0142\u0105czeniowa STEP 30 Rewers 12V<\/h1>\n<p>Elektrozaczep STEP 30 Preload to kompaktowy elektrozaczep zaprojektowany z my\u015bl\u0105 o zast\u0105pieniu starszych modeli i zapewnieniu niezawodnej pracy drzwi.<\/p>\n<p>Wyposa\u017cony w funkcj\u0119 cofania i si\u0142\u0119 hamowania 500 kg.<\/p>\n<p class=\"\" data-start=\"352\" data-end=\"780\">Elektrozaczep STEP 30 Preload to niezawodne rozwi\u0105zanie pozwalaj\u0105ce wymieni\u0107 starsze lub prostsze elektrozaczepy i stworzy\u0107 bezpieczne \u015brodowisko drzwiowe nawet w starszych sekcjach drzwiowych i wn\u0119kach.<\/p>\n<p class=\"\" data-start=\"352\" data-end=\"780\">Urz\u0105dzenie STEP 30 nale\u017cy do serii Preload firmy STEP i \u0142\u0105czy w sobie niewielkie wymiary z wysok\u0105 jako\u015bci\u0105 i elastyczno\u015bci\u0105.<\/p>\n<p class=\"\" data-start=\"352\" data-end=\"780\">Wyposa\u017cony w opatentowan\u0105 technologi\u0119 docisku listwy STEP, ten elektrozaczep zapewnia, \u017ce drzwi zawsze b\u0119dzie mo\u017cna otworzy\u0107, nawet je\u015bli zostan\u0105 poddane naciskowi.<\/p>\n<p class=\"\" data-start=\"782\" data-end=\"1280\">Funkcja rewersyjna oznacza, \u017ce drzwi s\u0105 odblokowane w pozycji bez zasilania, co umo\u017cliwia ich szybkie otwarcie, je\u015bli zajdzie taka potrzeba.<\/p>\n<p class=\"\" data-start=\"782\" data-end=\"1280\">Ten zamek elektryczny bez styku t\u0142okowego idealnie nadaje si\u0119 do instalacji, w kt\u00f3rych styk t\u0142okowy nie jest wymagany.<\/p>\n<p class=\"\" data-start=\"782\" data-end=\"1280\">Wbudowana dioda zabezpieczaj\u0105ca zwi\u0119ksza bezpiecze\u0144stwo i sprawia, \u017ce jest to niezawodne rozwi\u0105zanie zar\u00f3wno dla nowych, jak i starszych system\u00f3w drzwiowych.<\/p>\n<p class=\"\" data-start=\"782\" data-end=\"1280\">Dzi\u0119ki wytrzyma\u0142o\u015bci na zerwanie wynosz\u0105cej 5 kN (ok. 500 kg) i mo\u017cliwo\u015bci otwierania si\u0119 pomimo nacisku ta\u015bmy do 40 kg, STEP 30 Preload oferuje zar\u00f3wno bezpiecze\u0144stwo, jak i niezawodno\u015b\u0107.<\/p>\n<p class=\"\" data-start=\"1282\" data-end=\"1297\"><strong data-start=\"1282\" data-end=\"1297\">W\u0142a\u015bciwo\u015bci:<\/strong><\/p>\n<ul data-start=\"1298\" data-end=\"1659\">\n<li class=\"\" data-start=\"1298\" data-end=\"1339\">\n<p class=\"\" data-start=\"1300\" data-end=\"1339\">Funkcja rewersu (blokada w trybie beznapi\u0119ciowym)<\/p>\n<\/li>\n<li class=\"\" data-start=\"1340\" data-end=\"1359\">\n<p class=\"\" data-start=\"1342\" data-end=\"1359\">Brak kontaktu z t\u0142okiem<\/p>\n<\/li>\n<li class=\"\" data-start=\"1360\" data-end=\"1398\">\n<p class=\"\" data-start=\"1362\" data-end=\"1398\">Wbudowana dioda zabezpieczaj\u0105ca dla wi\u0119kszego bezpiecze\u0144stwa<\/p>\n<\/li>\n<li class=\"\" data-start=\"1399\" data-end=\"1436\">\n<p class=\"\" data-start=\"1401\" data-end=\"1436\">Wytrzyma\u0142o\u015b\u0107 na zerwanie 5 kN (ok. 500 kg)<\/p>\n<\/li>\n<li class=\"\" data-start=\"1437\" data-end=\"1539\">\n<p class=\"\" data-start=\"1439\" data-end=\"1539\">Gwarantuje otwarcie pomimo nacisku ta\u015bmy do 0,4 kN (ok. 40 kg) zar\u00f3wno w ruchu do przodu, jak i do ty\u0142u<\/p>\n<\/li>\n<li class=\"\" data-start=\"1540\" data-end=\"1599\">\n<p class=\"\" data-start=\"1542\" data-end=\"1599\">Odporne na uderzenia i odwracalne, do drzwi prawych i lewych<\/p>\n<\/li>\n<li class=\"\" data-start=\"1600\" data-end=\"1642\">\n<p class=\"\" data-start=\"1602\" data-end=\"1642\">Nadaje si\u0119 do zamk\u00f3w jedno- i dwuskrzyd\u0142owych<\/p>\n<\/li>\n<li class=\"\" data-start=\"1643\" data-end=\"1659\">\n<p class=\"\" data-start=\"1645\" data-end=\"1659\">Kabel nie jest do\u0142\u0105czony<\/p>\n<\/li>\n<\/ul>\n<p class=\"\" data-start=\"1661\" data-end=\"1690\"><strong data-start=\"1661\" data-end=\"1690\">Dane techniczne:<\/strong><\/p>\n<ul data-start=\"1691\" data-end=\"2278\">\n<li class=\"\" data-start=\"1691\" data-end=\"1798\">\n<p class=\"\" data-start=\"1693\" data-end=\"1798\">Zasilanie: 24 V DC (+15% -10%) 110 mAh \/ maks. 300 mA lub 12 V DC (+15% -10%) 220 mAh \/ maks. 600 mA<\/p>\n<\/li>\n<li class=\"\" data-start=\"1799\" data-end=\"1839\">\n<p class=\"\" data-start=\"1801\" data-end=\"1839\">Trwa\u0142o\u015b\u0107: Klasa X zgodnie z norm\u0105 SS-EN 14846<\/p>\n<\/li>\n<li class=\"\" data-start=\"1840\" data-end=\"1879\">\n<p class=\"\" data-start=\"1842\" data-end=\"1879\">Korozja: Stopie\u0144 M zgodnie z norm\u0105 SS-EN 14846<\/p>\n<\/li>\n<li class=\"\" data-start=\"1880\" data-end=\"1918\">\n<p class=\"\" data-start=\"1882\" data-end=\"1918\">Bezpiecze\u0144stwo: Stopie\u0144 3 zgodnie z norm\u0105 SS-EN 14846<\/p>\n<\/li>\n<li class=\"\" data-start=\"1919\" data-end=\"1944\">\n<p class=\"\" data-start=\"1921\" data-end=\"1944\">Wytrzyma\u0142o\u015b\u0107 na zerwanie: 500 kg<\/p>\n<\/li>\n<li class=\"\" data-start=\"1945\" data-end=\"1975\">\n<p class=\"\" data-start=\"1947\" data-end=\"1975\">Zawiasy drzwi: Prawe, Lewe<\/p>\n<\/li>\n<li class=\"\" data-start=\"1976\" data-end=\"1994\">\n<p class=\"\" data-start=\"1978\" data-end=\"1994\">Nacisk ta\u015bmy: 40 kg<\/p>\n<\/li>\n<li class=\"\" data-start=\"1995\" data-end=\"2030\">\n<p class=\"\" data-start=\"1997\" data-end=\"2030\">Typ zamka: Zamek z pojedynczym zatrzaskiem, Zamek z podw\u00f3jnym zatrzaskiem<\/p>\n<\/li>\n<li class=\"\" data-start=\"2031\" data-end=\"2086\">\n<p class=\"\" data-start=\"2033\" data-end=\"2086\">Wymiary produktu: Szeroko\u015b\u0107: 20,5 mm, G\u0142\u0119boko\u015b\u0107: 28 mm, Wysoko\u015b\u0107: 99 mm<\/p>\n<\/li>\n<li class=\"\" data-start=\"2087\" data-end=\"2105\">\n<p class=\"\" data-start=\"2089\" data-end=\"2105\">Styk t\u0142oka: Nie<\/p>\n<\/li>\n<li class=\"\" data-start=\"2106\" data-end=\"2126\">\n<p class=\"\" data-start=\"2108\" data-end=\"2126\">Napi\u0119cie AC\/DC: DC<\/p>\n<\/li>\n<li class=\"\" data-start=\"2127\" data-end=\"2149\">\n<p class=\"\" data-start=\"2129\" data-end=\"2149\">Maksymalne napi\u0119cie: 13,8 V<\/p>\n<\/li>\n<li class=\"\" data-start=\"2150\" data-end=\"2172\">\n<p class=\"\" data-start=\"2152\" data-end=\"2172\">Napi\u0119cie min: 10,8 V<\/p>\n<\/li>\n<li class=\"\" data-start=\"2173\" data-end=\"2201\">\n<p class=\"\" data-start=\"2175\" data-end=\"2201\">Kolor\/Wyko\u0144czenie: Stal nierdzewna<\/p>\n<\/li>\n<li class=\"\" data-start=\"2202\" data-end=\"2222\">\n<p class=\"\" data-start=\"2204\" data-end=\"2222\">Oceniony produkt budowlany: Tak<\/p>\n<\/li>\n<li class=\"\" data-start=\"2223\" data-end=\"2244\">\n<p class=\"\" data-start=\"2225\" data-end=\"2244\">Zweryfikowano przez EPD: Nie<\/p>\n<\/li>\n<li class=\"\" data-start=\"2245\" data-end=\"2257\">\n<p class=\"\" data-start=\"2247\" data-end=\"2257\">FINFO: Nie<\/p>\n<\/li>\n<li class=\"\" data-start=\"2258\" data-end=\"2278\">\n<p class=\"\" data-start=\"2260\" data-end=\"2278\">SundaHouse oceni\u0142(a): Tak<\/p>\n<\/li>\n<\/ul>","protected":false},"excerpt":{"rendered":"<p>Tutaj mo\u017cesz zobaczy\u0107, kt\u00f3re s\u0142upki i modele pasuj\u0105 do siebie z asortymentu elektrycznych ogranicznik\u00f3w drzwi STEP.<\/p>\n<h5><strong><a href=\"https:\/\/steplock.com\/sv\/stolpguide\/#!?lang=sv&amp;blog_id=1&amp;paged=1&amp;number=50\" target=\"_blank\" rel=\"noopener\">Przewodnik po STEP Post\u00a0<\/a><\/strong><\/h5>\n<h5><strong><a href=\"https:\/\/steplock.com\/sv\/projekteringsguide\/#!?lang=sv&amp;blog_id=1&amp;paged=1&amp;number=999\" target=\"_blank\" rel=\"noopener\">Przewodnik projektowy STEP<\/a><\/strong><\/h5>","protected":false},"featured_media":139712,"template":"","meta":{"_acf_changed":false},"product_brand":[],"product_cat":[3355],"product_tag":[4198,4201],"class_list":{"0":"post-139713","1":"product","2":"type-product","3":"status-publish","4":"has-post-thumbnail","6":"product_cat-elslutbleck","7":"product_tag-12v","8":"product_tag-omvand","9":"product_shipping_class-tunga-paket","10":"pa_brands-step","11":"tm-no-options","13":"first","14":"onbackorder","15":"sale","16":"taxable","17":"shipping-taxable","18":"purchasable","19":"product-type-simple"},"acf":[],"_links":{"self":[{"href":"https:\/\/secureus.se\/pl\/wp-json\/wp\/v2\/product\/139713","targetHints":{"allow":["GET"]}}],"collection":[{"href":"https:\/\/secureus.se\/pl\/wp-json\/wp\/v2\/product"}],"about":[{"href":"https:\/\/secureus.se\/pl\/wp-json\/wp\/v2\/types\/product"}],"wp:featuredmedia":[{"embeddable":true,"href":"https:\/\/secureus.se\/pl\/wp-json\/wp\/v2\/media\/139712"}],"wp:attachment":[{"href":"https:\/\/secureus.se\/pl\/wp-json\/wp\/v2\/media?parent=139713"}],"wp:term":[{"taxonomy":"product_brand","embeddable":true,"href":"https:\/\/secureus.se\/pl\/wp-json\/wp\/v2\/product_brand?post=139713"},{"taxonomy":"product_cat","embeddable":true,"href":"https:\/\/secureus.se\/pl\/wp-json\/wp\/v2\/product_cat?post=139713"},{"taxonomy":"product_tag","embeddable":true,"href":"https:\/\/secureus.se\/pl\/wp-json\/wp\/v2\/product_tag?post=139713"}],"curies":[{"name":"wp","href":"https:\/\/api.w.org\/{rel}","templated":true}]}}