{"id":139728,"date":"2023-09-26T13:06:34","date_gmt":"2023-09-26T11:06:34","guid":{"rendered":"https:\/\/secureus.se\/elslutbleck-step-30-omstallbar-12v\/"},"modified":"2026-03-26T10:00:56","modified_gmt":"2026-03-26T09:00:56","slug":"elslutbleck-step-30-omstallbar-12v","status":"publish","type":"product","link":"https:\/\/secureus.se\/pl\/elslutbleck-step-30-omstallbar-12v\/","title":{"rendered":"Elektryczna listwa przy\u0142\u0105czeniowa STEP 30 Prze\u0142\u0105czana 12V"},"content":{"rendered":"<h1>Elektryczna listwa przy\u0142\u0105czeniowa STEP 30 Prze\u0142\u0105czana 12V<\/h1>\n<p>Elektrozaczep STEP 30 Preload to minimalny elektrozaczep, kt\u00f3ry gwarantuje niezawodn\u0105 prac\u0119 drzwi zar\u00f3wno w starszych, jak i nowych systemach drzwiowych.<\/p>\n<p>Wyposa\u017cone w technologi\u0119 docisku ta\u015bmy i wytrzyma\u0142o\u015b\u0107 na rozerwanie do 500 kg, otwieraj\u0105 si\u0119 nawet przy nacisku do 40 kg.<\/p>\n<p class=\"\" data-start=\"401\" data-end=\"752\">Elektrozaczep STEP 30 Preload to optymalny wyb\u00f3r w celu wymiany istniej\u0105cych prostych elektrozaczep\u00f3w i stworzenia niezawodnego \u015brodowiska drzwiowego, nawet w starszych sekcjach drzwiowych i wn\u0119kach.<\/p>\n<p class=\"\" data-start=\"401\" data-end=\"752\">Dzi\u0119ki kompaktowej konstrukcji i opatentowanej przez STEP technologii docisku paskowego, drzwi STEP 30 zawsze b\u0119d\u0105 mog\u0142y zosta\u0107 otwarte, nawet przy nacisku do 40 kg.<\/p>\n<p class=\"\" data-start=\"754\" data-end=\"1074\">Ten zamek elektryczny o wytrzyma\u0142o\u015bci na zerwanie 5 kN (ok. 500 kg) nale\u017cy do serii Preload firmy STEP, co czyni go idealnym rozwi\u0105zaniem do miejsc, w kt\u00f3rych wymagana jest du\u017ca cz\u0119stotliwo\u015b\u0107 otwierania i niezawodno\u015b\u0107 dzia\u0142ania.<\/p>\n<p class=\"\" data-start=\"754\" data-end=\"1074\">Urz\u0105dzenie STEP 30 mo\u017cna \u0142atwo zamontowa\u0107 zar\u00f3wno w trybie otwierania do przodu, jak i do ty\u0142u. Jest ono zaprojektowane tak, aby pasowa\u0142o zar\u00f3wno do drzwi prawo-, jak i lewoskr\u0119tnych.<\/p>\n<p class=\"\" data-start=\"1076\" data-end=\"1091\"><strong data-start=\"1076\" data-end=\"1091\">W\u0142a\u015bciwo\u015bci:<\/strong><\/p>\n<ul data-start=\"1092\" data-end=\"1430\">\n<li class=\"\" data-start=\"1092\" data-end=\"1171\">\n<p class=\"\" data-start=\"1094\" data-end=\"1171\">Mo\u017cliwo\u015b\u0107 prze\u0142\u0105czania funkcji do przodu lub do ty\u0142u (blokada lub odblokowanie w trybie bez zasilania)<\/p>\n<\/li>\n<li class=\"\" data-start=\"1172\" data-end=\"1190\">\n<p class=\"\" data-start=\"1174\" data-end=\"1190\">Styk t\u0142oka: Nie<\/p>\n<\/li>\n<li class=\"\" data-start=\"1191\" data-end=\"1229\">\n<p class=\"\" data-start=\"1193\" data-end=\"1229\">Wbudowana dioda zabezpieczaj\u0105ca dla wi\u0119kszego bezpiecze\u0144stwa<\/p>\n<\/li>\n<li class=\"\" data-start=\"1230\" data-end=\"1267\">\n<p class=\"\" data-start=\"1232\" data-end=\"1267\">Wytrzyma\u0142o\u015b\u0107 na zerwanie 5 kN (ok. 500 kg)<\/p>\n<\/li>\n<li class=\"\" data-start=\"1268\" data-end=\"1370\">\n<p class=\"\" data-start=\"1270\" data-end=\"1370\">Gwarantuje otwarcie pomimo nacisku ta\u015bmy do 0,4 kN (ok. 40 kg) zar\u00f3wno w ruchu do przodu, jak i do ty\u0142u<\/p>\n<\/li>\n<li class=\"\" data-start=\"1371\" data-end=\"1430\">\n<p class=\"\" data-start=\"1373\" data-end=\"1430\">Odporne na uderzenia i odwracalne, do drzwi prawych i lewych<\/p>\n<\/li>\n<\/ul>\n<p class=\"\" data-start=\"1432\" data-end=\"1461\"><strong data-start=\"1432\" data-end=\"1461\">Dane techniczne:<\/strong><\/p>\n<ul data-start=\"1462\" data-end=\"1955\">\n<li class=\"\" data-start=\"1462\" data-end=\"1491\">\n<p class=\"\" data-start=\"1464\" data-end=\"1491\">Maksymalna wytrzyma\u0142o\u015b\u0107 na zerwanie: 500 kg<\/p>\n<\/li>\n<li class=\"\" data-start=\"1492\" data-end=\"1522\">\n<p class=\"\" data-start=\"1494\" data-end=\"1522\">Zawiasy drzwi: Prawe, Lewe<\/p>\n<\/li>\n<li class=\"\" data-start=\"1523\" data-end=\"1541\">\n<p class=\"\" data-start=\"1525\" data-end=\"1541\">Kabel w zestawie: Nie<\/p>\n<\/li>\n<li class=\"\" data-start=\"1542\" data-end=\"1560\">\n<p class=\"\" data-start=\"1544\" data-end=\"1560\">Nacisk ta\u015bmy: 40 kg<\/p>\n<\/li>\n<li class=\"\" data-start=\"1561\" data-end=\"1596\">\n<p class=\"\" data-start=\"1563\" data-end=\"1596\">Typ zamka: Zamek z pojedynczym zatrzaskiem, Zamek z podw\u00f3jnym zatrzaskiem<\/p>\n<\/li>\n<li class=\"\" data-start=\"1597\" data-end=\"1621\">\n<p class=\"\" data-start=\"1599\" data-end=\"1621\">Szeroko\u015b\u0107 produktu: 20,5 mm<\/p>\n<\/li>\n<li class=\"\" data-start=\"1622\" data-end=\"1642\">\n<p class=\"\" data-start=\"1624\" data-end=\"1642\">Oceniony produkt budowlany: Tak<\/p>\n<\/li>\n<li class=\"\" data-start=\"1643\" data-end=\"1664\">\n<p class=\"\" data-start=\"1645\" data-end=\"1664\">G\u0142\u0119boko\u015b\u0107 produktu: 28 mm<\/p>\n<\/li>\n<li class=\"\" data-start=\"1665\" data-end=\"1693\">\n<p class=\"\" data-start=\"1667\" data-end=\"1693\">Napi\u0119cie robocze 12V\/24V: 12V<\/p>\n<\/li>\n<li class=\"\" data-start=\"1694\" data-end=\"1716\">\n<p class=\"\" data-start=\"1696\" data-end=\"1716\">Podw\u00f3jny skr\u0119t drop: Nie<\/p>\n<\/li>\n<li class=\"\" data-start=\"1717\" data-end=\"1738\">\n<p class=\"\" data-start=\"1719\" data-end=\"1738\">Zweryfikowano przez EPD: Nie<\/p>\n<\/li>\n<li class=\"\" data-start=\"1739\" data-end=\"1751\">\n<p class=\"\" data-start=\"1741\" data-end=\"1751\">FINFO: Nie<\/p>\n<\/li>\n<li class=\"\" data-start=\"1752\" data-end=\"1780\">\n<p class=\"\" data-start=\"1754\" data-end=\"1780\">Kolor\/Wyko\u0144czenie: Stal nierdzewna<\/p>\n<\/li>\n<li class=\"\" data-start=\"1781\" data-end=\"1802\">\n<p class=\"\" data-start=\"1783\" data-end=\"1802\">Wysoko\u015b\u0107 produktu: 99 mm<\/p>\n<\/li>\n<li class=\"\" data-start=\"1803\" data-end=\"1821\">\n<p class=\"\" data-start=\"1805\" data-end=\"1821\">Styk t\u0142oka: Nie<\/p>\n<\/li>\n<li class=\"\" data-start=\"1822\" data-end=\"1867\">\n<p class=\"\" data-start=\"1824\" data-end=\"1867\">Do przodu\/do ty\u0142u: Prze\u0142\u0105czany do przodu\/do ty\u0142u<\/p>\n<\/li>\n<li class=\"\" data-start=\"1868\" data-end=\"1888\">\n<p class=\"\" data-start=\"1870\" data-end=\"1888\">Napi\u0119cie AC\/DC: DC<\/p>\n<\/li>\n<li class=\"\" data-start=\"1889\" data-end=\"1911\">\n<p class=\"\" data-start=\"1891\" data-end=\"1911\">Maksymalne napi\u0119cie: 13,8 V<\/p>\n<\/li>\n<li class=\"\" data-start=\"1912\" data-end=\"1934\">\n<p class=\"\" data-start=\"1914\" data-end=\"1934\">Napi\u0119cie min: 10,8 V<\/p>\n<\/li>\n<li class=\"\" data-start=\"1935\" data-end=\"1955\">\n<p class=\"\" data-start=\"1937\" data-end=\"1955\">SundaHouse oceni\u0142(a): Tak<\/p>\n<\/li>\n<\/ul>\n<div>\n<p>&nbsp;<\/p>\n<\/div>","protected":false},"excerpt":{"rendered":"<p>Tutaj mo\u017cesz zobaczy\u0107, kt\u00f3re s\u0142upki i modele pasuj\u0105 do siebie z asortymentu elektrycznych ogranicznik\u00f3w drzwi STEP.<\/p>\n<h5><strong><a href=\"https:\/\/steplock.com\/sv\/stolpguide\/#!?lang=sv&amp;blog_id=1&amp;paged=1&amp;number=50\" target=\"_blank\" rel=\"noopener\">Przewodnik po STEP Post\u00a0<\/a><\/strong><\/h5>\n<h5><strong><a href=\"https:\/\/steplock.com\/sv\/projekteringsguide\/#!?lang=sv&amp;blog_id=1&amp;paged=1&amp;number=999\" target=\"_blank\" rel=\"noopener\">Przewodnik projektowy STEP<\/a><\/strong><\/h5>","protected":false},"featured_media":139726,"template":"","meta":{"_acf_changed":false},"product_brand":[],"product_cat":[3355],"product_tag":[4198,4202],"class_list":{"0":"post-139728","1":"product","2":"type-product","3":"status-publish","4":"has-post-thumbnail","6":"product_cat-elslutbleck","7":"product_tag-12v","8":"product_tag-omstallbar-rattvand-omvand","9":"product_shipping_class-tunga-paket","10":"pa_brands-step","11":"tm-no-options","13":"first","14":"onbackorder","15":"sale","16":"taxable","17":"shipping-taxable","18":"purchasable","19":"product-type-simple"},"acf":[],"_links":{"self":[{"href":"https:\/\/secureus.se\/pl\/wp-json\/wp\/v2\/product\/139728","targetHints":{"allow":["GET"]}}],"collection":[{"href":"https:\/\/secureus.se\/pl\/wp-json\/wp\/v2\/product"}],"about":[{"href":"https:\/\/secureus.se\/pl\/wp-json\/wp\/v2\/types\/product"}],"wp:featuredmedia":[{"embeddable":true,"href":"https:\/\/secureus.se\/pl\/wp-json\/wp\/v2\/media\/139726"}],"wp:attachment":[{"href":"https:\/\/secureus.se\/pl\/wp-json\/wp\/v2\/media?parent=139728"}],"wp:term":[{"taxonomy":"product_brand","embeddable":true,"href":"https:\/\/secureus.se\/pl\/wp-json\/wp\/v2\/product_brand?post=139728"},{"taxonomy":"product_cat","embeddable":true,"href":"https:\/\/secureus.se\/pl\/wp-json\/wp\/v2\/product_cat?post=139728"},{"taxonomy":"product_tag","embeddable":true,"href":"https:\/\/secureus.se\/pl\/wp-json\/wp\/v2\/product_tag?post=139728"}],"curies":[{"name":"wp","href":"https:\/\/api.w.org\/{rel}","templated":true}]}}