{"id":139731,"date":"2023-09-26T13:07:58","date_gmt":"2023-09-26T11:07:58","guid":{"rendered":"https:\/\/secureus.se\/elslutbleck-step-90-rattvand-12v\/"},"modified":"2026-03-26T09:48:52","modified_gmt":"2026-03-26T08:48:52","slug":"elslutbleck-step-90-rattvand-12v","status":"publish","type":"product","link":"https:\/\/secureus.se\/pl\/elslutbleck-step-90-rattvand-12v\/","title":{"rendered":"Listwa zaciskowa elektryczna STEP 90 Prawa strona 12V"},"content":{"rendered":"<h1>Listwa zaciskowa elektryczna STEP 90 Prawa strona 12V<\/h1>\n<p>STEP 90 Preload to ognioodporny zamek elektryczny o kompaktowej konstrukcji, z funkcj\u0105 otwierania do przodu. Idealne dla \u015brodowisk, w kt\u00f3rych wymagane jest wysokie bezpiecze\u0144stwo i niezawodno\u015b\u0107 przy zamykaniu drzwi w ci\u0105gu dnia.<\/p>\n<p class=\"\" data-start=\"244\" data-end=\"625\">Elektrozaczep STEP 90 Preload z funkcj\u0105 otwierania w prawo to niezawodne i bezpieczne rozwi\u0105zanie dla drzwi, w kt\u00f3rych bezpieczne zamykanie \u0142\u0105czy si\u0119 z wymogami dotycz\u0105cymi odporno\u015bci ogniowej i du\u017c\u0105 cz\u0119stotliwo\u015bci\u0105 otwierania.<\/p>\n<p class=\"\" data-start=\"244\" data-end=\"625\">Dzi\u0119ki kompaktowej konstrukcji blach\u0119 mo\u017cna \u0142atwo zamontowa\u0107 nawet w ciasnych miejscach, co czyni j\u0105 doskona\u0142ym wyborem w przypadku modernizacji istniej\u0105cych drzwi.<\/p>\n<p class=\"\" data-start=\"627\" data-end=\"900\">Produkt jest cz\u0119\u015bci\u0105 serii Preload firmy STEP i jest wyposa\u017cony w opatentowan\u0105 technologi\u0119 formowania HPR\u00ae.<\/p>\n<p class=\"\" data-start=\"627\" data-end=\"900\">Umo\u017cliwia bezpieczne otwieranie nawet przy nacisku ta\u015bmy do 250 kg, co ma kluczowe znaczenie w przypadku drzwi z ta\u015bmami uszczelniaj\u0105cymi lub naciskiem automatycznej automatyki drzwiowej.<\/p>\n<p class=\"\" data-start=\"902\" data-end=\"1268\">STEP 90 posiada atest ognioodporno\u015bci do E\/EI 120 zgodnie z norm\u0105 SS-EN 14846:2008 i zosta\u0142 przetestowany pod k\u0105tem wytrzyma\u0142o\u015bci na zerwanie o sile 1200 kg.<\/p>\n<p class=\"\" data-start=\"902\" data-end=\"1268\">Funkcja skierowania w prawo oznacza, \u017ce panel jest zablokowany w pozycji od\u0142\u0105czonej od zasilania, co jest standardem w instalacjach o znaczeniu krytycznym dla bezpiecze\u0144stwa.<\/p>\n<p class=\"\" data-start=\"902\" data-end=\"1268\">Produkt jest dwustronny i pasuje zar\u00f3wno do drzwi prawych, jak i lewoskr\u0119tnych, a tak\u017ce do obud\u00f3w zamk\u00f3w z serii Connect, Modul i Narrow Profile.<\/p>\n<p class=\"\" data-start=\"1270\" data-end=\"1296\"><strong data-start=\"1270\" data-end=\"1296\">Cechy i korzy\u015bci:<\/strong><\/p>\n<ul data-start=\"1297\" data-end=\"1529\">\n<li class=\"\" data-start=\"1297\" data-end=\"1340\">\n<p class=\"\" data-start=\"1299\" data-end=\"1340\">Funkcja skierowana w prawo (zablokowana w trybie bez zasilania)<\/p>\n<\/li>\n<li class=\"\" data-start=\"1341\" data-end=\"1381\">\n<p class=\"\" data-start=\"1343\" data-end=\"1381\">Klasa ogniowa E\/EI 120 zgodnie z norm\u0105 SS-EN 14846<\/p>\n<\/li>\n<li class=\"\" data-start=\"1382\" data-end=\"1425\">\n<p class=\"\" data-start=\"1384\" data-end=\"1425\">Technologia HPR\u00ae do druku paskowego do 250 kg<\/p>\n<\/li>\n<li class=\"\" data-start=\"1426\" data-end=\"1461\">\n<p class=\"\" data-start=\"1428\" data-end=\"1461\">Kompaktowe wymiary \u2013 \u0142atwa instalacja<\/p>\n<\/li>\n<li class=\"\" data-start=\"1462\" data-end=\"1494\">\n<p class=\"\" data-start=\"1464\" data-end=\"1494\">Odwracalna i odporna na uderzenia konstrukcja<\/p>\n<\/li>\n<li class=\"\" data-start=\"1495\" data-end=\"1529\">\n<p class=\"\" data-start=\"1497\" data-end=\"1529\">Do zamk\u00f3w z pojedynczym i podw\u00f3jnym zatrzaskiem<\/p>\n<\/li>\n<\/ul>\n<p class=\"\" data-start=\"1531\" data-end=\"1857\"><strong data-start=\"1531\" data-end=\"1560\">Dane techniczne:<\/strong><br data-start=\"1560\" data-end=\"1563\" \/>Napi\u0119cie robocze: 12 V DC (10,8-13,8 V)<br data-start=\"1599\" data-end=\"1602\" \/>Pob\u00f3r mocy: 220 mAh \/ maks. 600 mA<br data-start=\"1640\" data-end=\"1643\" \/>Wytrzyma\u0142o\u015b\u0107 na zerwanie: 1200 kg (12 kN)<br data-start=\"1675\" data-end=\"1678\" \/>Nacisk ta\u015bmy: 250 kg<br data-start=\"1695\" data-end=\"1698\" \/>Wymiary (szer. x g\u0142. x wys.): 25 x 28 x 90 mm<br data-start=\"1727\" data-end=\"1730\" \/>Typ zamka: Zamek z pojedynczym zatrzaskiem, Zamek z podw\u00f3jnym zatrzaskiem<br data-start=\"1763\" data-end=\"1766\" \/>Styk t\u0142oka: Nie<br data-start=\"1782\" data-end=\"1785\" \/>Kabel: Nie<br data-start=\"1795\" data-end=\"1798\" \/>Obr\u00f3bka powierzchni: Stal nierdzewna<br data-start=\"1819\" data-end=\"1822\" \/>Materia\u0142y budowlane ocenione i SundaHus ocenione: Tak<\/p>","protected":false},"excerpt":{"rendered":"<p>Tutaj mo\u017cesz zobaczy\u0107, kt\u00f3re s\u0142upki i modele pasuj\u0105 do siebie z asortymentu elektrycznych ogranicznik\u00f3w drzwi STEP.<\/p>\n<h5><strong><a href=\"https:\/\/steplock.com\/sv\/stolpguide\/#!?lang=sv&amp;blog_id=1&amp;paged=1&amp;number=50\" target=\"_blank\" rel=\"noopener\">Przewodnik po STEP Post\u00a0<\/a><\/strong><\/h5>\n<h5><strong><a href=\"https:\/\/steplock.com\/sv\/projekteringsguide\/#!?lang=sv&amp;blog_id=1&amp;paged=1&amp;number=999\" target=\"_blank\" rel=\"noopener\">Przewodnik projektowy STEP<\/a><\/strong><\/h5>","protected":false},"featured_media":139727,"template":"","meta":{"_acf_changed":false},"product_brand":[],"product_cat":[3355],"product_tag":[4198,4200],"class_list":{"0":"post-139731","1":"product","2":"type-product","3":"status-publish","4":"has-post-thumbnail","6":"product_cat-elslutbleck","7":"product_tag-12v","8":"product_tag-rattvand","9":"product_shipping_class-tunga-paket","10":"pa_brands-step","11":"tm-no-options","13":"first","14":"instock","15":"sale","16":"taxable","17":"shipping-taxable","18":"purchasable","19":"product-type-simple"},"acf":[],"_links":{"self":[{"href":"https:\/\/secureus.se\/pl\/wp-json\/wp\/v2\/product\/139731","targetHints":{"allow":["GET"]}}],"collection":[{"href":"https:\/\/secureus.se\/pl\/wp-json\/wp\/v2\/product"}],"about":[{"href":"https:\/\/secureus.se\/pl\/wp-json\/wp\/v2\/types\/product"}],"wp:featuredmedia":[{"embeddable":true,"href":"https:\/\/secureus.se\/pl\/wp-json\/wp\/v2\/media\/139727"}],"wp:attachment":[{"href":"https:\/\/secureus.se\/pl\/wp-json\/wp\/v2\/media?parent=139731"}],"wp:term":[{"taxonomy":"product_brand","embeddable":true,"href":"https:\/\/secureus.se\/pl\/wp-json\/wp\/v2\/product_brand?post=139731"},{"taxonomy":"product_cat","embeddable":true,"href":"https:\/\/secureus.se\/pl\/wp-json\/wp\/v2\/product_cat?post=139731"},{"taxonomy":"product_tag","embeddable":true,"href":"https:\/\/secureus.se\/pl\/wp-json\/wp\/v2\/product_tag?post=139731"}],"curies":[{"name":"wp","href":"https:\/\/api.w.org\/{rel}","templated":true}]}}