{"id":139754,"date":"2023-09-26T13:06:24","date_gmt":"2023-09-26T11:06:24","guid":{"rendered":"https:\/\/secureus.se\/elslutbleck-step-90-omvand-12v\/"},"modified":"2026-04-23T12:53:58","modified_gmt":"2026-04-23T10:53:58","slug":"elslutbleck-step-90-omvand-12v","status":"publish","type":"product","link":"https:\/\/secureus.se\/pl\/elslutbleck-step-90-omvand-12v\/","title":{"rendered":"Listwa przy\u0142\u0105czeniowa STEP 90 Reverse 12V"},"content":{"rendered":"<h1>Listwa przy\u0142\u0105czeniowa STEP 90 Reverse 12V<\/h1>\n<p class=\"\" data-start=\"120\" data-end=\"310\">Elektrozaczep STEP 90 Preload HPR to elektrozaczep przeciwpo\u017carowy o kompaktowej konstrukcji i wysokim poziomie bezpiecze\u0144stwa, idealny do stosowania w drzwiach o wysokich wymaganiach dotycz\u0105cych niezawodno\u015bci dzia\u0142ania.<\/p>\n<p class=\"\" data-start=\"312\" data-end=\"801\"><strong data-start=\"312\" data-end=\"332\">D\u0142ugi opis<\/strong>:<br data-start=\"333\" data-end=\"336\" \/>STEP 90 Preload HPR to ognioodporny zamek elektryczny o kompaktowej i trwa\u0142ej konstrukcji, zaprojektowany tak, aby zapewni\u0107 wysok\u0105 niezawodno\u015b\u0107 dzia\u0142ania i d\u0142ug\u0105 \u017cywotno\u015b\u0107.<\/p>\n<p class=\"\" data-start=\"312\" data-end=\"801\">Dzi\u0119ki opatentowanej technologii docisku listwowego drzwi mo\u017cna otworzy\u0107 nawet przy nacisku do 250 kg, co sprawia, \u017ce STEP 90 Preload jest elastycznym i niezawodnym wyborem.<\/p>\n<p class=\"\" data-start=\"312\" data-end=\"801\">Produkt posiada certyfikat odporno\u015bci ogniowej E\/EI120 zgodnie z norm\u0105 SS-EN 14846:2008 i jest szczeg\u00f3lnie przystosowany do drzwi o du\u017cej cz\u0119stotliwo\u015bci otwierania.<\/p>\n<p class=\"\" data-start=\"803\" data-end=\"1036\">Elektrozaczep jest odwracalny i pasuje zar\u00f3wno do drzwi prawo-, jak i lewoskrzyd\u0142owych, co u\u0142atwia jego monta\u017c.<\/p>\n<p class=\"\" data-start=\"803\" data-end=\"1036\">Dzi\u0119ki stykowi t\u0142okowemu system mo\u017cna zintegrowa\u0107 z systemami kontroli dost\u0119pu i systemami alarmowymi, aby wskaza\u0107, czy drzwi s\u0105 zamkni\u0119te\/otwarte.<\/p>\n<p class=\"\" data-start=\"1038\" data-end=\"1055\"><strong data-start=\"1038\" data-end=\"1052\">Charakterystyka<\/strong>:<\/p>\n<ul data-start=\"1056\" data-end=\"1478\">\n<li class=\"\" data-start=\"1056\" data-end=\"1099\">\n<p class=\"\" data-start=\"1058\" data-end=\"1099\">Funkcja rewersu (blokada w trybie beznapi\u0119ciowym)<\/p>\n<\/li>\n<li class=\"\" data-start=\"1100\" data-end=\"1162\">\n<p class=\"\" data-start=\"1102\" data-end=\"1162\">Ognioodporno\u015b\u0107 do F (E\/EI 120) zgodnie z norm\u0105 SS-EN 14846:2008<\/p>\n<\/li>\n<li class=\"\" data-start=\"1163\" data-end=\"1220\">\n<p class=\"\" data-start=\"1165\" data-end=\"1220\">Wska\u017anik wykrycia stanu drzwi (zamkni\u0119te\/otwarte)<\/p>\n<\/li>\n<li class=\"\" data-start=\"1221\" data-end=\"1259\">\n<p class=\"\" data-start=\"1223\" data-end=\"1259\">Wytrzyma\u0142o\u015b\u0107 na zerwanie 1200 kg (ok. 12 kN)<\/p>\n<\/li>\n<li class=\"\" data-start=\"1260\" data-end=\"1336\">\n<p class=\"\" data-start=\"1262\" data-end=\"1336\">Technologia HPR\u00ae gwarantuj\u0105ca otwarcie pomimo nacisku ta\u015bmy wynosz\u0105cego 250 kg (ok. 2,5 kN)<\/p>\n<\/li>\n<li class=\"\" data-start=\"1337\" data-end=\"1352\">\n<p class=\"\" data-start=\"1339\" data-end=\"1352\">Antystukowy<\/p>\n<\/li>\n<li class=\"\" data-start=\"1353\" data-end=\"1393\">\n<p class=\"\" data-start=\"1355\" data-end=\"1393\">Mo\u017cliwo\u015b\u0107 odwr\u00f3cenia do drzwi prawych i lewych<\/p>\n<\/li>\n<li class=\"\" data-start=\"1394\" data-end=\"1478\">\n<p class=\"\" data-start=\"1396\" data-end=\"1478\">Pasuje do skrzynek zamk\u00f3w z pojedynczym i podw\u00f3jnym zatrzaskiem z serii Connect, Modul i Narrow Profile<\/p>\n<\/li>\n<\/ul>\n<p class=\"\" data-start=\"1480\" data-end=\"1511\"><strong data-start=\"1480\" data-end=\"1508\">Specyfikacje techniczne<\/strong>:<\/p>\n<ul data-start=\"1512\" data-end=\"2105\">\n<li class=\"\" data-start=\"1512\" data-end=\"1548\">\n<p class=\"\" data-start=\"1514\" data-end=\"1548\"><strong data-start=\"1514\" data-end=\"1537\">Si\u0142a zrywaj\u0105ca maks<\/strong>: 1200 kg<\/p>\n<\/li>\n<li class=\"\" data-start=\"1549\" data-end=\"1585\">\n<p class=\"\" data-start=\"1551\" data-end=\"1585\"><strong data-start=\"1551\" data-end=\"1567\">Wisz\u0105ce drzwi<\/strong>:Prawo, Lewo<\/p>\n<\/li>\n<li class=\"\" data-start=\"1586\" data-end=\"1610\">\n<p class=\"\" data-start=\"1588\" data-end=\"1610\"><strong data-start=\"1588\" data-end=\"1603\">Kabel w zestawie<\/strong>: NIE<\/p>\n<\/li>\n<li class=\"\" data-start=\"1611\" data-end=\"1636\">\n<p class=\"\" data-start=\"1613\" data-end=\"1636\"><strong data-start=\"1613\" data-end=\"1626\">Drukowanie listy<\/strong>: 250 kg<\/p>\n<\/li>\n<li class=\"\" data-start=\"1637\" data-end=\"1678\">\n<p class=\"\" data-start=\"1639\" data-end=\"1678\"><strong data-start=\"1639\" data-end=\"1649\">Typ zamka<\/strong>: Zamek z pojedyncz\u0105 zapadk\u0105, Zamek z podw\u00f3jn\u0105 zapadk\u0105<\/p>\n<\/li>\n<li class=\"\" data-start=\"1679\" data-end=\"1707\">\n<p class=\"\" data-start=\"1681\" data-end=\"1707\"><strong data-start=\"1681\" data-end=\"1698\">Szeroki produkt<\/strong>: 25 mm<\/p>\n<\/li>\n<li class=\"\" data-start=\"1708\" data-end=\"1734\">\n<p class=\"\" data-start=\"1710\" data-end=\"1734\"><strong data-start=\"1710\" data-end=\"1728\">Oceniono materia\u0142y budowlane<\/strong>: Tak<\/p>\n<\/li>\n<li class=\"\" data-start=\"1735\" data-end=\"1762\">\n<p class=\"\" data-start=\"1737\" data-end=\"1762\"><strong data-start=\"1737\" data-end=\"1753\">G\u0142\u0119boki produkt<\/strong>: 28mm<\/p>\n<\/li>\n<li class=\"\" data-start=\"1763\" data-end=\"1797\">\n<p class=\"\" data-start=\"1765\" data-end=\"1797\"><strong data-start=\"1765\" data-end=\"1790\">Napi\u0119cie robocze 12V\/24V<\/strong>: 12 V<\/p>\n<\/li>\n<li class=\"\" data-start=\"1798\" data-end=\"1826\">\n<p class=\"\" data-start=\"1800\" data-end=\"1826\"><strong data-start=\"1800\" data-end=\"1819\">Podw\u00f3jne zakr\u0119cane etui<\/strong>: NIE<\/p>\n<\/li>\n<li class=\"\" data-start=\"1827\" data-end=\"1854\">\n<p class=\"\" data-start=\"1829\" data-end=\"1854\"><strong data-start=\"1829\" data-end=\"1847\">Zweryfikowano przez EPD<\/strong>: NIE<\/p>\n<\/li>\n<li class=\"\" data-start=\"1855\" data-end=\"1873\">\n<p class=\"\" data-start=\"1857\" data-end=\"1873\"><strong data-start=\"1857\" data-end=\"1866\">DOBRA INFORMACJA<\/strong>: NIE<\/p>\n<\/li>\n<li class=\"\" data-start=\"1874\" data-end=\"1908\">\n<p class=\"\" data-start=\"1876\" data-end=\"1908\"><strong data-start=\"1876\" data-end=\"1897\">Kolor\/Obr\u00f3bka powierzchni<\/strong>:Stal nierdzewna<\/p>\n<\/li>\n<li class=\"\" data-start=\"1909\" data-end=\"1936\">\n<p class=\"\" data-start=\"1911\" data-end=\"1936\"><strong data-start=\"1911\" data-end=\"1927\">Podwy\u017cszony produkt<\/strong>: 90mm<\/p>\n<\/li>\n<li class=\"\" data-start=\"1937\" data-end=\"1961\">\n<p class=\"\" data-start=\"1939\" data-end=\"1961\"><strong data-start=\"1939\" data-end=\"1954\">Z\u0142\u0105cze t\u0142okowe<\/strong>: NIE<\/p>\n<\/li>\n<li class=\"\" data-start=\"1962\" data-end=\"1993\">\n<p class=\"\" data-start=\"1964\" data-end=\"1993\"><strong data-start=\"1964\" data-end=\"1983\">W prawo\/wstecz<\/strong>: Odwraca\u0107<\/p>\n<\/li>\n<li class=\"\" data-start=\"1994\" data-end=\"2020\">\n<p class=\"\" data-start=\"1996\" data-end=\"2020\"><strong data-start=\"1996\" data-end=\"2014\">Napi\u0119cie AC\/DC<\/strong>:DC<\/p>\n<\/li>\n<li class=\"\" data-start=\"2021\" data-end=\"2049\">\n<p class=\"\" data-start=\"2023\" data-end=\"2049\"><strong data-start=\"2023\" data-end=\"2039\">Napi\u0119cie maks<\/strong>: 13,8 V<\/p>\n<\/li>\n<li class=\"\" data-start=\"2050\" data-end=\"2078\">\n<p class=\"\" data-start=\"2052\" data-end=\"2078\"><strong data-start=\"2052\" data-end=\"2068\">Napi\u0119cie min<\/strong>: 10,8 V<\/p>\n<\/li>\n<li class=\"\" data-start=\"2079\" data-end=\"2105\">\n<p class=\"\" data-start=\"2081\" data-end=\"2105\"><strong data-start=\"2081\" data-end=\"2099\">Ocena SundaHouse<\/strong>: Tak<\/p>\n<\/li>\n<\/ul>","protected":false},"excerpt":{"rendered":"<p>Tutaj mo\u017cesz zobaczy\u0107, kt\u00f3re s\u0142upki i modele pasuj\u0105 do siebie z asortymentu elektrycznych ogranicznik\u00f3w drzwi STEP.<\/p>\n<h5><strong><a href=\"https:\/\/steplock.com\/sv\/stolpguide\/#!?lang=sv&amp;blog_id=1&amp;paged=1&amp;number=50\" target=\"_blank\" rel=\"noopener\">Przewodnik po STEP Post\u00a0<\/a><\/strong><\/h5>\n<h5><strong><a href=\"https:\/\/steplock.com\/sv\/projekteringsguide\/#!?lang=sv&amp;blog_id=1&amp;paged=1&amp;number=999\" target=\"_blank\" rel=\"noopener\">Przewodnik projektowy STEP<\/a><\/strong><\/h5>","protected":false},"featured_media":139745,"template":"","meta":{"_acf_changed":false},"product_brand":[],"product_cat":[3355],"product_tag":[4198,4201],"class_list":{"0":"post-139754","1":"product","2":"type-product","3":"status-publish","4":"has-post-thumbnail","6":"product_cat-elslutbleck","7":"product_tag-12v","8":"product_tag-omvand","9":"product_shipping_class-tunga-paket","10":"pa_brands-step","11":"tm-no-options","13":"first","14":"onbackorder","15":"sale","16":"taxable","17":"shipping-taxable","18":"purchasable","19":"product-type-simple"},"acf":[],"_links":{"self":[{"href":"https:\/\/secureus.se\/pl\/wp-json\/wp\/v2\/product\/139754","targetHints":{"allow":["GET"]}}],"collection":[{"href":"https:\/\/secureus.se\/pl\/wp-json\/wp\/v2\/product"}],"about":[{"href":"https:\/\/secureus.se\/pl\/wp-json\/wp\/v2\/types\/product"}],"wp:featuredmedia":[{"embeddable":true,"href":"https:\/\/secureus.se\/pl\/wp-json\/wp\/v2\/media\/139745"}],"wp:attachment":[{"href":"https:\/\/secureus.se\/pl\/wp-json\/wp\/v2\/media?parent=139754"}],"wp:term":[{"taxonomy":"product_brand","embeddable":true,"href":"https:\/\/secureus.se\/pl\/wp-json\/wp\/v2\/product_brand?post=139754"},{"taxonomy":"product_cat","embeddable":true,"href":"https:\/\/secureus.se\/pl\/wp-json\/wp\/v2\/product_cat?post=139754"},{"taxonomy":"product_tag","embeddable":true,"href":"https:\/\/secureus.se\/pl\/wp-json\/wp\/v2\/product_tag?post=139754"}],"curies":[{"name":"wp","href":"https:\/\/api.w.org\/{rel}","templated":true}]}}