{"id":139766,"date":"2023-09-26T13:06:14","date_gmt":"2023-09-26T11:06:14","guid":{"rendered":"https:\/\/secureus.se\/elslutbleck-step-18-vanster-rattvand-12v-for-assa-511\/"},"modified":"2026-03-26T09:59:58","modified_gmt":"2026-03-26T08:59:58","slug":"elslutbleck-step-18-vanster-rattvand-12v-for-assa-511","status":"publish","type":"product","link":"https:\/\/secureus.se\/pl\/elslutbleck-step-18-vanster-rattvand-12v-for-assa-511\/","title":{"rendered":"Elektryczna p\u0142yta ko\u0144cowa STEP 18 Lewa Prawa, 12 V dla Assa 511"},"content":{"rendered":"<h1>Elektryczna p\u0142yta ko\u0144cowa STEP 18 Lewa Prawa, 12 V dla Assa 511<\/h1>\n<p>Elektrozaczep STEP 18 Secure zapewnia wysoki poziom bezpiecze\u0144stwa w\u0142amaniowego i posiada atest przeciwpo\u017carowy. Przeznaczony do zamka hakowego Assa 511 z t\u0142okiem 10 mm, odpowiedni do drzwi antyw\u0142amaniowych.<\/p>\n<p class=\"\" data-start=\"355\" data-end=\"752\">STEP 18 Secure to zamek elektryczny o wysokim poziomie bezpiecze\u0144stwa, przeznaczony do monta\u017cu w drzwiach o du\u017cej liczbie wej\u015b\u0107 i wyj\u015b\u0107, np. w wi\u0119zieniach i bankach.<\/p>\n<p class=\"\" data-start=\"355\" data-end=\"752\">Zamek jest dopuszczony do zamykania drzwi antyw\u0142amaniowych do klasy RC4 i posiada atest ognioodporno\u015bci do E\/EI 60. STEP 18 Secure nadaje si\u0119 szczeg\u00f3lnie do drzwi wymagaj\u0105cych ewakuacji oraz drzwi, kt\u00f3re musz\u0105 wytrzyma\u0107 cz\u0119ste i szybkie otwieranie.<\/p>\n<p class=\"\" data-start=\"754\" data-end=\"1156\">Do zamka ryglowego Assa 511 z t\u0142okiem 10 mm, z funkcj\u0105 prawoskr\u0119tn\u0105 (blokada w pozycji bez zasilania).<\/p>\n<p class=\"\" data-start=\"754\" data-end=\"1156\">Zapewnia wysokie bezpiecze\u0144stwo, o wytrzyma\u0142o\u015bci na zerwanie 15 kN (ok. 1500 kg), a tak\u017ce dzia\u0142a przy nacisku ta\u015bmy do 5 kN (ok. 500 kg).<\/p>\n<p class=\"\" data-start=\"754\" data-end=\"1156\">Wyposa\u017cono go r\u00f3wnie\u017c w prze\u0142\u0105cznik popychaj\u0105cy i wska\u017aniki pokazuj\u0105ce, czy drzwi s\u0105 zamkni\u0119te\/otwarte i zablokowane\/odblokowane, dzi\u0119ki czemu idealnie nadaje si\u0119 do system\u00f3w kontroli dost\u0119pu i system\u00f3w alarmowych.<\/p>\n<p class=\"\" data-start=\"1158\" data-end=\"1175\"><strong data-start=\"1158\" data-end=\"1172\">Charakterystyka<\/strong>:<\/p>\n<ul data-start=\"1176\" data-end=\"1620\">\n<li class=\"\" data-start=\"1176\" data-end=\"1219\">\n<p class=\"\" data-start=\"1178\" data-end=\"1219\">Do zamka hakowego Assa 511 z t\u0142okiem 10 mm<\/p>\n<\/li>\n<li class=\"\" data-start=\"1220\" data-end=\"1265\">\n<p class=\"\" data-start=\"1222\" data-end=\"1265\">Funkcja skierowana w prawo (zablokowana w trybie bez zasilania)<\/p>\n<\/li>\n<li class=\"\" data-start=\"1266\" data-end=\"1294\">\n<p class=\"\" data-start=\"1268\" data-end=\"1294\">Do drzwi lewych<\/p>\n<\/li>\n<li class=\"\" data-start=\"1295\" data-end=\"1328\">\n<p class=\"\" data-start=\"1297\" data-end=\"1328\">Zatwierdzone ognioodpornie do E\/EI 60<\/p>\n<\/li>\n<li class=\"\" data-start=\"1329\" data-end=\"1413\">\n<p class=\"\" data-start=\"1331\" data-end=\"1413\">Wbudowany prze\u0142\u0105cznik popychaj\u0105cy wskazuj\u0105cy stan drzwi zamkni\u0119tych\/otwartych i zablokowanych\/odblokowanych<\/p>\n<\/li>\n<li class=\"\" data-start=\"1414\" data-end=\"1436\">\n<p class=\"\" data-start=\"1416\" data-end=\"1436\">Wbudowana dioda zabezpieczaj\u0105ca<\/p>\n<\/li>\n<li class=\"\" data-start=\"1437\" data-end=\"1475\">\n<p class=\"\" data-start=\"1439\" data-end=\"1475\">Wytrzyma\u0142o\u015b\u0107 na zerwanie 15 kN (ok. 1500 kg)<\/p>\n<\/li>\n<li class=\"\" data-start=\"1476\" data-end=\"1558\">\n<p class=\"\" data-start=\"1478\" data-end=\"1558\">Otwiera si\u0119 pomimo nacisku ta\u015bmy wynosz\u0105cego 5 kN (ok. 500 kg) zar\u00f3wno w ruchu do przodu, jak i do ty\u0142u<\/p>\n<\/li>\n<li class=\"\" data-start=\"1559\" data-end=\"1574\">\n<p class=\"\" data-start=\"1561\" data-end=\"1574\">Antystukowy<\/p>\n<\/li>\n<li class=\"\" data-start=\"1575\" data-end=\"1620\">\n<p class=\"\" data-start=\"1577\" data-end=\"1620\">W zestawie 5-metrowy kabel po\u0142\u0105czeniowy bezhalogenowy<\/p>\n<\/li>\n<\/ul>\n<p class=\"\" data-start=\"1622\" data-end=\"1653\"><strong data-start=\"1622\" data-end=\"1650\">Specyfikacje techniczne<\/strong>:<\/p>\n<ul data-start=\"1654\" data-end=\"2237\">\n<li class=\"\" data-start=\"1654\" data-end=\"1690\">\n<p class=\"\" data-start=\"1656\" data-end=\"1690\"><strong data-start=\"1656\" data-end=\"1679\">Si\u0142a zrywaj\u0105ca maks<\/strong>: 1500 kg<\/p>\n<\/li>\n<li class=\"\" data-start=\"1691\" data-end=\"1720\">\n<p class=\"\" data-start=\"1693\" data-end=\"1720\"><strong data-start=\"1693\" data-end=\"1709\">Wisz\u0105ce drzwi<\/strong>: Lewy<\/p>\n<\/li>\n<li class=\"\" data-start=\"1721\" data-end=\"1744\">\n<p class=\"\" data-start=\"1723\" data-end=\"1744\"><strong data-start=\"1723\" data-end=\"1738\">Kabel w zestawie<\/strong>: Tak<\/p>\n<\/li>\n<li class=\"\" data-start=\"1745\" data-end=\"1770\">\n<p class=\"\" data-start=\"1747\" data-end=\"1770\"><strong data-start=\"1747\" data-end=\"1760\">Drukowanie listy<\/strong>: 500 kg<\/p>\n<\/li>\n<li class=\"\" data-start=\"1771\" data-end=\"1808\">\n<p class=\"\" data-start=\"1773\" data-end=\"1808\"><strong data-start=\"1773\" data-end=\"1783\">Typ zamka<\/strong>: Zamek zatrzaskowy, Zamek zatrzaskowy<\/p>\n<\/li>\n<li class=\"\" data-start=\"1809\" data-end=\"1837\">\n<p class=\"\" data-start=\"1811\" data-end=\"1837\"><strong data-start=\"1811\" data-end=\"1828\">Szeroki produkt<\/strong>: 35mm<\/p>\n<\/li>\n<li class=\"\" data-start=\"1838\" data-end=\"1864\">\n<p class=\"\" data-start=\"1840\" data-end=\"1864\"><strong data-start=\"1840\" data-end=\"1858\">Oceniono materia\u0142y budowlane<\/strong>: Tak<\/p>\n<\/li>\n<li class=\"\" data-start=\"1865\" data-end=\"1892\">\n<p class=\"\" data-start=\"1867\" data-end=\"1892\"><strong data-start=\"1867\" data-end=\"1883\">G\u0142\u0119boki produkt<\/strong>: 40mm<\/p>\n<\/li>\n<li class=\"\" data-start=\"1893\" data-end=\"1927\">\n<p class=\"\" data-start=\"1895\" data-end=\"1927\"><strong data-start=\"1895\" data-end=\"1920\">Napi\u0119cie robocze 12V\/24V<\/strong>: 12 V<\/p>\n<\/li>\n<li class=\"\" data-start=\"1928\" data-end=\"1956\">\n<p class=\"\" data-start=\"1930\" data-end=\"1956\"><strong data-start=\"1930\" data-end=\"1949\">Podw\u00f3jne zakr\u0119cane etui<\/strong>: NIE<\/p>\n<\/li>\n<li class=\"\" data-start=\"1957\" data-end=\"1984\">\n<p class=\"\" data-start=\"1959\" data-end=\"1984\"><strong data-start=\"1959\" data-end=\"1977\">Zweryfikowano przez EPD<\/strong>: NIE<\/p>\n<\/li>\n<li class=\"\" data-start=\"1985\" data-end=\"2003\">\n<p class=\"\" data-start=\"1987\" data-end=\"2003\"><strong data-start=\"1987\" data-end=\"1996\">DOBRA INFORMACJA<\/strong>: NIE<\/p>\n<\/li>\n<li class=\"\" data-start=\"2004\" data-end=\"2038\">\n<p class=\"\" data-start=\"2006\" data-end=\"2038\"><strong data-start=\"2006\" data-end=\"2027\">Kolor\/Obr\u00f3bka powierzchni<\/strong>:Stal nierdzewna<\/p>\n<\/li>\n<li class=\"\" data-start=\"2039\" data-end=\"2067\">\n<p class=\"\" data-start=\"2041\" data-end=\"2067\"><strong data-start=\"2041\" data-end=\"2057\">Podwy\u017cszony produkt<\/strong>: 230mm<\/p>\n<\/li>\n<li class=\"\" data-start=\"2068\" data-end=\"2091\">\n<p class=\"\" data-start=\"2070\" data-end=\"2091\"><strong data-start=\"2070\" data-end=\"2085\">Z\u0142\u0105cze t\u0142okowe<\/strong>: Tak<\/p>\n<\/li>\n<li class=\"\" data-start=\"2092\" data-end=\"2125\">\n<p class=\"\" data-start=\"2094\" data-end=\"2125\"><strong data-start=\"2094\" data-end=\"2113\">W prawo\/wstecz<\/strong>:Skierowany w prawo<\/p>\n<\/li>\n<li class=\"\" data-start=\"2126\" data-end=\"2152\">\n<p class=\"\" data-start=\"2128\" data-end=\"2152\"><strong data-start=\"2128\" data-end=\"2146\">Napi\u0119cie AC\/DC<\/strong>:DC<\/p>\n<\/li>\n<li class=\"\" data-start=\"2153\" data-end=\"2181\">\n<p class=\"\" data-start=\"2155\" data-end=\"2181\"><strong data-start=\"2155\" data-end=\"2171\">Napi\u0119cie maks<\/strong>: 13,8 V<\/p>\n<\/li>\n<li class=\"\" data-start=\"2182\" data-end=\"2210\">\n<p class=\"\" data-start=\"2184\" data-end=\"2210\"><strong data-start=\"2184\" data-end=\"2200\">Napi\u0119cie min<\/strong>: 10,8 V<\/p>\n<\/li>\n<li class=\"\" data-start=\"2211\" data-end=\"2237\">\n<p class=\"\" data-start=\"2213\" data-end=\"2237\"><strong data-start=\"2213\" data-end=\"2231\">Ocena SundaHouse<\/strong>: Tak<\/p>\n<\/li>\n<\/ul>","protected":false},"excerpt":{"rendered":"<p>Tutaj mo\u017cesz zobaczy\u0107, kt\u00f3re s\u0142upki i modele pasuj\u0105 do siebie z asortymentu elektrycznych ogranicznik\u00f3w drzwi STEP.<\/p>\n<h5><strong><a href=\"https:\/\/steplock.com\/sv\/stolpguide\/#!?lang=sv&amp;blog_id=1&amp;paged=1&amp;number=50\" target=\"_blank\" rel=\"noopener\">Przewodnik po STEP Post\u00a0<\/a><\/strong><\/h5>\n<h5><strong><a href=\"https:\/\/steplock.com\/sv\/projekteringsguide\/#!?lang=sv&amp;blog_id=1&amp;paged=1&amp;number=999\" target=\"_blank\" rel=\"noopener\">Przewodnik projektowy STEP<\/a><\/strong><\/h5>","protected":false},"featured_media":139764,"template":"","meta":{"_acf_changed":false},"product_brand":[],"product_cat":[3355],"product_tag":[4198,4200],"class_list":{"0":"post-139766","1":"product","2":"type-product","3":"status-publish","4":"has-post-thumbnail","6":"product_cat-elslutbleck","7":"product_tag-12v","8":"product_tag-rattvand","9":"product_shipping_class-tunga-paket","10":"pa_brands-step","11":"tm-no-options","13":"first","14":"onbackorder","15":"sale","16":"taxable","17":"shipping-taxable","18":"purchasable","19":"product-type-simple"},"acf":[],"_links":{"self":[{"href":"https:\/\/secureus.se\/pl\/wp-json\/wp\/v2\/product\/139766","targetHints":{"allow":["GET"]}}],"collection":[{"href":"https:\/\/secureus.se\/pl\/wp-json\/wp\/v2\/product"}],"about":[{"href":"https:\/\/secureus.se\/pl\/wp-json\/wp\/v2\/types\/product"}],"wp:featuredmedia":[{"embeddable":true,"href":"https:\/\/secureus.se\/pl\/wp-json\/wp\/v2\/media\/139764"}],"wp:attachment":[{"href":"https:\/\/secureus.se\/pl\/wp-json\/wp\/v2\/media?parent=139766"}],"wp:term":[{"taxonomy":"product_brand","embeddable":true,"href":"https:\/\/secureus.se\/pl\/wp-json\/wp\/v2\/product_brand?post=139766"},{"taxonomy":"product_cat","embeddable":true,"href":"https:\/\/secureus.se\/pl\/wp-json\/wp\/v2\/product_cat?post=139766"},{"taxonomy":"product_tag","embeddable":true,"href":"https:\/\/secureus.se\/pl\/wp-json\/wp\/v2\/product_tag?post=139766"}],"curies":[{"name":"wp","href":"https:\/\/api.w.org\/{rel}","templated":true}]}}