{"id":139777,"date":"2023-09-26T13:07:32","date_gmt":"2023-09-26T11:07:32","guid":{"rendered":"https:\/\/secureus.se\/elslutbleck-step-28e-vanster-rattvand-12v-7mm-regel\/"},"modified":"2026-04-08T16:20:26","modified_gmt":"2026-04-08T14:20:26","slug":"elslutbleck-step-28e-vanster-rattvand-12v-7mm-regel","status":"publish","type":"product","link":"https:\/\/secureus.se\/pl\/elslutbleck-step-28e-vanster-rattvand-12v-7mm-regel\/","title":{"rendered":"Elektryczna p\u0142yta ko\u0144cowa STEP 28E Lewa Prawa, 12 V Linia 7 mm"},"content":{"rendered":"<h1>Elektryczna p\u0142yta ko\u0144cowa STEP 28E Lewa Prawa, 12 V Linia 7 mm<\/h1>\n<p>KROK 28E Bezpieczny elektrozaczep z funkcj\u0105 prawostronn\u0105 do drzwi lewoskr\u0119tnych. Przystosowany do \u015bruby Connect 7 mm, posiada atest ognioodporno\u015bci E\/EI60, styk t\u0142okowy i wysokie bezpiecze\u0144stwo.<\/p>\n<p class=\"\" data-start=\"243\" data-end=\"681\">Elektrozaczep STEP 28E Secure to bezpieczne i elastyczne rozwi\u0105zanie dla \u015brodowisk, w kt\u00f3rych obowi\u0105zuj\u0105 wysokie wymagania dotycz\u0105ce ochrony przed w\u0142amaniem, odporno\u015bci ogniowej i mo\u017cliwo\u015bci ewakuacji.<\/p>\n<p class=\"\" data-start=\"243\" data-end=\"681\">Model ten zosta\u0142 opracowany do drzwi lewoskr\u0119tnych i stosuje si\u0119 go w po\u0142\u0105czeniu z zamkami zasuwkowymi z serii Connect z t\u0142okiem 7 mm.<\/p>\n<p class=\"\" data-start=\"243\" data-end=\"681\">Dzi\u0119ki mo\u017cliwo\u015bci obs\u0142ugi po prawej stronie (blokada na wypadek awarii zasilania) doskonale sprawdza si\u0119 w miejscach, w kt\u00f3rych konieczne jest zachowanie maksymalnego bezpiecze\u0144stwa nawet w przypadku zaniku zasilania.<\/p>\n<p class=\"\" data-start=\"683\" data-end=\"1083\">Dzi\u0119ki wbudowanemu stykowi t\u0142okowemu i stykowi zapadki stan drzwi mo\u017cna monitorowa\u0107 w czasie rzeczywistym, co sprawia, \u017ce elektrozaczep nadaje si\u0119 do integracji z systemami alarmowymi i kontroli dost\u0119pu.<\/p>\n<p class=\"\" data-start=\"683\" data-end=\"1083\">Konstrukcja wytrzymuje du\u017c\u0105 si\u0142\u0119 zrywaj\u0105c\u0105 przekraczaj\u0105c\u0105 15 kN, a funkcjonalno\u015b\u0107 jest gwarantowana nawet przy nacisku ta\u015bmy do 500 kg.<\/p>\n<p class=\"\" data-start=\"683\" data-end=\"1083\">STEP 28E posiada certyfikat klasy ogniowej E\/EI 60 i jest dostarczany z 5-metrowym kablem przy\u0142\u0105czeniowym bezhalogenowym.<\/p>\n<p class=\"\" data-start=\"1085\" data-end=\"1369\">Ten zamek elektryczny jest cz\u0119sto u\u017cywany w po\u0142\u0105czeniu z zamkami ewakuacyjnymi zgodnymi z norm\u0105 SS-EN 179, gdy konieczne jest po\u0142\u0105czenie wymaga\u0144 przeciwpo\u017carowych i automatyki drzwi.<\/p>\n<p class=\"\" data-start=\"1085\" data-end=\"1369\">Dzi\u0119ki STEP 28E Secure otrzymujesz niezawodne i solidne rozwi\u0105zanie dla wymagaj\u0105cych \u015brodowisk, takich jak budynki publiczne, instytucje i przestrzenie o klauzuli bezpiecze\u0144stwa.<\/p>\n<p class=\"\" data-start=\"1371\" data-end=\"1399\"><strong data-start=\"1371\" data-end=\"1397\">Cechy i korzy\u015bci:<\/strong><\/p>\n<ul data-start=\"1400\" data-end=\"1675\">\n<li class=\"\" data-start=\"1400\" data-end=\"1434\">\n<p class=\"\" data-start=\"1402\" data-end=\"1434\">Do t\u0142oka 7 mm w serii Connect<\/p>\n<\/li>\n<li class=\"\" data-start=\"1435\" data-end=\"1481\">\n<p class=\"\" data-start=\"1437\" data-end=\"1481\">Funkcja rewersyjna \u2013 blokowana w przypadku zaniku zasilania<\/p>\n<\/li>\n<li class=\"\" data-start=\"1482\" data-end=\"1510\">\n<p class=\"\" data-start=\"1484\" data-end=\"1510\">Do drzwi lewych<\/p>\n<\/li>\n<li class=\"\" data-start=\"1511\" data-end=\"1532\">\n<p class=\"\" data-start=\"1513\" data-end=\"1532\">Klasa ogniowa E\/EI60<\/p>\n<\/li>\n<li class=\"\" data-start=\"1533\" data-end=\"1581\">\n<p class=\"\" data-start=\"1535\" data-end=\"1581\">Styk t\u0142oka i zatrzasku do monitorowania stanu<\/p>\n<\/li>\n<li class=\"\" data-start=\"1582\" data-end=\"1612\">\n<p class=\"\" data-start=\"1584\" data-end=\"1612\">Wytrzyma\u0142o\u015b\u0107 na zerwanie powy\u017cej 15 kN<\/p>\n<\/li>\n<li class=\"\" data-start=\"1613\" data-end=\"1642\">\n<p class=\"\" data-start=\"1615\" data-end=\"1642\">Wytrzyma\u0142o\u015b\u0107 na nacisk ta\u015bmy 500 kg<\/p>\n<\/li>\n<li class=\"\" data-start=\"1643\" data-end=\"1675\">\n<p class=\"\" data-start=\"1645\" data-end=\"1675\">W zestawie 5-metrowy kabel bezhalogenowy<\/p>\n<\/li>\n<\/ul>","protected":false},"excerpt":{"rendered":"<p>Tutaj mo\u017cesz zobaczy\u0107, kt\u00f3re s\u0142upki i modele pasuj\u0105 do siebie z asortymentu elektrycznych ogranicznik\u00f3w drzwi STEP.<\/p>\n<h5><strong><a href=\"https:\/\/steplock.com\/sv\/stolpguide\/#!?lang=sv&amp;blog_id=1&amp;paged=1&amp;number=50\" target=\"_blank\" rel=\"noopener\">Przewodnik po STEP Post\u00a0<\/a><\/strong><\/h5>\n<h5><strong><a href=\"https:\/\/steplock.com\/sv\/projekteringsguide\/#!?lang=sv&amp;blog_id=1&amp;paged=1&amp;number=999\" target=\"_blank\" rel=\"noopener\">Przewodnik projektowy STEP<\/a><\/strong><\/h5>","protected":false},"featured_media":139775,"template":"","meta":{"_acf_changed":false},"product_brand":[],"product_cat":[3355],"product_tag":[4198,4200],"class_list":{"0":"post-139777","1":"product","2":"type-product","3":"status-publish","4":"has-post-thumbnail","6":"product_cat-elslutbleck","7":"product_tag-12v","8":"product_tag-rattvand","9":"product_shipping_class-tunga-paket","10":"pa_brands-step","11":"tm-no-options","13":"first","14":"onbackorder","15":"sale","16":"taxable","17":"shipping-taxable","18":"purchasable","19":"product-type-simple"},"acf":[],"_links":{"self":[{"href":"https:\/\/secureus.se\/pl\/wp-json\/wp\/v2\/product\/139777","targetHints":{"allow":["GET"]}}],"collection":[{"href":"https:\/\/secureus.se\/pl\/wp-json\/wp\/v2\/product"}],"about":[{"href":"https:\/\/secureus.se\/pl\/wp-json\/wp\/v2\/types\/product"}],"wp:featuredmedia":[{"embeddable":true,"href":"https:\/\/secureus.se\/pl\/wp-json\/wp\/v2\/media\/139775"}],"wp:attachment":[{"href":"https:\/\/secureus.se\/pl\/wp-json\/wp\/v2\/media?parent=139777"}],"wp:term":[{"taxonomy":"product_brand","embeddable":true,"href":"https:\/\/secureus.se\/pl\/wp-json\/wp\/v2\/product_brand?post=139777"},{"taxonomy":"product_cat","embeddable":true,"href":"https:\/\/secureus.se\/pl\/wp-json\/wp\/v2\/product_cat?post=139777"},{"taxonomy":"product_tag","embeddable":true,"href":"https:\/\/secureus.se\/pl\/wp-json\/wp\/v2\/product_tag?post=139777"}],"curies":[{"name":"wp","href":"https:\/\/api.w.org\/{rel}","templated":true}]}}