{"id":139789,"date":"2023-09-26T13:07:31","date_gmt":"2023-09-26T11:07:31","guid":{"rendered":"https:\/\/secureus.se\/elslutbleck-step-28e-vanster-rattvand-12v-9mm-regel\/"},"modified":"2026-03-26T09:50:12","modified_gmt":"2026-03-26T08:50:12","slug":"elslutbleck-step-28e-vanster-rattvand-12v-9mm-regel","status":"publish","type":"product","link":"https:\/\/secureus.se\/pl\/elslutbleck-step-28e-vanster-rattvand-12v-9mm-regel\/","title":{"rendered":"Arkusz zacisk\u00f3w elektrycznych STEP 28E Lewy Prawy skierowany 12 V Linia 9 mm"},"content":{"rendered":"<h1>Arkusz zacisk\u00f3w elektrycznych STEP 28E Lewy Prawy skierowany 12 V Linia 9 mm<\/h1>\n<p>STEP 28E Secure \u2013 Elektrozaczep do drzwi lewoskr\u0119tnych z funkcj\u0105 otwierania po prawej stronie i t\u0142okiem 9 mm z serii Connect. Zatwierdzone ognioodpornie E\/EI60, wysokie bezpiecze\u0144stwo i kontakt z t\u0142okiem.<\/p>\n<p class=\"\" data-start=\"243\" data-end=\"602\">Elektrozaczep STEP 28E Secure to solidny i niezawodny elektrozaczep przeznaczony do miejsc, w kt\u00f3rych wysokie bezpiecze\u0144stwo, ognioodporno\u015b\u0107 i funkcje ewakuacyjne musz\u0105 by\u0107 po\u0142\u0105czone z nowoczesn\u0105 automatyk\u0105 drzwi.<\/p>\n<p class=\"\" data-start=\"243\" data-end=\"602\">Model ten jest przystosowany do drzwi lewoskr\u0119tnych i stosuje si\u0119 go w po\u0142\u0105czeniu z zamkiem wpuszczanym lub zamkiem wpuszczanym z t\u0142okiem 9 mm w serii Connect.<\/p>\n<p class=\"\" data-start=\"604\" data-end=\"894\">Dzi\u0119ki funkcji prawej r\u0119ki (blokada w pozycji bez zasilania) STEP 28E gwarantuje, \u017ce drzwi pozostan\u0105 zablokowane nawet w przypadku zaniku zasilania.<\/p>\n<p class=\"\" data-start=\"604\" data-end=\"894\">Zaczep elektryczny posiada atest ognioodporno\u015bci do klasy E\/EI 60 i posiada wbudowany styk t\u0142okowy oraz styk blokuj\u0105cy, kt\u00f3re umo\u017cliwiaj\u0105 precyzyjne monitorowanie stanu za pomoc\u0105 systemu kontroli dost\u0119pu lub systemu alarmowego.<\/p>\n<p class=\"\" data-start=\"896\" data-end=\"1192\">Wysoka wytrzyma\u0142o\u015b\u0107 na zerwanie, przekraczaj\u0105ca 15 kN, oraz gwarantowane funkcjonowanie przy nacisku listwy do 500 kg sprawiaj\u0105, \u017ce ten elektrozaczep jest doskona\u0142ym wyborem do drzwi i pomieszcze\u0144 o wysokich wymaganiach bezpiecze\u0144stwa.<\/p>\n<p class=\"\" data-start=\"896\" data-end=\"1192\">Konstrukcja jest zabezpieczona przed manipulacj\u0105, a monta\u017c jest prosty dzi\u0119ki do\u0142\u0105czonemu 5-metrowemu bezhalogenowemu kablowi po\u0142\u0105czeniowemu.<\/p>\n<p class=\"\" data-start=\"1194\" data-end=\"1339\">STEP 28E Secure jest cz\u0119sto stosowany w po\u0142\u0105czeniu z zamkami ewakuacyjnymi zgodnymi z norm\u0105 SS-EN 179, gdzie wymagania dotycz\u0105ce ewakuacji, bezpiecze\u0144stwa i automatyzacji drzwi pokrywaj\u0105 si\u0119.<\/p>\n<p class=\"\" data-start=\"1341\" data-end=\"1369\"><strong data-start=\"1341\" data-end=\"1367\">Cechy i korzy\u015bci:<\/strong><\/p>\n<ul data-start=\"1370\" data-end=\"1648\">\n<li class=\"\" data-start=\"1370\" data-end=\"1413\">\n<p class=\"\" data-start=\"1372\" data-end=\"1413\">Przystosowany do t\u0142oka 9 mm w serii Connect<\/p>\n<\/li>\n<li class=\"\" data-start=\"1414\" data-end=\"1453\">\n<p class=\"\" data-start=\"1416\" data-end=\"1453\">Prawid\u0142owa funkcja \u2013 zablokowana bez zasilania<\/p>\n<\/li>\n<li class=\"\" data-start=\"1454\" data-end=\"1482\">\n<p class=\"\" data-start=\"1456\" data-end=\"1482\">Do drzwi lewych<\/p>\n<\/li>\n<li class=\"\" data-start=\"1483\" data-end=\"1505\">\n<p class=\"\" data-start=\"1485\" data-end=\"1505\">Klasa ogniowa E\/EI 60<\/p>\n<\/li>\n<li class=\"\" data-start=\"1506\" data-end=\"1546\">\n<p class=\"\" data-start=\"1508\" data-end=\"1546\">Wbudowany prze\u0142\u0105cznik t\u0142okowy i prze\u0142\u0105cznik zatrzaskowy<\/p>\n<\/li>\n<li class=\"\" data-start=\"1547\" data-end=\"1577\">\n<p class=\"\" data-start=\"1549\" data-end=\"1577\">Wytrzyma\u0142o\u015b\u0107 na zerwanie powy\u017cej 15 kN<\/p>\n<\/li>\n<li class=\"\" data-start=\"1578\" data-end=\"1611\">\n<p class=\"\" data-start=\"1580\" data-end=\"1611\">Wytrzymuje nacisk ta\u015bmy do 500 kg<\/p>\n<\/li>\n<li class=\"\" data-start=\"1612\" data-end=\"1648\">\n<p class=\"\" data-start=\"1614\" data-end=\"1648\">W zestawie 5-metrowy kabel bezhalogenowy<\/p>\n<\/li>\n<\/ul>","protected":false},"excerpt":{"rendered":"<p>Tutaj mo\u017cesz zobaczy\u0107, kt\u00f3re s\u0142upki i modele pasuj\u0105 do siebie z asortymentu elektrycznych ogranicznik\u00f3w drzwi STEP.<\/p>\n<h5><strong><a href=\"https:\/\/steplock.com\/sv\/stolpguide\/#!?lang=sv&amp;blog_id=1&amp;paged=1&amp;number=50\" target=\"_blank\" rel=\"noopener\">Przewodnik po STEP Post\u00a0<\/a><\/strong><\/h5>\n<h5><strong><a href=\"https:\/\/steplock.com\/sv\/projekteringsguide\/#!?lang=sv&amp;blog_id=1&amp;paged=1&amp;number=999\" target=\"_blank\" rel=\"noopener\">Przewodnik projektowy STEP<\/a><\/strong><\/h5>","protected":false},"featured_media":139787,"template":"","meta":{"_acf_changed":false},"product_brand":[],"product_cat":[3355],"product_tag":[4198,4200],"class_list":{"0":"post-139789","1":"product","2":"type-product","3":"status-publish","4":"has-post-thumbnail","6":"product_cat-elslutbleck","7":"product_tag-12v","8":"product_tag-rattvand","9":"product_shipping_class-tunga-paket","10":"pa_brands-step","11":"tm-no-options","13":"first","14":"instock","15":"sale","16":"taxable","17":"shipping-taxable","18":"purchasable","19":"product-type-simple"},"acf":[],"_links":{"self":[{"href":"https:\/\/secureus.se\/pl\/wp-json\/wp\/v2\/product\/139789","targetHints":{"allow":["GET"]}}],"collection":[{"href":"https:\/\/secureus.se\/pl\/wp-json\/wp\/v2\/product"}],"about":[{"href":"https:\/\/secureus.se\/pl\/wp-json\/wp\/v2\/types\/product"}],"wp:featuredmedia":[{"embeddable":true,"href":"https:\/\/secureus.se\/pl\/wp-json\/wp\/v2\/media\/139787"}],"wp:attachment":[{"href":"https:\/\/secureus.se\/pl\/wp-json\/wp\/v2\/media?parent=139789"}],"wp:term":[{"taxonomy":"product_brand","embeddable":true,"href":"https:\/\/secureus.se\/pl\/wp-json\/wp\/v2\/product_brand?post=139789"},{"taxonomy":"product_cat","embeddable":true,"href":"https:\/\/secureus.se\/pl\/wp-json\/wp\/v2\/product_cat?post=139789"},{"taxonomy":"product_tag","embeddable":true,"href":"https:\/\/secureus.se\/pl\/wp-json\/wp\/v2\/product_tag?post=139789"}],"curies":[{"name":"wp","href":"https:\/\/api.w.org\/{rel}","templated":true}]}}