{"id":139825,"date":"2023-09-26T13:07:01","date_gmt":"2023-09-26T11:07:01","guid":{"rendered":"https:\/\/secureus.se\/elslutbleck-step-18-vanster-omvand-24v-12mm-regel\/"},"modified":"2026-04-08T16:39:06","modified_gmt":"2026-04-08T14:39:06","slug":"elslutbleck-step-18-vanster-omvand-24v-12mm-regel","status":"publish","type":"product","link":"https:\/\/secureus.se\/pl\/elslutbleck-step-18-vanster-omvand-24v-12mm-regel\/","title":{"rendered":"Elektryczna p\u0142yta ko\u0144cowa KROK 18 Lewy bieg wsteczny 24V 12mm Linia"},"content":{"rendered":"<h1>Elektryczna p\u0142yta ko\u0144cowa KROK 18 Lewy bieg wsteczny 24V 12mm Linia<\/h1>\n<p>STEP 18 Secure to elektrozaczep o wysokim poziomie bezpiecze\u0144stwa i atestach przeciwpo\u017carowych do zamk\u00f3w ryglowych z t\u0142okiem 12 mm z serii Modul, przeznaczony do drzwi antyw\u0142amaniowych o wysokich wymaganiach dotycz\u0105cych ochrony przed w\u0142amaniem i szybkiego ryglowania.<\/p>\n<p class=\"\" data-start=\"389\" data-end=\"786\">Elektrozaczep STEP 18 Secure zapewnia najwy\u017cszy poziom bezpiecze\u0144stwa drzwi, w kt\u00f3rych wymagane jest szybkie i trwa\u0142e blokowanie i odblokowywanie, dzi\u0119ki czemu idealnie nadaje si\u0119 do drzwi o du\u017cej liczbie wej\u015b\u0107 i wyj\u015b\u0107.<\/p>\n<p class=\"\" data-start=\"389\" data-end=\"786\">Zatwierdzony do zamykania drzwi antyw\u0142amaniowych do klasy RC4 i ognioodpornych do klasy E\/EI 60, zapewnia wysoki poziom bezpiecze\u0144stwa w miejscach o znaczeniu krytycznym, takich jak wi\u0119zienia, banki i inne plac\u00f3wki ochrony.<\/p>\n<p class=\"\" data-start=\"788\" data-end=\"1129\">Dzi\u0119ki wytrzyma\u0142o\u015bci na zerwanie wynosz\u0105cej 15 kN (ok. 1500 kg) i mo\u017cliwo\u015bci otwierania si\u0119 pomimo nacisku ta\u015bmy wynosz\u0105cego 5 kN (ok. 500 kg) zar\u00f3wno podczas ruchu do przodu, jak i do ty\u0142u, STEP 18 Secure oferuje niezawodno\u015b\u0107 i bezpiecze\u0144stwo.<\/p>\n<p class=\"\" data-start=\"788\" data-end=\"1129\">Funkcja odwrotna oznacza, \u017ce drzwi pozostaj\u0105 odblokowane, gdy nie ma zasilania, co sprawia, \u017ce jest to idealne rozwi\u0105zanie w przypadku zastosowa\u0144, w kt\u00f3rych konieczna jest mo\u017cliwo\u015b\u0107 szybkiego otwarcia drzwi.<\/p>\n<p class=\"\" data-start=\"1131\" data-end=\"1368\">Elektrozaczep wyposa\u017cony jest we wbudowany wy\u0142\u0105cznik t\u0142okowy, kt\u00f3ry wskazuje stan zamkni\u0119cia\/otwarcia drzwi, co u\u0142atwia integracj\u0119 z systemami kontroli dost\u0119pu i systemami alarmowymi. W zestawie znajduje si\u0119 5-metrowy kabel przy\u0142\u0105czeniowy bezhalogenowy umo\u017cliwiaj\u0105cy \u0142atw\u0105 instalacj\u0119.<\/p>\n<p class=\"\" data-start=\"1370\" data-end=\"1385\"><strong data-start=\"1370\" data-end=\"1385\">W\u0142a\u015bciwo\u015bci:<\/strong><\/p>\n<ul data-start=\"1386\" data-end=\"1954\">\n<li class=\"\" data-start=\"1386\" data-end=\"1430\">\n<p class=\"\" data-start=\"1388\" data-end=\"1430\">Do zamka regulacyjnego z t\u0142okiem 12 mm w serii Modul<\/p>\n<\/li>\n<li class=\"\" data-start=\"1431\" data-end=\"1473\">\n<p class=\"\" data-start=\"1433\" data-end=\"1473\">Funkcja rewersu (odblokowana w trybie beznapi\u0119ciowym)<\/p>\n<\/li>\n<li class=\"\" data-start=\"1474\" data-end=\"1500\">\n<p class=\"\" data-start=\"1476\" data-end=\"1500\">Do drzwi lewych<\/p>\n<\/li>\n<li class=\"\" data-start=\"1501\" data-end=\"1532\">\n<p class=\"\" data-start=\"1503\" data-end=\"1532\">Zatwierdzone ognioodpornie do E\/EI 60<\/p>\n<\/li>\n<li class=\"\" data-start=\"1533\" data-end=\"1643\">\n<p class=\"\" data-start=\"1535\" data-end=\"1643\">Wbudowana sygnalizacja stanu drzwi (zamkni\u0119te\/otwarte) i stanu zamka (zablokowane\/odblokowane) poprzez styk t\u0142oka i styk zapadki<\/p>\n<\/li>\n<li class=\"\" data-start=\"1644\" data-end=\"1682\">\n<p class=\"\" data-start=\"1646\" data-end=\"1682\">Wbudowana dioda zabezpieczaj\u0105ca dla wi\u0119kszego bezpiecze\u0144stwa<\/p>\n<\/li>\n<li class=\"\" data-start=\"1683\" data-end=\"1722\">\n<p class=\"\" data-start=\"1685\" data-end=\"1722\">Wytrzyma\u0142o\u015b\u0107 na zerwanie 15 kN (ok. 1500 kg)<\/p>\n<\/li>\n<li class=\"\" data-start=\"1723\" data-end=\"1803\">\n<p class=\"\" data-start=\"1725\" data-end=\"1803\">Otwiera si\u0119 pomimo nacisku ta\u015bmy wynosz\u0105cego 5 kN (ok. 500 kg) zar\u00f3wno w ruchu do przodu, jak i do ty\u0142u<\/p>\n<\/li>\n<li class=\"\" data-start=\"1804\" data-end=\"1863\">\n<p class=\"\" data-start=\"1806\" data-end=\"1863\">Odporne na uderzenia i odwracalne, do drzwi prawych i lewych<\/p>\n<\/li>\n<li class=\"\" data-start=\"1864\" data-end=\"1910\">\n<p class=\"\" data-start=\"1866\" data-end=\"1910\">Mo\u017cliwo\u015b\u0107 blokowania \u015brub hakowych lub \u015brub prostych<\/p>\n<\/li>\n<li class=\"\" data-start=\"1911\" data-end=\"1954\">\n<p class=\"\" data-start=\"1913\" data-end=\"1954\">W zestawie 5-metrowy kabel po\u0142\u0105czeniowy bezhalogenowy<\/p>\n<\/li>\n<\/ul>\n<p class=\"\" data-start=\"1956\" data-end=\"1985\"><strong data-start=\"1956\" data-end=\"1985\">Dane techniczne:<\/strong><\/p>\n<ul data-start=\"1986\" data-end=\"2627\">\n<li class=\"\" data-start=\"1986\" data-end=\"2077\">\n<p class=\"\" data-start=\"1988\" data-end=\"2077\">Zasilanie: 12 V DC (+15% -10%) 639 mA odblokowane lub 24 V DC (+15% -10%) 313 mA odblokowane<\/p>\n<\/li>\n<li class=\"\" data-start=\"2078\" data-end=\"2142\">\n<p class=\"\" data-start=\"2080\" data-end=\"2142\">Styk t\u0142okowy: Mikroprze\u0142\u0105cznik jednobiegunowy prze\u0142\u0105czaj\u0105cy, maks. 30V pr\u0105du sta\u0142ego, 1A<\/p>\n<\/li>\n<li class=\"\" data-start=\"2143\" data-end=\"2183\">\n<p class=\"\" data-start=\"2145\" data-end=\"2183\">Trwa\u0142o\u015b\u0107: Klasa Y zgodnie z norm\u0105 SS-EN 14846<\/p>\n<\/li>\n<li class=\"\" data-start=\"2184\" data-end=\"2223\">\n<p class=\"\" data-start=\"2186\" data-end=\"2223\">Korozja: Stopie\u0144 M zgodnie z norm\u0105 SS-EN 14846<\/p>\n<\/li>\n<li class=\"\" data-start=\"2224\" data-end=\"2262\">\n<p class=\"\" data-start=\"2226\" data-end=\"2262\">Bezpiecze\u0144stwo: Klasa 7 zgodnie z norm\u0105 SS-EN 14846<\/p>\n<\/li>\n<li class=\"\" data-start=\"2263\" data-end=\"2353\">\n<p class=\"\" data-start=\"2265\" data-end=\"2353\">Bezpiecze\u0144stwo manipulacji elektrycznych: Stopie\u0144 3 (skierowany do przodu) Stopie\u0144 1 (skierowany do ty\u0142u) zgodnie z norm\u0105 SS-EN 14846<\/p>\n<\/li>\n<li class=\"\" data-start=\"2354\" data-end=\"2375\">\n<p class=\"\" data-start=\"2356\" data-end=\"2375\">Test ogniowy: 60 min<\/p>\n<\/li>\n<li class=\"\" data-start=\"2376\" data-end=\"2402\">\n<p class=\"\" data-start=\"2378\" data-end=\"2402\">Wytrzyma\u0142o\u015b\u0107 na zerwanie: 1500 kg<\/p>\n<\/li>\n<li class=\"\" data-start=\"2403\" data-end=\"2426\">\n<p class=\"\" data-start=\"2405\" data-end=\"2426\">Zawias drzwi: Lewy<\/p>\n<\/li>\n<li class=\"\" data-start=\"2427\" data-end=\"2481\">\n<p class=\"\" data-start=\"2429\" data-end=\"2481\">Kabel w zestawie: Tak, 5-metrowy kabel po\u0142\u0105czeniowy bezhalogenowy<\/p>\n<\/li>\n<li class=\"\" data-start=\"2482\" data-end=\"2501\">\n<p class=\"\" data-start=\"2484\" data-end=\"2501\">Nacisk listwy: 500 kg<\/p>\n<\/li>\n<li class=\"\" data-start=\"2502\" data-end=\"2533\">\n<p class=\"\" data-start=\"2504\" data-end=\"2533\">Typ zamka: Zamek zatrzaskowy, Zamek zatrzaskowy<\/p>\n<\/li>\n<li class=\"\" data-start=\"2534\" data-end=\"2588\">\n<p class=\"\" data-start=\"2536\" data-end=\"2588\">Wymiary produktu: Szeroko\u015b\u0107: 35 mm, G\u0142\u0119boko\u015b\u0107: 40 mm, Wysoko\u015b\u0107: 230 mm<\/p>\n<\/li>\n<li class=\"\" data-start=\"2589\" data-end=\"2606\">\n<p class=\"\" data-start=\"2591\" data-end=\"2606\">Kontakt t\u0142okowy: Tak<\/p>\n<\/li>\n<li class=\"\" data-start=\"2607\" data-end=\"2627\">\n<p class=\"\" data-start=\"2609\" data-end=\"2627\">Napi\u0119cie AC\/DC: DC<\/p>\n<\/li>\n<\/ul>","protected":false},"excerpt":{"rendered":"<p>Tutaj mo\u017cesz zobaczy\u0107, kt\u00f3re s\u0142upki i modele pasuj\u0105 do siebie z asortymentu elektrycznych ogranicznik\u00f3w drzwi STEP.<\/p>\n<h5><strong><a href=\"https:\/\/steplock.com\/sv\/stolpguide\/#!?lang=sv&amp;blog_id=1&amp;paged=1&amp;number=50\" target=\"_blank\" rel=\"noopener\">Przewodnik po STEP Post\u00a0<\/a><\/strong><\/h5>\n<h5><strong><a href=\"https:\/\/steplock.com\/sv\/projekteringsguide\/#!?lang=sv&amp;blog_id=1&amp;paged=1&amp;number=999\" target=\"_blank\" rel=\"noopener\">Przewodnik projektowy STEP<\/a><\/strong><\/h5>","protected":false},"featured_media":139823,"template":"","meta":{"_acf_changed":false},"product_brand":[],"product_cat":[3355],"product_tag":[4197,4201],"class_list":{"0":"post-139825","1":"product","2":"type-product","3":"status-publish","4":"has-post-thumbnail","6":"product_cat-elslutbleck","7":"product_tag-24v","8":"product_tag-omvand","9":"product_shipping_class-tunga-paket","10":"pa_brands-step","11":"tm-no-options","13":"first","14":"onbackorder","15":"sale","16":"taxable","17":"shipping-taxable","18":"purchasable","19":"product-type-simple"},"acf":[],"_links":{"self":[{"href":"https:\/\/secureus.se\/pl\/wp-json\/wp\/v2\/product\/139825","targetHints":{"allow":["GET"]}}],"collection":[{"href":"https:\/\/secureus.se\/pl\/wp-json\/wp\/v2\/product"}],"about":[{"href":"https:\/\/secureus.se\/pl\/wp-json\/wp\/v2\/types\/product"}],"wp:featuredmedia":[{"embeddable":true,"href":"https:\/\/secureus.se\/pl\/wp-json\/wp\/v2\/media\/139823"}],"wp:attachment":[{"href":"https:\/\/secureus.se\/pl\/wp-json\/wp\/v2\/media?parent=139825"}],"wp:term":[{"taxonomy":"product_brand","embeddable":true,"href":"https:\/\/secureus.se\/pl\/wp-json\/wp\/v2\/product_brand?post=139825"},{"taxonomy":"product_cat","embeddable":true,"href":"https:\/\/secureus.se\/pl\/wp-json\/wp\/v2\/product_cat?post=139825"},{"taxonomy":"product_tag","embeddable":true,"href":"https:\/\/secureus.se\/pl\/wp-json\/wp\/v2\/product_tag?post=139825"}],"curies":[{"name":"wp","href":"https:\/\/api.w.org\/{rel}","templated":true}]}}