{"id":139843,"date":"2023-09-26T13:06:37","date_gmt":"2023-09-26T11:06:37","guid":{"rendered":"https:\/\/secureus.se\/elslutbleck-step-48-rattvand-12v\/"},"modified":"2026-04-23T12:59:54","modified_gmt":"2026-04-23T10:59:54","slug":"elslutbleck-step-48-rattvand-12v","status":"publish","type":"product","link":"https:\/\/secureus.se\/pl\/elslutbleck-step-48-rattvand-12v\/","title":{"rendered":"Elektryczna p\u0142yta ko\u0144cowa KROK 48 Prawa strona 12V"},"content":{"rendered":"<h1>Elektryczna p\u0142yta ko\u0144cowa KROK 48 Prawa strona 12V<\/h1>\n<p>Elektrozaczep STEP 48 Preload zapewnia wysoki poziom bezpiecze\u0144stwa w drzwiach zamykanych na ga\u0142k\u0119 lub klucz.<\/p>\n<p>Wyposa\u017cone w technologi\u0119 docisku ta\u015bmy i wytrzyma\u0142o\u015b\u0107 na rozerwanie 900 kg, gwarantuje otwarcie nawet przy nacisku do 40 kg.<\/p>\n<p class=\"\" data-start=\"371\" data-end=\"784\">Elektrozaczep STEP 48 Preload przeznaczony jest do pomieszcze\u0144, w kt\u00f3rych zamek ma by\u0107 zamykany na ga\u0142k\u0119 lub klucz. Oferuje mo\u017cliwo\u015b\u0107 zamontowania wska\u017anika rygla (ST4880), kt\u00f3ry umo\u017cliwia zablokowanie systemu dost\u0119pu do drzwi lub zamka szyfrowego po mechanicznym odblokowaniu rygla hakowego lub prostego obudowy zamka.<\/p>\n<p class=\"\" data-start=\"371\" data-end=\"784\">Dzi\u0119ki temu jest to niezawodny wyb\u00f3r zar\u00f3wno do nowych, jak i starszych system\u00f3w drzwiowych, w kt\u00f3rych wymagane jest dodatkowe zabezpieczenie.<\/p>\n<p class=\"\" data-start=\"786\" data-end=\"1075\">Opatentowana technologia docisku pas\u00f3w STEP gwarantuje, \u017ce drzwi b\u0119dzie mo\u017cna otworzy\u0107 nawet przy dzia\u0142aniu nacisku do 40 kg.<\/p>\n<p class=\"\" data-start=\"786\" data-end=\"1075\">STEP 48 charakteryzuje si\u0119 wytrzyma\u0142o\u015bci\u0105 na zerwanie wynosz\u0105c\u0105 9 kN (ok. 900 kg) i mo\u017ce pracowa\u0107 zar\u00f3wno w prz\u00f3d, jak i w ty\u0142, co czyni go bezpiecznym rozwi\u0105zaniem do monta\u017cu w r\u00f3\u017cnych \u015brodowiskach.<\/p>\n<p class=\"\" data-start=\"1077\" data-end=\"1092\"><strong data-start=\"1077\" data-end=\"1092\">W\u0142a\u015bciwo\u015bci:<\/strong><\/p>\n<ul data-start=\"1093\" data-end=\"1500\">\n<li class=\"\" data-start=\"1093\" data-end=\"1136\">\n<p class=\"\" data-start=\"1095\" data-end=\"1136\">Funkcja skierowana w prawo (zablokowana w trybie bez zasilania)<\/p>\n<\/li>\n<li class=\"\" data-start=\"1137\" data-end=\"1175\">\n<p class=\"\" data-start=\"1139\" data-end=\"1175\">Wbudowana dioda zabezpieczaj\u0105ca dla wi\u0119kszego bezpiecze\u0144stwa<\/p>\n<\/li>\n<li class=\"\" data-start=\"1176\" data-end=\"1257\">\n<p class=\"\" data-start=\"1178\" data-end=\"1257\">Wska\u017anik stanu drzwi (zamkni\u0119te\/otwarte) (dotyczy produkt\u00f3w z kontaktem t\u0142okowym)<\/p>\n<\/li>\n<li class=\"\" data-start=\"1258\" data-end=\"1295\">\n<p class=\"\" data-start=\"1260\" data-end=\"1295\">Wytrzyma\u0142o\u015b\u0107 na zerwanie 9 kN (ok. 900 kg)<\/p>\n<\/li>\n<li class=\"\" data-start=\"1296\" data-end=\"1393\">\n<p class=\"\" data-start=\"1298\" data-end=\"1393\">Gwarantuje otwieranie pomimo nacisku ta\u015bmy do 0,4 kN (ok. 40 kg) w ruchu do przodu i do ty\u0142u<\/p>\n<\/li>\n<li class=\"\" data-start=\"1394\" data-end=\"1453\">\n<p class=\"\" data-start=\"1396\" data-end=\"1453\">Odporne na uderzenia i odwracalne, do drzwi prawych i lewych<\/p>\n<\/li>\n<li class=\"\" data-start=\"1454\" data-end=\"1500\">\n<p class=\"\" data-start=\"1456\" data-end=\"1500\">Mo\u017cliwo\u015b\u0107 blokowania \u015brub hakowych lub \u015brub prostych<\/p>\n<\/li>\n<\/ul>\n<p class=\"\" data-start=\"1502\" data-end=\"1531\"><strong data-start=\"1502\" data-end=\"1531\">Dane techniczne:<\/strong><\/p>\n<ul data-start=\"1532\" data-end=\"2005\">\n<li class=\"\" data-start=\"1532\" data-end=\"1561\">\n<p class=\"\" data-start=\"1534\" data-end=\"1561\">Maksymalna si\u0142a zrywaj\u0105ca: 900 kg<\/p>\n<\/li>\n<li class=\"\" data-start=\"1562\" data-end=\"1592\">\n<p class=\"\" data-start=\"1564\" data-end=\"1592\">Zawiasy drzwi: Prawe, Lewe<\/p>\n<\/li>\n<li class=\"\" data-start=\"1593\" data-end=\"1611\">\n<p class=\"\" data-start=\"1595\" data-end=\"1611\">Kabel w zestawie: Nie<\/p>\n<\/li>\n<li class=\"\" data-start=\"1612\" data-end=\"1630\">\n<p class=\"\" data-start=\"1614\" data-end=\"1630\">Nacisk ta\u015bmy: 40 kg<\/p>\n<\/li>\n<li class=\"\" data-start=\"1631\" data-end=\"1666\">\n<p class=\"\" data-start=\"1633\" data-end=\"1666\">Typ zamka: Zamek z pojedynczym zatrzaskiem, Zamek z podw\u00f3jnym zatrzaskiem<\/p>\n<\/li>\n<li class=\"\" data-start=\"1667\" data-end=\"1689\">\n<p class=\"\" data-start=\"1669\" data-end=\"1689\">Szeroko\u015b\u0107 produktu: 25 mm<\/p>\n<\/li>\n<li class=\"\" data-start=\"1690\" data-end=\"1710\">\n<p class=\"\" data-start=\"1692\" data-end=\"1710\">Oceniony produkt budowlany: Tak<\/p>\n<\/li>\n<li class=\"\" data-start=\"1711\" data-end=\"1732\">\n<p class=\"\" data-start=\"1713\" data-end=\"1732\">G\u0142\u0119boko\u015b\u0107 produktu: 35 mm<\/p>\n<\/li>\n<li class=\"\" data-start=\"1733\" data-end=\"1761\">\n<p class=\"\" data-start=\"1735\" data-end=\"1761\">Napi\u0119cie robocze 12V\/24V: 12V<\/p>\n<\/li>\n<li class=\"\" data-start=\"1762\" data-end=\"1784\">\n<p class=\"\" data-start=\"1764\" data-end=\"1784\">Podw\u00f3jny skr\u0119t drop: Nie<\/p>\n<\/li>\n<li class=\"\" data-start=\"1785\" data-end=\"1806\">\n<p class=\"\" data-start=\"1787\" data-end=\"1806\">Zweryfikowano przez EPD: Nie<\/p>\n<\/li>\n<li class=\"\" data-start=\"1807\" data-end=\"1819\">\n<p class=\"\" data-start=\"1809\" data-end=\"1819\">FINFO: Nie<\/p>\n<\/li>\n<li class=\"\" data-start=\"1820\" data-end=\"1848\">\n<p class=\"\" data-start=\"1822\" data-end=\"1848\">Kolor\/Wyko\u0144czenie: Stal nierdzewna<\/p>\n<\/li>\n<li class=\"\" data-start=\"1849\" data-end=\"1870\">\n<p class=\"\" data-start=\"1851\" data-end=\"1870\">Wysoko\u015b\u0107 produktu: 90 mm<\/p>\n<\/li>\n<li class=\"\" data-start=\"1871\" data-end=\"1889\">\n<p class=\"\" data-start=\"1873\" data-end=\"1889\">Styk t\u0142oka: Nie<\/p>\n<\/li>\n<li class=\"\" data-start=\"1890\" data-end=\"1917\">\n<p class=\"\" data-start=\"1892\" data-end=\"1917\">Prawo\/Odwrotnie: Prawo<\/p>\n<\/li>\n<li class=\"\" data-start=\"1918\" data-end=\"1938\">\n<p class=\"\" data-start=\"1920\" data-end=\"1938\">Napi\u0119cie AC\/DC: DC<\/p>\n<\/li>\n<li class=\"\" data-start=\"1939\" data-end=\"1961\">\n<p class=\"\" data-start=\"1941\" data-end=\"1961\">Maksymalne napi\u0119cie: 27,6 V<\/p>\n<\/li>\n<li class=\"\" data-start=\"1962\" data-end=\"1984\">\n<p class=\"\" data-start=\"1964\" data-end=\"1984\">Napi\u0119cie min: 21,6 V<\/p>\n<\/li>\n<li class=\"\" data-start=\"1985\" data-end=\"2005\">\n<p class=\"\" data-start=\"1987\" data-end=\"2005\">SundaHouse oceni\u0142(a): Tak<\/p>\n<\/li>\n<\/ul>","protected":false},"excerpt":{"rendered":"<p>Tutaj mo\u017cesz zobaczy\u0107, kt\u00f3re s\u0142upki i modele pasuj\u0105 do siebie z asortymentu elektrycznych ogranicznik\u00f3w drzwi STEP.<\/p>\n<h5><strong><a href=\"https:\/\/steplock.com\/sv\/stolpguide\/#!?lang=sv&amp;blog_id=1&amp;paged=1&amp;number=50\" target=\"_blank\" rel=\"noopener\">Przewodnik po STEP Post\u00a0<\/a><\/strong><\/h5>\n<h5><strong><a href=\"https:\/\/steplock.com\/sv\/projekteringsguide\/#!?lang=sv&amp;blog_id=1&amp;paged=1&amp;number=999\" target=\"_blank\" rel=\"noopener\">Przewodnik projektowy STEP<\/a><\/strong><\/h5>","protected":false},"featured_media":139840,"template":"","meta":{"_acf_changed":false},"product_brand":[],"product_cat":[3355],"product_tag":[4198,4200],"class_list":{"0":"post-139843","1":"product","2":"type-product","3":"status-publish","4":"has-post-thumbnail","6":"product_cat-elslutbleck","7":"product_tag-12v","8":"product_tag-rattvand","9":"product_shipping_class-tunga-paket","10":"pa_brands-step","11":"tm-no-options","13":"first","14":"onbackorder","15":"sale","16":"taxable","17":"shipping-taxable","18":"purchasable","19":"product-type-simple"},"acf":[],"_links":{"self":[{"href":"https:\/\/secureus.se\/pl\/wp-json\/wp\/v2\/product\/139843","targetHints":{"allow":["GET"]}}],"collection":[{"href":"https:\/\/secureus.se\/pl\/wp-json\/wp\/v2\/product"}],"about":[{"href":"https:\/\/secureus.se\/pl\/wp-json\/wp\/v2\/types\/product"}],"wp:featuredmedia":[{"embeddable":true,"href":"https:\/\/secureus.se\/pl\/wp-json\/wp\/v2\/media\/139840"}],"wp:attachment":[{"href":"https:\/\/secureus.se\/pl\/wp-json\/wp\/v2\/media?parent=139843"}],"wp:term":[{"taxonomy":"product_brand","embeddable":true,"href":"https:\/\/secureus.se\/pl\/wp-json\/wp\/v2\/product_brand?post=139843"},{"taxonomy":"product_cat","embeddable":true,"href":"https:\/\/secureus.se\/pl\/wp-json\/wp\/v2\/product_cat?post=139843"},{"taxonomy":"product_tag","embeddable":true,"href":"https:\/\/secureus.se\/pl\/wp-json\/wp\/v2\/product_tag?post=139843"}],"curies":[{"name":"wp","href":"https:\/\/api.w.org\/{rel}","templated":true}]}}