{"id":139864,"date":"2023-09-26T13:06:28","date_gmt":"2023-09-26T11:06:28","guid":{"rendered":"https:\/\/secureus.se\/elslutbleck-step-60-rattvand-12v-kolvkontakt-10m-kabel\/"},"modified":"2026-04-23T12:54:29","modified_gmt":"2026-04-23T10:54:29","slug":"elslutbleck-step-60-rattvand-12v-kolvkontakt-10m-kabel","status":"publish","type":"product","link":"https:\/\/secureus.se\/pl\/elslutbleck-step-60-rattvand-12v-kolvkontakt-10m-kabel\/","title":{"rendered":"Elektryczna p\u0142yta przy\u0142\u0105czeniowa STEP 60 Skierowana w prawo 12 V Z\u0142\u0105cze t\u0142okowe 10 m Kabel"},"content":{"rendered":"<div>\n<h1>Elektryczna p\u0142yta przy\u0142\u0105czeniowa STEP 60 Skierowana w prawo 12 V Z\u0142\u0105cze t\u0142okowe 10 m Kabel<\/h1>\n<p>Elektrozaczep STEP 60 Silent zapewnia cich\u0105 i bezpieczn\u0105 prac\u0119 drzwi o du\u017cym nat\u0119\u017ceniu ruchu.<\/p>\n<p>Dzi\u0119ki solidnej konstrukcji, klasie ogniowej E\/EI120 i 10 metrom kabla w zestawie, jest to skuteczne rozwi\u0105zanie zar\u00f3wno pod wzgl\u0119dem bezpiecze\u0144stwa, jak i t\u0142umienia d\u017awi\u0119ku.<\/p>\n<p class=\"\" data-start=\"423\" data-end=\"918\">Elektrozaczep STEP 60 Silent zaprojektowano tak, aby zmniejszy\u0107 poziom ha\u0142asu podczas otwierania i zamykania, zapewniaj\u0105c jednocze\u015bnie wysoki poziom bezpiecze\u0144stwa antyw\u0142amaniowego.<\/p>\n<p class=\"\" data-start=\"423\" data-end=\"918\">Ten rodzaj elektrozaczepu doskonale nadaje si\u0119 do monta\u017cu w drzwiach cz\u0119sto u\u017cywanych, np. w miejscach, w kt\u00f3rych priorytetem jest izolacja akustyczna.<\/p>\n<p class=\"\" data-start=\"423\" data-end=\"918\">STEP 60 Silent nale\u017cy do serii Silent firmy STEP i wykorzystuje opatentowan\u0105 technologi\u0119 STEP Silent, kt\u00f3ra zapewnia cich\u0105 i p\u0142ynn\u0105 prac\u0119 w przej\u015bciach, redukuj\u0105c uci\u0105\u017cliwy ha\u0142as i poprawiaj\u0105c komfort u\u017cytkowania.<\/p>\n<p class=\"\" data-start=\"920\" data-end=\"1316\">Posiada certyfikat odporno\u015bci ogniowej do E\/EI 120, co czyni go odpowiednim do stosowania na granicach stref ogniowych.<\/p>\n<p class=\"\" data-start=\"920\" data-end=\"1316\">Oferuje tak\u017ce bardzo wysok\u0105 wytrzyma\u0142o\u015b\u0107 na zerwanie wynosz\u0105c\u0105 16 kN (ok. 1600 kg) i mo\u017ce otwiera\u0107 si\u0119 nawet pod wp\u0142ywem nacisku ta\u015bmy do 100 kg.<\/p>\n<p class=\"\" data-start=\"920\" data-end=\"1316\">Wbudowany prze\u0142\u0105cznik popychaj\u0105cy informuje, czy drzwi s\u0105 zamkni\u0119te\/otwarte i zablokowane\/odblokowane, dzi\u0119ki czemu idealnie nadaje si\u0119 do integracji z systemami kontroli dost\u0119pu lub systemami alarmowymi.<\/p>\n<p class=\"\" data-start=\"1318\" data-end=\"1333\"><strong data-start=\"1318\" data-end=\"1333\">W\u0142a\u015bciwo\u015bci:<\/strong><\/p>\n<ul data-start=\"1334\" data-end=\"1854\">\n<li class=\"\" data-start=\"1334\" data-end=\"1377\">\n<p class=\"\" data-start=\"1336\" data-end=\"1377\">Funkcja skierowana w prawo (zablokowana w trybie bez zasilania)<\/p>\n<\/li>\n<li class=\"\" data-start=\"1378\" data-end=\"1451\">\n<p class=\"\" data-start=\"1380\" data-end=\"1451\">Certyfikowany pod k\u0105tem odporno\u015bci ogniowej do E\/EI 120 zgodnie z norm\u0105 SS-EN 14846:2008<\/p>\n<\/li>\n<li class=\"\" data-start=\"1452\" data-end=\"1503\">\n<p class=\"\" data-start=\"1454\" data-end=\"1503\">Mikroprze\u0142\u0105cznik jednobiegunowy naprzemienny, max. 30 V pr\u0105du sta\u0142ego, 1 A<\/p>\n<\/li>\n<li class=\"\" data-start=\"1504\" data-end=\"1599\">\n<p class=\"\" data-start=\"1506\" data-end=\"1599\">Wbudowany prze\u0142\u0105cznik t\u0142okowy ze wska\u017anikiem stanu drzwi (zamkni\u0119te\/otwarte, zablokowane\/odblokowane)<\/p>\n<\/li>\n<li class=\"\" data-start=\"1600\" data-end=\"1666\">\n<p class=\"\" data-start=\"1602\" data-end=\"1666\">Styk blokuj\u0105cy do pod\u0142\u0105czenia do systemu kontroli dost\u0119pu lub systemu alarmowego<\/p>\n<\/li>\n<li class=\"\" data-start=\"1667\" data-end=\"1706\">\n<p class=\"\" data-start=\"1669\" data-end=\"1706\">Wytrzyma\u0142o\u015b\u0107 na zerwanie 16 kN (ok. 1600 kg)<\/p>\n<\/li>\n<li class=\"\" data-start=\"1707\" data-end=\"1793\">\n<p class=\"\" data-start=\"1709\" data-end=\"1793\">Gwarantuje otwieranie pomimo nacisku ta\u015bmy do 100 kg w trybie do przodu i do ty\u0142u<\/p>\n<\/li>\n<li class=\"\" data-start=\"1794\" data-end=\"1820\">\n<p class=\"\" data-start=\"1796\" data-end=\"1820\">Konstrukcja antystukowa<\/p>\n<\/li>\n<li class=\"\" data-start=\"1821\" data-end=\"1854\">\n<p class=\"\" data-start=\"1823\" data-end=\"1854\">W zestawie 10-metrowy kabel bezhalogenowy<\/p>\n<\/li>\n<\/ul>\n<p class=\"\" data-start=\"1856\" data-end=\"1885\"><strong data-start=\"1856\" data-end=\"1885\">Dane techniczne:<\/strong><\/p>\n<ul data-start=\"1886\" data-end=\"2390\">\n<li class=\"\" data-start=\"1886\" data-end=\"1916\">\n<p class=\"\" data-start=\"1888\" data-end=\"1916\">Maksymalna si\u0142a zrywaj\u0105ca: 1600 kg<\/p>\n<\/li>\n<li class=\"\" data-start=\"1917\" data-end=\"1947\">\n<p class=\"\" data-start=\"1919\" data-end=\"1947\">Zawiasy drzwi: Prawe, Lewe<\/p>\n<\/li>\n<li class=\"\" data-start=\"1948\" data-end=\"1993\">\n<p class=\"\" data-start=\"1950\" data-end=\"1993\">Kabel w zestawie: Tak (10 metr\u00f3w kabla bezhalogenowego)<\/p>\n<\/li>\n<li class=\"\" data-start=\"1994\" data-end=\"2013\">\n<p class=\"\" data-start=\"1996\" data-end=\"2013\">Nacisk ta\u015bmy: 100 kg<\/p>\n<\/li>\n<li class=\"\" data-start=\"2014\" data-end=\"2049\">\n<p class=\"\" data-start=\"2016\" data-end=\"2049\">Typ zamka: Zamek z pojedynczym zatrzaskiem, Zamek z podw\u00f3jnym zatrzaskiem<\/p>\n<\/li>\n<li class=\"\" data-start=\"2050\" data-end=\"2072\">\n<p class=\"\" data-start=\"2052\" data-end=\"2072\">Szeroko\u015b\u0107 produktu: 28 mm<\/p>\n<\/li>\n<li class=\"\" data-start=\"2073\" data-end=\"2093\">\n<p class=\"\" data-start=\"2075\" data-end=\"2093\">Oceniony produkt budowlany: Tak<\/p>\n<\/li>\n<li class=\"\" data-start=\"2094\" data-end=\"2115\">\n<p class=\"\" data-start=\"2096\" data-end=\"2115\">G\u0142\u0119boko\u015b\u0107 produktu: 34 mm<\/p>\n<\/li>\n<li class=\"\" data-start=\"2116\" data-end=\"2144\">\n<p class=\"\" data-start=\"2118\" data-end=\"2144\">Napi\u0119cie robocze 12V\/24V: 12V<\/p>\n<\/li>\n<li class=\"\" data-start=\"2145\" data-end=\"2167\">\n<p class=\"\" data-start=\"2147\" data-end=\"2167\">Podw\u00f3jny skr\u0119t drop: Nie<\/p>\n<\/li>\n<li class=\"\" data-start=\"2168\" data-end=\"2189\">\n<p class=\"\" data-start=\"2170\" data-end=\"2189\">Zweryfikowano przez EPD: Nie<\/p>\n<\/li>\n<li class=\"\" data-start=\"2190\" data-end=\"2202\">\n<p class=\"\" data-start=\"2192\" data-end=\"2202\">FINFO: Nie<\/p>\n<\/li>\n<li class=\"\" data-start=\"2203\" data-end=\"2231\">\n<p class=\"\" data-start=\"2205\" data-end=\"2231\">Kolor\/Wyko\u0144czenie: Stal nierdzewna<\/p>\n<\/li>\n<li class=\"\" data-start=\"2232\" data-end=\"2256\">\n<p class=\"\" data-start=\"2234\" data-end=\"2256\">Wysoko\u015b\u0107 produktu: 149,5 mm<\/p>\n<\/li>\n<li class=\"\" data-start=\"2257\" data-end=\"2274\">\n<p class=\"\" data-start=\"2259\" data-end=\"2274\">Kontakt t\u0142okowy: Tak<\/p>\n<\/li>\n<li class=\"\" data-start=\"2275\" data-end=\"2302\">\n<p class=\"\" data-start=\"2277\" data-end=\"2302\">Prawo\/Odwrotnie: Prawo<\/p>\n<\/li>\n<li class=\"\" data-start=\"2303\" data-end=\"2323\">\n<p class=\"\" data-start=\"2305\" data-end=\"2323\">Napi\u0119cie AC\/DC: DC<\/p>\n<\/li>\n<li class=\"\" data-start=\"2324\" data-end=\"2346\">\n<p class=\"\" data-start=\"2326\" data-end=\"2346\">Maksymalne napi\u0119cie: 13,8 V<\/p>\n<\/li>\n<li class=\"\" data-start=\"2347\" data-end=\"2369\">\n<p class=\"\" data-start=\"2349\" data-end=\"2369\">Napi\u0119cie min: 10,8 V<\/p>\n<\/li>\n<li class=\"\" data-start=\"2370\" data-end=\"2390\">\n<p class=\"\" data-start=\"2372\" data-end=\"2390\">SundaHouse oceni\u0142(a): Tak<\/p>\n<\/li>\n<\/ul>\n<div>\n<div><\/div>\n<\/div>\n<\/div>","protected":false},"excerpt":{"rendered":"<p>Tutaj mo\u017cesz zobaczy\u0107, kt\u00f3re s\u0142upki i modele pasuj\u0105 do siebie z asortymentu elektrycznych ogranicznik\u00f3w drzwi STEP.<\/p>\n<h5><strong><a href=\"https:\/\/steplock.com\/sv\/stolpguide\/#!?lang=sv&amp;blog_id=1&amp;paged=1&amp;number=50\" target=\"_blank\" rel=\"noopener\">Przewodnik po STEP Post\u00a0<\/a><\/strong><\/h5>\n<h5><strong><a href=\"https:\/\/steplock.com\/sv\/projekteringsguide\/#!?lang=sv&amp;blog_id=1&amp;paged=1&amp;number=999\" target=\"_blank\" rel=\"noopener\">Przewodnik projektowy STEP<\/a><\/strong><\/h5>","protected":false},"featured_media":139863,"template":"","meta":{"_acf_changed":false},"product_brand":[],"product_cat":[3355],"product_tag":[4198,4200],"class_list":{"0":"post-139864","1":"product","2":"type-product","3":"status-publish","4":"has-post-thumbnail","6":"product_cat-elslutbleck","7":"product_tag-12v","8":"product_tag-rattvand","9":"product_shipping_class-tunga-paket","10":"pa_brands-step","11":"tm-no-options","13":"first","14":"onbackorder","15":"sale","16":"taxable","17":"shipping-taxable","18":"purchasable","19":"product-type-simple"},"acf":[],"_links":{"self":[{"href":"https:\/\/secureus.se\/pl\/wp-json\/wp\/v2\/product\/139864","targetHints":{"allow":["GET"]}}],"collection":[{"href":"https:\/\/secureus.se\/pl\/wp-json\/wp\/v2\/product"}],"about":[{"href":"https:\/\/secureus.se\/pl\/wp-json\/wp\/v2\/types\/product"}],"wp:featuredmedia":[{"embeddable":true,"href":"https:\/\/secureus.se\/pl\/wp-json\/wp\/v2\/media\/139863"}],"wp:attachment":[{"href":"https:\/\/secureus.se\/pl\/wp-json\/wp\/v2\/media?parent=139864"}],"wp:term":[{"taxonomy":"product_brand","embeddable":true,"href":"https:\/\/secureus.se\/pl\/wp-json\/wp\/v2\/product_brand?post=139864"},{"taxonomy":"product_cat","embeddable":true,"href":"https:\/\/secureus.se\/pl\/wp-json\/wp\/v2\/product_cat?post=139864"},{"taxonomy":"product_tag","embeddable":true,"href":"https:\/\/secureus.se\/pl\/wp-json\/wp\/v2\/product_tag?post=139864"}],"curies":[{"name":"wp","href":"https:\/\/api.w.org\/{rel}","templated":true}]}}