{"id":139873,"date":"2023-09-26T13:06:25","date_gmt":"2023-09-26T11:06:25","guid":{"rendered":"https:\/\/secureus.se\/elslutbleck-step-98-rattvand-12v-kolvkontakt\/"},"modified":"2026-04-08T16:35:39","modified_gmt":"2026-04-08T14:35:39","slug":"elslutbleck-step-98-rattvand-12v-kolvkontakt","status":"publish","type":"product","link":"https:\/\/secureus.se\/pl\/elslutbleck-step-98-rattvand-12v-kolvkontakt\/","title":{"rendered":"Arkusz zacisk\u00f3w elektrycznych STEP 98 Styk t\u0142okowy 12 V skierowany w prawo"},"content":{"rendered":"<div>\n<h1>Arkusz zacisk\u00f3w elektrycznych STEP 98 Styk t\u0142okowy 12 V skierowany w prawo<\/h1>\n<p>Elektrozaczep STEP 98 Preload HPR to elektrozaczep przeciwpo\u017carowy o wysokim poziomie bezpiecze\u0144stwa i funkcjonalno\u015bci, zaprojektowany do monta\u017cu w drzwiach o du\u017cym nat\u0119\u017ceniu ruchu oraz w pomieszczeniach o wysokich wymaganiach bezpiecze\u0144stwa.<\/p>\n<p class=\"\" data-start=\"349\" data-end=\"871\">STEP 98 Preload to elektrozaczep z atestem przeciwpo\u017carowym, idealny do drzwi zamykanych na ga\u0142k\u0119 lub klucz.<\/p>\n<p class=\"\" data-start=\"349\" data-end=\"871\">Produkt posiada certyfikat odporno\u015bci ogniowej do E\/EI 120 i posiada opatentowan\u0105 technologi\u0119 docisku listwy, kt\u00f3ra gwarantuje, \u017ce drzwi mo\u017cna otworzy\u0107 przy nacisku do 40 kg.<\/p>\n<p class=\"\" data-start=\"349\" data-end=\"871\">STEP 98 Preload nale\u017cy do serii Preload firmy STEP i nadaje si\u0119 do monta\u017cu zar\u00f3wno w drzwiach lewo-, jak i prawoskrzyd\u0142owych. Dzi\u0119ki funkcji odwracania mo\u017cna go u\u017cywa\u0107 zar\u00f3wno do jazdy do przodu, jak i do ty\u0142u.<\/p>\n<p class=\"\" data-start=\"873\" data-end=\"1156\">Elektrozaczep wyposa\u017cony jest w styk t\u0142okowy umo\u017cliwiaj\u0105cy sygnalizacj\u0119 zamkni\u0119cia\/otwarcia oraz zablokowania\/odblokowania drzwi, dzi\u0119ki czemu idealnie nadaje si\u0119 do integracji z systemami kontroli dost\u0119pu i systemami alarmowymi.<\/p>\n<p class=\"\" data-start=\"873\" data-end=\"1156\">Produkt jest tak\u017ce zabezpieczony przed manipulacj\u0105 i odwracalny, co u\u0142atwia monta\u017c w r\u00f3\u017cnych systemach drzwiowych.<\/p>\n<p class=\"\" data-start=\"1158\" data-end=\"1175\"><strong data-start=\"1158\" data-end=\"1172\">Charakterystyka<\/strong>:<\/p>\n<ul data-start=\"1176\" data-end=\"1692\">\n<li class=\"\" data-start=\"1176\" data-end=\"1221\">\n<p class=\"\" data-start=\"1178\" data-end=\"1221\">Funkcja skierowana w prawo (zablokowana w trybie bez zasilania)<\/p>\n<\/li>\n<li class=\"\" data-start=\"1222\" data-end=\"1274\">\n<p class=\"\" data-start=\"1224\" data-end=\"1274\">Mikroprze\u0142\u0105cznik jednobiegunowy prze\u0142\u0105czaj\u0105cy (maks. 30 V DC, 1 A)<\/p>\n<\/li>\n<li class=\"\" data-start=\"1275\" data-end=\"1330\">\n<p class=\"\" data-start=\"1277\" data-end=\"1330\">Wska\u017anik wykrycia zamkni\u0119tych\/otwartych drzwi<\/p>\n<\/li>\n<li class=\"\" data-start=\"1331\" data-end=\"1410\">\n<p class=\"\" data-start=\"1333\" data-end=\"1410\">Certyfikowany pod k\u0105tem odporno\u015bci ogniowej do F (E\/EI 120) zgodnie z norm\u0105 SS-EN 14846:2008<\/p>\n<\/li>\n<li class=\"\" data-start=\"1411\" data-end=\"1444\">\n<p class=\"\" data-start=\"1413\" data-end=\"1444\">Wytrzyma\u0142o\u015b\u0107 na zerwanie 900 kg (9 kN)<\/p>\n<\/li>\n<li class=\"\" data-start=\"1445\" data-end=\"1529\">\n<p class=\"\" data-start=\"1447\" data-end=\"1529\">Gwarantuje otwieranie pomimo nacisku ta\u015bmy do 40 kg w trybie do przodu i do ty\u0142u<\/p>\n<\/li>\n<li class=\"\" data-start=\"1530\" data-end=\"1545\">\n<p class=\"\" data-start=\"1532\" data-end=\"1545\">Antystukowy<\/p>\n<\/li>\n<li class=\"\" data-start=\"1546\" data-end=\"1596\">\n<p class=\"\" data-start=\"1548\" data-end=\"1596\">Dwustronny, pasuj\u0105cy do drzwi prawych i lewych<\/p>\n<\/li>\n<li class=\"\" data-start=\"1597\" data-end=\"1645\">\n<p class=\"\" data-start=\"1599\" data-end=\"1645\">Mo\u017cliwo\u015b\u0107 blokowania \u015brub hakowych lub \u015brub prostych<\/p>\n<\/li>\n<li class=\"\" data-start=\"1646\" data-end=\"1692\">\n<p class=\"\" data-start=\"1648\" data-end=\"1692\">W zestawie 10-metrowy kabel po\u0142\u0105czeniowy bezhalogenowy<\/p>\n<\/li>\n<\/ul>\n<p class=\"\" data-start=\"1694\" data-end=\"1725\"><strong data-start=\"1694\" data-end=\"1722\">Specyfikacje techniczne<\/strong>:<\/p>\n<ul data-start=\"1726\" data-end=\"2318\">\n<li class=\"\" data-start=\"1726\" data-end=\"1761\">\n<p class=\"\" data-start=\"1728\" data-end=\"1761\"><strong data-start=\"1728\" data-end=\"1751\">Si\u0142a zrywaj\u0105ca maks<\/strong>: 900 kg<\/p>\n<\/li>\n<li class=\"\" data-start=\"1762\" data-end=\"1798\">\n<p class=\"\" data-start=\"1764\" data-end=\"1798\"><strong data-start=\"1764\" data-end=\"1780\">Wisz\u0105ce drzwi<\/strong>:Prawo, Lewo<\/p>\n<\/li>\n<li class=\"\" data-start=\"1799\" data-end=\"1823\">\n<p class=\"\" data-start=\"1801\" data-end=\"1823\"><strong data-start=\"1801\" data-end=\"1816\">Kabel w zestawie<\/strong>: NIE<\/p>\n<\/li>\n<li class=\"\" data-start=\"1824\" data-end=\"1848\">\n<p class=\"\" data-start=\"1826\" data-end=\"1848\"><strong data-start=\"1826\" data-end=\"1839\">Drukowanie listy<\/strong>: 40 kg<\/p>\n<\/li>\n<li class=\"\" data-start=\"1849\" data-end=\"1890\">\n<p class=\"\" data-start=\"1851\" data-end=\"1890\"><strong data-start=\"1851\" data-end=\"1861\">Typ zamka<\/strong>: Zamek z pojedyncz\u0105 zapadk\u0105, Zamek z podw\u00f3jn\u0105 zapadk\u0105<\/p>\n<\/li>\n<li class=\"\" data-start=\"1891\" data-end=\"1919\">\n<p class=\"\" data-start=\"1893\" data-end=\"1919\"><strong data-start=\"1893\" data-end=\"1910\">Szeroki produkt<\/strong>: 25 mm<\/p>\n<\/li>\n<li class=\"\" data-start=\"1920\" data-end=\"1946\">\n<p class=\"\" data-start=\"1922\" data-end=\"1946\"><strong data-start=\"1922\" data-end=\"1940\">Oceniono materia\u0142y budowlane<\/strong>: Tak<\/p>\n<\/li>\n<li class=\"\" data-start=\"1947\" data-end=\"1974\">\n<p class=\"\" data-start=\"1949\" data-end=\"1974\"><strong data-start=\"1949\" data-end=\"1965\">G\u0142\u0119boki produkt<\/strong>: 35mm<\/p>\n<\/li>\n<li class=\"\" data-start=\"1975\" data-end=\"2009\">\n<p class=\"\" data-start=\"1977\" data-end=\"2009\"><strong data-start=\"1977\" data-end=\"2002\">Napi\u0119cie robocze 12V\/24V<\/strong>: 12 V<\/p>\n<\/li>\n<li class=\"\" data-start=\"2010\" data-end=\"2038\">\n<p class=\"\" data-start=\"2012\" data-end=\"2038\"><strong data-start=\"2012\" data-end=\"2031\">Podw\u00f3jne zakr\u0119cane etui<\/strong>: NIE<\/p>\n<\/li>\n<li class=\"\" data-start=\"2039\" data-end=\"2066\">\n<p class=\"\" data-start=\"2041\" data-end=\"2066\"><strong data-start=\"2041\" data-end=\"2059\">Zweryfikowano przez EPD<\/strong>: NIE<\/p>\n<\/li>\n<li class=\"\" data-start=\"2067\" data-end=\"2085\">\n<p class=\"\" data-start=\"2069\" data-end=\"2085\"><strong data-start=\"2069\" data-end=\"2078\">DOBRA INFORMACJA<\/strong>: NIE<\/p>\n<\/li>\n<li class=\"\" data-start=\"2086\" data-end=\"2120\">\n<p class=\"\" data-start=\"2088\" data-end=\"2120\"><strong data-start=\"2088\" data-end=\"2109\">Kolor\/Obr\u00f3bka powierzchni<\/strong>:Stal nierdzewna<\/p>\n<\/li>\n<li class=\"\" data-start=\"2121\" data-end=\"2148\">\n<p class=\"\" data-start=\"2123\" data-end=\"2148\"><strong data-start=\"2123\" data-end=\"2139\">Podwy\u017cszony produkt<\/strong>: 90mm<\/p>\n<\/li>\n<li class=\"\" data-start=\"2149\" data-end=\"2172\">\n<p class=\"\" data-start=\"2151\" data-end=\"2172\"><strong data-start=\"2151\" data-end=\"2166\">Z\u0142\u0105cze t\u0142okowe<\/strong>: Tak<\/p>\n<\/li>\n<li class=\"\" data-start=\"2173\" data-end=\"2206\">\n<p class=\"\" data-start=\"2175\" data-end=\"2206\"><strong data-start=\"2175\" data-end=\"2194\">W prawo\/wstecz<\/strong>:Skierowany w prawo<\/p>\n<\/li>\n<li class=\"\" data-start=\"2207\" data-end=\"2233\">\n<p class=\"\" data-start=\"2209\" data-end=\"2233\"><strong data-start=\"2209\" data-end=\"2227\">Napi\u0119cie AC\/DC<\/strong>:DC<\/p>\n<\/li>\n<li class=\"\" data-start=\"2234\" data-end=\"2262\">\n<p class=\"\" data-start=\"2236\" data-end=\"2262\"><strong data-start=\"2236\" data-end=\"2252\">Napi\u0119cie maks<\/strong>: 13,8 V<\/p>\n<\/li>\n<li class=\"\" data-start=\"2263\" data-end=\"2291\">\n<p class=\"\" data-start=\"2265\" data-end=\"2291\"><strong data-start=\"2265\" data-end=\"2281\">Napi\u0119cie min<\/strong>: 10,8 V<\/p>\n<\/li>\n<li class=\"\" data-start=\"2292\" data-end=\"2318\">\n<p class=\"\" data-start=\"2294\" data-end=\"2318\"><strong data-start=\"2294\" data-end=\"2312\">Ocena SundaHouse<\/strong>: Tak<\/p>\n<\/li>\n<\/ul>\n<div>\n<div>\n<p>&nbsp;<\/p>\n<\/div>\n<\/div>\n<\/div>","protected":false},"excerpt":{"rendered":"<p>Tutaj mo\u017cesz zobaczy\u0107, kt\u00f3re s\u0142upki i modele pasuj\u0105 do siebie z asortymentu elektrycznych ogranicznik\u00f3w drzwi STEP.<\/p>\n<h5><strong><a href=\"https:\/\/steplock.com\/sv\/stolpguide\/#!?lang=sv&amp;blog_id=1&amp;paged=1&amp;number=50\" target=\"_blank\" rel=\"noopener\">Przewodnik po STEP Post\u00a0<\/a><\/strong><\/h5>\n<h5><strong><a href=\"https:\/\/steplock.com\/sv\/projekteringsguide\/#!?lang=sv&amp;blog_id=1&amp;paged=1&amp;number=999\" target=\"_blank\" rel=\"noopener\">Przewodnik projektowy STEP<\/a><\/strong><\/h5>","protected":false},"featured_media":139872,"template":"","meta":{"_acf_changed":false},"product_brand":[],"product_cat":[3355],"product_tag":[4198,4200],"class_list":{"0":"post-139873","1":"product","2":"type-product","3":"status-publish","4":"has-post-thumbnail","6":"product_cat-elslutbleck","7":"product_tag-12v","8":"product_tag-rattvand","9":"product_shipping_class-tunga-paket","10":"pa_brands-step","11":"tm-no-options","13":"first","14":"onbackorder","15":"sale","16":"taxable","17":"shipping-taxable","18":"purchasable","19":"product-type-simple"},"acf":[],"_links":{"self":[{"href":"https:\/\/secureus.se\/pl\/wp-json\/wp\/v2\/product\/139873","targetHints":{"allow":["GET"]}}],"collection":[{"href":"https:\/\/secureus.se\/pl\/wp-json\/wp\/v2\/product"}],"about":[{"href":"https:\/\/secureus.se\/pl\/wp-json\/wp\/v2\/types\/product"}],"wp:featuredmedia":[{"embeddable":true,"href":"https:\/\/secureus.se\/pl\/wp-json\/wp\/v2\/media\/139872"}],"wp:attachment":[{"href":"https:\/\/secureus.se\/pl\/wp-json\/wp\/v2\/media?parent=139873"}],"wp:term":[{"taxonomy":"product_brand","embeddable":true,"href":"https:\/\/secureus.se\/pl\/wp-json\/wp\/v2\/product_brand?post=139873"},{"taxonomy":"product_cat","embeddable":true,"href":"https:\/\/secureus.se\/pl\/wp-json\/wp\/v2\/product_cat?post=139873"},{"taxonomy":"product_tag","embeddable":true,"href":"https:\/\/secureus.se\/pl\/wp-json\/wp\/v2\/product_tag?post=139873"}],"curies":[{"name":"wp","href":"https:\/\/api.w.org\/{rel}","templated":true}]}}