{"id":139882,"date":"2023-09-26T13:07:55","date_gmt":"2023-09-26T11:07:55","guid":{"rendered":"https:\/\/secureus.se\/elslutbleck-step-18-hoger-omvand-24v-7mm-regel-connect\/"},"modified":"2026-04-08T16:13:33","modified_gmt":"2026-04-08T14:13:33","slug":"elslutbleck-step-18-hoger-omvand-24v-7mm-regel-connect","status":"publish","type":"product","link":"https:\/\/secureus.se\/pl\/elslutbleck-step-18-hoger-omvand-24v-7mm-regel-connect\/","title":{"rendered":"Elektryczna p\u0142yta ko\u0144cowa STEP 18 Prawa tylna 24V 7mm Regel Connect"},"content":{"rendered":"<h1>Elektryczna p\u0142yta ko\u0144cowa STEP 18 Prawa tylna 24V 7mm Regel Connect<\/h1>\n<p>STEP 18 Secure to elektrozaczep o wysokim poziomie bezpiecze\u0144stwa z funkcj\u0105 rewersyjn\u0105 do drzwi prawoskrzyd\u0142owych, dostosowany do zamk\u00f3w bolcowych z t\u0142okiem 7 mm z serii Connect.<\/p>\n<p>Produkt posiada atest ognioodporno\u015bci do E\/EI60 i jest dostarczany z 5-metrowym kablem bezhalogenowym.<\/p>\n<p class=\"\" data-start=\"315\" data-end=\"847\">Rozwi\u0105zanie STEP 18 Secure zosta\u0142o opracowane, aby sprosta\u0107 wysokim wymaganiom w zakresie bezpiecze\u0144stwa i niezawodno\u015bci dzia\u0142ania w miejscach, w kt\u00f3rych wyst\u0119puje cz\u0119ste wej\u015bcie i wyj\u015bcie, np. na drzwiach antyw\u0142amaniowych w wi\u0119zieniach, bankach i agencjach rz\u0105dowych.<\/p>\n<p class=\"\" data-start=\"315\" data-end=\"847\">Ten elektrozaczep zosta\u0142 specjalnie zaprojektowany do drzwi prawych z t\u0142okiem 7 mm z serii Connect.<\/p>\n<p class=\"\" data-start=\"315\" data-end=\"847\">Dzi\u0119ki funkcji odwrotnego otwierania, co oznacza, \u017ce p\u0142yta jest odblokowana w pozycji bez zasilania, umo\u017cliwia bezpieczne i elastyczne otwieranie nawet w przypadku zaniku zasilania \u2013 cecha ta jest szczeg\u00f3lnie wa\u017cna na drogach ewakuacyjnych.<\/p>\n<p class=\"\" data-start=\"849\" data-end=\"1387\">STEP 18 Secure posiada atest ognioodporno\u015bci do E\/EI60 i wytrzymuje obci\u0105\u017cenia fizyczne o wytrzyma\u0142o\u015bci na zerwanie wynosz\u0105cej oko\u0142o 1500 kg (15 kN).<\/p>\n<p class=\"\" data-start=\"849\" data-end=\"1387\">Produkt posiada wbudowany wy\u0142\u0105cznik t\u0142okowy i wy\u0142\u0105cznik zatrzaskowy, kt\u00f3re zapewniaj\u0105 precyzyjn\u0105 informacj\u0119 o tym, czy drzwi s\u0105 otwarte czy zamkni\u0119te, a tak\u017ce zablokowane czy odblokowane.<\/p>\n<p class=\"\" data-start=\"849\" data-end=\"1387\">Umo\u017cliwia to bezproblemow\u0105 integracj\u0119 z systemami kontroli dost\u0119pu, systemami alarmowymi i innym sprz\u0119tem zabezpieczaj\u0105cym. Dodatkowo arkusz jest zabezpieczony przed manipulacj\u0105 i wyposa\u017cony we wbudowan\u0105 diod\u0119 zabezpieczaj\u0105c\u0105.<\/p>\n<p class=\"\" data-start=\"849\" data-end=\"1387\">Dzi\u0119ki do\u0142\u0105czonemu 5-metrowemu bezhalogenowemu kablowi przy\u0142\u0105czeniowemu instalacja jest \u0142atwa i elastyczna.<\/p>\n<p class=\"\" data-start=\"1389\" data-end=\"1417\"><strong data-start=\"1389\" data-end=\"1415\">Cechy i korzy\u015bci:<\/strong><\/p>\n<ul data-start=\"1418\" data-end=\"1830\">\n<li class=\"\" data-start=\"1418\" data-end=\"1474\">\n<p class=\"\" data-start=\"1420\" data-end=\"1474\">Przystosowany do zamk\u00f3w ryglowych z t\u0142okiem 7 mm serii Connect<\/p>\n<\/li>\n<li class=\"\" data-start=\"1475\" data-end=\"1542\">\n<p class=\"\" data-start=\"1477\" data-end=\"1542\">Funkcja cofania \u2013 odblokowana w pozycji od\u0142\u0105czonej od zasilania w celu zapewnienia bezpiecze\u0144stwa podczas ucieczki<\/p>\n<\/li>\n<li class=\"\" data-start=\"1543\" data-end=\"1579\">\n<p class=\"\" data-start=\"1545\" data-end=\"1579\">Specjalnie do drzwi prawoskr\u0119tnych<\/p>\n<\/li>\n<li class=\"\" data-start=\"1580\" data-end=\"1612\">\n<p class=\"\" data-start=\"1582\" data-end=\"1612\">Ognioodporno\u015b\u0107 do E\/EI60<\/p>\n<\/li>\n<li class=\"\" data-start=\"1613\" data-end=\"1668\">\n<p class=\"\" data-start=\"1615\" data-end=\"1668\">Wbudowany t\u0142ok i prze\u0142\u0105cznik zatrzaskowy do wskazywania stanu<\/p>\n<\/li>\n<li class=\"\" data-start=\"1669\" data-end=\"1713\">\n<p class=\"\" data-start=\"1671\" data-end=\"1713\">Wytrzyma\u0142o\u015b\u0107 na zerwanie oko\u0142o 1500 kg (15 kN)<\/p>\n<\/li>\n<li class=\"\" data-start=\"1714\" data-end=\"1750\">\n<p class=\"\" data-start=\"1716\" data-end=\"1750\">Wytrzymuje nacisk formowania do 500 kg<\/p>\n<\/li>\n<li class=\"\" data-start=\"1751\" data-end=\"1789\">\n<p class=\"\" data-start=\"1753\" data-end=\"1789\">Antystukowy z wbudowan\u0105 diod\u0105 zabezpieczaj\u0105c\u0105<\/p>\n<\/li>\n<li class=\"\" data-start=\"1790\" data-end=\"1830\">\n<p class=\"\" data-start=\"1792\" data-end=\"1830\">Dostarczany z 5-metrowym kablem bezhalogenowym<\/p>\n<\/li>\n<\/ul>\n<p class=\"\" data-start=\"1832\" data-end=\"2217\"><strong data-start=\"1832\" data-end=\"1861\">Dane techniczne:<\/strong><br data-start=\"1861\" data-end=\"1864\" \/>Napi\u0119cie robocze: 24 V DC (21,6-27,6 V)<br data-start=\"1900\" data-end=\"1903\" \/>Pob\u00f3r pr\u0105du: 313 mA odblokowany<br data-start=\"1933\" data-end=\"1936\" \/>Mikrowy\u0142\u0105cznik: Pojedynczy biegun prze\u0142\u0105czaj\u0105cy, maks. 30V pr\u0105du sta\u0142ego, 1A<br data-start=\"1986\" data-end=\"1989\" \/>Wytrzyma\u0142o\u015b\u0107 na zerwanie: 1500 kg<br data-start=\"2013\" data-end=\"2016\" \/>Nacisk listwy: 500 kg<br data-start=\"2033\" data-end=\"2036\" data-is-only-node=\"\" \/>Zawias drzwi: prawy<br data-start=\"2055\" data-end=\"2058\" \/>D\u0142ugo\u015b\u0107 kabla: 5 metr\u00f3w<br data-start=\"2077\" data-end=\"2080\" \/>Typ zamka: Zamek zatrzaskowy hakowy, Zamek zatrzaskowy podw\u00f3jny<br data-start=\"2113\" data-end=\"2116\" \/>Wymiary (szer. x g\u0142. x wys.): 35 x 40 x 230 mm<br data-start=\"2146\" data-end=\"2149\" \/>Kolor\/Wyko\u0144czenie: Stal nierdzewna<br data-start=\"2175\" data-end=\"2178\" \/>Oceniony produkt budowlany: Tak<br data-start=\"2196\" data-end=\"2199\" \/>SundaHouse oceni\u0142(a): Tak<\/p>","protected":false},"excerpt":{"rendered":"<p>Tutaj mo\u017cesz zobaczy\u0107, kt\u00f3re s\u0142upki i modele pasuj\u0105 do siebie z asortymentu elektrycznych ogranicznik\u00f3w drzwi STEP.<\/p>\n<h5><strong><a href=\"https:\/\/steplock.com\/sv\/stolpguide\/#!?lang=sv&amp;blog_id=1&amp;paged=1&amp;number=50\" target=\"_blank\" rel=\"noopener\">Przewodnik po STEP Post\u00a0<\/a><\/strong><\/h5>\n<h5><strong><a href=\"https:\/\/steplock.com\/sv\/projekteringsguide\/#!?lang=sv&amp;blog_id=1&amp;paged=1&amp;number=999\" target=\"_blank\" rel=\"noopener\">Przewodnik projektowy STEP<\/a><\/strong><\/h5>","protected":false},"featured_media":139880,"template":"","meta":{"_acf_changed":false},"product_brand":[],"product_cat":[3355],"product_tag":[4197,4201],"class_list":{"0":"post-139882","1":"product","2":"type-product","3":"status-publish","4":"has-post-thumbnail","6":"product_cat-elslutbleck","7":"product_tag-24v","8":"product_tag-omvand","9":"product_shipping_class-tunga-paket","10":"pa_brands-step","11":"tm-no-options","13":"first","14":"onbackorder","15":"sale","16":"taxable","17":"shipping-taxable","18":"purchasable","19":"product-type-simple"},"acf":[],"_links":{"self":[{"href":"https:\/\/secureus.se\/pl\/wp-json\/wp\/v2\/product\/139882","targetHints":{"allow":["GET"]}}],"collection":[{"href":"https:\/\/secureus.se\/pl\/wp-json\/wp\/v2\/product"}],"about":[{"href":"https:\/\/secureus.se\/pl\/wp-json\/wp\/v2\/types\/product"}],"wp:featuredmedia":[{"embeddable":true,"href":"https:\/\/secureus.se\/pl\/wp-json\/wp\/v2\/media\/139880"}],"wp:attachment":[{"href":"https:\/\/secureus.se\/pl\/wp-json\/wp\/v2\/media?parent=139882"}],"wp:term":[{"taxonomy":"product_brand","embeddable":true,"href":"https:\/\/secureus.se\/pl\/wp-json\/wp\/v2\/product_brand?post=139882"},{"taxonomy":"product_cat","embeddable":true,"href":"https:\/\/secureus.se\/pl\/wp-json\/wp\/v2\/product_cat?post=139882"},{"taxonomy":"product_tag","embeddable":true,"href":"https:\/\/secureus.se\/pl\/wp-json\/wp\/v2\/product_tag?post=139882"}],"curies":[{"name":"wp","href":"https:\/\/api.w.org\/{rel}","templated":true}]}}