{"id":139884,"date":"2023-09-26T13:06:20","date_gmt":"2023-09-26T11:06:20","guid":{"rendered":"https:\/\/secureus.se\/elslutbleck-step-98-omstallbar-12v\/"},"modified":"2026-04-23T12:55:33","modified_gmt":"2026-04-23T10:55:33","slug":"elslutbleck-step-98-omstallbar-12v","status":"publish","type":"product","link":"https:\/\/secureus.se\/pl\/elslutbleck-step-98-omstallbar-12v\/","title":{"rendered":"Elektryczna p\u0142yta ko\u0144cowa STEP 98 Prze\u0142\u0105czana 12V"},"content":{"rendered":"<div>\n<h1>Elektryczna p\u0142yta ko\u0144cowa STEP 98 Prze\u0142\u0105czana 12V<\/h1>\n<p>Elektrozaczep STEP 98 Preload HPR to elektrozaczep z atestem przeciwpo\u017carowym, kt\u00f3ry \u0142\u0105czy w sobie wysokie bezpiecze\u0144stwo i niezawodno\u015b\u0107 dzia\u0142ania dla drzwi wymagaj\u0105cych zar\u00f3wno odporno\u015bci ogniowej, jak i wysokiej odporno\u015bci na w\u0142amanie.<\/p>\n<p class=\"\" data-start=\"334\" data-end=\"824\">STEP 98 Preload to elektrozaczep z atestem przeciwpo\u017carowym przeznaczony do pomieszcze\u0144, kt\u00f3re maj\u0105 by\u0107 zamykane na ga\u0142k\u0119 lub klucz.<\/p>\n<p class=\"\" data-start=\"334\" data-end=\"824\">W przypadku STEP 98 Preload mo\u017cliwe jest zainstalowanie wska\u017anika rygla ST4880, kt\u00f3ry mo\u017ce by\u0107 u\u017cywany do automatycznego blokowania systemu dost\u0119pu do drzwi lub zamka kodowego po mechanicznym odblokowaniu rygla hakowego lub prostego obudowy zamka.<\/p>\n<p class=\"\" data-start=\"334\" data-end=\"824\">W tym elektrozaczepie zastosowano opatentowan\u0105 technologi\u0119 docisku listwy STEP, dzi\u0119ki kt\u00f3rej drzwi zawsze otworz\u0105 si\u0119 przy nacisku do 40 kg.<\/p>\n<p class=\"\" data-start=\"826\" data-end=\"1078\">STEP 98 Preload oferuje zar\u00f3wno funkcj\u0119 ruchu do przodu, jak i do ty\u0142u (zablokowany lub odblokowany w pozycji bez zasilania) i posiada certyfikat ognioodporno\u015bci do E\/EI 120 (120 min).<\/p>\n<p class=\"\" data-start=\"826\" data-end=\"1078\">Zaczep elektryczny jest zabezpieczony przed manipulacj\u0105 i mo\u017cna go odwraca\u0107, dzi\u0119ki czemu pasuje zar\u00f3wno do drzwi prawych, jak i lewych.<\/p>\n<div>\n<div>\n<p class=\"\" data-start=\"1080\" data-end=\"1097\"><strong data-start=\"1080\" data-end=\"1094\">Charakterystyka<\/strong>:<\/p>\n<ul data-start=\"1098\" data-end=\"1555\">\n<li class=\"\" data-start=\"1098\" data-end=\"1151\">\n<p class=\"\" data-start=\"1100\" data-end=\"1151\">Funkcja prze\u0142\u0105czalna (zablokowana\/odblokowana w trybie bez zasilania)<\/p>\n<\/li>\n<li class=\"\" data-start=\"1152\" data-end=\"1210\">\n<p class=\"\" data-start=\"1154\" data-end=\"1210\">Ognioodporno\u015b\u0107 do E\/EI 120 zgodnie z norm\u0105 SS-EN 14846:2008<\/p>\n<\/li>\n<li class=\"\" data-start=\"1211\" data-end=\"1247\">\n<p class=\"\" data-start=\"1213\" data-end=\"1247\">Si\u0142a zrywaj\u0105ca 9 kN (ok. 900 kg)<\/p>\n<\/li>\n<li class=\"\" data-start=\"1248\" data-end=\"1335\">\n<p class=\"\" data-start=\"1250\" data-end=\"1335\">Gwarantuje otwieranie pomimo nacisku ta\u015bmy do 40 kg w trybie do przodu i do ty\u0142u<\/p>\n<\/li>\n<li class=\"\" data-start=\"1336\" data-end=\"1358\">\n<p class=\"\" data-start=\"1338\" data-end=\"1358\">Wbudowana dioda zabezpieczaj\u0105ca<\/p>\n<\/li>\n<li class=\"\" data-start=\"1359\" data-end=\"1455\">\n<p class=\"\" data-start=\"1361\" data-end=\"1455\">Wska\u017anik wykrywania, czy drzwi s\u0105 zamkni\u0119te\/otwarte (dotyczy produkt\u00f3w z kontaktem t\u0142okowym)<\/p>\n<\/li>\n<li class=\"\" data-start=\"1456\" data-end=\"1506\">\n<p class=\"\" data-start=\"1458\" data-end=\"1506\">Dwustronny, pasuj\u0105cy do drzwi prawych i lewych<\/p>\n<\/li>\n<li class=\"\" data-start=\"1507\" data-end=\"1555\">\n<p class=\"\" data-start=\"1509\" data-end=\"1555\">Mo\u017cliwo\u015b\u0107 blokowania \u015brub hakowych lub \u015brub prostych<\/p>\n<\/li>\n<\/ul>\n<p class=\"\" data-start=\"1557\" data-end=\"1588\"><strong data-start=\"1557\" data-end=\"1585\">Specyfikacje techniczne<\/strong>:<\/p>\n<ul data-start=\"1589\" data-end=\"2200\">\n<li class=\"\" data-start=\"1589\" data-end=\"1624\">\n<p class=\"\" data-start=\"1591\" data-end=\"1624\"><strong data-start=\"1591\" data-end=\"1614\">Si\u0142a zrywaj\u0105ca maks<\/strong>: 900 kg<\/p>\n<\/li>\n<li class=\"\" data-start=\"1625\" data-end=\"1661\">\n<p class=\"\" data-start=\"1627\" data-end=\"1661\"><strong data-start=\"1627\" data-end=\"1643\">Wisz\u0105ce drzwi<\/strong>:Prawo, Lewo<\/p>\n<\/li>\n<li class=\"\" data-start=\"1662\" data-end=\"1686\">\n<p class=\"\" data-start=\"1664\" data-end=\"1686\"><strong data-start=\"1664\" data-end=\"1679\">Kabel w zestawie<\/strong>: NIE<\/p>\n<\/li>\n<li class=\"\" data-start=\"1687\" data-end=\"1711\">\n<p class=\"\" data-start=\"1689\" data-end=\"1711\"><strong data-start=\"1689\" data-end=\"1702\">Drukowanie listy<\/strong>: 40 kg<\/p>\n<\/li>\n<li class=\"\" data-start=\"1712\" data-end=\"1753\">\n<p class=\"\" data-start=\"1714\" data-end=\"1753\"><strong data-start=\"1714\" data-end=\"1724\">Typ zamka<\/strong>: Zamek z pojedyncz\u0105 zapadk\u0105, Zamek z podw\u00f3jn\u0105 zapadk\u0105<\/p>\n<\/li>\n<li class=\"\" data-start=\"1754\" data-end=\"1782\">\n<p class=\"\" data-start=\"1756\" data-end=\"1782\"><strong data-start=\"1756\" data-end=\"1773\">Szeroki produkt<\/strong>: 25 mm<\/p>\n<\/li>\n<li class=\"\" data-start=\"1783\" data-end=\"1809\">\n<p class=\"\" data-start=\"1785\" data-end=\"1809\"><strong data-start=\"1785\" data-end=\"1803\">Oceniono materia\u0142y budowlane<\/strong>: Tak<\/p>\n<\/li>\n<li class=\"\" data-start=\"1810\" data-end=\"1837\">\n<p class=\"\" data-start=\"1812\" data-end=\"1837\"><strong data-start=\"1812\" data-end=\"1828\">G\u0142\u0119boki produkt<\/strong>: 35mm<\/p>\n<\/li>\n<li class=\"\" data-start=\"1838\" data-end=\"1872\">\n<p class=\"\" data-start=\"1840\" data-end=\"1872\"><strong data-start=\"1840\" data-end=\"1865\">Napi\u0119cie robocze 12V\/24V<\/strong>: 12 V<\/p>\n<\/li>\n<li class=\"\" data-start=\"1873\" data-end=\"1901\">\n<p class=\"\" data-start=\"1875\" data-end=\"1901\"><strong data-start=\"1875\" data-end=\"1894\">Podw\u00f3jne zakr\u0119cane etui<\/strong>: NIE<\/p>\n<\/li>\n<li class=\"\" data-start=\"1902\" data-end=\"1929\">\n<p class=\"\" data-start=\"1904\" data-end=\"1929\"><strong data-start=\"1904\" data-end=\"1922\">Zweryfikowano przez EPD<\/strong>: NIE<\/p>\n<\/li>\n<li class=\"\" data-start=\"1930\" data-end=\"1948\">\n<p class=\"\" data-start=\"1932\" data-end=\"1948\"><strong data-start=\"1932\" data-end=\"1941\">DOBRA INFORMACJA<\/strong>: NIE<\/p>\n<\/li>\n<li class=\"\" data-start=\"1949\" data-end=\"1983\">\n<p class=\"\" data-start=\"1951\" data-end=\"1983\"><strong data-start=\"1951\" data-end=\"1972\">Kolor\/Obr\u00f3bka powierzchni<\/strong>:Stal nierdzewna<\/p>\n<\/li>\n<li class=\"\" data-start=\"1984\" data-end=\"2011\">\n<p class=\"\" data-start=\"1986\" data-end=\"2011\"><strong data-start=\"1986\" data-end=\"2002\">Podwy\u017cszony produkt<\/strong>: 90mm<\/p>\n<\/li>\n<li class=\"\" data-start=\"2012\" data-end=\"2036\">\n<p class=\"\" data-start=\"2014\" data-end=\"2036\"><strong data-start=\"2014\" data-end=\"2029\">Z\u0142\u0105cze t\u0142okowe<\/strong>: NIE<\/p>\n<\/li>\n<li class=\"\" data-start=\"2037\" data-end=\"2088\">\n<p class=\"\" data-start=\"2039\" data-end=\"2088\"><strong data-start=\"2039\" data-end=\"2058\">W prawo\/wstecz<\/strong>: Prze\u0142\u0105czany do przodu\/do ty\u0142u<\/p>\n<\/li>\n<li class=\"\" data-start=\"2089\" data-end=\"2115\">\n<p class=\"\" data-start=\"2091\" data-end=\"2115\"><strong data-start=\"2091\" data-end=\"2109\">Napi\u0119cie AC\/DC<\/strong>:DC<\/p>\n<\/li>\n<li class=\"\" data-start=\"2116\" data-end=\"2144\">\n<p class=\"\" data-start=\"2118\" data-end=\"2144\"><strong data-start=\"2118\" data-end=\"2134\">Napi\u0119cie maks<\/strong>: 13,8 V<\/p>\n<\/li>\n<li class=\"\" data-start=\"2145\" data-end=\"2173\">\n<p class=\"\" data-start=\"2147\" data-end=\"2173\"><strong data-start=\"2147\" data-end=\"2163\">Napi\u0119cie min<\/strong>: 10,8 V<\/p>\n<\/li>\n<li class=\"\" data-start=\"2174\" data-end=\"2200\">\n<p class=\"\" data-start=\"2176\" data-end=\"2200\"><strong data-start=\"2176\" data-end=\"2194\">Ocena SundaHouse<\/strong>: Tak<\/p>\n<\/li>\n<\/ul>\n<\/div>\n<\/div>\n<\/div>","protected":false},"excerpt":{"rendered":"<p>Tutaj mo\u017cesz zobaczy\u0107, kt\u00f3re s\u0142upki i modele pasuj\u0105 do siebie z asortymentu elektrycznych ogranicznik\u00f3w drzwi STEP.<\/p>\n<h5><strong><a href=\"https:\/\/steplock.com\/sv\/stolpguide\/#!?lang=sv&amp;blog_id=1&amp;paged=1&amp;number=50\" target=\"_blank\" rel=\"noopener\">Przewodnik po STEP Post\u00a0<\/a><\/strong><\/h5>\n<h5><strong><a href=\"https:\/\/steplock.com\/sv\/projekteringsguide\/#!?lang=sv&amp;blog_id=1&amp;paged=1&amp;number=999\" target=\"_blank\" rel=\"noopener\">Przewodnik projektowy STEP<\/a><\/strong><\/h5>","protected":false},"featured_media":139883,"template":"","meta":{"_acf_changed":false},"product_brand":[],"product_cat":[3355],"product_tag":[4198,4202],"class_list":{"0":"post-139884","1":"product","2":"type-product","3":"status-publish","4":"has-post-thumbnail","6":"product_cat-elslutbleck","7":"product_tag-12v","8":"product_tag-omstallbar-rattvand-omvand","9":"product_shipping_class-tunga-paket","10":"pa_brands-step","11":"tm-no-options","13":"first","14":"onbackorder","15":"sale","16":"taxable","17":"shipping-taxable","18":"purchasable","19":"product-type-simple"},"acf":[],"_links":{"self":[{"href":"https:\/\/secureus.se\/pl\/wp-json\/wp\/v2\/product\/139884","targetHints":{"allow":["GET"]}}],"collection":[{"href":"https:\/\/secureus.se\/pl\/wp-json\/wp\/v2\/product"}],"about":[{"href":"https:\/\/secureus.se\/pl\/wp-json\/wp\/v2\/types\/product"}],"wp:featuredmedia":[{"embeddable":true,"href":"https:\/\/secureus.se\/pl\/wp-json\/wp\/v2\/media\/139883"}],"wp:attachment":[{"href":"https:\/\/secureus.se\/pl\/wp-json\/wp\/v2\/media?parent=139884"}],"wp:term":[{"taxonomy":"product_brand","embeddable":true,"href":"https:\/\/secureus.se\/pl\/wp-json\/wp\/v2\/product_brand?post=139884"},{"taxonomy":"product_cat","embeddable":true,"href":"https:\/\/secureus.se\/pl\/wp-json\/wp\/v2\/product_cat?post=139884"},{"taxonomy":"product_tag","embeddable":true,"href":"https:\/\/secureus.se\/pl\/wp-json\/wp\/v2\/product_tag?post=139884"}],"curies":[{"name":"wp","href":"https:\/\/api.w.org\/{rel}","templated":true}]}}