{"id":139899,"date":"2023-09-26T13:07:46","date_gmt":"2023-09-26T11:07:46","guid":{"rendered":"https:\/\/secureus.se\/elslutbleck-step-90-rattvand-12v-kolvkontakt\/"},"modified":"2026-03-26T09:49:00","modified_gmt":"2026-03-26T08:49:00","slug":"elslutbleck-step-90-rattvand-12v-kolvkontakt","status":"publish","type":"product","link":"https:\/\/secureus.se\/pl\/elslutbleck-step-90-rattvand-12v-kolvkontakt\/","title":{"rendered":"Arkusz zacisk\u00f3w elektrycznych STEP 90 Styk t\u0142okowy 12 V skierowany w prawo"},"content":{"rendered":"<h1>Arkusz zacisk\u00f3w elektrycznych STEP 90 Styk t\u0142okowy 12 V skierowany w prawo<\/h1>\n<p>STEP 90 Preload HPR to kompaktowy, prawoskr\u0119tny zamek elektryczny ze stykiem t\u0142okowym i wysok\u0105 niezawodno\u015bci\u0105 dzia\u0142ania. Ognioodporno\u015b\u0107 do E\/EI120, otwiera si\u0119 pomimo nacisku ta\u015bmy 250 kg.<\/p>\n<p class=\"\" data-start=\"246\" data-end=\"576\">Zamek elektryczny STEP 90 Preload HPR zosta\u0142 opracowany do zastosowa\u0144 w \u015brodowiskach, w kt\u00f3rych obowi\u0105zuj\u0105 wysokie wymagania dotycz\u0105ce bezpiecze\u0144stwa, niezawodno\u015bci dzia\u0142ania i kompaktowej instalacji.<\/p>\n<p class=\"\" data-start=\"246\" data-end=\"576\">Dzi\u0119ki funkcji skierowanej w prawo (zablokowanej w pozycji bez zasilania) i stykowi t\u0142okowemu zapewnia wyra\u017any wska\u017anik stanu drzwi - idealny do pod\u0142\u0105czenia do systemu kontroli dost\u0119pu lub alarmu.<\/p>\n<p class=\"\" data-start=\"578\" data-end=\"837\">STEP 90 nale\u017cy do serii Preload marki STEP i jest wyposa\u017cony w opatentowan\u0105 technologi\u0119 docisku listwy HPR\u00ae, kt\u00f3ra gwarantuje odblokowanie nawet wtedy, gdy drzwi zostan\u0105 poddane naciskowi do 250 kg.<\/p>\n<p class=\"\" data-start=\"578\" data-end=\"837\">Dzi\u0119ki temu jest to niezawodny wyb\u00f3r w przypadku drzwi otwieranych cz\u0119sto.<\/p>\n<p class=\"\" data-start=\"839\" data-end=\"1177\">Posiada klas\u0119 ognioodporno\u015bci E\/EI120 i charakteryzuje si\u0119 wysok\u0105 wytrzyma\u0142o\u015bci\u0105 na zerwanie wynosz\u0105c\u0105 1200 kg. Konstrukcja jest solidna i odporna na manipulacje, a wymiary s\u0105 na tyle ma\u0142e, \u017ce blach\u0119 mo\u017cna \u0142atwo zamontowa\u0107 nawet w ciasnych miejscach.<\/p>\n<p class=\"\" data-start=\"839\" data-end=\"1177\">Produkt mo\u017cna zamontowa\u0107 zar\u00f3wno do drzwi prawo-, jak i lewoskr\u0119tnych. Pasuje do obud\u00f3w zamk\u00f3w z serii Connect, Modul i Narrow Profile.<\/p>\n<p class=\"\" data-start=\"1179\" data-end=\"1207\"><strong data-start=\"1179\" data-end=\"1205\">Cechy i korzy\u015bci:<\/strong><\/p>\n<ul data-start=\"1208\" data-end=\"1512\">\n<li class=\"\" data-start=\"1208\" data-end=\"1247\">\n<p class=\"\" data-start=\"1210\" data-end=\"1247\">Prawid\u0142owa funkcja (zablokowana bez zasilania)<\/p>\n<\/li>\n<li class=\"\" data-start=\"1248\" data-end=\"1291\">\n<p class=\"\" data-start=\"1250\" data-end=\"1291\">Wy\u0142\u0105cznik t\u0142okowy do wykrywania stanu drzwi<\/p>\n<\/li>\n<li class=\"\" data-start=\"1292\" data-end=\"1325\">\n<p class=\"\" data-start=\"1294\" data-end=\"1325\">Ognioodporno\u015b\u0107 do E\/EI120<\/p>\n<\/li>\n<li class=\"\" data-start=\"1326\" data-end=\"1373\">\n<p class=\"\" data-start=\"1328\" data-end=\"1373\">Technologia HPR\u00ae \u2013 otwiera si\u0119 pomimo nacisku ta\u015bmy wynosz\u0105cego 250 kg<\/p>\n<\/li>\n<li class=\"\" data-start=\"1374\" data-end=\"1402\">\n<p class=\"\" data-start=\"1376\" data-end=\"1402\">Wytrzyma\u0142o\u015b\u0107 na zerwanie 1200 kg<\/p>\n<\/li>\n<li class=\"\" data-start=\"1403\" data-end=\"1433\">\n<p class=\"\" data-start=\"1405\" data-end=\"1433\">Kompaktowa i odwracalna konstrukcja<\/p>\n<\/li>\n<li class=\"\" data-start=\"1434\" data-end=\"1477\">\n<p class=\"\" data-start=\"1436\" data-end=\"1477\">Odporne na uderzenia i wyposa\u017cone w diod\u0119 zabezpieczaj\u0105c\u0105<\/p>\n<\/li>\n<li class=\"\" data-start=\"1478\" data-end=\"1512\">\n<p class=\"\" data-start=\"1480\" data-end=\"1512\">Pasuje do zamk\u00f3w jedno- i dwuskrzyd\u0142owych<\/p>\n<\/li>\n<\/ul>","protected":false},"excerpt":{"rendered":"<p>Tutaj mo\u017cesz zobaczy\u0107, kt\u00f3re s\u0142upki i modele pasuj\u0105 do siebie z asortymentu elektrycznych ogranicznik\u00f3w drzwi STEP.<\/p>\n<h5><strong><a href=\"https:\/\/steplock.com\/sv\/stolpguide\/#!?lang=sv&amp;blog_id=1&amp;paged=1&amp;number=50\" target=\"_blank\" rel=\"noopener\">Przewodnik po STEP Post\u00a0<\/a><\/strong><\/h5>\n<h5><strong><a href=\"https:\/\/steplock.com\/sv\/projekteringsguide\/#!?lang=sv&amp;blog_id=1&amp;paged=1&amp;number=999\" target=\"_blank\" rel=\"noopener\">Przewodnik projektowy STEP<\/a><\/strong><\/h5>","protected":false},"featured_media":139893,"template":"","meta":{"_acf_changed":false},"product_brand":[],"product_cat":[3355],"product_tag":[4196,4200],"class_list":{"0":"post-139899","1":"product","2":"type-product","3":"status-publish","4":"has-post-thumbnail","6":"product_cat-elslutbleck","7":"product_tag-12-24v","8":"product_tag-rattvand","9":"product_shipping_class-tunga-paket","10":"pa_brands-step","11":"tm-no-options","13":"first","14":"instock","15":"sale","16":"taxable","17":"shipping-taxable","18":"purchasable","19":"product-type-simple"},"acf":[],"_links":{"self":[{"href":"https:\/\/secureus.se\/pl\/wp-json\/wp\/v2\/product\/139899","targetHints":{"allow":["GET"]}}],"collection":[{"href":"https:\/\/secureus.se\/pl\/wp-json\/wp\/v2\/product"}],"about":[{"href":"https:\/\/secureus.se\/pl\/wp-json\/wp\/v2\/types\/product"}],"wp:featuredmedia":[{"embeddable":true,"href":"https:\/\/secureus.se\/pl\/wp-json\/wp\/v2\/media\/139893"}],"wp:attachment":[{"href":"https:\/\/secureus.se\/pl\/wp-json\/wp\/v2\/media?parent=139899"}],"wp:term":[{"taxonomy":"product_brand","embeddable":true,"href":"https:\/\/secureus.se\/pl\/wp-json\/wp\/v2\/product_brand?post=139899"},{"taxonomy":"product_cat","embeddable":true,"href":"https:\/\/secureus.se\/pl\/wp-json\/wp\/v2\/product_cat?post=139899"},{"taxonomy":"product_tag","embeddable":true,"href":"https:\/\/secureus.se\/pl\/wp-json\/wp\/v2\/product_tag?post=139899"}],"curies":[{"name":"wp","href":"https:\/\/api.w.org\/{rel}","templated":true}]}}