{"id":139907,"date":"2023-09-26T13:06:19","date_gmt":"2023-09-26T11:06:19","guid":{"rendered":"https:\/\/secureus.se\/elslutbleck-step-98-omvand-12v\/"},"modified":"2026-04-23T12:56:27","modified_gmt":"2026-04-23T10:56:27","slug":"elslutbleck-step-98-omvand-12v","status":"publish","type":"product","link":"https:\/\/secureus.se\/pl\/elslutbleck-step-98-omvand-12v\/","title":{"rendered":"Elektryczna listwa przy\u0142\u0105czeniowa STEP 98 Rewers 12V"},"content":{"rendered":"<h1>Elektryczna listwa przy\u0142\u0105czeniowa STEP 98 Rewers 12V<\/h1>\n<p>Elektrozaczep STEP 98 Preload to ognioodporny i bezpieczny elektrozaczep o du\u017cej wytrzyma\u0142o\u015bci na rozerwanie i zdolno\u015bci otwierania si\u0119 pomimo ci\u015bnienia w formach.<\/p>\n<p class=\"\" data-start=\"290\" data-end=\"657\">STEP 98 Preload to ognioodporny elektrozaczep przeznaczony do drzwi wymagaj\u0105cych funkcji bezpiecze\u0144stwa i niezawodnego dzia\u0142ania.<\/p>\n<p class=\"\" data-start=\"290\" data-end=\"657\">Ten zamek elektryczny posiada certyfikat odporno\u015bci ogniowej do E\/EI 120 (120 minut) i jest wyposa\u017cony w opatentowan\u0105 technologi\u0119 docisku listwy STEP, co oznacza, \u017ce drzwi mo\u017cna zawsze otworzy\u0107, nawet je\u015bli zostan\u0105 poddane naciskowi do 40 kg.<\/p>\n<p class=\"\" data-start=\"659\" data-end=\"1009\">STEP 98 Preload posiada funkcj\u0119 rewersyjn\u0105 (blokada w pozycji od\u0142\u0105czonej) i mo\u017cna go odwraca\u0107, dzi\u0119ki czemu pasuje zar\u00f3wno do drzwi prawych, jak i lewych.<\/p>\n<p class=\"\" data-start=\"659\" data-end=\"1009\">Dla zapewnienia dodatkowego bezpiecze\u0144stwa produkt zosta\u0142 wyposa\u017cony w diod\u0119 zabezpieczaj\u0105c\u0105. Wytrzyma\u0142o\u015b\u0107 na zerwanie wynosi 900 kg.<\/p>\n<p class=\"\" data-start=\"659\" data-end=\"1009\">Zaczep elektryczny doskonale sprawdza si\u0119 w miejscach, w kt\u00f3rych wymagany jest wysoki poziom bezpiecze\u0144stwa, np. w biurach, domach lub budynkach komercyjnych.<\/p>\n<p class=\"\" data-start=\"1011\" data-end=\"1028\"><strong data-start=\"1011\" data-end=\"1025\">Charakterystyka<\/strong>:<\/p>\n<ul data-start=\"1029\" data-end=\"1395\">\n<li class=\"\" data-start=\"1029\" data-end=\"1072\">\n<p class=\"\" data-start=\"1031\" data-end=\"1072\">Funkcja rewersu (blokada w trybie beznapi\u0119ciowym)<\/p>\n<\/li>\n<li class=\"\" data-start=\"1073\" data-end=\"1131\">\n<p class=\"\" data-start=\"1075\" data-end=\"1131\">Ognioodporno\u015b\u0107 do E\/EI 120 zgodnie z norm\u0105 SS-EN 14846:2008<\/p>\n<\/li>\n<li class=\"\" data-start=\"1132\" data-end=\"1168\">\n<p class=\"\" data-start=\"1134\" data-end=\"1168\">Si\u0142a zrywaj\u0105ca 9 kN (ok. 900 kg)<\/p>\n<\/li>\n<li class=\"\" data-start=\"1169\" data-end=\"1256\">\n<p class=\"\" data-start=\"1171\" data-end=\"1256\">Gwarantuje otwieranie pomimo nacisku ta\u015bmy do 40 kg w trybie do przodu i do ty\u0142u<\/p>\n<\/li>\n<li class=\"\" data-start=\"1257\" data-end=\"1279\">\n<p class=\"\" data-start=\"1259\" data-end=\"1279\">Wbudowana dioda zabezpieczaj\u0105ca<\/p>\n<\/li>\n<li class=\"\" data-start=\"1280\" data-end=\"1330\">\n<p class=\"\" data-start=\"1282\" data-end=\"1330\">Dwustronny, pasuj\u0105cy do drzwi prawych i lewych<\/p>\n<\/li>\n<li class=\"\" data-start=\"1331\" data-end=\"1346\">\n<p class=\"\" data-start=\"1333\" data-end=\"1346\">Antystukowy<\/p>\n<\/li>\n<li class=\"\" data-start=\"1347\" data-end=\"1395\">\n<p class=\"\" data-start=\"1349\" data-end=\"1395\">Mo\u017cliwo\u015b\u0107 blokowania \u015brub hakowych lub \u015brub prostych<\/p>\n<\/li>\n<\/ul>\n<p class=\"\" data-start=\"1397\" data-end=\"1428\"><strong data-start=\"1397\" data-end=\"1425\">Specyfikacje techniczne<\/strong>:<\/p>\n<ul data-start=\"1429\" data-end=\"2020\">\n<li class=\"\" data-start=\"1429\" data-end=\"1464\">\n<p class=\"\" data-start=\"1431\" data-end=\"1464\"><strong data-start=\"1431\" data-end=\"1454\">Si\u0142a zrywaj\u0105ca maks<\/strong>: 900 kg<\/p>\n<\/li>\n<li class=\"\" data-start=\"1465\" data-end=\"1501\">\n<p class=\"\" data-start=\"1467\" data-end=\"1501\"><strong data-start=\"1467\" data-end=\"1483\">Wisz\u0105ce drzwi<\/strong>:Prawo, Lewo<\/p>\n<\/li>\n<li class=\"\" data-start=\"1502\" data-end=\"1526\">\n<p class=\"\" data-start=\"1504\" data-end=\"1526\"><strong data-start=\"1504\" data-end=\"1519\">Kabel w zestawie<\/strong>: NIE<\/p>\n<\/li>\n<li class=\"\" data-start=\"1527\" data-end=\"1551\">\n<p class=\"\" data-start=\"1529\" data-end=\"1551\"><strong data-start=\"1529\" data-end=\"1542\">Drukowanie listy<\/strong>: 40 kg<\/p>\n<\/li>\n<li class=\"\" data-start=\"1552\" data-end=\"1593\">\n<p class=\"\" data-start=\"1554\" data-end=\"1593\"><strong data-start=\"1554\" data-end=\"1564\">Typ zamka<\/strong>: Zamek z pojedyncz\u0105 zapadk\u0105, Zamek z podw\u00f3jn\u0105 zapadk\u0105<\/p>\n<\/li>\n<li class=\"\" data-start=\"1594\" data-end=\"1622\">\n<p class=\"\" data-start=\"1596\" data-end=\"1622\"><strong data-start=\"1596\" data-end=\"1613\">Szeroki produkt<\/strong>: 25 mm<\/p>\n<\/li>\n<li class=\"\" data-start=\"1623\" data-end=\"1649\">\n<p class=\"\" data-start=\"1625\" data-end=\"1649\"><strong data-start=\"1625\" data-end=\"1643\">Oceniono materia\u0142y budowlane<\/strong>: Tak<\/p>\n<\/li>\n<li class=\"\" data-start=\"1650\" data-end=\"1677\">\n<p class=\"\" data-start=\"1652\" data-end=\"1677\"><strong data-start=\"1652\" data-end=\"1668\">G\u0142\u0119boki produkt<\/strong>: 35mm<\/p>\n<\/li>\n<li class=\"\" data-start=\"1678\" data-end=\"1712\">\n<p class=\"\" data-start=\"1680\" data-end=\"1712\"><strong data-start=\"1680\" data-end=\"1705\">Napi\u0119cie robocze 12V\/24V<\/strong>: 12 V<\/p>\n<\/li>\n<li class=\"\" data-start=\"1713\" data-end=\"1741\">\n<p class=\"\" data-start=\"1715\" data-end=\"1741\"><strong data-start=\"1715\" data-end=\"1734\">Podw\u00f3jne zakr\u0119cane etui<\/strong>: NIE<\/p>\n<\/li>\n<li class=\"\" data-start=\"1742\" data-end=\"1769\">\n<p class=\"\" data-start=\"1744\" data-end=\"1769\"><strong data-start=\"1744\" data-end=\"1762\">Zweryfikowano przez EPD<\/strong>: NIE<\/p>\n<\/li>\n<li class=\"\" data-start=\"1770\" data-end=\"1788\">\n<p class=\"\" data-start=\"1772\" data-end=\"1788\"><strong data-start=\"1772\" data-end=\"1781\">DOBRA INFORMACJA<\/strong>: NIE<\/p>\n<\/li>\n<li class=\"\" data-start=\"1789\" data-end=\"1823\">\n<p class=\"\" data-start=\"1791\" data-end=\"1823\"><strong data-start=\"1791\" data-end=\"1812\">Kolor\/Obr\u00f3bka powierzchni<\/strong>:Stal nierdzewna<\/p>\n<\/li>\n<li class=\"\" data-start=\"1824\" data-end=\"1851\">\n<p class=\"\" data-start=\"1826\" data-end=\"1851\"><strong data-start=\"1826\" data-end=\"1842\">Podwy\u017cszony produkt<\/strong>: 90mm<\/p>\n<\/li>\n<li class=\"\" data-start=\"1852\" data-end=\"1876\">\n<p class=\"\" data-start=\"1854\" data-end=\"1876\"><strong data-start=\"1854\" data-end=\"1869\">Z\u0142\u0105cze t\u0142okowe<\/strong>: NIE<\/p>\n<\/li>\n<li class=\"\" data-start=\"1877\" data-end=\"1908\">\n<p class=\"\" data-start=\"1879\" data-end=\"1908\"><strong data-start=\"1879\" data-end=\"1898\">W prawo\/wstecz<\/strong>: Odwraca\u0107<\/p>\n<\/li>\n<li class=\"\" data-start=\"1909\" data-end=\"1935\">\n<p class=\"\" data-start=\"1911\" data-end=\"1935\"><strong data-start=\"1911\" data-end=\"1929\">Napi\u0119cie AC\/DC<\/strong>:DC<\/p>\n<\/li>\n<li class=\"\" data-start=\"1936\" data-end=\"1964\">\n<p class=\"\" data-start=\"1938\" data-end=\"1964\"><strong data-start=\"1938\" data-end=\"1954\">Napi\u0119cie maks<\/strong>: 13,8 V<\/p>\n<\/li>\n<li class=\"\" data-start=\"1965\" data-end=\"1993\">\n<p class=\"\" data-start=\"1967\" data-end=\"1993\"><strong data-start=\"1967\" data-end=\"1983\">Napi\u0119cie min<\/strong>: 10,8 V<\/p>\n<\/li>\n<li class=\"\" data-start=\"1994\" data-end=\"2020\">\n<p class=\"\" data-start=\"1996\" data-end=\"2020\"><strong data-start=\"1996\" data-end=\"2014\">Ocena SundaHouse<\/strong>: Tak<\/p>\n<\/li>\n<\/ul>","protected":false},"excerpt":{"rendered":"<p>Tutaj mo\u017cesz zobaczy\u0107, kt\u00f3re s\u0142upki i modele pasuj\u0105 do siebie z asortymentu elektrycznych ogranicznik\u00f3w drzwi STEP.<\/p>\n<h5><strong><a href=\"https:\/\/steplock.com\/sv\/stolpguide\/#!?lang=sv&amp;blog_id=1&amp;paged=1&amp;number=50\" target=\"_blank\" rel=\"noopener\">Przewodnik po STEP Post\u00a0<\/a><\/strong><\/h5>\n<h5><strong><a href=\"https:\/\/steplock.com\/sv\/projekteringsguide\/#!?lang=sv&amp;blog_id=1&amp;paged=1&amp;number=999\" target=\"_blank\" rel=\"noopener\">Przewodnik projektowy STEP<\/a><\/strong><\/h5>","protected":false},"featured_media":139906,"template":"","meta":{"_acf_changed":false},"product_brand":[],"product_cat":[3355],"product_tag":[4198,4201],"class_list":{"0":"post-139907","1":"product","2":"type-product","3":"status-publish","4":"has-post-thumbnail","6":"product_cat-elslutbleck","7":"product_tag-12v","8":"product_tag-omvand","9":"product_shipping_class-tunga-paket","10":"pa_brands-step","11":"tm-no-options","13":"first","14":"onbackorder","15":"sale","16":"taxable","17":"shipping-taxable","18":"purchasable","19":"product-type-simple"},"acf":[],"_links":{"self":[{"href":"https:\/\/secureus.se\/pl\/wp-json\/wp\/v2\/product\/139907","targetHints":{"allow":["GET"]}}],"collection":[{"href":"https:\/\/secureus.se\/pl\/wp-json\/wp\/v2\/product"}],"about":[{"href":"https:\/\/secureus.se\/pl\/wp-json\/wp\/v2\/types\/product"}],"wp:featuredmedia":[{"embeddable":true,"href":"https:\/\/secureus.se\/pl\/wp-json\/wp\/v2\/media\/139906"}],"wp:attachment":[{"href":"https:\/\/secureus.se\/pl\/wp-json\/wp\/v2\/media?parent=139907"}],"wp:term":[{"taxonomy":"product_brand","embeddable":true,"href":"https:\/\/secureus.se\/pl\/wp-json\/wp\/v2\/product_brand?post=139907"},{"taxonomy":"product_cat","embeddable":true,"href":"https:\/\/secureus.se\/pl\/wp-json\/wp\/v2\/product_cat?post=139907"},{"taxonomy":"product_tag","embeddable":true,"href":"https:\/\/secureus.se\/pl\/wp-json\/wp\/v2\/product_tag?post=139907"}],"curies":[{"name":"wp","href":"https:\/\/api.w.org\/{rel}","templated":true}]}}