{"id":139920,"date":"2023-09-26T13:07:38","date_gmt":"2023-09-26T11:07:38","guid":{"rendered":"https:\/\/secureus.se\/elslutbleck-step-18-vanster-omvand-12v-7mm-regel-connect\/"},"modified":"2026-04-08T16:25:26","modified_gmt":"2026-04-08T14:25:26","slug":"elslutbleck-step-18-vanster-omvand-12v-7mm-regel-connect","status":"publish","type":"product","link":"https:\/\/secureus.se\/pl\/elslutbleck-step-18-vanster-omvand-12v-7mm-regel-connect\/","title":{"rendered":"Elektryczna p\u0142yta ko\u0144cowa KROK 18 Lewy bieg wsteczny 12V 7mm Regel Connect"},"content":{"rendered":"<h1>Elektryczna p\u0142yta ko\u0144cowa KROK 18 Lewy bieg wsteczny 12V 7mm Regel Connect<\/h1>\n<p>KROK 18 Zabezpiecz drzwi lewoskr\u0119tne za pomoc\u0105 \u015bruby mocuj\u0105cej 7 mm. Funkcja rewersyjna, wysokie bezpiecze\u0144stwo, klasa ogniowa E\/EI60, styk t\u0142okowy i 5-metrowy kabel bezhalogenowy.<\/p>\n<p>Elektrozaczep STEP 18 Secure to elektrozaczep o wysokim poziomie bezpiecze\u0144stwa przeznaczony do zastosowa\u0144 w miejscach o wysokich wymaganiach dotycz\u0105cych bezpiecze\u0144stwa i niezawodno\u015bci.<\/p>\n<p>Dzi\u0119ki trwa\u0142ej konstrukcji i szybkiemu dzia\u0142aniu idealnie nadaje si\u0119 do drzwi intensywnie u\u017cytkowanych, np. w wi\u0119zieniach, bankach lub innych obiektach o klauzuli bezpiecze\u0144stwa.<\/p>\n<p>Model ten przeznaczony jest do drzwi lewoskr\u0119tnych z t\u0142okiem 7 mm z serii Connect i posiada funkcj\u0119 rewersyjn\u0105, co oznacza, \u017ce blacha zaczepowa zostaje odblokowana w przypadku zaniku zasilania \u2013 funkcja cz\u0119sto po\u017c\u0105dana w \u015brodowiskach ewakuacyjnych.<\/p>\n<p class=\"\" data-start=\"778\" data-end=\"1032\">STEP 18 jest dopuszczony do stosowania w drzwiach antyw\u0142amaniowych do klasy RC4 i klasy ogniowej E\/EI60. Wyposa\u017cony jest w styk popychacza i styk zatrzasku, kt\u00f3re informuj\u0105 o stanie drzwi (otwarte\/zamkni\u0119te, zablokowane\/odblokowane), co sprawia, \u017ce doskonale nadaje si\u0119 do integracji z systemami kontroli dost\u0119pu lub alarmami.<\/p>\n<p class=\"\" data-start=\"1034\" data-end=\"1266\">Blacha wytrzymuje si\u0142\u0119 zrywaj\u0105c\u0105 do 15 kN i nacisk ta\u015bmy do 500 kg, co oznacza, \u017ce otwiera si\u0119 nawet pod wp\u0142ywem nacisku. Do\u0142\u0105czony bezhalogenowy 5-metrowy kabel przy\u0142\u0105czeniowy i dioda ochronna u\u0142atwiaj\u0105 instalacj\u0119 i zwi\u0119kszaj\u0105 bezpiecze\u0144stwo.<\/p>\n<p class=\"\" data-start=\"1268\" data-end=\"1296\"><strong data-start=\"1268\" data-end=\"1294\">Cechy i korzy\u015bci:<\/strong><\/p>\n<ul data-start=\"1297\" data-end=\"1596\">\n<li class=\"\" data-start=\"1297\" data-end=\"1326\">\n<p class=\"\" data-start=\"1299\" data-end=\"1326\">Pasuje do ko\u0142ka Connect o \u015brednicy 7 mm<\/p>\n<\/li>\n<li class=\"\" data-start=\"1327\" data-end=\"1355\">\n<p class=\"\" data-start=\"1329\" data-end=\"1355\">Do drzwi lewych<\/p>\n<\/li>\n<li class=\"\" data-start=\"1356\" data-end=\"1394\">\n<p class=\"\" data-start=\"1358\" data-end=\"1394\">Funkcja cofania \u2013 odblokowana bez zasilania<\/p>\n<\/li>\n<li class=\"\" data-start=\"1395\" data-end=\"1427\">\n<p class=\"\" data-start=\"1397\" data-end=\"1427\">Ognioodporno\u015b\u0107 do E\/EI60<\/p>\n<\/li>\n<li class=\"\" data-start=\"1428\" data-end=\"1471\">\n<p class=\"\" data-start=\"1430\" data-end=\"1471\">Styk t\u0142okowy i zatrzaskowy do system\u00f3w kontroli dost\u0119pu<\/p>\n<\/li>\n<li class=\"\" data-start=\"1472\" data-end=\"1498\">\n<p class=\"\" data-start=\"1474\" data-end=\"1498\">Wytrzyma\u0142o\u015b\u0107 na zerwanie: 15 kN<\/p>\n<\/li>\n<li class=\"\" data-start=\"1499\" data-end=\"1535\">\n<p class=\"\" data-start=\"1501\" data-end=\"1535\">Wytrzymuje nacisk formowania do 500 kg<\/p>\n<\/li>\n<li class=\"\" data-start=\"1536\" data-end=\"1566\">\n<p class=\"\" data-start=\"1538\" data-end=\"1566\">W zestawie 5-metrowy kabel bezhalogenowy<\/p>\n<\/li>\n<li class=\"\" data-start=\"1567\" data-end=\"1596\">\n<p class=\"\" data-start=\"1569\" data-end=\"1596\">Dioda ochronna i zabezpieczenie przeciwprzepi\u0119ciowe<\/p>\n<\/li>\n<\/ul>","protected":false},"excerpt":{"rendered":"<p>Tutaj mo\u017cesz zobaczy\u0107, kt\u00f3re s\u0142upki i modele pasuj\u0105 do siebie z asortymentu elektrycznych ogranicznik\u00f3w drzwi STEP.<\/p>\n<h5><strong><a href=\"https:\/\/steplock.com\/sv\/stolpguide\/#!?lang=sv&amp;blog_id=1&amp;paged=1&amp;number=50\" target=\"_blank\" rel=\"noopener\">Przewodnik po STEP Post\u00a0<\/a><\/strong><\/h5>\n<h5><strong><a href=\"https:\/\/steplock.com\/sv\/projekteringsguide\/#!?lang=sv&amp;blog_id=1&amp;paged=1&amp;number=999\" target=\"_blank\" rel=\"noopener\">Przewodnik projektowy STEP<\/a><\/strong><\/h5>","protected":false},"featured_media":139917,"template":"","meta":{"_acf_changed":false},"product_brand":[],"product_cat":[3355],"product_tag":[4198,4201],"class_list":{"0":"post-139920","1":"product","2":"type-product","3":"status-publish","4":"has-post-thumbnail","6":"product_cat-elslutbleck","7":"product_tag-12v","8":"product_tag-omvand","9":"product_shipping_class-tunga-paket","10":"pa_brands-step","11":"tm-no-options","13":"first","14":"onbackorder","15":"sale","16":"taxable","17":"shipping-taxable","18":"purchasable","19":"product-type-simple"},"acf":[],"_links":{"self":[{"href":"https:\/\/secureus.se\/pl\/wp-json\/wp\/v2\/product\/139920","targetHints":{"allow":["GET"]}}],"collection":[{"href":"https:\/\/secureus.se\/pl\/wp-json\/wp\/v2\/product"}],"about":[{"href":"https:\/\/secureus.se\/pl\/wp-json\/wp\/v2\/types\/product"}],"wp:featuredmedia":[{"embeddable":true,"href":"https:\/\/secureus.se\/pl\/wp-json\/wp\/v2\/media\/139917"}],"wp:attachment":[{"href":"https:\/\/secureus.se\/pl\/wp-json\/wp\/v2\/media?parent=139920"}],"wp:term":[{"taxonomy":"product_brand","embeddable":true,"href":"https:\/\/secureus.se\/pl\/wp-json\/wp\/v2\/product_brand?post=139920"},{"taxonomy":"product_cat","embeddable":true,"href":"https:\/\/secureus.se\/pl\/wp-json\/wp\/v2\/product_cat?post=139920"},{"taxonomy":"product_tag","embeddable":true,"href":"https:\/\/secureus.se\/pl\/wp-json\/wp\/v2\/product_tag?post=139920"}],"curies":[{"name":"wp","href":"https:\/\/api.w.org\/{rel}","templated":true}]}}