{"id":139946,"date":"2023-09-26T13:07:34","date_gmt":"2023-09-26T11:07:34","guid":{"rendered":"https:\/\/secureus.se\/elslutbleck-step-18-hoger-omvand-12v-9mm-regel-connect\/"},"modified":"2026-04-08T16:10:12","modified_gmt":"2026-04-08T14:10:12","slug":"elslutbleck-step-18-hoger-omvand-12v-9mm-regel-connect","status":"publish","type":"product","link":"https:\/\/secureus.se\/pl\/elslutbleck-step-18-hoger-omvand-12v-9mm-regel-connect\/","title":{"rendered":"Elektryczna p\u0142yta ko\u0144cowa STEP 18 Prawy bieg wsteczny 12V 9mm Regel Connect"},"content":{"rendered":"<h1>Elektryczna p\u0142yta ko\u0144cowa STEP 18 Prawy bieg wsteczny 12V 9mm Regel Connect<\/h1>\n<p>KROK 18 Zamontuj elektrozaczep z funkcj\u0105 rewersu do drzwi prawoskrzyd\u0142owych. Przystosowany do \u015bruby Connect o \u015brednicy 9 mm, posiada atest ognioodporno\u015bci E\/EI60, styk t\u0142okowy i wysokie bezpiecze\u0144stwo.<\/p>\n<p class=\"\" data-start=\"241\" data-end=\"654\">Zaczep elektryczny STEP 18 Secure to doskona\u0142y wyb\u00f3r dla \u015brodowisk, w kt\u00f3rych bezpiecze\u0144stwo ma kluczowe znaczenie, a wysoka odporno\u015b\u0107 na w\u0142amania i niezawodno\u015b\u0107 dzia\u0142ania maj\u0105 kluczowe znaczenie.<\/p>\n<p class=\"\" data-start=\"241\" data-end=\"654\">Model ten przeznaczony jest do drzwi prawoskr\u0119tnych i pasuje do zamk\u00f3w zasuwkowych z t\u0142okami 9 mm z serii Connect.<\/p>\n<p class=\"\" data-start=\"241\" data-end=\"654\">Posiada funkcj\u0119 rewersyjn\u0105 (odblokowuje si\u0119 w przypadku zaniku zasilania) i idealnie nadaje si\u0119 do stosowania na drogach ewakuacyjnych lub innych drzwiach, gdzie priorytetem jest bezpieczna ewakuacja.<\/p>\n<p class=\"\" data-start=\"656\" data-end=\"1036\">STEP 18 jest cz\u0119\u015bci\u0105 serii Secure firmy STEP \u2013 serii elektrozaczep\u00f3w zaprojektowanych do trudnych warunk\u00f3w, takich jak banki, wi\u0119zienia i inne miejsca o wysokich wymaganiach bezpiecze\u0144stwa.<\/p>\n<p class=\"\" data-start=\"656\" data-end=\"1036\">Produkt jest dopuszczony do stosowania w drzwiach antyw\u0142amaniowych do klasy RC4 i posiada klas\u0119 odporno\u015bci ogniowej E\/EI60.<\/p>\n<p class=\"\" data-start=\"656\" data-end=\"1036\">Solidna konstrukcja wytrzymuje si\u0142\u0119 zrywaj\u0105c\u0105 wynosz\u0105c\u0105 pe\u0142ne 15 kN, a technologia ta gwarantuje funkcjonalno\u015b\u0107 nawet przy nacisku ta\u015bmy do 500 kg.<\/p>\n<p class=\"\" data-start=\"1038\" data-end=\"1301\">Zaczep elektryczny wyposa\u017cony jest we wbudowany t\u0142ok i styk zatrzaskowy do wskazywania stanu, co u\u0142atwia pod\u0142\u0105czenie do system\u00f3w alarmowych i kontroli dost\u0119pu.<\/p>\n<p class=\"\" data-start=\"1038\" data-end=\"1301\">Dioda zabezpieczaj\u0105ca i zabezpieczenie przeciwstukowe przyczyniaj\u0105 si\u0119 do d\u0142ugiej \u017cywotno\u015bci i niezawodnej pracy. W zestawie znajduje si\u0119 5-metrowy kabel po\u0142\u0105czeniowy bezhalogenowy.<\/p>\n<p class=\"\" data-start=\"1303\" data-end=\"1331\"><strong data-start=\"1303\" data-end=\"1329\">Cechy i korzy\u015bci:<\/strong><\/p>\n<ul data-start=\"1332\" data-end=\"1651\">\n<li class=\"\" data-start=\"1332\" data-end=\"1366\">\n<p class=\"\" data-start=\"1334\" data-end=\"1366\">Do t\u0142oka 9 mm w serii Connect<\/p>\n<\/li>\n<li class=\"\" data-start=\"1367\" data-end=\"1412\">\n<p class=\"\" data-start=\"1369\" data-end=\"1412\">Funkcja cofania \u2013 odblokowywana w przypadku zaniku zasilania<\/p>\n<\/li>\n<li class=\"\" data-start=\"1413\" data-end=\"1432\">\n<p class=\"\" data-start=\"1415\" data-end=\"1432\">Drzwi prawe<\/p>\n<\/li>\n<li class=\"\" data-start=\"1433\" data-end=\"1456\">\n<p class=\"\" data-start=\"1435\" data-end=\"1456\">Zatwierdzony ogniowo E\/EI60<\/p>\n<\/li>\n<li class=\"\" data-start=\"1457\" data-end=\"1504\">\n<p class=\"\" data-start=\"1459\" data-end=\"1504\">T\u0142ok i styk zatrzaskowy do wskazywania stanu<\/p>\n<\/li>\n<li class=\"\" data-start=\"1505\" data-end=\"1531\">\n<p class=\"\" data-start=\"1507\" data-end=\"1531\">Wytrzyma\u0142o\u015b\u0107 na zerwanie: 15 kN<\/p>\n<\/li>\n<li class=\"\" data-start=\"1532\" data-end=\"1574\">\n<p class=\"\" data-start=\"1534\" data-end=\"1574\">Otwiera si\u0119 pomimo nacisku do 500 kg<\/p>\n<\/li>\n<li class=\"\" data-start=\"1575\" data-end=\"1609\">\n<p class=\"\" data-start=\"1577\" data-end=\"1609\">W zestawie 5-metrowy kabel bezhalogenowy<\/p>\n<\/li>\n<li class=\"\" data-start=\"1610\" data-end=\"1651\">\n<p class=\"\" data-start=\"1612\" data-end=\"1651\">Dioda ochronna i konstrukcja odporna na wstrz\u0105sy<\/p>\n<\/li>\n<\/ul>","protected":false},"excerpt":{"rendered":"<p>Tutaj mo\u017cesz zobaczy\u0107, kt\u00f3re s\u0142upki i modele pasuj\u0105 do siebie z asortymentu elektrycznych ogranicznik\u00f3w drzwi STEP.<\/p>\n<h5><strong><a href=\"https:\/\/steplock.com\/sv\/stolpguide\/#!?lang=sv&amp;blog_id=1&amp;paged=1&amp;number=50\" target=\"_blank\" rel=\"noopener\">Przewodnik po STEP Post\u00a0<\/a><\/strong><\/h5>\n<h5><strong><a href=\"https:\/\/steplock.com\/sv\/projekteringsguide\/#!?lang=sv&amp;blog_id=1&amp;paged=1&amp;number=999\" target=\"_blank\" rel=\"noopener\">Przewodnik projektowy STEP<\/a><\/strong><\/h5>","protected":false},"featured_media":139944,"template":"","meta":{"_acf_changed":false},"product_brand":[],"product_cat":[3355],"product_tag":[4198,4201],"class_list":{"0":"post-139946","1":"product","2":"type-product","3":"status-publish","4":"has-post-thumbnail","6":"product_cat-elslutbleck","7":"product_tag-12v","8":"product_tag-omvand","9":"product_shipping_class-tunga-paket","10":"pa_brands-step","11":"tm-no-options","13":"first","14":"onbackorder","15":"sale","16":"taxable","17":"shipping-taxable","18":"purchasable","19":"product-type-simple"},"acf":[],"_links":{"self":[{"href":"https:\/\/secureus.se\/pl\/wp-json\/wp\/v2\/product\/139946","targetHints":{"allow":["GET"]}}],"collection":[{"href":"https:\/\/secureus.se\/pl\/wp-json\/wp\/v2\/product"}],"about":[{"href":"https:\/\/secureus.se\/pl\/wp-json\/wp\/v2\/types\/product"}],"wp:featuredmedia":[{"embeddable":true,"href":"https:\/\/secureus.se\/pl\/wp-json\/wp\/v2\/media\/139944"}],"wp:attachment":[{"href":"https:\/\/secureus.se\/pl\/wp-json\/wp\/v2\/media?parent=139946"}],"wp:term":[{"taxonomy":"product_brand","embeddable":true,"href":"https:\/\/secureus.se\/pl\/wp-json\/wp\/v2\/product_brand?post=139946"},{"taxonomy":"product_cat","embeddable":true,"href":"https:\/\/secureus.se\/pl\/wp-json\/wp\/v2\/product_cat?post=139946"},{"taxonomy":"product_tag","embeddable":true,"href":"https:\/\/secureus.se\/pl\/wp-json\/wp\/v2\/product_tag?post=139946"}],"curies":[{"name":"wp","href":"https:\/\/api.w.org\/{rel}","templated":true}]}}