{"id":139992,"date":"2023-09-26T13:07:03","date_gmt":"2023-09-26T11:07:03","guid":{"rendered":"https:\/\/secureus.se\/elslutbleck-step-18-vanster-rattvand-24v-10mm-regel-modul\/"},"modified":"2026-04-23T12:47:33","modified_gmt":"2026-04-23T10:47:33","slug":"elslutbleck-step-18-vanster-rattvand-24v-10mm-regel-modul","status":"publish","type":"product","link":"https:\/\/secureus.se\/pl\/elslutbleck-step-18-vanster-rattvand-24v-10mm-regel-modul\/","title":{"rendered":"Elektryczna p\u0142yta ko\u0144cowa KROK 18 Lewa Prawa, skierowana w prawo Modu\u0142 linijkowy 24 V 10 mm"},"content":{"rendered":"<h1>Elektryczna p\u0142yta ko\u0144cowa KROK 18 Lewa Prawa, skierowana w prawo Modu\u0142 linijkowy 24 V 10 mm<\/h1>\n<p>STEP 18 Secure to ognioodporna blacha zaczepowa do zamk\u00f3w ryglowych z t\u0142okiem 10 mm z serii Modul, przeznaczona do drzwi antyw\u0142amaniowych o wysokiej odporno\u015bci na w\u0142amanie.<\/p>\n<p>Wyposa\u017cony w styk t\u0142okowy i wytrzyma\u0142o\u015b\u0107 na zerwanie 1500 kg.<\/p>\n<p class=\"\" data-start=\"388\" data-end=\"787\">Elektrozaczep STEP 18 Secure nale\u017cy do serii Secure marki STEP i oferuje najwy\u017cszy poziom bezpiecze\u0144stwa dla drzwi o wysokich wymaganiach dotycz\u0105cych ochrony przed w\u0142amaniem.<\/p>\n<p class=\"\" data-start=\"388\" data-end=\"787\">Produkt ten jest szczeg\u00f3lnie przydatny w miejscach, w kt\u00f3rych drzwi s\u0105 cz\u0119sto otwierane i zamykane, dzi\u0119ki czemu doskonale sprawdza si\u0119 w drzwiach w takich miejscach jak wi\u0119zienia czy banki.<\/p>\n<p class=\"\" data-start=\"388\" data-end=\"787\">System STEP 18 Secure jest dopuszczony do stosowania w drzwiach antyw\u0142amaniowych o klasie odporno\u015bci RC4 i przeciwpo\u017carowych o klasie odporno\u015bci E\/EI 60.<\/p>\n<p class=\"\" data-start=\"789\" data-end=\"1103\">Dzi\u0119ki wytrzyma\u0142o\u015bci na zerwanie wynosz\u0105cej 15 kN (ok. 1500 kg) i mo\u017cliwo\u015bci otwierania si\u0119 przy nacisku ta\u015bmy wynosz\u0105cym 5 kN (ok. 500 kg) STEP 18 Secure oferuje niezawodne zabezpieczenie i trwa\u0142o\u015b\u0107.<\/p>\n<p class=\"\" data-start=\"789\" data-end=\"1103\">Wbudowany prze\u0142\u0105cznik t\u0142okowy informuje o stanie zamkni\u0119tym\/otwartym drzwi, co u\u0142atwia pod\u0142\u0105czenie do system\u00f3w kontroli dost\u0119pu i system\u00f3w alarmowych.<\/p>\n<p class=\"\" data-start=\"1105\" data-end=\"1357\">Funkcja odwrotna oznacza, \u017ce drzwi s\u0105 odblokowane w pozycji bez zasilania, co czyni j\u0105 elastycznym rozwi\u0105zaniem dla drzwi zabezpieczaj\u0105cych, kt\u00f3re w razie potrzeby musz\u0105 da\u0107 si\u0119 szybko i \u0142atwo otworzy\u0107.<\/p>\n<p class=\"\" data-start=\"1105\" data-end=\"1357\">W zestawie znajduje si\u0119 5-metrowy kabel przy\u0142\u0105czeniowy bezhalogenowy umo\u017cliwiaj\u0105cy \u0142atw\u0105 instalacj\u0119.<\/p>\n<p class=\"\" data-start=\"1359\" data-end=\"1374\"><strong data-start=\"1359\" data-end=\"1374\">W\u0142a\u015bciwo\u015bci:<\/strong><\/p>\n<ul data-start=\"1375\" data-end=\"1943\">\n<li class=\"\" data-start=\"1375\" data-end=\"1419\">\n<p class=\"\" data-start=\"1377\" data-end=\"1419\">Do zamka regulacyjnego z t\u0142okiem 10 mm w serii Modul<\/p>\n<\/li>\n<li class=\"\" data-start=\"1420\" data-end=\"1462\">\n<p class=\"\" data-start=\"1422\" data-end=\"1462\">Funkcja rewersu (odblokowana w trybie beznapi\u0119ciowym)<\/p>\n<\/li>\n<li class=\"\" data-start=\"1463\" data-end=\"1489\">\n<p class=\"\" data-start=\"1465\" data-end=\"1489\">Do drzwi lewych<\/p>\n<\/li>\n<li class=\"\" data-start=\"1490\" data-end=\"1521\">\n<p class=\"\" data-start=\"1492\" data-end=\"1521\">Zatwierdzone ognioodpornie do E\/EI 60<\/p>\n<\/li>\n<li class=\"\" data-start=\"1522\" data-end=\"1632\">\n<p class=\"\" data-start=\"1524\" data-end=\"1632\">Wbudowana sygnalizacja stanu drzwi (zamkni\u0119te\/otwarte) za pomoc\u0105 styku t\u0142oka i stanu zamka (zablokowane\/odblokowane) za pomoc\u0105 styku zatrzasku<\/p>\n<\/li>\n<li class=\"\" data-start=\"1633\" data-end=\"1671\">\n<p class=\"\" data-start=\"1635\" data-end=\"1671\">Wbudowana dioda zabezpieczaj\u0105ca dla wi\u0119kszego bezpiecze\u0144stwa<\/p>\n<\/li>\n<li class=\"\" data-start=\"1672\" data-end=\"1711\">\n<p class=\"\" data-start=\"1674\" data-end=\"1711\">Wytrzyma\u0142o\u015b\u0107 na zerwanie 15 kN (ok. 1500 kg)<\/p>\n<\/li>\n<li class=\"\" data-start=\"1712\" data-end=\"1792\">\n<p class=\"\" data-start=\"1714\" data-end=\"1792\">Otwiera si\u0119 pomimo nacisku ta\u015bmy wynosz\u0105cego 5 kN (ok. 500 kg) zar\u00f3wno w ruchu do przodu, jak i do ty\u0142u<\/p>\n<\/li>\n<li class=\"\" data-start=\"1793\" data-end=\"1852\">\n<p class=\"\" data-start=\"1795\" data-end=\"1852\">Odporne na uderzenia i odwracalne, do drzwi prawych i lewych<\/p>\n<\/li>\n<li class=\"\" data-start=\"1853\" data-end=\"1899\">\n<p class=\"\" data-start=\"1855\" data-end=\"1899\">Mo\u017cliwo\u015b\u0107 blokowania \u015brub hakowych lub \u015brub prostych<\/p>\n<\/li>\n<li class=\"\" data-start=\"1900\" data-end=\"1943\">\n<p class=\"\" data-start=\"1902\" data-end=\"1943\">W zestawie 5-metrowy kabel po\u0142\u0105czeniowy bezhalogenowy<\/p>\n<\/li>\n<\/ul>\n<p class=\"\" data-start=\"1945\" data-end=\"1974\"><strong data-start=\"1945\" data-end=\"1974\">Dane techniczne:<\/strong><\/p>\n<ul data-start=\"1975\" data-end=\"2616\">\n<li class=\"\" data-start=\"1975\" data-end=\"2066\">\n<p class=\"\" data-start=\"1977\" data-end=\"2066\">Zasilanie: 12 V DC (+15% -10%) 639 mA odblokowane lub 24 V DC (+15% -10%) 313 mA odblokowane<\/p>\n<\/li>\n<li class=\"\" data-start=\"2067\" data-end=\"2131\">\n<p class=\"\" data-start=\"2069\" data-end=\"2131\">Styk t\u0142okowy: Mikroprze\u0142\u0105cznik jednobiegunowy prze\u0142\u0105czaj\u0105cy, maks. 30V pr\u0105du sta\u0142ego, 1A<\/p>\n<\/li>\n<li class=\"\" data-start=\"2132\" data-end=\"2172\">\n<p class=\"\" data-start=\"2134\" data-end=\"2172\">Trwa\u0142o\u015b\u0107: Klasa Y zgodnie z norm\u0105 SS-EN 14846<\/p>\n<\/li>\n<li class=\"\" data-start=\"2173\" data-end=\"2212\">\n<p class=\"\" data-start=\"2175\" data-end=\"2212\">Korozja: Stopie\u0144 M zgodnie z norm\u0105 SS-EN 14846<\/p>\n<\/li>\n<li class=\"\" data-start=\"2213\" data-end=\"2251\">\n<p class=\"\" data-start=\"2215\" data-end=\"2251\">Bezpiecze\u0144stwo: Klasa 7 zgodnie z norm\u0105 SS-EN 14846<\/p>\n<\/li>\n<li class=\"\" data-start=\"2252\" data-end=\"2342\">\n<p class=\"\" data-start=\"2254\" data-end=\"2342\">Bezpiecze\u0144stwo manipulacji elektrycznych: Stopie\u0144 3 (skierowany do przodu) Stopie\u0144 1 (skierowany do ty\u0142u) zgodnie z norm\u0105 SS-EN 14846<\/p>\n<\/li>\n<li class=\"\" data-start=\"2343\" data-end=\"2364\">\n<p class=\"\" data-start=\"2345\" data-end=\"2364\">Test ogniowy: 60 min<\/p>\n<\/li>\n<li class=\"\" data-start=\"2365\" data-end=\"2391\">\n<p class=\"\" data-start=\"2367\" data-end=\"2391\">Wytrzyma\u0142o\u015b\u0107 na zerwanie: 1500 kg<\/p>\n<\/li>\n<li class=\"\" data-start=\"2392\" data-end=\"2415\">\n<p class=\"\" data-start=\"2394\" data-end=\"2415\">Zawias drzwi: Lewy<\/p>\n<\/li>\n<li class=\"\" data-start=\"2416\" data-end=\"2470\">\n<p class=\"\" data-start=\"2418\" data-end=\"2470\">Kabel w zestawie: Tak, 5-metrowy kabel po\u0142\u0105czeniowy bezhalogenowy<\/p>\n<\/li>\n<li class=\"\" data-start=\"2471\" data-end=\"2490\">\n<p class=\"\" data-start=\"2473\" data-end=\"2490\">Nacisk listwy: 500 kg<\/p>\n<\/li>\n<li class=\"\" data-start=\"2491\" data-end=\"2522\">\n<p class=\"\" data-start=\"2493\" data-end=\"2522\">Typ zamka: Zamek zatrzaskowy, Zamek zatrzaskowy<\/p>\n<\/li>\n<li class=\"\" data-start=\"2523\" data-end=\"2577\">\n<p class=\"\" data-start=\"2525\" data-end=\"2577\">Wymiary produktu: Szeroko\u015b\u0107: 35 mm, G\u0142\u0119boko\u015b\u0107: 40 mm, Wysoko\u015b\u0107: 230 mm<\/p>\n<\/li>\n<li class=\"\" data-start=\"2578\" data-end=\"2595\">\n<p class=\"\" data-start=\"2580\" data-end=\"2595\">Kontakt t\u0142okowy: Tak<\/p>\n<\/li>\n<li class=\"\" data-start=\"2596\" data-end=\"2616\">\n<p class=\"\" data-start=\"2598\" data-end=\"2616\">Napi\u0119cie AC\/DC: DC<\/p>\n<\/li>\n<\/ul>","protected":false},"excerpt":{"rendered":"<p>Tutaj mo\u017cesz zobaczy\u0107, kt\u00f3re s\u0142upki i modele pasuj\u0105 do siebie z asortymentu elektrycznych ogranicznik\u00f3w drzwi STEP.<\/p>\n<h5><strong><a href=\"https:\/\/steplock.com\/sv\/stolpguide\/#!?lang=sv&amp;blog_id=1&amp;paged=1&amp;number=50\" target=\"_blank\" rel=\"noopener\">Przewodnik po STEP Post\u00a0<\/a><\/strong><\/h5>\n<h5><strong><a href=\"https:\/\/steplock.com\/sv\/projekteringsguide\/#!?lang=sv&amp;blog_id=1&amp;paged=1&amp;number=999\" target=\"_blank\" rel=\"noopener\">Przewodnik projektowy STEP<\/a><\/strong><\/h5>","protected":false},"featured_media":139990,"template":"","meta":{"_acf_changed":false},"product_brand":[],"product_cat":[3355],"product_tag":[4197,4200],"class_list":{"0":"post-139992","1":"product","2":"type-product","3":"status-publish","4":"has-post-thumbnail","6":"product_cat-elslutbleck","7":"product_tag-24v","8":"product_tag-rattvand","9":"product_shipping_class-tunga-paket","10":"pa_brands-step","11":"tm-no-options","13":"first","14":"outofstock","15":"sale","16":"taxable","17":"shipping-taxable","18":"purchasable","19":"product-type-simple"},"acf":[],"_links":{"self":[{"href":"https:\/\/secureus.se\/pl\/wp-json\/wp\/v2\/product\/139992","targetHints":{"allow":["GET"]}}],"collection":[{"href":"https:\/\/secureus.se\/pl\/wp-json\/wp\/v2\/product"}],"about":[{"href":"https:\/\/secureus.se\/pl\/wp-json\/wp\/v2\/types\/product"}],"wp:featuredmedia":[{"embeddable":true,"href":"https:\/\/secureus.se\/pl\/wp-json\/wp\/v2\/media\/139990"}],"wp:attachment":[{"href":"https:\/\/secureus.se\/pl\/wp-json\/wp\/v2\/media?parent=139992"}],"wp:term":[{"taxonomy":"product_brand","embeddable":true,"href":"https:\/\/secureus.se\/pl\/wp-json\/wp\/v2\/product_brand?post=139992"},{"taxonomy":"product_cat","embeddable":true,"href":"https:\/\/secureus.se\/pl\/wp-json\/wp\/v2\/product_cat?post=139992"},{"taxonomy":"product_tag","embeddable":true,"href":"https:\/\/secureus.se\/pl\/wp-json\/wp\/v2\/product_tag?post=139992"}],"curies":[{"name":"wp","href":"https:\/\/api.w.org\/{rel}","templated":true}]}}