{"id":140005,"date":"2023-09-26T13:06:54","date_gmt":"2023-09-26T11:06:54","guid":{"rendered":"https:\/\/secureus.se\/elslutbleck-step-30-omvand-24v-kolvkontakt\/"},"modified":"2026-04-08T16:30:40","modified_gmt":"2026-04-08T14:30:40","slug":"elslutbleck-step-30-omvand-24v-kolvkontakt","status":"publish","type":"product","link":"https:\/\/secureus.se\/pl\/elslutbleck-step-30-omvand-24v-kolvkontakt\/","title":{"rendered":"Elektryczna p\u0142yta ko\u0144cowa KROK 30 Odwrotne 24 V Styk t\u0142okowy"},"content":{"rendered":"<h1>Elektryczna p\u0142yta ko\u0144cowa KROK 30 Odwrotne 24 V Styk t\u0142okowy<\/h1>\n<p>Elektrozaczep STEP 30 Preload to kompaktowy elektrozaczep zaprojektowany z my\u015bl\u0105 o wymianie starszych modeli i stworzeniu niezawodnego \u015brodowiska wewn\u0105trz drzwi, nawet w starszych sekcjach drzwi.<\/p>\n<p>Wyposa\u017cony w technologi\u0119 HPR\u00ae i wytrzyma\u0142o\u015b\u0107 na zerwanie 500 kg.<\/p>\n<p class=\"\" data-start=\"392\" data-end=\"873\">Elektrozaczep STEP 30 Preload to optymalny wyb\u00f3r w przypadku wymiany istniej\u0105cych prostych elektrozaczep\u00f3w i zapewnienia niezawodnej pracy drzwi, nawet w starszych sekcjach drzwiowych i wn\u0119kach.<\/p>\n<p class=\"\" data-start=\"392\" data-end=\"873\">Nale\u017cy do serii Preload firmy STEP, kt\u00f3ra \u0142\u0105czy w sobie minimalne wymiary z wysok\u0105 jako\u015bci\u0105 i elastyczno\u015bci\u0105. Drzwi STEP 30 zaprojektowano tak, aby wytrzymywa\u0142y du\u017c\u0105 cz\u0119stotliwo\u015b\u0107 otwierania. Wyposa\u017cono je w opatentowan\u0105 technologi\u0119 docisku listew STEP, co oznacza, \u017ce drzwi mo\u017cna zawsze otworzy\u0107, nawet je\u015bli s\u0105 nara\u017cone na nacisk.<\/p>\n<p class=\"\" data-start=\"875\" data-end=\"1319\">Funkcja odwrotna oznacza, \u017ce drzwi s\u0105 odblokowane w pozycji bez zasilania, co w razie potrzeby umo\u017cliwia ich szybkie i \u0142atwe otwarcie.<\/p>\n<p class=\"\" data-start=\"875\" data-end=\"1319\">Wbudowany prze\u0142\u0105cznik t\u0142okowy informuje o stanie drzwi (zamkni\u0119te\/otwarte), co umo\u017cliwia integracj\u0119 z systemami kontroli dost\u0119pu i systemami alarmowymi.<\/p>\n<p class=\"\" data-start=\"875\" data-end=\"1319\">Dzi\u0119ki wytrzyma\u0142o\u015bci na zerwanie wynosz\u0105cej 5 kN (ok. 500 kg) i mo\u017cliwo\u015bci otwierania si\u0119 pomimo nacisku ta\u015bmy do 40 kg, STEP 30 Preload oferuje zar\u00f3wno bezpiecze\u0144stwo, jak i niezawodno\u015b\u0107.<\/p>\n<p class=\"\" data-start=\"1321\" data-end=\"1336\"><strong data-start=\"1321\" data-end=\"1336\">W\u0142a\u015bciwo\u015bci:<\/strong><\/p>\n<ul data-start=\"1337\" data-end=\"1734\">\n<li class=\"\" data-start=\"1337\" data-end=\"1378\">\n<p class=\"\" data-start=\"1339\" data-end=\"1378\">Funkcja rewersu (blokada w trybie beznapi\u0119ciowym)<\/p>\n<\/li>\n<li class=\"\" data-start=\"1379\" data-end=\"1434\">\n<p class=\"\" data-start=\"1381\" data-end=\"1434\">Kontakt t\u0142okowy. Wska\u017anik stanu drzwi (zamkni\u0119te\/otwarte)<\/p>\n<\/li>\n<li class=\"\" data-start=\"1435\" data-end=\"1473\">\n<p class=\"\" data-start=\"1437\" data-end=\"1473\">Wbudowana dioda zabezpieczaj\u0105ca dla wi\u0119kszego bezpiecze\u0144stwa<\/p>\n<\/li>\n<li class=\"\" data-start=\"1474\" data-end=\"1511\">\n<p class=\"\" data-start=\"1476\" data-end=\"1511\">Wytrzyma\u0142o\u015b\u0107 na zerwanie 5 kN (ok. 500 kg)<\/p>\n<\/li>\n<li class=\"\" data-start=\"1512\" data-end=\"1614\">\n<p class=\"\" data-start=\"1514\" data-end=\"1614\">Gwarantuje otwarcie pomimo nacisku ta\u015bmy do 0,4 kN (ok. 40 kg) zar\u00f3wno w ruchu do przodu, jak i do ty\u0142u<\/p>\n<\/li>\n<li class=\"\" data-start=\"1615\" data-end=\"1674\">\n<p class=\"\" data-start=\"1617\" data-end=\"1674\">Odporne na uderzenia i odwracalne, do drzwi prawych i lewych<\/p>\n<\/li>\n<li class=\"\" data-start=\"1675\" data-end=\"1717\">\n<p class=\"\" data-start=\"1677\" data-end=\"1717\">Nadaje si\u0119 do zamk\u00f3w jedno- i dwuskrzyd\u0142owych<\/p>\n<\/li>\n<li class=\"\" data-start=\"1718\" data-end=\"1734\">\n<p class=\"\" data-start=\"1720\" data-end=\"1734\">Kabel nie jest do\u0142\u0105czony<\/p>\n<\/li>\n<\/ul>\n<p class=\"\" data-start=\"1736\" data-end=\"1765\"><strong data-start=\"1736\" data-end=\"1765\">Dane techniczne:<\/strong><\/p>\n<ul data-start=\"1766\" data-end=\"2416\">\n<li class=\"\" data-start=\"1766\" data-end=\"1873\">\n<p class=\"\" data-start=\"1768\" data-end=\"1873\">Zasilanie: 24 V DC (+15% -10%) 110 mAh \/ maks. 300 mA lub 12 V DC (+15% -10%) 220 mAh \/ maks. 600 mA<\/p>\n<\/li>\n<li class=\"\" data-start=\"1874\" data-end=\"1937\">\n<p class=\"\" data-start=\"1876\" data-end=\"1937\">Styk t\u0142okowy: Mikroprze\u0142\u0105cznik jednobiegunowy prze\u0142\u0105czaj\u0105cy, maks. 30V pr\u0105du sta\u0142ego, 1A<\/p>\n<\/li>\n<li class=\"\" data-start=\"1938\" data-end=\"1978\">\n<p class=\"\" data-start=\"1940\" data-end=\"1978\">Trwa\u0142o\u015b\u0107: Klasa X zgodnie z norm\u0105 SS-EN 14846<\/p>\n<\/li>\n<li class=\"\" data-start=\"1979\" data-end=\"2018\">\n<p class=\"\" data-start=\"1981\" data-end=\"2018\">Korozja: Stopie\u0144 M zgodnie z norm\u0105 SS-EN 14846<\/p>\n<\/li>\n<li class=\"\" data-start=\"2019\" data-end=\"2057\">\n<p class=\"\" data-start=\"2021\" data-end=\"2057\">Bezpiecze\u0144stwo: Stopie\u0144 3 zgodnie z norm\u0105 SS-EN 14846<\/p>\n<\/li>\n<li class=\"\" data-start=\"2058\" data-end=\"2083\">\n<p class=\"\" data-start=\"2060\" data-end=\"2083\">Wytrzyma\u0142o\u015b\u0107 na zerwanie: 500 kg<\/p>\n<\/li>\n<li class=\"\" data-start=\"2084\" data-end=\"2114\">\n<p class=\"\" data-start=\"2086\" data-end=\"2114\">Zawiasy drzwi: Prawe, Lewe<\/p>\n<\/li>\n<li class=\"\" data-start=\"2115\" data-end=\"2133\">\n<p class=\"\" data-start=\"2117\" data-end=\"2133\">Nacisk ta\u015bmy: 40 kg<\/p>\n<\/li>\n<li class=\"\" data-start=\"2134\" data-end=\"2169\">\n<p class=\"\" data-start=\"2136\" data-end=\"2169\">Typ zamka: Zamek z pojedynczym zatrzaskiem, Zamek z podw\u00f3jnym zatrzaskiem<\/p>\n<\/li>\n<li class=\"\" data-start=\"2170\" data-end=\"2225\">\n<p class=\"\" data-start=\"2172\" data-end=\"2225\">Wymiary produktu: Szeroko\u015b\u0107: 20,5 mm, G\u0142\u0119boko\u015b\u0107: 28 mm, Wysoko\u015b\u0107: 99 mm<\/p>\n<\/li>\n<li class=\"\" data-start=\"2226\" data-end=\"2243\">\n<p class=\"\" data-start=\"2228\" data-end=\"2243\">Kontakt t\u0142okowy: Tak<\/p>\n<\/li>\n<li class=\"\" data-start=\"2244\" data-end=\"2264\">\n<p class=\"\" data-start=\"2246\" data-end=\"2264\">Napi\u0119cie AC\/DC: DC<\/p>\n<\/li>\n<li class=\"\" data-start=\"2265\" data-end=\"2287\">\n<p class=\"\" data-start=\"2267\" data-end=\"2287\">Maksymalne napi\u0119cie: 27,6 V<\/p>\n<\/li>\n<li class=\"\" data-start=\"2288\" data-end=\"2310\">\n<p class=\"\" data-start=\"2290\" data-end=\"2310\">Napi\u0119cie min: 21,6 V<\/p>\n<\/li>\n<li class=\"\" data-start=\"2311\" data-end=\"2339\">\n<p class=\"\" data-start=\"2313\" data-end=\"2339\">Kolor\/Wyko\u0144czenie: Stal nierdzewna<\/p>\n<\/li>\n<li class=\"\" data-start=\"2340\" data-end=\"2360\">\n<p class=\"\" data-start=\"2342\" data-end=\"2360\">Oceniony produkt budowlany: Tak<\/p>\n<\/li>\n<li class=\"\" data-start=\"2361\" data-end=\"2382\">\n<p class=\"\" data-start=\"2363\" data-end=\"2382\">Zweryfikowano przez EPD: Nie<\/p>\n<\/li>\n<li class=\"\" data-start=\"2383\" data-end=\"2395\">\n<p class=\"\" data-start=\"2385\" data-end=\"2395\">FINFO: Nie<\/p>\n<\/li>\n<li class=\"\" data-start=\"2396\" data-end=\"2416\">\n<p class=\"\" data-start=\"2398\" data-end=\"2416\">SundaHouse oceni\u0142(a): Tak<\/p>\n<\/li>\n<\/ul>","protected":false},"excerpt":{"rendered":"<p>Tutaj mo\u017cesz zobaczy\u0107, kt\u00f3re s\u0142upki i modele pasuj\u0105 do siebie z asortymentu elektrycznych ogranicznik\u00f3w drzwi STEP.<\/p>\n<h5><strong><a href=\"https:\/\/steplock.com\/sv\/stolpguide\/#!?lang=sv&amp;blog_id=1&amp;paged=1&amp;number=50\" target=\"_blank\" rel=\"noopener\">Przewodnik po STEP Post\u00a0<\/a><\/strong><\/h5>\n<h5><strong><a href=\"https:\/\/steplock.com\/sv\/projekteringsguide\/#!?lang=sv&amp;blog_id=1&amp;paged=1&amp;number=999\" target=\"_blank\" rel=\"noopener\">Przewodnik projektowy STEP<\/a><\/strong><\/h5>","protected":false},"featured_media":140004,"template":"","meta":{"_acf_changed":false},"product_brand":[],"product_cat":[3355],"product_tag":[4197,4201],"class_list":{"0":"post-140005","1":"product","2":"type-product","3":"status-publish","4":"has-post-thumbnail","6":"product_cat-elslutbleck","7":"product_tag-24v","8":"product_tag-omvand","9":"product_shipping_class-tunga-paket","10":"pa_brands-step","11":"tm-no-options","13":"first","14":"onbackorder","15":"sale","16":"taxable","17":"shipping-taxable","18":"purchasable","19":"product-type-simple"},"acf":[],"_links":{"self":[{"href":"https:\/\/secureus.se\/pl\/wp-json\/wp\/v2\/product\/140005","targetHints":{"allow":["GET"]}}],"collection":[{"href":"https:\/\/secureus.se\/pl\/wp-json\/wp\/v2\/product"}],"about":[{"href":"https:\/\/secureus.se\/pl\/wp-json\/wp\/v2\/types\/product"}],"wp:featuredmedia":[{"embeddable":true,"href":"https:\/\/secureus.se\/pl\/wp-json\/wp\/v2\/media\/140004"}],"wp:attachment":[{"href":"https:\/\/secureus.se\/pl\/wp-json\/wp\/v2\/media?parent=140005"}],"wp:term":[{"taxonomy":"product_brand","embeddable":true,"href":"https:\/\/secureus.se\/pl\/wp-json\/wp\/v2\/product_brand?post=140005"},{"taxonomy":"product_cat","embeddable":true,"href":"https:\/\/secureus.se\/pl\/wp-json\/wp\/v2\/product_cat?post=140005"},{"taxonomy":"product_tag","embeddable":true,"href":"https:\/\/secureus.se\/pl\/wp-json\/wp\/v2\/product_tag?post=140005"}],"curies":[{"name":"wp","href":"https:\/\/api.w.org\/{rel}","templated":true}]}}