{"id":140012,"date":"2023-09-26T13:06:46","date_gmt":"2023-09-26T11:06:46","guid":{"rendered":"https:\/\/secureus.se\/elslutbleck-step-30-omstallbar-12v-kolvkontakt\/"},"modified":"2026-04-08T16:42:51","modified_gmt":"2026-04-08T14:42:51","slug":"elslutbleck-step-30-omstallbar-12v-kolvkontakt","status":"publish","type":"product","link":"https:\/\/secureus.se\/pl\/elslutbleck-step-30-omstallbar-12v-kolvkontakt\/","title":{"rendered":"Elektryczna p\u0142yta przy\u0142\u0105czeniowa STEP 30 Regulowany styk t\u0142okowy 12V"},"content":{"rendered":"<h1>Elektryczna p\u0142yta przy\u0142\u0105czeniowa STEP 30 Regulowany styk t\u0142okowy 12V<\/h1>\n<p>Elektrozaczep STEP 30 Preload to kompaktowy elektrozaczep zaprojektowany z my\u015bl\u0105 o zast\u0105pieniu starszych modeli i zapewnieniu niezawodnej pracy drzwi.<\/p>\n<p>Wyposa\u017cony w funkcj\u0119 regulacji i wytrzyma\u0142o\u015b\u0107 na rozci\u0105ganie 500 kg.<\/p>\n<p class=\"\" data-start=\"388\" data-end=\"825\">Elektrozaczep STEP 30 Preload to wysokiej jako\u015bci rozwi\u0105zanie zast\u0119puj\u0105ce istniej\u0105ce proste elektrozaczepy i zapewniaj\u0105ce bezpieczne \u015brodowisko drzwiowe nawet w starszych sekcjach drzwiowych i wn\u0119kach.<\/p>\n<p class=\"\" data-start=\"388\" data-end=\"825\">Urz\u0105dzenie STEP 30 nale\u017cy do serii Preload firmy STEP i \u0142\u0105czy w sobie niewielkie wymiary z wysok\u0105 jako\u015bci\u0105 i elastyczno\u015bci\u0105. Elektrozaczep jest wyposa\u017cony w opatentowan\u0105 technologi\u0119 docisku listwy STEP, co oznacza, \u017ce drzwi mo\u017cna zawsze otworzy\u0107, nawet je\u015bli s\u0105 nara\u017cone na nacisk.<\/p>\n<p class=\"\" data-start=\"827\" data-end=\"1262\">Funkcja prze\u0142\u0105czania oznacza, \u017ce drzwi mo\u017cna zablokowa\u0107 lub odblokowa\u0107 w pozycji bez zasilania, dzi\u0119ki czemu w razie potrzeby mo\u017cna je szybko otworzy\u0107.<\/p>\n<p class=\"\" data-start=\"827\" data-end=\"1262\">Prze\u0142\u0105cznik t\u0142okowy informuje o stanie drzwi (zamkni\u0119te\/otwarte) i u\u0142atwia integracj\u0119 z systemami kontroli dost\u0119pu i systemami alarmowymi.<\/p>\n<p class=\"\" data-start=\"827\" data-end=\"1262\">Dzi\u0119ki wytrzyma\u0142o\u015bci na zerwanie wynosz\u0105cej 5 kN (ok. 500 kg) i mo\u017cliwo\u015bci otwierania si\u0119 pomimo nacisku ta\u015bmy do 40 kg, STEP 30 Preload gwarantuje zar\u00f3wno bezpiecze\u0144stwo, jak i niezawodno\u015b\u0107.<\/p>\n<p class=\"\" data-start=\"1264\" data-end=\"1279\"><strong data-start=\"1264\" data-end=\"1279\">W\u0142a\u015bciwo\u015bci:<\/strong><\/p>\n<ul data-start=\"1280\" data-end=\"1715\">\n<li class=\"\" data-start=\"1280\" data-end=\"1359\">\n<p class=\"\" data-start=\"1282\" data-end=\"1359\">Mo\u017cliwo\u015b\u0107 prze\u0142\u0105czania funkcji do przodu lub do ty\u0142u (blokada lub odblokowanie w trybie bez zasilania)<\/p>\n<\/li>\n<li class=\"\" data-start=\"1360\" data-end=\"1415\">\n<p class=\"\" data-start=\"1362\" data-end=\"1415\">Kontakt t\u0142okowy. Wska\u017anik stanu drzwi (zamkni\u0119te\/otwarte)<\/p>\n<\/li>\n<li class=\"\" data-start=\"1416\" data-end=\"1454\">\n<p class=\"\" data-start=\"1418\" data-end=\"1454\">Wbudowana dioda zabezpieczaj\u0105ca dla wi\u0119kszego bezpiecze\u0144stwa<\/p>\n<\/li>\n<li class=\"\" data-start=\"1455\" data-end=\"1492\">\n<p class=\"\" data-start=\"1457\" data-end=\"1492\">Wytrzyma\u0142o\u015b\u0107 na zerwanie 5 kN (ok. 500 kg)<\/p>\n<\/li>\n<li class=\"\" data-start=\"1493\" data-end=\"1595\">\n<p class=\"\" data-start=\"1495\" data-end=\"1595\">Gwarantuje otwarcie pomimo nacisku ta\u015bmy do 0,4 kN (ok. 40 kg) zar\u00f3wno w ruchu do przodu, jak i do ty\u0142u<\/p>\n<\/li>\n<li class=\"\" data-start=\"1596\" data-end=\"1655\">\n<p class=\"\" data-start=\"1598\" data-end=\"1655\">Odporne na uderzenia i odwracalne, do drzwi prawych i lewych<\/p>\n<\/li>\n<li class=\"\" data-start=\"1656\" data-end=\"1698\">\n<p class=\"\" data-start=\"1658\" data-end=\"1698\">Nadaje si\u0119 do zamk\u00f3w jedno- i dwuskrzyd\u0142owych<\/p>\n<\/li>\n<li class=\"\" data-start=\"1699\" data-end=\"1715\">\n<p class=\"\" data-start=\"1701\" data-end=\"1715\">Kabel nie jest do\u0142\u0105czony<\/p>\n<\/li>\n<\/ul>\n<p class=\"\" data-start=\"1717\" data-end=\"1746\"><strong data-start=\"1717\" data-end=\"1746\">Dane techniczne:<\/strong><\/p>\n<ul data-start=\"1747\" data-end=\"2397\">\n<li class=\"\" data-start=\"1747\" data-end=\"1854\">\n<p class=\"\" data-start=\"1749\" data-end=\"1854\">Zasilanie: 24 V DC (+15% -10%) 110 mAh \/ maks. 300 mA lub 12 V DC (+15% -10%) 220 mAh \/ maks. 600 mA<\/p>\n<\/li>\n<li class=\"\" data-start=\"1855\" data-end=\"1918\">\n<p class=\"\" data-start=\"1857\" data-end=\"1918\">Styk t\u0142okowy: Mikroprze\u0142\u0105cznik jednobiegunowy prze\u0142\u0105czaj\u0105cy, maks. 30V pr\u0105du sta\u0142ego, 1A<\/p>\n<\/li>\n<li class=\"\" data-start=\"1919\" data-end=\"1959\">\n<p class=\"\" data-start=\"1921\" data-end=\"1959\">Trwa\u0142o\u015b\u0107: Klasa X zgodnie z norm\u0105 SS-EN 14846<\/p>\n<\/li>\n<li class=\"\" data-start=\"1960\" data-end=\"1999\">\n<p class=\"\" data-start=\"1962\" data-end=\"1999\">Korozja: Stopie\u0144 M zgodnie z norm\u0105 SS-EN 14846<\/p>\n<\/li>\n<li class=\"\" data-start=\"2000\" data-end=\"2038\">\n<p class=\"\" data-start=\"2002\" data-end=\"2038\">Bezpiecze\u0144stwo: Stopie\u0144 3 zgodnie z norm\u0105 SS-EN 14846<\/p>\n<\/li>\n<li class=\"\" data-start=\"2039\" data-end=\"2064\">\n<p class=\"\" data-start=\"2041\" data-end=\"2064\">Wytrzyma\u0142o\u015b\u0107 na zerwanie: 500 kg<\/p>\n<\/li>\n<li class=\"\" data-start=\"2065\" data-end=\"2095\">\n<p class=\"\" data-start=\"2067\" data-end=\"2095\">Zawiasy drzwi: Prawe, Lewe<\/p>\n<\/li>\n<li class=\"\" data-start=\"2096\" data-end=\"2114\">\n<p class=\"\" data-start=\"2098\" data-end=\"2114\">Nacisk ta\u015bmy: 40 kg<\/p>\n<\/li>\n<li class=\"\" data-start=\"2115\" data-end=\"2150\">\n<p class=\"\" data-start=\"2117\" data-end=\"2150\">Typ zamka: Zamek z pojedynczym zatrzaskiem, Zamek z podw\u00f3jnym zatrzaskiem<\/p>\n<\/li>\n<li class=\"\" data-start=\"2151\" data-end=\"2206\">\n<p class=\"\" data-start=\"2153\" data-end=\"2206\">Wymiary produktu: Szeroko\u015b\u0107: 20,5 mm, G\u0142\u0119boko\u015b\u0107: 28 mm, Wysoko\u015b\u0107: 99 mm<\/p>\n<\/li>\n<li class=\"\" data-start=\"2207\" data-end=\"2224\">\n<p class=\"\" data-start=\"2209\" data-end=\"2224\">Kontakt t\u0142okowy: Tak<\/p>\n<\/li>\n<li class=\"\" data-start=\"2225\" data-end=\"2245\">\n<p class=\"\" data-start=\"2227\" data-end=\"2245\">Napi\u0119cie AC\/DC: DC<\/p>\n<\/li>\n<li class=\"\" data-start=\"2246\" data-end=\"2268\">\n<p class=\"\" data-start=\"2248\" data-end=\"2268\">Maksymalne napi\u0119cie: 13,8 V<\/p>\n<\/li>\n<li class=\"\" data-start=\"2269\" data-end=\"2291\">\n<p class=\"\" data-start=\"2271\" data-end=\"2291\">Napi\u0119cie min: 10,8 V<\/p>\n<\/li>\n<li class=\"\" data-start=\"2292\" data-end=\"2320\">\n<p class=\"\" data-start=\"2294\" data-end=\"2320\">Kolor\/Wyko\u0144czenie: Stal nierdzewna<\/p>\n<\/li>\n<li class=\"\" data-start=\"2321\" data-end=\"2341\">\n<p class=\"\" data-start=\"2323\" data-end=\"2341\">Oceniony produkt budowlany: Tak<\/p>\n<\/li>\n<li class=\"\" data-start=\"2342\" data-end=\"2363\">\n<p class=\"\" data-start=\"2344\" data-end=\"2363\">Zweryfikowano przez EPD: Nie<\/p>\n<\/li>\n<li class=\"\" data-start=\"2364\" data-end=\"2376\">\n<p class=\"\" data-start=\"2366\" data-end=\"2376\">FINFO: Nie<\/p>\n<\/li>\n<li class=\"\" data-start=\"2377\" data-end=\"2397\">\n<p class=\"\" data-start=\"2379\" data-end=\"2397\">SundaHouse oceni\u0142(a): Tak<\/p>\n<\/li>\n<\/ul>","protected":false},"excerpt":{"rendered":"<p>Tutaj mo\u017cesz zobaczy\u0107, kt\u00f3re s\u0142upki i modele pasuj\u0105 do siebie z asortymentu elektrycznych ogranicznik\u00f3w drzwi STEP.<\/p>\n<h5><strong><a href=\"https:\/\/steplock.com\/sv\/stolpguide\/#!?lang=sv&amp;blog_id=1&amp;paged=1&amp;number=50\" target=\"_blank\" rel=\"noopener\">Przewodnik po STEP Post\u00a0<\/a><\/strong><\/h5>\n<h5><strong><a href=\"https:\/\/steplock.com\/sv\/projekteringsguide\/#!?lang=sv&amp;blog_id=1&amp;paged=1&amp;number=999\" target=\"_blank\" rel=\"noopener\">Przewodnik projektowy STEP<\/a><\/strong><\/h5>","protected":false},"featured_media":140011,"template":"","meta":{"_acf_changed":false},"product_brand":[],"product_cat":[3355],"product_tag":[4198,4202],"class_list":{"0":"post-140012","1":"product","2":"type-product","3":"status-publish","4":"has-post-thumbnail","6":"product_cat-elslutbleck","7":"product_tag-12v","8":"product_tag-omstallbar-rattvand-omvand","9":"product_shipping_class-tunga-paket","10":"pa_brands-step","11":"tm-no-options","13":"first","14":"onbackorder","15":"sale","16":"taxable","17":"shipping-taxable","18":"purchasable","19":"product-type-simple"},"acf":[],"_links":{"self":[{"href":"https:\/\/secureus.se\/pl\/wp-json\/wp\/v2\/product\/140012","targetHints":{"allow":["GET"]}}],"collection":[{"href":"https:\/\/secureus.se\/pl\/wp-json\/wp\/v2\/product"}],"about":[{"href":"https:\/\/secureus.se\/pl\/wp-json\/wp\/v2\/types\/product"}],"wp:featuredmedia":[{"embeddable":true,"href":"https:\/\/secureus.se\/pl\/wp-json\/wp\/v2\/media\/140011"}],"wp:attachment":[{"href":"https:\/\/secureus.se\/pl\/wp-json\/wp\/v2\/media?parent=140012"}],"wp:term":[{"taxonomy":"product_brand","embeddable":true,"href":"https:\/\/secureus.se\/pl\/wp-json\/wp\/v2\/product_brand?post=140012"},{"taxonomy":"product_cat","embeddable":true,"href":"https:\/\/secureus.se\/pl\/wp-json\/wp\/v2\/product_cat?post=140012"},{"taxonomy":"product_tag","embeddable":true,"href":"https:\/\/secureus.se\/pl\/wp-json\/wp\/v2\/product_tag?post=140012"}],"curies":[{"name":"wp","href":"https:\/\/api.w.org\/{rel}","templated":true}]}}