{"id":140034,"date":"2023-09-26T13:06:39","date_gmt":"2023-09-26T11:06:39","guid":{"rendered":"https:\/\/secureus.se\/elslutbleck-step-48-rattvand-12v-kolvkontakt\/"},"modified":"2026-04-23T12:59:45","modified_gmt":"2026-04-23T10:59:45","slug":"elslutbleck-step-48-rattvand-12v-kolvkontakt","status":"publish","type":"product","link":"https:\/\/secureus.se\/pl\/elslutbleck-step-48-rattvand-12v-kolvkontakt\/","title":{"rendered":"Arkusz zacisk\u00f3w elektrycznych KROK 48 Styk t\u0142okowy 12 V skierowany w prawo"},"content":{"rendered":"<h1>Arkusz zacisk\u00f3w elektrycznych KROK 48 Styk t\u0142okowy 12 V skierowany w prawo<\/h1>\n<p>Elektrozaczep STEP 48 Preload to solidny elektrozaczep przeznaczony do pomieszcze\u0144, w kt\u00f3rych konieczne jest zamkni\u0119cie na ga\u0142k\u0119 lub klucz.<\/p>\n<p>Wyposa\u017cony w styk t\u0142okowy, zapewnia bezpieczne funkcjonowanie drzwi nawet przy nacisku do 40 kg.<\/p>\n<p class=\"\" data-start=\"423\" data-end=\"920\">Zamek elektryczny STEP 48 Preload przeznaczony jest do stosowania w miejscach, w kt\u00f3rych wymagane jest bezpieczne zamykanie na ga\u0142k\u0119 lub klucz.<\/p>\n<p class=\"\" data-start=\"423\" data-end=\"920\">Mo\u017cna go r\u00f3wnie\u017c zamontowa\u0107 ze wska\u017anikiem rygla (ST4880), kt\u00f3ry umo\u017cliwia automatyczne blokowanie systemu kontroli dost\u0119pu do drzwi lub zamka kodowego po mechanicznym odblokowaniu rygla hakowego lub prostego obudowy zamka.<\/p>\n<p class=\"\" data-start=\"423\" data-end=\"920\">Ten zamek elektryczny jest cz\u0119\u015bci\u0105 serii Preload firmy STEP i \u0142\u0105czy w sobie wysok\u0105 jako\u015b\u0107 i elastyczno\u015b\u0107 z minimalnymi wymiarami, co pozwala na monta\u017c w starszych drzwiach i wn\u0119kach.<\/p>\n<p class=\"\" data-start=\"922\" data-end=\"1303\">Wyposa\u017cone w opatentowan\u0105 technologi\u0119 docisku listew STEP, drzwi STEP 48 umo\u017cliwiaj\u0105 otwarcie ich nawet przy nacisku do 40 kg, co czyni je niezawodnym wyborem w przypadku system\u00f3w drzwiowych o du\u017cej cz\u0119stotliwo\u015bci otwierania.<\/p>\n<p class=\"\" data-start=\"922\" data-end=\"1303\">Dzi\u0119ki wytrzyma\u0142o\u015bci na zerwanie wynosz\u0105cej 9 kN (ok. 900 kg) i mo\u017cliwo\u015bci otwarcia nawet przy naci\u015bni\u0119ciu drzwi, STEP 48 zapewnia bezpiecze\u0144stwo i trwa\u0142o\u015b\u0107 zar\u00f3wno podczas ruchu do przodu, jak i do ty\u0142u.<\/p>\n<p class=\"\" data-start=\"1305\" data-end=\"1320\"><strong data-start=\"1305\" data-end=\"1320\">W\u0142a\u015bciwo\u015bci:<\/strong><\/p>\n<ul data-start=\"1321\" data-end=\"1707\">\n<li class=\"\" data-start=\"1321\" data-end=\"1364\">\n<p class=\"\" data-start=\"1323\" data-end=\"1364\">Funkcja skierowana w prawo (zablokowana w trybie bez zasilania)<\/p>\n<\/li>\n<li class=\"\" data-start=\"1365\" data-end=\"1420\">\n<p class=\"\" data-start=\"1367\" data-end=\"1420\">Kontakt t\u0142okowy: Wska\u017anik stanu drzwi (zamkni\u0119te\/otwarte)<\/p>\n<\/li>\n<li class=\"\" data-start=\"1421\" data-end=\"1459\">\n<p class=\"\" data-start=\"1423\" data-end=\"1459\">Wbudowana dioda zabezpieczaj\u0105ca dla wi\u0119kszego bezpiecze\u0144stwa<\/p>\n<\/li>\n<li class=\"\" data-start=\"1460\" data-end=\"1497\">\n<p class=\"\" data-start=\"1462\" data-end=\"1497\">Wytrzyma\u0142o\u015b\u0107 na zerwanie 9 kN (ok. 900 kg)<\/p>\n<\/li>\n<li class=\"\" data-start=\"1498\" data-end=\"1600\">\n<p class=\"\" data-start=\"1500\" data-end=\"1600\">Gwarantuje otwarcie pomimo nacisku ta\u015bmy do 0,4 kN (ok. 40 kg) zar\u00f3wno w ruchu do przodu, jak i do ty\u0142u<\/p>\n<\/li>\n<li class=\"\" data-start=\"1601\" data-end=\"1660\">\n<p class=\"\" data-start=\"1603\" data-end=\"1660\">Odporne na uderzenia i odwracalne, do drzwi prawych i lewych<\/p>\n<\/li>\n<li class=\"\" data-start=\"1661\" data-end=\"1707\">\n<p class=\"\" data-start=\"1663\" data-end=\"1707\">Mo\u017cliwo\u015b\u0107 blokowania \u015brub hakowych lub \u015brub prostych<\/p>\n<\/li>\n<\/ul>\n<p class=\"\" data-start=\"1709\" data-end=\"1738\"><strong data-start=\"1709\" data-end=\"1738\">Dane techniczne:<\/strong><\/p>\n<ul data-start=\"1739\" data-end=\"2458\">\n<li class=\"\" data-start=\"1739\" data-end=\"1768\">\n<p class=\"\" data-start=\"1741\" data-end=\"1768\">Maksymalna si\u0142a zrywaj\u0105ca: 900 kg<\/p>\n<\/li>\n<li class=\"\" data-start=\"1769\" data-end=\"1799\">\n<p class=\"\" data-start=\"1771\" data-end=\"1799\">Zawiasy drzwi: Prawe, Lewe<\/p>\n<\/li>\n<li class=\"\" data-start=\"1800\" data-end=\"1818\">\n<p class=\"\" data-start=\"1802\" data-end=\"1818\">Kabel w zestawie: Nie<\/p>\n<\/li>\n<li class=\"\" data-start=\"1819\" data-end=\"1837\">\n<p class=\"\" data-start=\"1821\" data-end=\"1837\">Nacisk ta\u015bmy: 40 kg<\/p>\n<\/li>\n<li class=\"\" data-start=\"1838\" data-end=\"1873\">\n<p class=\"\" data-start=\"1840\" data-end=\"1873\">Typ zamka: Zamek z pojedynczym zatrzaskiem, Zamek z podw\u00f3jnym zatrzaskiem<\/p>\n<\/li>\n<li class=\"\" data-start=\"1874\" data-end=\"1896\">\n<p class=\"\" data-start=\"1876\" data-end=\"1896\">Szeroko\u015b\u0107 produktu: 25 mm<\/p>\n<\/li>\n<li class=\"\" data-start=\"1897\" data-end=\"1917\">\n<p class=\"\" data-start=\"1899\" data-end=\"1917\">Oceniony produkt budowlany: Tak<\/p>\n<\/li>\n<li class=\"\" data-start=\"1918\" data-end=\"1939\">\n<p class=\"\" data-start=\"1920\" data-end=\"1939\">G\u0142\u0119boko\u015b\u0107 produktu: 35 mm<\/p>\n<\/li>\n<li class=\"\" data-start=\"1940\" data-end=\"1968\">\n<p class=\"\" data-start=\"1942\" data-end=\"1968\">Napi\u0119cie robocze 12V\/24V: 12V<\/p>\n<\/li>\n<li class=\"\" data-start=\"1969\" data-end=\"1991\">\n<p class=\"\" data-start=\"1971\" data-end=\"1991\">Podw\u00f3jny skr\u0119t drop: Nie<\/p>\n<\/li>\n<li class=\"\" data-start=\"1992\" data-end=\"2013\">\n<p class=\"\" data-start=\"1994\" data-end=\"2013\">Zweryfikowano przez EPD: Nie<\/p>\n<\/li>\n<li class=\"\" data-start=\"2014\" data-end=\"2026\">\n<p class=\"\" data-start=\"2016\" data-end=\"2026\">FINFO: Nie<\/p>\n<\/li>\n<li class=\"\" data-start=\"2027\" data-end=\"2055\">\n<p class=\"\" data-start=\"2029\" data-end=\"2055\">Kolor\/Wyko\u0144czenie: Stal nierdzewna<\/p>\n<\/li>\n<li class=\"\" data-start=\"2056\" data-end=\"2077\">\n<p class=\"\" data-start=\"2058\" data-end=\"2077\">Wysoko\u015b\u0107 produktu: 90 mm<\/p>\n<\/li>\n<li class=\"\" data-start=\"2078\" data-end=\"2095\">\n<p class=\"\" data-start=\"2080\" data-end=\"2095\">Kontakt t\u0142okowy: Tak<\/p>\n<\/li>\n<li class=\"\" data-start=\"2096\" data-end=\"2123\">\n<p class=\"\" data-start=\"2098\" data-end=\"2123\">Prawo\/Odwrotnie: Prawo<\/p>\n<\/li>\n<li class=\"\" data-start=\"2124\" data-end=\"2144\">\n<p class=\"\" data-start=\"2126\" data-end=\"2144\">Napi\u0119cie AC\/DC: DC<\/p>\n<\/li>\n<li class=\"\" data-start=\"2145\" data-end=\"2167\">\n<p class=\"\" data-start=\"2147\" data-end=\"2167\">Maksymalne napi\u0119cie: 27,6 V<\/p>\n<\/li>\n<li class=\"\" data-start=\"2168\" data-end=\"2190\">\n<p class=\"\" data-start=\"2170\" data-end=\"2190\">Napi\u0119cie min: 21,6 V<\/p>\n<\/li>\n<li class=\"\" data-start=\"2191\" data-end=\"2211\">\n<p class=\"\" data-start=\"2193\" data-end=\"2211\">SundaHouse oceni\u0142(a): Tak<\/p>\n<\/li>\n<li class=\"\" data-start=\"2212\" data-end=\"2275\">\n<p class=\"\" data-start=\"2214\" data-end=\"2275\">Styk t\u0142okowy: Mikroprze\u0142\u0105cznik jednobiegunowy prze\u0142\u0105czaj\u0105cy, maks. 30V pr\u0105du sta\u0142ego, 1A<\/p>\n<\/li>\n<li class=\"\" data-start=\"2276\" data-end=\"2316\">\n<p class=\"\" data-start=\"2278\" data-end=\"2316\">Trwa\u0142o\u015b\u0107: Klasa X zgodnie z norm\u0105 SS-EN 14846<\/p>\n<\/li>\n<li class=\"\" data-start=\"2317\" data-end=\"2356\">\n<p class=\"\" data-start=\"2319\" data-end=\"2356\">Korozja: Stopie\u0144 M zgodnie z norm\u0105 SS-EN 14846<\/p>\n<\/li>\n<li class=\"\" data-start=\"2357\" data-end=\"2395\">\n<p class=\"\" data-start=\"2359\" data-end=\"2395\">Bezpiecze\u0144stwo: Stopie\u0144 3 zgodnie z norm\u0105 SS-EN 14846<\/p>\n<\/li>\n<li class=\"\" data-start=\"2396\" data-end=\"2458\">\n<p class=\"\" data-start=\"2398\" data-end=\"2458\">Bezpiecze\u0144stwo manipulacji elektrycznych: Stopie\u0144 1 zgodnie z norm\u0105 SS-EN 14846<\/p>\n<\/li>\n<\/ul>","protected":false},"excerpt":{"rendered":"<p>Tutaj mo\u017cesz zobaczy\u0107, kt\u00f3re s\u0142upki i modele pasuj\u0105 do siebie z asortymentu elektrycznych ogranicznik\u00f3w drzwi STEP.<\/p>\n<h5><strong><a href=\"https:\/\/steplock.com\/sv\/stolpguide\/#!?lang=sv&amp;blog_id=1&amp;paged=1&amp;number=50\" target=\"_blank\" rel=\"noopener\">Przewodnik po STEP Post\u00a0<\/a><\/strong><\/h5>\n<h5><strong><a href=\"https:\/\/steplock.com\/sv\/projekteringsguide\/#!?lang=sv&amp;blog_id=1&amp;paged=1&amp;number=999\" target=\"_blank\" rel=\"noopener\">Przewodnik projektowy STEP<\/a><\/strong><\/h5>","protected":false},"featured_media":140033,"template":"","meta":{"_acf_changed":false},"product_brand":[],"product_cat":[3355],"product_tag":[4198,4200],"class_list":{"0":"post-140034","1":"product","2":"type-product","3":"status-publish","4":"has-post-thumbnail","6":"product_cat-elslutbleck","7":"product_tag-12v","8":"product_tag-rattvand","9":"product_shipping_class-tunga-paket","10":"pa_brands-step","11":"tm-no-options","13":"first","14":"onbackorder","15":"sale","16":"taxable","17":"shipping-taxable","18":"purchasable","19":"product-type-simple"},"acf":[],"_links":{"self":[{"href":"https:\/\/secureus.se\/pl\/wp-json\/wp\/v2\/product\/140034","targetHints":{"allow":["GET"]}}],"collection":[{"href":"https:\/\/secureus.se\/pl\/wp-json\/wp\/v2\/product"}],"about":[{"href":"https:\/\/secureus.se\/pl\/wp-json\/wp\/v2\/types\/product"}],"wp:featuredmedia":[{"embeddable":true,"href":"https:\/\/secureus.se\/pl\/wp-json\/wp\/v2\/media\/140033"}],"wp:attachment":[{"href":"https:\/\/secureus.se\/pl\/wp-json\/wp\/v2\/media?parent=140034"}],"wp:term":[{"taxonomy":"product_brand","embeddable":true,"href":"https:\/\/secureus.se\/pl\/wp-json\/wp\/v2\/product_brand?post=140034"},{"taxonomy":"product_cat","embeddable":true,"href":"https:\/\/secureus.se\/pl\/wp-json\/wp\/v2\/product_cat?post=140034"},{"taxonomy":"product_tag","embeddable":true,"href":"https:\/\/secureus.se\/pl\/wp-json\/wp\/v2\/product_tag?post=140034"}],"curies":[{"name":"wp","href":"https:\/\/api.w.org\/{rel}","templated":true}]}}