{"id":140045,"date":"2023-09-26T13:06:13","date_gmt":"2023-09-26T11:06:13","guid":{"rendered":"https:\/\/secureus.se\/elslutbleck-step-18-hoger-rattvand-12v-for-assa-511\/"},"modified":"2026-04-08T16:30:54","modified_gmt":"2026-04-08T14:30:54","slug":"elslutbleck-step-18-hoger-rattvand-12v-for-assa-511","status":"publish","type":"product","link":"https:\/\/secureus.se\/pl\/elslutbleck-step-18-hoger-rattvand-12v-for-assa-511\/","title":{"rendered":"Elektryczna p\u0142yta ko\u0144cowa KROK 18 Prawa, skierowana w prawo, 12 V dla Assa 511"},"content":{"rendered":"<h1>Elektryczna p\u0142yta ko\u0144cowa KROK 18 Prawa, skierowana w prawo, 12 V dla Assa 511<\/h1>\n<p>Elektrozaczep STEP 18 Secure do Assa 511 to zamek o wysokim poziomie bezpiecze\u0144stwa i odporno\u015bci na ogie\u0144. Przeznaczony do drzwi z du\u017c\u0105 liczb\u0105 wej\u015b\u0107 i wyj\u015b\u0107.<\/p>\n<p class=\"\" data-start=\"346\" data-end=\"752\">STEP 18 Secure to elektrozaczep o wysokim poziomie bezpiecze\u0144stwa, przeznaczony do drzwi o wysokich wymaganiach dotycz\u0105cych odporno\u015bci na w\u0142amanie, np. drzwi antyw\u0142amaniowych lub drzwi w wi\u0119zieniach i bankach.<\/p>\n<p class=\"\" data-start=\"346\" data-end=\"752\">Ten elektrozaczep jest dopuszczony do zamykania drzwi antyw\u0142amaniowych do klasy RC4 i posiada atest ognioodporny do klasy E\/EI 60. Jest odpowiedni do zamka hakowego Assa 511 z t\u0142okiem 10 mm i ma funkcj\u0119 do przodu (zablokowany w pozycji od\u0142\u0105czonej od zasilania).<\/p>\n<p class=\"\" data-start=\"754\" data-end=\"1121\">Zaczep STEP 18 Secure ma wytrzyma\u0142o\u015b\u0107 na zerwanie 15 kN (ok. 1500 kg) i otwiera si\u0119 nawet przy nacisku ta\u015bmy do 5 kN (ok. 500 kg) zar\u00f3wno w trybie do przodu, jak i do ty\u0142u.<\/p>\n<p class=\"\" data-start=\"754\" data-end=\"1121\">Zawiera prze\u0142\u0105cznik t\u0142okowy, kt\u00f3ry wskazuje, czy drzwi s\u0105 zamkni\u0119te\/otwarte i zablokowane\/odblokowane, dzi\u0119ki czemu nadaje si\u0119 do stosowania w systemach kontroli dost\u0119pu i systemach alarmowych. W zestawie znajduje si\u0119 5-metrowy kabel po\u0142\u0105czeniowy bezhalogenowy.<\/p>\n<p class=\"\" data-start=\"1123\" data-end=\"1140\"><strong data-start=\"1123\" data-end=\"1137\">Charakterystyka<\/strong>:<\/p>\n<ul data-start=\"1141\" data-end=\"1583\">\n<li class=\"\" data-start=\"1141\" data-end=\"1184\">\n<p class=\"\" data-start=\"1143\" data-end=\"1184\">Do zamka hakowego Assa 511 z t\u0142okiem 10 mm<\/p>\n<\/li>\n<li class=\"\" data-start=\"1185\" data-end=\"1230\">\n<p class=\"\" data-start=\"1187\" data-end=\"1230\">Funkcja skierowana w prawo (zablokowana w trybie bez zasilania)<\/p>\n<\/li>\n<li class=\"\" data-start=\"1231\" data-end=\"1257\">\n<p class=\"\" data-start=\"1233\" data-end=\"1257\">Do drzwi prawych<\/p>\n<\/li>\n<li class=\"\" data-start=\"1258\" data-end=\"1291\">\n<p class=\"\" data-start=\"1260\" data-end=\"1291\">Zatwierdzone ognioodpornie do E\/EI 60<\/p>\n<\/li>\n<li class=\"\" data-start=\"1292\" data-end=\"1376\">\n<p class=\"\" data-start=\"1294\" data-end=\"1376\">Wbudowany prze\u0142\u0105cznik popychaj\u0105cy wskazuj\u0105cy stan drzwi zamkni\u0119tych\/otwartych i zablokowanych\/odblokowanych<\/p>\n<\/li>\n<li class=\"\" data-start=\"1377\" data-end=\"1399\">\n<p class=\"\" data-start=\"1379\" data-end=\"1399\">Wbudowana dioda zabezpieczaj\u0105ca<\/p>\n<\/li>\n<li class=\"\" data-start=\"1400\" data-end=\"1438\">\n<p class=\"\" data-start=\"1402\" data-end=\"1438\">Wytrzyma\u0142o\u015b\u0107 na zerwanie 15 kN (ok. 1500 kg)<\/p>\n<\/li>\n<li class=\"\" data-start=\"1439\" data-end=\"1521\">\n<p class=\"\" data-start=\"1441\" data-end=\"1521\">Otwiera si\u0119 pomimo nacisku ta\u015bmy wynosz\u0105cego 5 kN (ok. 500 kg) zar\u00f3wno w ruchu do przodu, jak i do ty\u0142u<\/p>\n<\/li>\n<li class=\"\" data-start=\"1522\" data-end=\"1537\">\n<p class=\"\" data-start=\"1524\" data-end=\"1537\">Antystukowy<\/p>\n<\/li>\n<li class=\"\" data-start=\"1538\" data-end=\"1583\">\n<p class=\"\" data-start=\"1540\" data-end=\"1583\">W zestawie 5-metrowy kabel po\u0142\u0105czeniowy bezhalogenowy<\/p>\n<\/li>\n<\/ul>\n<p class=\"\" data-start=\"1585\" data-end=\"1616\"><strong data-start=\"1585\" data-end=\"1613\">Specyfikacje techniczne<\/strong>:<\/p>\n<ul data-start=\"1617\" data-end=\"2198\">\n<li class=\"\" data-start=\"1617\" data-end=\"1653\">\n<p class=\"\" data-start=\"1619\" data-end=\"1653\"><strong data-start=\"1619\" data-end=\"1642\">Si\u0142a zrywaj\u0105ca maks<\/strong>: 1500 kg<\/p>\n<\/li>\n<li class=\"\" data-start=\"1654\" data-end=\"1681\">\n<p class=\"\" data-start=\"1656\" data-end=\"1681\"><strong data-start=\"1656\" data-end=\"1672\">Wisz\u0105ce drzwi<\/strong>: Prawid\u0142owy<\/p>\n<\/li>\n<li class=\"\" data-start=\"1682\" data-end=\"1705\">\n<p class=\"\" data-start=\"1684\" data-end=\"1705\"><strong data-start=\"1684\" data-end=\"1699\">Kabel w zestawie<\/strong>: Tak<\/p>\n<\/li>\n<li class=\"\" data-start=\"1706\" data-end=\"1731\">\n<p class=\"\" data-start=\"1708\" data-end=\"1731\"><strong data-start=\"1708\" data-end=\"1721\">Drukowanie listy<\/strong>: 500 kg<\/p>\n<\/li>\n<li class=\"\" data-start=\"1732\" data-end=\"1769\">\n<p class=\"\" data-start=\"1734\" data-end=\"1769\"><strong data-start=\"1734\" data-end=\"1744\">Typ zamka<\/strong>: Zamek zatrzaskowy, Zamek zatrzaskowy<\/p>\n<\/li>\n<li class=\"\" data-start=\"1770\" data-end=\"1798\">\n<p class=\"\" data-start=\"1772\" data-end=\"1798\"><strong data-start=\"1772\" data-end=\"1789\">Szeroki produkt<\/strong>: 35mm<\/p>\n<\/li>\n<li class=\"\" data-start=\"1799\" data-end=\"1825\">\n<p class=\"\" data-start=\"1801\" data-end=\"1825\"><strong data-start=\"1801\" data-end=\"1819\">Oceniono materia\u0142y budowlane<\/strong>: Tak<\/p>\n<\/li>\n<li class=\"\" data-start=\"1826\" data-end=\"1853\">\n<p class=\"\" data-start=\"1828\" data-end=\"1853\"><strong data-start=\"1828\" data-end=\"1844\">G\u0142\u0119boki produkt<\/strong>: 40mm<\/p>\n<\/li>\n<li class=\"\" data-start=\"1854\" data-end=\"1888\">\n<p class=\"\" data-start=\"1856\" data-end=\"1888\"><strong data-start=\"1856\" data-end=\"1881\">Napi\u0119cie robocze 12V\/24V<\/strong>: 12 V<\/p>\n<\/li>\n<li class=\"\" data-start=\"1889\" data-end=\"1917\">\n<p class=\"\" data-start=\"1891\" data-end=\"1917\"><strong data-start=\"1891\" data-end=\"1910\">Podw\u00f3jne zakr\u0119cane etui<\/strong>: NIE<\/p>\n<\/li>\n<li class=\"\" data-start=\"1918\" data-end=\"1945\">\n<p class=\"\" data-start=\"1920\" data-end=\"1945\"><strong data-start=\"1920\" data-end=\"1938\">Zweryfikowano przez EPD<\/strong>: NIE<\/p>\n<\/li>\n<li class=\"\" data-start=\"1946\" data-end=\"1964\">\n<p class=\"\" data-start=\"1948\" data-end=\"1964\"><strong data-start=\"1948\" data-end=\"1957\">DOBRA INFORMACJA<\/strong>: NIE<\/p>\n<\/li>\n<li class=\"\" data-start=\"1965\" data-end=\"1999\">\n<p class=\"\" data-start=\"1967\" data-end=\"1999\"><strong data-start=\"1967\" data-end=\"1988\">Kolor\/Obr\u00f3bka powierzchni<\/strong>:Stal nierdzewna<\/p>\n<\/li>\n<li class=\"\" data-start=\"2000\" data-end=\"2028\">\n<p class=\"\" data-start=\"2002\" data-end=\"2028\"><strong data-start=\"2002\" data-end=\"2018\">Podwy\u017cszony produkt<\/strong>: 230mm<\/p>\n<\/li>\n<li class=\"\" data-start=\"2029\" data-end=\"2052\">\n<p class=\"\" data-start=\"2031\" data-end=\"2052\"><strong data-start=\"2031\" data-end=\"2046\">Z\u0142\u0105cze t\u0142okowe<\/strong>: Tak<\/p>\n<\/li>\n<li class=\"\" data-start=\"2053\" data-end=\"2086\">\n<p class=\"\" data-start=\"2055\" data-end=\"2086\"><strong data-start=\"2055\" data-end=\"2074\">W prawo\/wstecz<\/strong>:Skierowany w prawo<\/p>\n<\/li>\n<li class=\"\" data-start=\"2087\" data-end=\"2113\">\n<p class=\"\" data-start=\"2089\" data-end=\"2113\"><strong data-start=\"2089\" data-end=\"2107\">Napi\u0119cie AC\/DC<\/strong>:DC<\/p>\n<\/li>\n<li class=\"\" data-start=\"2114\" data-end=\"2142\">\n<p class=\"\" data-start=\"2116\" data-end=\"2142\"><strong data-start=\"2116\" data-end=\"2132\">Napi\u0119cie maks<\/strong>: 13,8 V<\/p>\n<\/li>\n<li class=\"\" data-start=\"2143\" data-end=\"2171\">\n<p class=\"\" data-start=\"2145\" data-end=\"2171\"><strong data-start=\"2145\" data-end=\"2161\">Napi\u0119cie min<\/strong>: 10,8 V<\/p>\n<\/li>\n<li class=\"\" data-start=\"2172\" data-end=\"2198\">\n<p class=\"\" data-start=\"2174\" data-end=\"2198\"><strong data-start=\"2174\" data-end=\"2192\">Ocena SundaHouse<\/strong>: Tak<\/p>\n<\/li>\n<\/ul>","protected":false},"excerpt":{"rendered":"<p>Tutaj mo\u017cesz zobaczy\u0107, kt\u00f3re s\u0142upki i modele pasuj\u0105 do siebie z asortymentu elektrycznych ogranicznik\u00f3w drzwi STEP.<\/p>\n<h5><strong><a href=\"https:\/\/steplock.com\/sv\/stolpguide\/#!?lang=sv&amp;blog_id=1&amp;paged=1&amp;number=50\" target=\"_blank\" rel=\"noopener\">Przewodnik po STEP Post\u00a0<\/a><\/strong><\/h5>\n<h5><strong><a href=\"https:\/\/steplock.com\/sv\/projekteringsguide\/#!?lang=sv&amp;blog_id=1&amp;paged=1&amp;number=999\" target=\"_blank\" rel=\"noopener\">Przewodnik projektowy STEP<\/a><\/strong><\/h5>","protected":false},"featured_media":140043,"template":"","meta":{"_acf_changed":false},"product_brand":[],"product_cat":[3355],"product_tag":[4198,4200],"class_list":{"0":"post-140045","1":"product","2":"type-product","3":"status-publish","4":"has-post-thumbnail","6":"product_cat-elslutbleck","7":"product_tag-12v","8":"product_tag-rattvand","9":"product_shipping_class-tunga-paket","10":"pa_brands-step","11":"tm-no-options","13":"first","14":"onbackorder","15":"sale","16":"taxable","17":"shipping-taxable","18":"purchasable","19":"product-type-simple"},"acf":[],"_links":{"self":[{"href":"https:\/\/secureus.se\/pl\/wp-json\/wp\/v2\/product\/140045","targetHints":{"allow":["GET"]}}],"collection":[{"href":"https:\/\/secureus.se\/pl\/wp-json\/wp\/v2\/product"}],"about":[{"href":"https:\/\/secureus.se\/pl\/wp-json\/wp\/v2\/types\/product"}],"wp:featuredmedia":[{"embeddable":true,"href":"https:\/\/secureus.se\/pl\/wp-json\/wp\/v2\/media\/140043"}],"wp:attachment":[{"href":"https:\/\/secureus.se\/pl\/wp-json\/wp\/v2\/media?parent=140045"}],"wp:term":[{"taxonomy":"product_brand","embeddable":true,"href":"https:\/\/secureus.se\/pl\/wp-json\/wp\/v2\/product_brand?post=140045"},{"taxonomy":"product_cat","embeddable":true,"href":"https:\/\/secureus.se\/pl\/wp-json\/wp\/v2\/product_cat?post=140045"},{"taxonomy":"product_tag","embeddable":true,"href":"https:\/\/secureus.se\/pl\/wp-json\/wp\/v2\/product_tag?post=140045"}],"curies":[{"name":"wp","href":"https:\/\/api.w.org\/{rel}","templated":true}]}}