{"id":140092,"date":"2023-09-26T13:08:00","date_gmt":"2023-09-26T11:08:00","guid":{"rendered":"https:\/\/secureus.se\/elslutbleck-step-98-omvand-24v-kolvkontakt\/"},"modified":"2026-04-08T16:12:37","modified_gmt":"2026-04-08T14:12:37","slug":"elslutbleck-step-98-omvand-24v-kolvkontakt","status":"publish","type":"product","link":"https:\/\/secureus.se\/pl\/elslutbleck-step-98-omvand-24v-kolvkontakt\/","title":{"rendered":"Elektryczna p\u0142yta przy\u0142\u0105czeniowa STEP 98 Odwrotne 24 V Styk t\u0142okowy"},"content":{"rendered":"<h1>Elektryczna p\u0142yta przy\u0142\u0105czeniowa STEP 98 Odwrotne 24 V Styk t\u0142okowy<\/h1>\n<p>STEP 98 Preload to kompaktowy i ognioodporny elektrozaczep z funkcj\u0105 rewersyjn\u0105 i stykiem t\u0142okowym, idealny do drzwi wymagaj\u0105cych bezpiecznego zamykania i elastycznej funkcji otwierania.<\/p>\n<p class=\"\" data-start=\"253\" data-end=\"696\">Elektrozaczep STEP 98 Preload z funkcj\u0105 rewersyjn\u0105 to niezawodne rozwi\u0105zanie do zamykania drzwi w \u015brodowiskach, w kt\u00f3rych konieczne jest po\u0142\u0105czenie bezpiecze\u0144stwa, wymaga\u0144 przeciwpo\u017carowych i du\u017cej cz\u0119stotliwo\u015bci u\u017cytkowania.<\/p>\n<p class=\"\" data-start=\"253\" data-end=\"696\">Dzi\u0119ki kompaktowej konstrukcji drzwi te szczeg\u00f3lnie nadaj\u0105 si\u0119 do monta\u017cu w pomieszczeniach, kt\u00f3re musz\u0105 by\u0107 zamykane na ga\u0142k\u0119 lub klucz, a tak\u017ce tam, gdzie funkcjonalno\u015b\u0107 drzwi musi by\u0107 elastyczna \u2013 na przyk\u0142ad w lokalach handlowych, biurach lub szko\u0142ach.<\/p>\n<p class=\"\" data-start=\"698\" data-end=\"992\">Dzi\u0119ki opatentowanej technologii docisku pask\u00f3w STEP, drzwi mo\u017cna odblokowa\u0107 nawet przy nacisku paska do 40 kg, co gwarantuje funkcjonowanie nawet pod wp\u0142ywem nacisku pask\u00f3w uszczelniaj\u0105cych.<\/p>\n<p class=\"\" data-start=\"698\" data-end=\"992\">Funkcja odwrotna oznacza, \u017ce w przypadku zaniku zasilania elektrozaczep zostanie odblokowany, co jest szczeg\u00f3lnie wa\u017cne na przyk\u0142ad w przypadku wyj\u015b\u0107 ewakuacyjnych.<\/p>\n<p class=\"\" data-start=\"994\" data-end=\"1346\">STEP 98 zosta\u0142 przetestowany i certyfikowany zgodnie z klas\u0105 ogniow\u0105 E\/EI 120 i ma wytrzyma\u0142o\u015b\u0107 na zerwanie 9 kN. Wbudowany prze\u0142\u0105cznik popychaj\u0105cy informuje o stanie drzwi \u2013 zamkni\u0119tych lub otwartych \u2013 co umo\u017cliwia bezproblemow\u0105 integracj\u0119 z systemami kontroli dost\u0119pu i instalacjami alarmowymi.<\/p>\n<p class=\"\" data-start=\"994\" data-end=\"1346\">P\u0142ytk\u0119 mo\u017cna odwraca\u0107, pasuje zar\u00f3wno do drzwi prawo-, jak i lewoskr\u0119tnych, mo\u017cna jej r\u00f3wnie\u017c u\u017cywa\u0107 do blokowania rygli hakowych lub rygli prostych.<\/p>\n<p class=\"\" data-start=\"1348\" data-end=\"1374\"><strong data-start=\"1348\" data-end=\"1374\">Cechy i korzy\u015bci:<\/strong><\/p>\n<ul data-start=\"1375\" data-end=\"1618\">\n<li class=\"\" data-start=\"1375\" data-end=\"1417\">\n<p class=\"\" data-start=\"1377\" data-end=\"1417\">Funkcja rewersu (odblokowana w trybie beznapi\u0119ciowym)<\/p>\n<\/li>\n<li class=\"\" data-start=\"1418\" data-end=\"1458\">\n<p class=\"\" data-start=\"1420\" data-end=\"1458\">Klasa ogniowa E\/EI 120 zgodnie z norm\u0105 SS-EN 14846<\/p>\n<\/li>\n<li class=\"\" data-start=\"1459\" data-end=\"1501\">\n<p class=\"\" data-start=\"1461\" data-end=\"1501\">Styk t\u0142okowy do wskazywania stanu drzwi<\/p>\n<\/li>\n<li class=\"\" data-start=\"1502\" data-end=\"1554\">\n<p class=\"\" data-start=\"1504\" data-end=\"1554\">Technologia Strip Pressure \u2013 otwieranie z si\u0142\u0105 do 40 kg<\/p>\n<\/li>\n<li class=\"\" data-start=\"1555\" data-end=\"1593\">\n<p class=\"\" data-start=\"1557\" data-end=\"1593\">Kompaktowa konstrukcja i mo\u017cliwo\u015b\u0107 odwr\u00f3cenia monta\u017cu<\/p>\n<\/li>\n<li class=\"\" data-start=\"1594\" data-end=\"1618\">\n<p class=\"\" data-start=\"1596\" data-end=\"1618\">Wysoka wytrzyma\u0142o\u015b\u0107 (9 kN)<\/p>\n<\/li>\n<\/ul>\n<p class=\"\" data-start=\"1620\" data-end=\"1977\"><strong data-start=\"1620\" data-end=\"1649\">Dane techniczne:<\/strong><br data-start=\"1649\" data-end=\"1652\" \/>Napi\u0119cie robocze: 24 V DC (21,6-27,6 V)<br data-start=\"1688\" data-end=\"1691\" \/>Pob\u00f3r mocy: 110 mAh \/ maks. 300 mA<br data-start=\"1729\" data-end=\"1732\" \/>Styk t\u0142oka: Tak (mikroprze\u0142\u0105cznik, 30 V DC, 1 A)<br data-start=\"1776\" data-end=\"1779\" \/>Wytrzyma\u0142o\u015b\u0107 na zerwanie: 900 kg (9 kN)<br data-start=\"1809\" data-end=\"1812\" \/>Nacisk ta\u015bmy: 40 kg<br data-start=\"1828\" data-end=\"1831\" \/>Typ zamka: Zamek z pojedynczym zatrzaskiem, Zamek z podw\u00f3jnym zatrzaskiem<br data-start=\"1864\" data-end=\"1867\" \/>Wymiary (szer. x g\u0142. x wys.): 25 x 35 x 90 mm<br data-start=\"1896\" data-end=\"1899\" \/>Obr\u00f3bka powierzchni: Stal nierdzewna<br data-start=\"1920\" data-end=\"1923\" \/>Kabel: Nie<br data-start=\"1933\" data-end=\"1936\" \/>Oceniony produkt budowlany: Tak<br data-start=\"1954\" data-end=\"1957\" \/>SundaHouse oceni\u0142(a): Tak<\/p>","protected":false},"excerpt":{"rendered":"<p>Tutaj mo\u017cesz zobaczy\u0107, kt\u00f3re s\u0142upki i modele pasuj\u0105 do siebie z asortymentu elektrycznych ogranicznik\u00f3w drzwi STEP.<\/p>\n<h5><strong><a href=\"https:\/\/steplock.com\/sv\/stolpguide\/#!?lang=sv&amp;blog_id=1&amp;paged=1&amp;number=50\" target=\"_blank\" rel=\"noopener\">Przewodnik po STEP Post\u00a0<\/a><\/strong><\/h5>\n<h5><strong><a href=\"https:\/\/steplock.com\/sv\/projekteringsguide\/#!?lang=sv&amp;blog_id=1&amp;paged=1&amp;number=999\" target=\"_blank\" rel=\"noopener\">Przewodnik projektowy STEP<\/a><\/strong><\/h5>","protected":false},"featured_media":140090,"template":"","meta":{"_acf_changed":false},"product_brand":[],"product_cat":[3355],"product_tag":[4197,4201],"class_list":{"0":"post-140092","1":"product","2":"type-product","3":"status-publish","4":"has-post-thumbnail","6":"product_cat-elslutbleck","7":"product_tag-24v","8":"product_tag-omvand","9":"product_shipping_class-tunga-paket","10":"pa_brands-step","11":"tm-no-options","13":"first","14":"onbackorder","15":"sale","16":"taxable","17":"shipping-taxable","18":"purchasable","19":"product-type-simple"},"acf":[],"_links":{"self":[{"href":"https:\/\/secureus.se\/pl\/wp-json\/wp\/v2\/product\/140092","targetHints":{"allow":["GET"]}}],"collection":[{"href":"https:\/\/secureus.se\/pl\/wp-json\/wp\/v2\/product"}],"about":[{"href":"https:\/\/secureus.se\/pl\/wp-json\/wp\/v2\/types\/product"}],"wp:featuredmedia":[{"embeddable":true,"href":"https:\/\/secureus.se\/pl\/wp-json\/wp\/v2\/media\/140090"}],"wp:attachment":[{"href":"https:\/\/secureus.se\/pl\/wp-json\/wp\/v2\/media?parent=140092"}],"wp:term":[{"taxonomy":"product_brand","embeddable":true,"href":"https:\/\/secureus.se\/pl\/wp-json\/wp\/v2\/product_brand?post=140092"},{"taxonomy":"product_cat","embeddable":true,"href":"https:\/\/secureus.se\/pl\/wp-json\/wp\/v2\/product_cat?post=140092"},{"taxonomy":"product_tag","embeddable":true,"href":"https:\/\/secureus.se\/pl\/wp-json\/wp\/v2\/product_tag?post=140092"}],"curies":[{"name":"wp","href":"https:\/\/api.w.org\/{rel}","templated":true}]}}