{"id":140103,"date":"2023-09-26T13:07:51","date_gmt":"2023-09-26T11:07:51","guid":{"rendered":"https:\/\/secureus.se\/elslutbleck-step-18-hoger-rattvand-24v-10mm-regel-modul\/"},"modified":"2026-02-20T11:30:36","modified_gmt":"2026-02-20T10:30:36","slug":"elslutbleck-step-18-hoger-rattvand-24v-10mm-regel-modul","status":"publish","type":"product","link":"https:\/\/secureus.se\/pl\/elslutbleck-step-18-hoger-rattvand-24v-10mm-regel-modul\/","title":{"rendered":"Elektryczna p\u0142yta ko\u0144cowa KROK 18 Prawa, skierowana w prawo Modu\u0142 regu\u0142owy 24 V 10 mm"},"content":{"rendered":"<h1>Elektryczna p\u0142yta ko\u0144cowa KROK 18 Prawa, skierowana w prawo Modu\u0142 regu\u0142owy 24 V 10 mm<\/h1>\n<p>KROK 18 Zamontuj bezpieczny elektrozaczep do drzwi prawych z serii Modul z ryglem 10 mm. Funkcja dla os\u00f3b prawor\u0119cznych, certyfikat ognioodporno\u015bci E\/EI 60 oraz styk t\u0142oka\/zapadki. W zestawie kabel o d\u0142ugo\u015bci 5 m.<\/p>\n<p class=\"\" data-start=\"249\" data-end=\"575\">Elektrozaczep STEP 18 Secure to solidne i bezpieczne rozwi\u0105zanie przeznaczone do miejsc o wysokich wymaganiach w zakresie ochrony przed w\u0142amaniami, takich jak wi\u0119zienia, agencje rz\u0105dowe i obiekty o klauzuli bezpiecze\u0144stwa.<\/p>\n<p class=\"\" data-start=\"249\" data-end=\"575\">Ten wariant jest szczeg\u00f3lnie przystosowany do drzwi prawoskrzyd\u0142owych z zamkami ryglowymi z serii Modul i t\u0142okiem 10 mm.<\/p>\n<p class=\"\" data-start=\"577\" data-end=\"962\">STEP 18 posiada funkcj\u0119 fail-safe, co oznacza, \u017ce zostaje zablokowany w przypadku awarii zasilania \u2013 jest to wa\u017cna cecha w instalacjach, w kt\u00f3rych zawsze musi by\u0107 zachowane bezpiecze\u0144stwo.<\/p>\n<p class=\"\" data-start=\"577\" data-end=\"962\">Produkt zosta\u0142 przetestowany i zatwierdzony pod k\u0105tem odporno\u015bci ogniowej do E\/EI 60 i charakteryzuje si\u0119 imponuj\u0105c\u0105 wytrzyma\u0142o\u015bci\u0105 na rozerwanie wynosz\u0105c\u0105 15 kN.<\/p>\n<p class=\"\" data-start=\"577\" data-end=\"962\">Otwiera si\u0119 nawet pod wp\u0142ywem nacisku ta\u015bmy do 5 kN, dzi\u0119ki swojej odpornej na uderzenia i solidnej konstrukcji.<\/p>\n<p class=\"\" data-start=\"964\" data-end=\"1178\">Dzi\u0119ki wbudowanemu t\u0142okowi i stykowi zatrzaskowemu elektryczna p\u0142ytka zaczepowa umo\u017cliwia niezawodne wykrywanie stanu i \u0142atw\u0105 integracj\u0119 z systemami kontroli dost\u0119pu lub alarmami.<\/p>\n<p class=\"\" data-start=\"964\" data-end=\"1178\">W zestawie znajduje si\u0119 5-metrowy kabel przy\u0142\u0105czeniowy bezhalogenowy, umo\u017cliwiaj\u0105cy \u0142atw\u0105 instalacj\u0119.<\/p>\n<p class=\"\" data-start=\"1180\" data-end=\"1206\"><strong data-start=\"1180\" data-end=\"1206\">Cechy i korzy\u015bci:<\/strong><\/p>\n<ul data-start=\"1207\" data-end=\"1495\">\n<li class=\"\" data-start=\"1207\" data-end=\"1242\">\n<p class=\"\" data-start=\"1209\" data-end=\"1242\">Do zamka ryglowego Modul z t\u0142okiem 10 mm<\/p>\n<\/li>\n<li class=\"\" data-start=\"1243\" data-end=\"1280\">\n<p class=\"\" data-start=\"1245\" data-end=\"1280\">Prawid\u0142owa funkcja \u2013 zablokowana bez zasilania<\/p>\n<\/li>\n<li class=\"\" data-start=\"1281\" data-end=\"1298\">\n<p class=\"\" data-start=\"1283\" data-end=\"1298\">Drzwi prawe<\/p>\n<\/li>\n<li class=\"\" data-start=\"1299\" data-end=\"1321\">\n<p class=\"\" data-start=\"1301\" data-end=\"1321\">Klasa ognioodporno\u015bci E\/EI 60<\/p>\n<\/li>\n<li class=\"\" data-start=\"1322\" data-end=\"1346\">\n<p class=\"\" data-start=\"1324\" data-end=\"1346\">Wytrzyma\u0142o\u015b\u0107 na zerwanie: 15 kN<\/p>\n<\/li>\n<li class=\"\" data-start=\"1347\" data-end=\"1376\">\n<p class=\"\" data-start=\"1349\" data-end=\"1376\">Wytrzymuje nacisk formowania do 5 kN<\/p>\n<\/li>\n<li class=\"\" data-start=\"1377\" data-end=\"1407\">\n<p class=\"\" data-start=\"1379\" data-end=\"1407\">Kontakt t\u0142okowy i kontakt zatrzaskowy<\/p>\n<\/li>\n<li class=\"\" data-start=\"1408\" data-end=\"1428\">\n<p class=\"\" data-start=\"1410\" data-end=\"1428\">Konstrukcja antystukowa<\/p>\n<\/li>\n<li class=\"\" data-start=\"1429\" data-end=\"1461\">\n<p class=\"\" data-start=\"1431\" data-end=\"1461\">W zestawie 5-metrowy kabel bezhalogenowy<\/p>\n<\/li>\n<li class=\"\" data-start=\"1462\" data-end=\"1495\">\n<p class=\"\" data-start=\"1464\" data-end=\"1495\">Materia\u0142y budowlane ocenione i SundaHus ocenione<\/p>\n<\/li>\n<\/ul>","protected":false},"excerpt":{"rendered":"<p>Tutaj mo\u017cesz zobaczy\u0107, kt\u00f3re s\u0142upki i modele pasuj\u0105 do siebie z asortymentu elektrycznych ogranicznik\u00f3w drzwi STEP.<\/p>\n<h5><strong><a href=\"https:\/\/steplock.com\/sv\/stolpguide\/#!?lang=sv&amp;blog_id=1&amp;paged=1&amp;number=50\" target=\"_blank\" rel=\"noopener\">Przewodnik po STEP Post\u00a0<\/a><\/strong><\/h5>\n<h5><strong><a href=\"https:\/\/steplock.com\/sv\/projekteringsguide\/#!?lang=sv&amp;blog_id=1&amp;paged=1&amp;number=999\" target=\"_blank\" rel=\"noopener\">Przewodnik projektowy STEP<\/a><\/strong><\/h5>","protected":false},"featured_media":140100,"template":"","meta":{"_acf_changed":false},"product_brand":[],"product_cat":[3355],"product_tag":[4197,4200],"class_list":{"0":"post-140103","1":"product","2":"type-product","3":"status-publish","4":"has-post-thumbnail","6":"product_cat-elslutbleck","7":"product_tag-24v","8":"product_tag-rattvand","9":"product_shipping_class-tunga-paket","10":"pa_brands-step","11":"tm-no-options","13":"first","14":"onbackorder","15":"sale","16":"taxable","17":"shipping-taxable","18":"purchasable","19":"product-type-simple"},"acf":[],"_links":{"self":[{"href":"https:\/\/secureus.se\/pl\/wp-json\/wp\/v2\/product\/140103","targetHints":{"allow":["GET"]}}],"collection":[{"href":"https:\/\/secureus.se\/pl\/wp-json\/wp\/v2\/product"}],"about":[{"href":"https:\/\/secureus.se\/pl\/wp-json\/wp\/v2\/types\/product"}],"wp:featuredmedia":[{"embeddable":true,"href":"https:\/\/secureus.se\/pl\/wp-json\/wp\/v2\/media\/140100"}],"wp:attachment":[{"href":"https:\/\/secureus.se\/pl\/wp-json\/wp\/v2\/media?parent=140103"}],"wp:term":[{"taxonomy":"product_brand","embeddable":true,"href":"https:\/\/secureus.se\/pl\/wp-json\/wp\/v2\/product_brand?post=140103"},{"taxonomy":"product_cat","embeddable":true,"href":"https:\/\/secureus.se\/pl\/wp-json\/wp\/v2\/product_cat?post=140103"},{"taxonomy":"product_tag","embeddable":true,"href":"https:\/\/secureus.se\/pl\/wp-json\/wp\/v2\/product_tag?post=140103"}],"curies":[{"name":"wp","href":"https:\/\/api.w.org\/{rel}","templated":true}]}}