{"id":140123,"date":"2023-09-26T13:07:47","date_gmt":"2023-09-26T11:07:47","guid":{"rendered":"https:\/\/secureus.se\/elslutbleck-step-40-omstallbar-12v-kolvkontakt\/"},"modified":"2026-04-08T16:11:13","modified_gmt":"2026-04-08T14:11:13","slug":"elslutbleck-step-40-omstallbar-12v-kolvkontakt","status":"publish","type":"product","link":"https:\/\/secureus.se\/pl\/elslutbleck-step-40-omstallbar-12v-kolvkontakt\/","title":{"rendered":"Elektryczna p\u0142yta przy\u0142\u0105czeniowa STEP 40 Regulowany styk t\u0142okowy 12V"},"content":{"rendered":"<h1>Elektryczna p\u0142yta przy\u0142\u0105czeniowa STEP 40 Regulowany styk t\u0142okowy 12V<\/h1>\n<p>STEP 40 Preload HPR \u2013 kompaktowy elektrozaczep z regulowan\u0105 funkcj\u0105 (do przodu\/do ty\u0142u), stykiem t\u0142okowym i wysok\u0105 niezawodno\u015bci\u0105 dzia\u0142ania. Wytrzymuje nacisk ta\u015bmy do 250 kg.<\/p>\n<p class=\"\" data-start=\"234\" data-end=\"603\">Elektrozaczep STEP 40 Preload HPR to uniwersalny i mocny elektrozaczep przeznaczony do nowoczesnych drzwi, w kt\u00f3rych obowi\u0105zuj\u0105 wysokie wymagania dotycz\u0105ce funkcjonalno\u015bci i bezpiecze\u0144stwa.<\/p>\n<p class=\"\" data-start=\"234\" data-end=\"603\">Dzi\u0119ki funkcji odwracalno\u015bci mo\u017cna j\u0105 \u0142atwo skonfigurowa\u0107 jako skierowan\u0105 do przodu (zablokowan\u0105 bez zasilania) lub do ty\u0142u (odblokowan\u0105 bez zasilania), co zapewnia maksymaln\u0105 elastyczno\u015b\u0107 instalacji.<\/p>\n<p class=\"\" data-start=\"605\" data-end=\"889\">Dzi\u0119ki opatentowanej przez STEP technologii nacisku listwy HPR\u00ae drzwi otwieraj\u0105 si\u0119 nawet przy nacisku do 250 kg, co sprawia, \u017ce rygiel elektryczny jest niezawodnym wyborem nawet w \u015brodowiskach o du\u017cym nat\u0119\u017ceniu ruchu.<\/p>\n<p class=\"\" data-start=\"605\" data-end=\"889\">Blacha zosta\u0142a przetestowana w ponad 1,5 miliona cykli i ma wytrzyma\u0142o\u015b\u0107 na zerwanie wynosz\u0105c\u0105 a\u017c 1200 kg.<\/p>\n<p class=\"\" data-start=\"891\" data-end=\"1166\">Wbudowany styk t\u0142okowy zapewnia niezawodn\u0105 informacj\u0119, czy drzwi s\u0105 zamkni\u0119te czy otwarte. Mo\u017cna go z \u0142atwo\u015bci\u0105 zintegrowa\u0107 z systemami kontroli dost\u0119pu lub systemami alarmowymi.<\/p>\n<p class=\"\" data-start=\"891\" data-end=\"1166\">System STEP 40 mo\u017cna zamontowa\u0107 zar\u00f3wno w drzwiach prawych, jak i lewych. Ma kompaktow\u0105 konstrukcj\u0119, kt\u00f3ra sprawdza si\u0119 w ciasnych przestrzeniach lub w starszych instalacjach drzwiowych.<\/p>\n<p class=\"\" data-start=\"1168\" data-end=\"1194\"><strong data-start=\"1168\" data-end=\"1194\">Cechy i korzy\u015bci:<\/strong><\/p>\n<ul data-start=\"1195\" data-end=\"1540\">\n<li class=\"\" data-start=\"1195\" data-end=\"1242\">\n<p class=\"\" data-start=\"1197\" data-end=\"1242\">Funkcja odwracalna \u2013 do przodu lub do ty\u0142u<\/p>\n<\/li>\n<li class=\"\" data-start=\"1243\" data-end=\"1279\">\n<p class=\"\" data-start=\"1245\" data-end=\"1279\">Kontakt t\u0142okowy ze wskazaniem stanu<\/p>\n<\/li>\n<li class=\"\" data-start=\"1280\" data-end=\"1327\">\n<p class=\"\" data-start=\"1282\" data-end=\"1327\">Technologia HPR\u00ae \u2013 otwiera si\u0119 pomimo nacisku ta\u015bmy wynosz\u0105cego 250 kg<\/p>\n<\/li>\n<li class=\"\" data-start=\"1328\" data-end=\"1356\">\n<p class=\"\" data-start=\"1330\" data-end=\"1356\">Wytrzyma\u0142o\u015b\u0107 na zerwanie 1200 kg<\/p>\n<\/li>\n<li class=\"\" data-start=\"1357\" data-end=\"1390\">\n<p class=\"\" data-start=\"1359\" data-end=\"1390\">Do zamk\u00f3w jedno- i dwuskrzyd\u0142owych<\/p>\n<\/li>\n<li class=\"\" data-start=\"1391\" data-end=\"1420\">\n<p class=\"\" data-start=\"1393\" data-end=\"1420\">Dioda ochronna i zabezpieczenie przeciwstukowe<\/p>\n<\/li>\n<li class=\"\" data-start=\"1421\" data-end=\"1471\">\n<p class=\"\" data-start=\"1423\" data-end=\"1471\">Rewersyjny \u2013 pasuje zar\u00f3wno do drzwi prawych, jak i lewych<\/p>\n<\/li>\n<li class=\"\" data-start=\"1472\" data-end=\"1507\">\n<p class=\"\" data-start=\"1474\" data-end=\"1507\">Przetestowano w 1,5 miliona cykli<\/p>\n<\/li>\n<li class=\"\" data-start=\"1508\" data-end=\"1540\">\n<p class=\"\" data-start=\"1510\" data-end=\"1540\">Zgodny z systemami 12 V DC<\/p>\n<\/li>\n<\/ul>","protected":false},"excerpt":{"rendered":"<p>Tutaj mo\u017cesz zobaczy\u0107, kt\u00f3re s\u0142upki i modele pasuj\u0105 do siebie z asortymentu elektrycznych ogranicznik\u00f3w drzwi STEP.<\/p>\n<h5><strong><a href=\"https:\/\/steplock.com\/sv\/stolpguide\/#!?lang=sv&amp;blog_id=1&amp;paged=1&amp;number=50\" target=\"_blank\" rel=\"noopener\">Przewodnik po STEP Post\u00a0<\/a><\/strong><\/h5>\n<h5><strong><a href=\"https:\/\/steplock.com\/sv\/projekteringsguide\/#!?lang=sv&amp;blog_id=1&amp;paged=1&amp;number=999\" target=\"_blank\" rel=\"noopener\">Przewodnik projektowy STEP<\/a><\/strong><\/h5>","protected":false},"featured_media":140116,"template":"","meta":{"_acf_changed":false},"product_brand":[],"product_cat":[3355],"product_tag":[4198,4202],"class_list":{"0":"post-140123","1":"product","2":"type-product","3":"status-publish","4":"has-post-thumbnail","6":"product_cat-elslutbleck","7":"product_tag-12v","8":"product_tag-omstallbar-rattvand-omvand","9":"product_shipping_class-tunga-paket","10":"pa_brands-step","11":"tm-no-options","13":"first","14":"onbackorder","15":"sale","16":"taxable","17":"shipping-taxable","18":"purchasable","19":"product-type-simple"},"acf":[],"_links":{"self":[{"href":"https:\/\/secureus.se\/pl\/wp-json\/wp\/v2\/product\/140123","targetHints":{"allow":["GET"]}}],"collection":[{"href":"https:\/\/secureus.se\/pl\/wp-json\/wp\/v2\/product"}],"about":[{"href":"https:\/\/secureus.se\/pl\/wp-json\/wp\/v2\/types\/product"}],"wp:featuredmedia":[{"embeddable":true,"href":"https:\/\/secureus.se\/pl\/wp-json\/wp\/v2\/media\/140116"}],"wp:attachment":[{"href":"https:\/\/secureus.se\/pl\/wp-json\/wp\/v2\/media?parent=140123"}],"wp:term":[{"taxonomy":"product_brand","embeddable":true,"href":"https:\/\/secureus.se\/pl\/wp-json\/wp\/v2\/product_brand?post=140123"},{"taxonomy":"product_cat","embeddable":true,"href":"https:\/\/secureus.se\/pl\/wp-json\/wp\/v2\/product_cat?post=140123"},{"taxonomy":"product_tag","embeddable":true,"href":"https:\/\/secureus.se\/pl\/wp-json\/wp\/v2\/product_tag?post=140123"}],"curies":[{"name":"wp","href":"https:\/\/api.w.org\/{rel}","templated":true}]}}