{"id":140139,"date":"2023-09-26T13:07:22","date_gmt":"2023-09-26T11:07:22","guid":{"rendered":"https:\/\/secureus.se\/elslutbleck-step-28e-vanster-omvand-12v-7mm-regel\/"},"modified":"2026-04-08T16:29:01","modified_gmt":"2026-04-08T14:29:01","slug":"elslutbleck-step-28e-vanster-omvand-12v-7mm-regel","status":"publish","type":"product","link":"https:\/\/secureus.se\/pl\/elslutbleck-step-28e-vanster-omvand-12v-7mm-regel\/","title":{"rendered":"Elektryczna p\u0142yta ko\u0144cowa STEP 28E Lewy bieg wsteczny 12V 7mm Linia"},"content":{"rendered":"<h1>Elektryczna p\u0142yta ko\u0144cowa STEP 28E Lewy bieg wsteczny 12V 7mm Linia<\/h1>\n<p>STEP 28E Secure to elektrozaczep odwrotny do drzwi lewoskrzyd\u0142owych, o odporno\u015bci ogniowej do E\/EI 60. Pasuje do zamk\u00f3w ryglowych o \u015brednicy 7 mm z serii Connect. W zestawie znajduje si\u0119 5-metrowy kabel bezhalogenowy. Wysoki poziom bezpiecze\u0144stwa, odporno\u015b\u0107 na manipulacje i kompatybilno\u015b\u0107 z systemami kontroli dost\u0119pu.<\/p>\n<p class=\"\" data-start=\"398\" data-end=\"880\">Elektrozaczep STEP 28E Secure to zaawansowany elektrozaczep \u0142\u0105cz\u0105cy w sobie wysokie bezpiecze\u0144stwo, wymagania przeciwpo\u017carowe oraz mo\u017cliwo\u015b\u0107 automatyzacji drzwi \u2013 idealny do stosowania na drogach ewakuacyjnych.<\/p>\n<p class=\"\" data-start=\"398\" data-end=\"880\">Dzi\u0119ki funkcji rewersu (blokada w pozycji bez zasilania) p\u0142yta ta jest szczeg\u00f3lnie przydatna w miejscach, w kt\u00f3rych bezpiecze\u0144stwo wymaga, aby drzwi pozosta\u0142y zamkni\u0119te r\u00f3wnie\u017c w przypadku zaniku zasilania.<\/p>\n<p class=\"\" data-start=\"398\" data-end=\"880\">Jest on przeznaczony do drzwi lewoskr\u0119tnych i stosuje si\u0119 go z zamkiem zasuwkowym lub zamkiem zasuwkowym z ryglem 7 mm, co zapewnia doskona\u0142\u0105 ochron\u0119 przed w\u0142amaniem.<\/p>\n<p class=\"\" data-start=\"882\" data-end=\"1283\">STEP 28E jest ognioodporny do klasy E\/EI 60 i cz\u0119sto stanowi cz\u0119\u015b\u0107 instalacji z zamkami ewakuacyjnymi zgodnie z norm\u0105 SS-EN 179.<\/p>\n<p class=\"\" data-start=\"882\" data-end=\"1283\">Produkt posiada wbudowany mikrowy\u0142\u0105cznik i sygnalizacj\u0119 umo\u017cliwiaj\u0105c\u0105 pod\u0142\u0105czenie do systemu kontroli dost\u0119pu, alarmu lub monitoringu w celu sprawdzenia, czy drzwi s\u0105 zamkni\u0119te i zablokowane.<\/p>\n<p class=\"\" data-start=\"882\" data-end=\"1283\">Dzi\u0119ki wytrzyma\u0142o\u015bci na rozerwanie przekraczaj\u0105cej 15 kN i odporno\u015bci na nacisk do 5 kN sprawdza si\u0119 nawet w wymagaj\u0105cych warunkach.<\/p>\n<p class=\"\" data-start=\"1285\" data-end=\"1513\">Blacha dostarczana jest z 5-metrowym kablem przy\u0142\u0105czeniowym bezhalogenowym, jest zabezpieczona przed manipulacj\u0105, posiada atest materia\u0142\u00f3w budowlanych i atest SundaHus.<\/p>\n<p class=\"\" data-start=\"1285\" data-end=\"1513\">Solidna konstrukcja ze stali nierdzewnej gwarantuje trwa\u0142o\u015b\u0107 w wymagaj\u0105cych warunkach fizycznych i elektrycznych.<\/p>","protected":false},"excerpt":{"rendered":"<p>Tutaj mo\u017cesz zobaczy\u0107, kt\u00f3re s\u0142upki i modele pasuj\u0105 do siebie z asortymentu elektrycznych ogranicznik\u00f3w drzwi STEP.<\/p>\n<h5><strong><a href=\"https:\/\/steplock.com\/sv\/stolpguide\/#!?lang=sv&amp;blog_id=1&amp;paged=1&amp;number=50\" target=\"_blank\" rel=\"noopener\">Przewodnik po STEP Post\u00a0<\/a><\/strong><\/h5>\n<h5><strong><a href=\"https:\/\/steplock.com\/sv\/projekteringsguide\/#!?lang=sv&amp;blog_id=1&amp;paged=1&amp;number=999\" target=\"_blank\" rel=\"noopener\">Przewodnik projektowy STEP<\/a><\/strong><\/h5>","protected":false},"featured_media":140137,"template":"","meta":{"_acf_changed":false},"product_brand":[],"product_cat":[3355],"product_tag":[4198,4201],"class_list":{"0":"post-140139","1":"product","2":"type-product","3":"status-publish","4":"has-post-thumbnail","6":"product_cat-elslutbleck","7":"product_tag-12v","8":"product_tag-omvand","9":"product_shipping_class-tunga-paket","10":"pa_brands-step","11":"tm-no-options","13":"first","14":"onbackorder","15":"sale","16":"taxable","17":"shipping-taxable","18":"purchasable","19":"product-type-simple"},"acf":[],"_links":{"self":[{"href":"https:\/\/secureus.se\/pl\/wp-json\/wp\/v2\/product\/140139","targetHints":{"allow":["GET"]}}],"collection":[{"href":"https:\/\/secureus.se\/pl\/wp-json\/wp\/v2\/product"}],"about":[{"href":"https:\/\/secureus.se\/pl\/wp-json\/wp\/v2\/types\/product"}],"wp:featuredmedia":[{"embeddable":true,"href":"https:\/\/secureus.se\/pl\/wp-json\/wp\/v2\/media\/140137"}],"wp:attachment":[{"href":"https:\/\/secureus.se\/pl\/wp-json\/wp\/v2\/media?parent=140139"}],"wp:term":[{"taxonomy":"product_brand","embeddable":true,"href":"https:\/\/secureus.se\/pl\/wp-json\/wp\/v2\/product_brand?post=140139"},{"taxonomy":"product_cat","embeddable":true,"href":"https:\/\/secureus.se\/pl\/wp-json\/wp\/v2\/product_cat?post=140139"},{"taxonomy":"product_tag","embeddable":true,"href":"https:\/\/secureus.se\/pl\/wp-json\/wp\/v2\/product_tag?post=140139"}],"curies":[{"name":"wp","href":"https:\/\/api.w.org\/{rel}","templated":true}]}}