{"id":140167,"date":"2023-09-26T13:07:16","date_gmt":"2023-09-26T11:07:16","guid":{"rendered":"https:\/\/secureus.se\/elslutbleck-step-28e-vanster-omvand-24v-12mm-regel\/"},"modified":"2026-03-26T09:50:35","modified_gmt":"2026-03-26T08:50:35","slug":"elslutbleck-step-28e-vanster-omvand-24v-12mm-regel","status":"publish","type":"product","link":"https:\/\/secureus.se\/pl\/elslutbleck-step-28e-vanster-omvand-24v-12mm-regel\/","title":{"rendered":"Elektryczna p\u0142yta ko\u0144cowa STEP 28E Lewy bieg wsteczny 24 V Linia 12 mm"},"content":{"rendered":"<h1>Elektryczna p\u0142yta ko\u0144cowa STEP 28E Lewy bieg wsteczny 24 V Linia 12 mm<\/h1>\n<p>KROK 28E Bezpieczny elektrozaczep z funkcj\u0105 rewersu do drzwi lewoskr\u0119tnych.<\/p>\n<p>Przystosowany do t\u0142oka 12 mm z serii Modul, 24 V DC, klasa ogniowa E\/EI 60.<\/p>\n<p>Solidna konstrukcja z uchwytem systemu dost\u0119pu i 5-metrowym kablem bezhalogenowym.<\/p>\n<p class=\"\" data-start=\"428\" data-end=\"823\">STEP 28E Secure to mocny i niezawodny elektrozaczep spe\u0142niaj\u0105cy wysokie wymagania dotycz\u0105ce bezpiecze\u0144stwa, ochrony przeciwpo\u017carowej i funkcjonalno\u015bci na drogach ewakuacyjnych.<\/p>\n<p class=\"\" data-start=\"428\" data-end=\"823\">Jest on specjalnie przystosowany do drzwi lewoskr\u0119tnych i stosuje si\u0119 go z zamkami zasuwkowymi z t\u0142okiem 12 mm z serii Modul.<\/p>\n<p class=\"\" data-start=\"428\" data-end=\"823\">Dzi\u0119ki funkcji rewersyjnej \u2013 blokowanej na wypadek zaniku zasilania \u2013 zapewnia skuteczn\u0105 ochron\u0119 nawet w przypadku przerwy w dostawie pr\u0105du.<\/p>\n<p class=\"\" data-start=\"825\" data-end=\"1173\">Ten zamek elektryczny posiada klas\u0119 odporno\u015bci ogniowej do E\/EI 60 i doskonale nadaje si\u0119 do instalacji, w kt\u00f3rych ewakuacja awaryjna zgodnie z norm\u0105 SS-EN 179 ma by\u0107 po\u0142\u0105czona z automatyzacj\u0105 drzwi lub innymi wymaganiami bezpiecze\u0144stwa.<\/p>\n<p class=\"\" data-start=\"825\" data-end=\"1173\">Dzi\u0119ki wbudowanemu t\u0142okowi i stykowi zatrzaskowemu wysy\u0142a sygna\u0142y o stanie drzwi (otwarte\/zamkni\u0119te) i stanie zamka (zablokowane\/odblokowane) do system\u00f3w kontroli dost\u0119pu, system\u00f3w alarmowych lub innych system\u00f3w sterowania.<\/p>\n<p class=\"\" data-start=\"1175\" data-end=\"1582\">STEP 28E charakteryzuje si\u0119 wytrzyma\u0142o\u015bci\u0105 na zerwanie przekraczaj\u0105c\u0105 15 kN i wytrzymuje nacisk ta\u015bmy do 500 kg, dzi\u0119ki czemu jest odporny nawet w wymagaj\u0105cych warunkach.<\/p>\n<p class=\"\" data-start=\"1175\" data-end=\"1582\">Konstrukcja ze stali nierdzewnej jest odporna na manipulacje i zaprojektowana z my\u015bl\u0105 o d\u0142ugotrwa\u0142ej trwa\u0142o\u015bci.<\/p>\n<p class=\"\" data-start=\"1175\" data-end=\"1582\">W zestawie znajduje si\u0119 5-metrowy kabel po\u0142\u0105czeniowy niezawieraj\u0105cy halogenu. Produkt zosta\u0142 oceniony i zatwierdzony jako produkt budowlany przez SundaHus \u2014 idealny do profesjonalnych rozwi\u0105za\u0144 zabezpieczaj\u0105cych w miejscach publicznych i komercyjnych.<\/p>","protected":false},"excerpt":{"rendered":"<p>Tutaj mo\u017cesz zobaczy\u0107, kt\u00f3re s\u0142upki i modele pasuj\u0105 do siebie z asortymentu elektrycznych ogranicznik\u00f3w drzwi STEP.<\/p>\n<h5><strong><a href=\"https:\/\/steplock.com\/sv\/stolpguide\/#!?lang=sv&amp;blog_id=1&amp;paged=1&amp;number=50\" target=\"_blank\" rel=\"noopener\">Przewodnik po STEP Post\u00a0<\/a><\/strong><\/h5>\n<h5><strong><a href=\"https:\/\/steplock.com\/sv\/projekteringsguide\/#!?lang=sv&amp;blog_id=1&amp;paged=1&amp;number=999\" target=\"_blank\" rel=\"noopener\">Przewodnik projektowy STEP<\/a><\/strong><\/h5>","protected":false},"featured_media":140165,"template":"","meta":{"_acf_changed":false},"product_brand":[],"product_cat":[3355],"product_tag":[4197,4201],"class_list":{"0":"post-140167","1":"product","2":"type-product","3":"status-publish","4":"has-post-thumbnail","6":"product_cat-elslutbleck","7":"product_tag-24v","8":"product_tag-omvand","9":"product_shipping_class-tunga-paket","10":"pa_brands-step","11":"tm-no-options","13":"first","14":"instock","15":"sale","16":"taxable","17":"shipping-taxable","18":"purchasable","19":"product-type-simple"},"acf":[],"_links":{"self":[{"href":"https:\/\/secureus.se\/pl\/wp-json\/wp\/v2\/product\/140167","targetHints":{"allow":["GET"]}}],"collection":[{"href":"https:\/\/secureus.se\/pl\/wp-json\/wp\/v2\/product"}],"about":[{"href":"https:\/\/secureus.se\/pl\/wp-json\/wp\/v2\/types\/product"}],"wp:featuredmedia":[{"embeddable":true,"href":"https:\/\/secureus.se\/pl\/wp-json\/wp\/v2\/media\/140165"}],"wp:attachment":[{"href":"https:\/\/secureus.se\/pl\/wp-json\/wp\/v2\/media?parent=140167"}],"wp:term":[{"taxonomy":"product_brand","embeddable":true,"href":"https:\/\/secureus.se\/pl\/wp-json\/wp\/v2\/product_brand?post=140167"},{"taxonomy":"product_cat","embeddable":true,"href":"https:\/\/secureus.se\/pl\/wp-json\/wp\/v2\/product_cat?post=140167"},{"taxonomy":"product_tag","embeddable":true,"href":"https:\/\/secureus.se\/pl\/wp-json\/wp\/v2\/product_tag?post=140167"}],"curies":[{"name":"wp","href":"https:\/\/api.w.org\/{rel}","templated":true}]}}