{"id":140178,"date":"2023-09-26T13:07:06","date_gmt":"2023-09-26T11:07:06","guid":{"rendered":"https:\/\/secureus.se\/elslutbleck-step-98-omvand-24v\/"},"modified":"2026-04-23T12:33:13","modified_gmt":"2026-04-23T10:33:13","slug":"elslutbleck-step-98-omvand-24v","status":"publish","type":"product","link":"https:\/\/secureus.se\/pl\/elslutbleck-step-98-omvand-24v\/","title":{"rendered":"Elektryczna listwa przy\u0142\u0105czeniowa STEP 98 Reverse 24V"},"content":{"rendered":"<p>Elektryczna listwa przy\u0142\u0105czeniowa STEP 98 Reverse 24V<\/p>\n<p>STEP 98 Preload to elektrozaczep z atestem przeciwpo\u017carowym i funkcj\u0105 rewersyjn\u0105, przeznaczony do drzwi antyw\u0142amaniowych zamykanych na ga\u0142k\u0119 lub klucz.<\/p>\n<p>Wyposa\u017cona w technologi\u0119 HPR\u00ae i o wytrzyma\u0142o\u015bci na zerwanie 900 kg, zapewnia bezpieczne otwieranie nawet przy doci\u015bni\u0119ciu do ramy.<\/p>\n<p>Elektrozaczep STEP 98 Preload to elektrozaczep zapewniaj\u0105cy zar\u00f3wno bezpiecze\u0144stwo, jak i funkcjonalno\u015b\u0107 dla drzwi zamykanych na ga\u0142k\u0119 lub klucz.<\/p>\n<p>Drzwi posiadaj\u0105 atest ognioodporno\u015bci E\/EI 120 zgodnie z norm\u0105 SS-EN 14846:2008, co czyni je niezawodnym wyborem w przypadku drzwi, kt\u00f3re musz\u0105 spe\u0142nia\u0107 wysokie wymagania dotycz\u0105ce odporno\u015bci ogniowej.<\/p>\n<p>Dzi\u0119ki opatentowanej technologii docisku paska STEP, drzwi STEP 98 gwarantuj\u0105 otwarcie si\u0119 nawet przy nacisku paska wynosz\u0105cym do 40 kg.<\/p>\n<p class=\"\" data-start=\"809\" data-end=\"1162\">Funkcja odwrotna oznacza, \u017ce elektrozaczep jest odblokowany w pozycji beznapi\u0119ciowej, co jest wa\u017cn\u0105 cech\u0105 w przypadku rozwi\u0105za\u0144 zabezpieczaj\u0105cych, w kt\u00f3rych wymagany jest szybki dost\u0119p.<\/p>\n<p class=\"\" data-start=\"809\" data-end=\"1162\">STEP 98 charakteryzuje si\u0119 wytrzyma\u0142o\u015bci\u0105 na zerwanie wynosz\u0105c\u0105 9 kN (ok. 900 kg) i stanowi niezawodne rozwi\u0105zanie zar\u00f3wno do jazdy do przodu, jak i do ty\u0142u. Jest on tak\u017ce zabezpieczony przed manipulacj\u0105 i mo\u017cna go odwraca\u0107, dzi\u0119ki czemu pasuje zar\u00f3wno do drzwi prawych, jak i lewych.<\/p>\n<p class=\"\" data-start=\"1164\" data-end=\"1449\">Mo\u017cliwy jest r\u00f3wnie\u017c monta\u017c wska\u017anika rygla (ST4880), kt\u00f3ry umo\u017cliwia zablokowanie systemu kontroli dost\u0119pu do drzwi lub automatyki drzwiowej w przypadku mechanicznego odblokowania rygla hakowego lub prostego obudowy zamka, zapewniaj\u0105c dodatkow\u0105 funkcjonalno\u015b\u0107 systemom kontroli dost\u0119pu i rozwi\u0105zaniom bezpiecze\u0144stwa.<\/p>\n<p class=\"\" data-start=\"1451\" data-end=\"1466\"><strong data-start=\"1451\" data-end=\"1466\">W\u0142a\u015bciwo\u015bci:<\/strong><\/p>\n<ul data-start=\"1467\" data-end=\"1911\">\n<li class=\"\" data-start=\"1467\" data-end=\"1509\">\n<p class=\"\" data-start=\"1469\" data-end=\"1509\">Funkcja rewersu (odblokowana w trybie beznapi\u0119ciowym)<\/p>\n<\/li>\n<li class=\"\" data-start=\"1510\" data-end=\"1566\">\n<p class=\"\" data-start=\"1512\" data-end=\"1566\">Ognioodporno\u015b\u0107 do E\/EI 120 zgodnie z norm\u0105 SS-EN 14846:2008<\/p>\n<\/li>\n<li class=\"\" data-start=\"1567\" data-end=\"1615\">\n<p class=\"\" data-start=\"1569\" data-end=\"1615\">Wbudowana dioda zabezpieczaj\u0105ca zapewniaj\u0105ca wi\u0119ksze bezpiecze\u0144stwo elektryczne<\/p>\n<\/li>\n<li class=\"\" data-start=\"1616\" data-end=\"1653\">\n<p class=\"\" data-start=\"1618\" data-end=\"1653\">Wytrzyma\u0142o\u015b\u0107 na zerwanie 9 kN (ok. 900 kg)<\/p>\n<\/li>\n<li class=\"\" data-start=\"1654\" data-end=\"1753\">\n<p class=\"\" data-start=\"1656\" data-end=\"1753\">Gwarantuje otwarcie pomimo nacisku ta\u015bmy do 40 kg (0,4 kN) zar\u00f3wno w trybie do przodu, jak i do ty\u0142u<\/p>\n<\/li>\n<li class=\"\" data-start=\"1754\" data-end=\"1813\">\n<p class=\"\" data-start=\"1756\" data-end=\"1813\">Odporne na uderzenia i odwracalne, do drzwi prawych i lewych<\/p>\n<\/li>\n<li class=\"\" data-start=\"1814\" data-end=\"1860\">\n<p class=\"\" data-start=\"1816\" data-end=\"1860\">Mo\u017cliwo\u015b\u0107 blokowania \u015brub hakowych lub \u015brub prostych<\/p>\n<\/li>\n<li class=\"\" data-start=\"1861\" data-end=\"1911\">\n<p class=\"\" data-start=\"1863\" data-end=\"1911\">Mikrowy\u0142\u0105cznik jednobiegunowy prze\u0142\u0105czaj\u0105cy, max. 30V pr\u0105du sta\u0142ego, 1A<\/p>\n<\/li>\n<\/ul>\n<p class=\"\" data-start=\"1913\" data-end=\"1942\"><strong data-start=\"1913\" data-end=\"1942\">Dane techniczne:<\/strong><\/p>\n<ul data-start=\"1943\" data-end=\"2481\">\n<li class=\"\" data-start=\"1943\" data-end=\"2050\">\n<p class=\"\" data-start=\"1945\" data-end=\"2050\">Zasilanie: 12 V DC (+15% -10%) 220 mAh \/ maks. 600 mA lub 24 V DC (+15% -10%) 110 mAh \/ maks. 300 mA<\/p>\n<\/li>\n<li class=\"\" data-start=\"2051\" data-end=\"2091\">\n<p class=\"\" data-start=\"2053\" data-end=\"2091\">Trwa\u0142o\u015b\u0107: Klasa X zgodnie z norm\u0105 SS-EN 14846<\/p>\n<\/li>\n<li class=\"\" data-start=\"2092\" data-end=\"2131\">\n<p class=\"\" data-start=\"2094\" data-end=\"2131\">Korozja: Stopie\u0144 M zgodnie z norm\u0105 SS-EN 14846<\/p>\n<\/li>\n<li class=\"\" data-start=\"2132\" data-end=\"2170\">\n<p class=\"\" data-start=\"2134\" data-end=\"2170\">Bezpiecze\u0144stwo: Stopie\u0144 3 zgodnie z norm\u0105 SS-EN 14846<\/p>\n<\/li>\n<li class=\"\" data-start=\"2171\" data-end=\"2233\">\n<p class=\"\" data-start=\"2173\" data-end=\"2233\">Bezpiecze\u0144stwo manipulacji elektrycznych: Stopie\u0144 1 zgodnie z norm\u0105 SS-EN 14846<\/p>\n<\/li>\n<li class=\"\" data-start=\"2234\" data-end=\"2256\">\n<p class=\"\" data-start=\"2236\" data-end=\"2256\">Test ogniowy: 120 min<\/p>\n<\/li>\n<li class=\"\" data-start=\"2257\" data-end=\"2282\">\n<p class=\"\" data-start=\"2259\" data-end=\"2282\">Si\u0142a zrywaj\u0105ca: 900 kg<\/p>\n<\/li>\n<li class=\"\" data-start=\"2283\" data-end=\"2313\">\n<p class=\"\" data-start=\"2285\" data-end=\"2313\">Zawiasy drzwi: Prawe, Lewe<\/p>\n<\/li>\n<li class=\"\" data-start=\"2314\" data-end=\"2332\">\n<p class=\"\" data-start=\"2316\" data-end=\"2332\">Kabel w zestawie: Nie<\/p>\n<\/li>\n<li class=\"\" data-start=\"2333\" data-end=\"2351\">\n<p class=\"\" data-start=\"2335\" data-end=\"2351\">Nacisk ta\u015bmy: 40 kg<\/p>\n<\/li>\n<li class=\"\" data-start=\"2352\" data-end=\"2387\">\n<p class=\"\" data-start=\"2354\" data-end=\"2387\">Typ zamka: Zamek z pojedynczym zatrzaskiem, Zamek z podw\u00f3jnym zatrzaskiem<\/p>\n<\/li>\n<li class=\"\" data-start=\"2388\" data-end=\"2441\">\n<p class=\"\" data-start=\"2390\" data-end=\"2441\">Wymiary produktu: Szeroko\u015b\u0107: 25 mm, G\u0142\u0119boko\u015b\u0107: 35 mm, Wysoko\u015b\u0107: 90 mm<\/p>\n<\/li>\n<li class=\"\" data-start=\"2442\" data-end=\"2460\">\n<p class=\"\" data-start=\"2444\" data-end=\"2460\">Styk t\u0142oka: Nie<\/p>\n<\/li>\n<li class=\"\" data-start=\"2461\" data-end=\"2481\">\n<p class=\"\" data-start=\"2463\" data-end=\"2481\">Napi\u0119cie AC\/DC: DC<\/p>\n<\/li>\n<\/ul>","protected":false},"excerpt":{"rendered":"<p>Tutaj mo\u017cesz zobaczy\u0107, kt\u00f3re s\u0142upki i modele pasuj\u0105 do siebie z asortymentu elektrycznych ogranicznik\u00f3w drzwi STEP.<\/p>\n<h5><strong><a href=\"https:\/\/steplock.com\/sv\/stolpguide\/#!?lang=sv&amp;blog_id=1&amp;paged=1&amp;number=50\" target=\"_blank\" rel=\"noopener\">Przewodnik po STEP Post\u00a0<\/a><\/strong><\/h5>\n<h5><strong><a href=\"https:\/\/steplock.com\/sv\/projekteringsguide\/#!?lang=sv&amp;blog_id=1&amp;paged=1&amp;number=999\" target=\"_blank\" rel=\"noopener\">Przewodnik projektowy STEP<\/a><\/strong><\/h5>","protected":false},"featured_media":140177,"template":"","meta":{"_acf_changed":false},"product_brand":[],"product_cat":[3355],"product_tag":[4197,4201],"class_list":{"0":"post-140178","1":"product","2":"type-product","3":"status-publish","4":"has-post-thumbnail","6":"product_cat-elslutbleck","7":"product_tag-24v","8":"product_tag-omvand","9":"product_shipping_class-tunga-paket","10":"pa_brands-step","11":"tm-no-options","13":"first","14":"onbackorder","15":"sale","16":"taxable","17":"shipping-taxable","18":"purchasable","19":"product-type-simple"},"acf":[],"_links":{"self":[{"href":"https:\/\/secureus.se\/pl\/wp-json\/wp\/v2\/product\/140178","targetHints":{"allow":["GET"]}}],"collection":[{"href":"https:\/\/secureus.se\/pl\/wp-json\/wp\/v2\/product"}],"about":[{"href":"https:\/\/secureus.se\/pl\/wp-json\/wp\/v2\/types\/product"}],"wp:featuredmedia":[{"embeddable":true,"href":"https:\/\/secureus.se\/pl\/wp-json\/wp\/v2\/media\/140177"}],"wp:attachment":[{"href":"https:\/\/secureus.se\/pl\/wp-json\/wp\/v2\/media?parent=140178"}],"wp:term":[{"taxonomy":"product_brand","embeddable":true,"href":"https:\/\/secureus.se\/pl\/wp-json\/wp\/v2\/product_brand?post=140178"},{"taxonomy":"product_cat","embeddable":true,"href":"https:\/\/secureus.se\/pl\/wp-json\/wp\/v2\/product_cat?post=140178"},{"taxonomy":"product_tag","embeddable":true,"href":"https:\/\/secureus.se\/pl\/wp-json\/wp\/v2\/product_tag?post=140178"}],"curies":[{"name":"wp","href":"https:\/\/api.w.org\/{rel}","templated":true}]}}